{"id":19797,"date":"2016-02-18T11:49:04","date_gmt":"2016-02-18T10:49:04","guid":{"rendered":"https:\/\/www.harzer-wandernadel.de\/overzichtskaart\/stempelpunt-195-koethener-huette\/"},"modified":"2026-01-29T14:53:03","modified_gmt":"2026-01-29T13:53:03","slug":"stempelpunt-195-koethener-huette","status":"publish","type":"page","link":"https:\/\/www.harzer-wandernadel.de\/nl\/stempelcentra\/overzichtskaart\/stempelpunt-195-koethener-huette\/","title":{"rendered":"Stempelpunt 195 \/ K\u00f6thener H\u00fctte"},"content":{"rendered":"\n<h2 class=\"wp-block-heading\">De K\u00f6thener H\u00fctte ligt tussen Alexisbad en M\u00e4gdesprung op de zogenaamde Kapellenfelsen (385&nbsp;meter boven zeeniveau) direct aan de Selketalstieg.<\/h2>\n\n<div class=\"wp-block-stackable-image alignwide stk-block-image stk-block stk-89e1006\" data-block-id=\"89e1006\"><style>.stk-89e1006 {margin-top:3% !important;margin-bottom:3% !important;}<\/style><figure><span class=\"stk-img-wrapper stk-image--shape-stretch stk--has-lightbox\"><img decoding=\"async\" width=\"2048\" height=\"1536\" src=\"https:\/\/www.harzer-wandernadel.de\/wp-content\/uploads\/2016\/02\/HWN-K\u00f6thener-H\u00fctte.jpg\" class=\"attachment-full size-full wp-post-image\" alt=\"Kleine kapel in het bos op een zonnige heuvel\" srcset=\"https:\/\/www.harzer-wandernadel.de\/wp-content\/uploads\/2016\/02\/HWN-K\u00f6thener-H\u00fctte.jpg 2048w, https:\/\/www.harzer-wandernadel.de\/wp-content\/uploads\/2016\/02\/HWN-K\u00f6thener-H\u00fctte-300x225.jpg 300w, https:\/\/www.harzer-wandernadel.de\/wp-content\/uploads\/2016\/02\/HWN-K\u00f6thener-H\u00fctte-768x576.jpg 768w, https:\/\/www.harzer-wandernadel.de\/wp-content\/uploads\/2016\/02\/HWN-K\u00f6thener-H\u00fctte-1024x768.jpg 1024w, https:\/\/www.harzer-wandernadel.de\/wp-content\/uploads\/2016\/02\/HWN-K\u00f6thener-H\u00fctte-250x188.jpg 250w, https:\/\/www.harzer-wandernadel.de\/wp-content\/uploads\/2016\/02\/HWN-K\u00f6thener-H\u00fctte-624x468.jpg 624w\" sizes=\"(max-width: 2048px) 100vw, 2048px\"><\/span><\/figure><\/div>\n\n<p>De K\u00f6the\u00adner H\u00fct\u00adte werd in 1897 gebouwd door de afde\u00adling K\u00f6then van de Harz\u00adklub en ziet eruit als een kapel met zijn klei\u00adne klok\u00adken\u00adto\u00adren en wit\u00adte kleur\u00adstel\u00adling. Het ter\u00adrein werd voor\u00adbe\u00adreid door het toen\u00adma\u00adli\u00adge her\u00adto\u00adge\u00adlij\u00adke bos\u00addis\u00adtrict\u00adbe\u00adstuur. Het bij\u00adzon\u00adder mooie uit\u00adzicht op het dal van de Sel\u00adke en het Ram\u00adberg\u00admas\u00adsief werd moge\u00adlijk gemaakt door ont\u00adbos\u00adsing. De Ram\u00adberg is het hoog\u00adste mas\u00adsief in de Neder-Harz. Net als het Broc\u00adken of het Oker gra\u00adniet is dit gra\u00adniet\u00admas\u00adsief onge\u00adveer 300 mil\u00adjoen jaar gele\u00adden gevormd.&nbsp;<\/p>\n\n<p>Het gebied tus\u00adsen Harz\u00adge\u00adro\u00adde, Gern\u00adro\u00adde, G\u00fcn\u00adthers\u00adber\u00adge en Bal\u00adlen\u00adstedt behoor\u00adde tot 1918 tot het her\u00adtog\u00addom Anhalt en daar\u00advoor tot 1863 tot het vor\u00adsten\u00addom Anhalt-Bern\u00adburg. De Oos\u00adte\u00adlij\u00adke Harz was toen al een popu\u00adlai\u00adre wan\u00addel\u00adbe\u00adstem\u00adming voor de Anhal\u00adters, wat blijk\u00adbaar voor de K\u00f6the\u00adner Harz vrien\u00adden aan\u00adlei\u00adding was om deze hut te bouwen.&nbsp;<\/p>\n\n<p>Het gemak\u00adke\u00adlijk\u00adste start\u00adpunt voor een wan\u00adde\u00adling naar de K\u00f6the\u00adner H\u00fct\u00adte is de klei\u00adne par\u00adkeer\u00adplaats aan de lin\u00adker\u00adkant van de land\u00adweg die van Harz\u00adge\u00adro\u00adde naar M\u00e4g\u00addes\u00adprung leidt. Van\u00adaf daar kun je de K\u00f6the\u00adner H\u00fct\u00adte zon\u00adder hel\u00adlin\u00adgen berei\u00adken en vele ande\u00adre indruk\u00adwek\u00adken\u00adde uit\u00adzicht\u00adpun\u00adten langs het afwis\u00adse\u00adlen\u00adde klif\u00adpad verkennen.&nbsp;<\/p>\n\n<div class=\"wp-block-buttons is-layout-flex wp-block-buttons-is-layout-flex\">\n<div class=\"wp-block-button\"><a class=\"wp-block-button__link wp-element-button\" href=\"http:\/\/www.drahtzug-cafe.de\/\">Draad\u00adte\u00adken\u00adca\u00adf\u00e9<\/a><\/div>\n<\/div>\n","protected":false},"excerpt":{"rendered":"<p>De K\u00f6the\u00adner H\u00fct\u00adte ligt tus\u00adsen Alexis\u00adbad en M\u00e4g\u00addes\u00adprung op de zoge\u00adnaam\u00adde Kapel\u00adlen\u00adfel\u00adsen (385&nbsp;meter boven zee\u00adni\u00adveau) direct aan de Sel\u00adke\u00adtal\u00adstieg. De K\u00f6the\u00adner H\u00fct\u00adte werd in 1897 gebouwd door de afde\u00adling K\u00f6then van de Harz\u00adklub en ziet eruit als een kapel met zijn klei\u00adne klok\u00adken\u00adto\u00adren en wit\u00adte kleur\u00adstel\u00adling. Het ter\u00adrein werd voor\u00adbe\u00adreid door het toen\u00adma\u00adli\u00adge her\u00adto\u00adge\u00adlij\u00adke bosdistrictbestuur.&nbsp;[\u2026]<\/p>\n","protected":false},"author":11,"featured_media":12452,"parent":17794,"menu_order":10195,"comment_status":"closed","ping_status":"closed","template":"","meta":{"_seopress_robots_primary_cat":"","_seopress_titles_title":"","_seopress_titles_desc":"","_seopress_robots_index":"","wp_typography_post_enhancements_disabled":false,"iawp_total_views":1,"footnotes":""},"hf_cat_page":[120],"class_list":["post-19797","page","type-page","status-publish","has-post-thumbnail"],"blocksy_meta":[],"_links":{"self":[{"href":"https:\/\/www.harzer-wandernadel.de\/nl\/wp-json\/wp\/v2\/pages\/19797","targetHints":{"allow":["GET"]}}],"collection":[{"href":"https:\/\/www.harzer-wandernadel.de\/nl\/wp-json\/wp\/v2\/pages"}],"about":[{"href":"https:\/\/www.harzer-wandernadel.de\/nl\/wp-json\/wp\/v2\/types\/page"}],"author":[{"embeddable":true,"href":"https:\/\/www.harzer-wandernadel.de\/nl\/wp-json\/wp\/v2\/users\/11"}],"replies":[{"embeddable":true,"href":"https:\/\/www.harzer-wandernadel.de\/nl\/wp-json\/wp\/v2\/comments?post=19797"}],"version-history":[{"count":1,"href":"https:\/\/www.harzer-wandernadel.de\/nl\/wp-json\/wp\/v2\/pages\/19797\/revisions"}],"predecessor-version":[{"id":19798,"href":"https:\/\/www.harzer-wandernadel.de\/nl\/wp-json\/wp\/v2\/pages\/19797\/revisions\/19798"}],"up":[{"embeddable":true,"href":"https:\/\/www.harzer-wandernadel.de\/nl\/wp-json\/wp\/v2\/pages\/17794"}],"wp:featuredmedia":[{"embeddable":true,"href":"https:\/\/www.harzer-wandernadel.de\/nl\/wp-json\/wp\/v2\/media\/12452"}],"wp:attachment":[{"href":"https:\/\/www.harzer-wandernadel.de\/nl\/wp-json\/wp\/v2\/media?parent=19797"}],"wp:term":[{"taxonomy":"hf_cat_page","embeddable":true,"href":"https:\/\/www.harzer-wandernadel.de\/nl\/wp-json\/wp\/v2\/hf_cat_page?post=19797"}],"curies":[{"name":"wp","href":"https:\/\/api.w.org\/{rel}","templated":true}]}}