{"id":19517,"date":"2016-02-19T11:11:47","date_gmt":"2016-02-19T10:11:47","guid":{"rendered":"https:\/\/www.harzer-wandernadel.de\/overzichtskaart\/stempelpunt-96-voormalige-steenmolen\/"},"modified":"2026-02-28T14:42:54","modified_gmt":"2026-02-28T13:42:54","slug":"stempelpunt-96-voormalige-steenmolen","status":"publish","type":"page","link":"https:\/\/www.harzer-wandernadel.de\/nl\/stempelcentra\/overzichtskaart\/stempelpunt-96-voormalige-steenmolen\/","title":{"rendered":"Stempelpunt 96 \/ Voormalige steenmolen"},"content":{"rendered":"\n<h2 class=\"wp-block-heading\">Das romantische und mystische Steinm\u00fchlental befindet sich zwischen Netzkater, Rothes\u00fctte und S\u00fclzhayn.<\/h2>\n\n<div class=\"wp-block-stackable-image alignwide stk-block-image stk-block stk-89e1006\" data-block-id=\"89e1006\"><style>.stk-89e1006 {margin-top:3% !important;margin-bottom:3% !important;}<\/style><figure><span class=\"stk-img-wrapper stk-image--shape-stretch stk--has-lightbox\"><img decoding=\"async\" width=\"787\" height=\"525\" src=\"https:\/\/www.harzer-wandernadel.de\/wp-content\/uploads\/2016\/02\/Steinm\u00fchle.jpg\" class=\"attachment-full size-full wp-post-image\" alt srcset=\"https:\/\/www.harzer-wandernadel.de\/wp-content\/uploads\/2016\/02\/Steinm\u00fchle.jpg 787w, https:\/\/www.harzer-wandernadel.de\/wp-content\/uploads\/2016\/02\/Steinm\u00fchle-300x200.jpg 300w, https:\/\/www.harzer-wandernadel.de\/wp-content\/uploads\/2016\/02\/Steinm\u00fchle-768x512.jpg 768w, https:\/\/www.harzer-wandernadel.de\/wp-content\/uploads\/2016\/02\/Steinm\u00fchle-624x416.jpg 624w\" sizes=\"(max-width: 787px) 100vw, 787px\"><\/span><\/figure><\/div>\n\n<p>De val\u00adlei dankt zijn naam aan de ste\u00adnen molen die hier in 1756 werd gebouwd. Van deze zaag\u00admo\u00adlen en meel\u00admo\u00adlen zijn nog maar wei\u00adnig ru\u00ef\u00adnes&nbsp;over.&nbsp;<\/p>\n\n<p>De rot\u00adsen rechts en links van de val\u00adlei heb\u00adben in de loop der jaren ori\u00adgi\u00adne\u00adle namen gekre\u00adgen, zoals \u201cUilen\u00adkop\u201d, \u201cPaard\u201d of \u201cHer\u00adcu\u00adles\u201d.<\/p>\n\n<p>Een goed start\u00adpunt is de wan\u00addel\u00adpar\u00adkeer\u00adplaats op de Honig\u00adberg tus\u00adsen Netz\u00adka\u00adter en Rot\u00adhes\u00ad\u00fct\u00adte. Daar\u00advan\u00addaan loop je over beweg\u00adwij\u00adzer\u00adde bos\u00adpa\u00adden door het Stein\u00adm\u00fchlen\u00adtal naar het stem\u00adpel\u00adpunt bij de fon\u00adtein die bekend staat als \u201cGold\u00adborn\u201d. <\/p>\n\n<div class=\"wp-block-buttons is-layout-flex wp-block-buttons-is-layout-flex\">\n<div class=\"wp-block-button\"><a class=\"wp-block-button__link wp-element-button\" href=\"https:\/\/harzer-bergwald.de\/index.php\/wandertouren\/romantiktouren\/17-entlang-des-wilden-fuhrbachs\" target=\"_blank\" rel=\"noreferrer noopener\">Tour\u00adtip Harz bergbos&nbsp;\u201d<\/a><\/div>\n<\/div>\n","protected":false},"excerpt":{"rendered":"<p>Das roman\u00adti\u00adsche und mys\u00adti\u00adsche Stein\u00adm\u00fchlen\u00adtal befin\u00addet sich zwi\u00adschen Netz\u00adka\u00adter, Rot\u00adhes\u00ad\u00fct\u00adte und S\u00fclz\u00adhayn. De val\u00adlei dankt zijn naam aan de ste\u00adnen molen die hier in 1756 werd gebouwd. Van deze zaag\u00admo\u00adlen en meel\u00admo\u00adlen zijn nog maar wei\u00adnig ru\u00ef\u00adnes&nbsp;over.&nbsp; De rot\u00adsen rechts en links van de val\u00adlei heb\u00adben in de loop der jaren ori\u00adgi\u00adne\u00adle namen gekre\u00adgen,&nbsp;zoals&nbsp;[\u2026]<\/p>\n","protected":false},"author":11,"featured_media":11813,"parent":17794,"menu_order":10096,"comment_status":"closed","ping_status":"closed","template":"","meta":{"_seopress_robots_primary_cat":"","_seopress_titles_title":"","_seopress_titles_desc":"","_seopress_robots_index":"","wp_typography_post_enhancements_disabled":false,"iawp_total_views":0,"footnotes":""},"hf_cat_page":[120],"class_list":["post-19517","page","type-page","status-publish","has-post-thumbnail"],"blocksy_meta":[],"_links":{"self":[{"href":"https:\/\/www.harzer-wandernadel.de\/nl\/wp-json\/wp\/v2\/pages\/19517","targetHints":{"allow":["GET"]}}],"collection":[{"href":"https:\/\/www.harzer-wandernadel.de\/nl\/wp-json\/wp\/v2\/pages"}],"about":[{"href":"https:\/\/www.harzer-wandernadel.de\/nl\/wp-json\/wp\/v2\/types\/page"}],"author":[{"embeddable":true,"href":"https:\/\/www.harzer-wandernadel.de\/nl\/wp-json\/wp\/v2\/users\/11"}],"replies":[{"embeddable":true,"href":"https:\/\/www.harzer-wandernadel.de\/nl\/wp-json\/wp\/v2\/comments?post=19517"}],"version-history":[{"count":1,"href":"https:\/\/www.harzer-wandernadel.de\/nl\/wp-json\/wp\/v2\/pages\/19517\/revisions"}],"predecessor-version":[{"id":19518,"href":"https:\/\/www.harzer-wandernadel.de\/nl\/wp-json\/wp\/v2\/pages\/19517\/revisions\/19518"}],"up":[{"embeddable":true,"href":"https:\/\/www.harzer-wandernadel.de\/nl\/wp-json\/wp\/v2\/pages\/17794"}],"wp:featuredmedia":[{"embeddable":true,"href":"https:\/\/www.harzer-wandernadel.de\/nl\/wp-json\/wp\/v2\/media\/11813"}],"wp:attachment":[{"href":"https:\/\/www.harzer-wandernadel.de\/nl\/wp-json\/wp\/v2\/media?parent=19517"}],"wp:term":[{"taxonomy":"hf_cat_page","embeddable":true,"href":"https:\/\/www.harzer-wandernadel.de\/nl\/wp-json\/wp\/v2\/hf_cat_page?post=19517"}],"curies":[{"name":"wp","href":"https:\/\/api.w.org\/{rel}","templated":true}]}}