{"id":18986,"date":"2016-02-19T14:42:53","date_gmt":"2016-02-19T13:42:53","guid":{"rendered":"https:\/\/www.harzer-wandernadel.de\/overzichtskaart\/stempelpunt-159-stoeberhai\/"},"modified":"2026-01-29T12:52:34","modified_gmt":"2026-01-29T11:52:34","slug":"stempelpunt-159-stoeberhai","status":"publish","type":"page","link":"https:\/\/www.harzer-wandernadel.de\/nl\/stempelcentra\/overzichtskaart\/stempelpunt-159-stoeberhai\/","title":{"rendered":"Stempelpunt 159 \/ St\u00f6berhai"},"content":{"rendered":"\n<h2 class=\"wp-block-heading\">De St\u00f6berhai (720&nbsp;meter boven zeeniveau) is de hoogste berg in de zuidelijke Harz en ligt tussen Wieda en de&nbsp;Oder.<\/h2>\n\n<div class=\"wp-block-stackable-image alignwide stk-block-image stk-block stk-89e1006\" data-block-id=\"89e1006\"><style>.stk-89e1006 {margin-top:3% !important;margin-bottom:3% !important;}<\/style><figure><span class=\"stk-img-wrapper stk-image--shape-stretch stk--has-lightbox\"><img decoding=\"async\" width=\"2048\" height=\"1365\" src=\"https:\/\/www.harzer-wandernadel.de\/wp-content\/uploads\/2016\/02\/St\u00f6berhai.jpg\" class=\"attachment-full size-full wp-post-image\" alt=\"Wegwijzer op weiland met bomen en hut\" srcset=\"https:\/\/www.harzer-wandernadel.de\/wp-content\/uploads\/2016\/02\/St\u00f6berhai.jpg 2048w, https:\/\/www.harzer-wandernadel.de\/wp-content\/uploads\/2016\/02\/St\u00f6berhai-300x200.jpg 300w, https:\/\/www.harzer-wandernadel.de\/wp-content\/uploads\/2016\/02\/St\u00f6berhai-768x512.jpg 768w, https:\/\/www.harzer-wandernadel.de\/wp-content\/uploads\/2016\/02\/St\u00f6berhai-1024x683.jpg 1024w, https:\/\/www.harzer-wandernadel.de\/wp-content\/uploads\/2016\/02\/St\u00f6berhai-250x167.jpg 250w, https:\/\/www.harzer-wandernadel.de\/wp-content\/uploads\/2016\/02\/St\u00f6berhai-624x416.jpg 624w\" sizes=\"(max-width: 2048px) 100vw, 2048px\"><\/span><\/figure><\/div>\n\n<p>In 1872 werd het eer\u00adste caf\u00e9 met \u00e9\u00e9n ver\u00addie\u00adping gebouwd op de heu\u00advel\u00adtop, waar\u00advoor zeven hec\u00adta\u00adre bos werd gekapt. De eer\u00adste huis\u00adbaas was Karl Mast uit de fami\u00adlie van de late\u00adre J\u00e4ger\u00admeis\u00adter dynastie.&nbsp;<\/p>\n\n<p>Na brand\u00adscha\u00adde werd in 1889 het \u201cBerg\u00adho\u00adtel St\u00f6\u00adber\u00adhai\u201d gebouwd met een uit\u00adkijk\u00adto\u00adren als hoog\u00adste hotel in het Harz\u00adge\u00adberg\u00adte na de Broc\u00adken. De uit\u00adkijk\u00adto\u00adren, die plaats bood aan 60 per\u00adso\u00adnen op het plat\u00adform, bood een pano\u00adra\u00admisch uit\u00adzicht over alle delen van de Harz tot aan de Kyff\u00adh\u00e4u\u00adser en het Th\u00fc\u00adrin\u00adger Woud. In 1922 intro\u00addu\u00adceer\u00adde de hote\u00adlier de vie\u00adring van Wal\u00adpur\u00adgis\u00adnacht op de St\u00f6\u00adber\u00adhai, gemo\u00addel\u00adleerd naar de Brocken.&nbsp;<\/p>\n\n<p>Na de oor\u00adlog kwam het hotel onder eco\u00adno\u00admi\u00adsche druk te staan omdat de voor\u00adheen tal\u00adrij\u00adke gas\u00adten uit Sak\u00adsen, Th\u00fc\u00adrin\u00adgen en Ber\u00adlijn wegbleven.<\/p>\n\n<p>In de herfst van 1951 kocht een bus\u00adon\u00adder\u00adne\u00admer uit Ber\u00adlijn het hotel, liet het ver\u00adbou\u00adwen en cre\u00ad\u00eber\u00adde een klei\u00adne die\u00adren\u00adtuin met inheem\u00adse die\u00adren op het ter\u00adrein. De koper zet\u00adte een regel\u00adma\u00adti\u00adge pen\u00addel\u00adbus\u00addienst op van Ber\u00adlijn naar de St\u00f6\u00adber\u00adhai met over\u00adnach\u00adting en cate\u00adring in het berg\u00adho\u00adtel. Toen de smal\u00adspoor\u00adlijn Wal\u00adken\u00adried-Braun\u00adla\u00adge\/Tan\u00adne in 1899 werd aan\u00adge\u00adlegd, regel\u00adde de hotel\u00adei\u00adge\u00adnaar dat de S\u00fcd\u00adharz-Eisen\u00adbahn-Gesell\u00adschaft (SHE) een hal\u00adte inricht\u00adte bij het sta\u00adti\u00adon van St\u00f6\u00adber\u00adhai mid\u00adden in het bos om excur\u00adsies naar het hotel moge\u00adlijk te maken. Op zijn aan\u00addrin\u00adgen open\u00adde de spoor\u00adweg\u00admaat\u00adschap\u00adpij daar in okto\u00adber 1900 ook een klein sta\u00adti\u00adons\u00adge\u00adbouw voor excur\u00adsiegas\u00adten. Hoe\u00adwel het sta\u00adti\u00adon in het Wein\u00adglas\u00adtal des\u00adtijds slechts onge\u00adveer 1,3&nbsp;km van het hotel ver\u00adwij\u00adderd was, was er toch een hoog\u00adte\u00adver\u00adschil van onge\u00adveer 260&nbsp;meter tus\u00adsen het sta\u00adti\u00adon en het&nbsp;hotel.&nbsp;<\/p>\n\n<p>Na ver\u00adschil\u00adlen\u00adde eigen\u00addoms\u00adwis\u00adse\u00adlin\u00adgen werd het hotel niet meer gerund in 1975&nbsp;en werd het slacht\u00adof\u00adfer van een gro\u00adte brand in&nbsp;1980.<\/p>\n\n<p>In 1967 bouw\u00adde de Bun\u00addes\u00adwehr een 75&nbsp;meter hoge ver\u00adken\u00adning\u00adsto\u00adren op de St\u00f6\u00adber\u00adhai, die zes\u00adtien ver\u00addie\u00adpin\u00adgen en 750&nbsp;m\u00b2 anten\u00adne\u00admas\u00adten, detec\u00adtie\u00adsta\u00adti\u00adons, ope\u00adra\u00adtie\u00adka\u00admers, maar ook kan\u00adto\u00adren, accom\u00admo\u00adda\u00adtie en een kan\u00adti\u00adne bevatte.<\/p>\n\n<p>Tij\u00addens de Kou\u00adde Oor\u00adlog werd het radio-inter\u00adcep\u00adtie\u00adsta\u00adti\u00adon gebruikt om mili\u00adtai\u00adre radio\u00adcom\u00admu\u00adni\u00adca\u00adtie in de DDR af te luis\u00adte\u00adren. De faci\u00adli\u00adtei\u00adten zijn de tegen\u00adhan\u00adger van het sta\u00adti\u00adon op de berg Broc\u00adken dat werd beheerd door het Minis\u00adte\u00adrie van Staats\u00advei\u00adlig\u00adheid van de DDR en de Sovjet-Unie.&nbsp;<\/p>\n\n<p>Pas in 2005, vijf\u00adtien jaar na de Duit\u00adse her\u00ade\u00adni\u00adging, werd de toren neer\u00adge\u00adhaald door gecon\u00adtro\u00adleer\u00adde sloop. Hier ging een lang geschil over de kos\u00adten van het ver\u00adwij\u00adde\u00adren van de luis\u00adter\u00adpost aan vooraf.&nbsp;<\/p>\n\n<p>De St\u00f6\u00adber\u00adhai kan wor\u00adden bereikt van\u00aduit Wie\u00adda, Bad Lau\u00adter\u00adberg, Bad Sach\u00adsa en de Oder\u00adtal\u00adsper\u00adre stuw\u00addam via beweg\u00adwij\u00adzer\u00adde wan\u00addel\u00adpa\u00adden. Een goed start\u00adpunt is het beheer\u00adde voor\u00adma\u00adli\u00adge trein\u00adsta\u00adti\u00adon St\u00f6\u00adber\u00adhai, dat te berei\u00adken is via de weg tus\u00adsen Wie\u00adda en Braunlage.&nbsp;<\/p>\n","protected":false},"excerpt":{"rendered":"<p>De St\u00f6\u00adber\u00adhai (720&nbsp;meter boven zee\u00adni\u00adveau) is de hoog\u00adste berg in de zui\u00adde\u00adlij\u00adke Harz en ligt tus\u00adsen Wie\u00adda en de&nbsp;Oder. In 1872 werd het eer\u00adste caf\u00e9 met \u00e9\u00e9n ver\u00addie\u00adping gebouwd op de heu\u00advel\u00adtop, waar\u00advoor zeven hec\u00adta\u00adre bos werd gekapt. De eer\u00adste huis\u00adbaas was Karl Mast uit de fami\u00adlie van de late\u00adre J\u00e4ger\u00admeis\u00adter dynas\u00adtie.&nbsp; Na brand\u00adscha\u00adde&nbsp;werd&nbsp;[\u2026]<\/p>\n","protected":false},"author":11,"featured_media":12020,"parent":17794,"menu_order":10159,"comment_status":"closed","ping_status":"closed","template":"","meta":{"_seopress_robots_primary_cat":"","_seopress_titles_title":"","_seopress_titles_desc":"","_seopress_robots_index":"","wp_typography_post_enhancements_disabled":false,"iawp_total_views":0,"footnotes":""},"hf_cat_page":[120],"class_list":["post-18986","page","type-page","status-publish","has-post-thumbnail"],"blocksy_meta":[],"_links":{"self":[{"href":"https:\/\/www.harzer-wandernadel.de\/nl\/wp-json\/wp\/v2\/pages\/18986","targetHints":{"allow":["GET"]}}],"collection":[{"href":"https:\/\/www.harzer-wandernadel.de\/nl\/wp-json\/wp\/v2\/pages"}],"about":[{"href":"https:\/\/www.harzer-wandernadel.de\/nl\/wp-json\/wp\/v2\/types\/page"}],"author":[{"embeddable":true,"href":"https:\/\/www.harzer-wandernadel.de\/nl\/wp-json\/wp\/v2\/users\/11"}],"replies":[{"embeddable":true,"href":"https:\/\/www.harzer-wandernadel.de\/nl\/wp-json\/wp\/v2\/comments?post=18986"}],"version-history":[{"count":1,"href":"https:\/\/www.harzer-wandernadel.de\/nl\/wp-json\/wp\/v2\/pages\/18986\/revisions"}],"predecessor-version":[{"id":18988,"href":"https:\/\/www.harzer-wandernadel.de\/nl\/wp-json\/wp\/v2\/pages\/18986\/revisions\/18988"}],"up":[{"embeddable":true,"href":"https:\/\/www.harzer-wandernadel.de\/nl\/wp-json\/wp\/v2\/pages\/17794"}],"wp:featuredmedia":[{"embeddable":true,"href":"https:\/\/www.harzer-wandernadel.de\/nl\/wp-json\/wp\/v2\/media\/12020"}],"wp:attachment":[{"href":"https:\/\/www.harzer-wandernadel.de\/nl\/wp-json\/wp\/v2\/media?parent=18986"}],"wp:term":[{"taxonomy":"hf_cat_page","embeddable":true,"href":"https:\/\/www.harzer-wandernadel.de\/nl\/wp-json\/wp\/v2\/hf_cat_page?post=18986"}],"curies":[{"name":"wp","href":"https:\/\/api.w.org\/{rel}","templated":true}]}}