{"id":18916,"date":"2016-02-16T14:35:47","date_gmt":"2016-02-16T13:35:47","guid":{"rendered":"https:\/\/www.harzer-wandernadel.de\/overzichtskaart\/stempelpunt-40-koenigshuetter-waterval\/"},"modified":"2026-02-28T14:42:21","modified_gmt":"2026-02-28T13:42:21","slug":"stempelpunt-40-koenigshuetter-waterval","status":"publish","type":"page","link":"https:\/\/www.harzer-wandernadel.de\/nl\/stempelcentra\/overzichtskaart\/stempelpunt-40-koenigshuetter-waterval\/","title":{"rendered":"Stempelpunt 40 \/ K\u00f6nigsh\u00fctter waterval"},"content":{"rendered":"\n<h2 class=\"wp-block-heading\">De K\u00f6nigsh\u00fctte waterval (496&nbsp;m&nbsp;boven zeeniveau) ligt vlak bij de rijksweg B27&nbsp;in het district Rotheh\u00fctte, niet ver van de spoorwegbrug R\u00fcbelandbahn.<\/h2>\n\n<div class=\"wp-block-stackable-image alignwide stk-block-image stk-block stk-89e1006\" data-block-id=\"89e1006\"><style>.stk-89e1006 {margin-top:3% !important;margin-bottom:3% !important;}<\/style><figure><span class=\"stk-img-wrapper stk-image--shape-stretch stk--has-lightbox\"><img decoding=\"async\" width=\"900\" height=\"600\" src=\"https:\/\/www.harzer-wandernadel.de\/wp-content\/uploads\/2016\/02\/K\u00f6nigsh\u00fctter-Wasserfall-1.jpg\" class=\"attachment-full size-full wp-post-image\" alt srcset=\"https:\/\/www.harzer-wandernadel.de\/wp-content\/uploads\/2016\/02\/K\u00f6nigsh\u00fctter-Wasserfall-1.jpg 900w, https:\/\/www.harzer-wandernadel.de\/wp-content\/uploads\/2016\/02\/K\u00f6nigsh\u00fctter-Wasserfall-1-300x200.jpg 300w, https:\/\/www.harzer-wandernadel.de\/wp-content\/uploads\/2016\/02\/K\u00f6nigsh\u00fctter-Wasserfall-1-768x512.jpg 768w, https:\/\/www.harzer-wandernadel.de\/wp-content\/uploads\/2016\/02\/K\u00f6nigsh\u00fctter-Wasserfall-1-624x416.jpg 624w\" sizes=\"(max-width: 900px) 100vw, 900px\"><\/span><\/figure><\/div>\n\n<p>De kunst\u00adma\u00adti\u00adge water\u00adval in een oude steen\u00adgroe\u00adve stort zich over een rots zo\u2019n 20&nbsp;meter de diep\u00adte in en is van\u00adaf de weg al te zien. Volg het smal\u00adle pad links van de water\u00adval en je komt bij een rust\u00adplaats met een stempel.&nbsp;<\/p>\n\n<p>We raden je aan de wan\u00adde\u00adling voort te zet\u00adten naar de <a href=\"https:\/\/www.harzer-wandernadel.de\/nl\/overzichtskaart\/stempelpunt-41-ruine-koenigsburg\/\" data-type=\"page\" data-id=\"715\">ru\u00ef\u00adne K\u00f6nigsburg HWN 41<\/a> en de <a href=\"https:\/\/www.harzer-wandernadel.de\/nl\/overzichtskaart\/stempelpunt-42-trogfurther-brug\/\" data-type=\"page\" data-id=\"717\">Trog\u00adfur\u00adther brug HWN 42<\/a>.<b> <\/b><\/p>\n\n<div class=\"wp-block-buttons is-layout-flex wp-block-buttons-is-layout-flex\">\n<div class=\"wp-block-button\"><a class=\"wp-block-button__link wp-element-button\" href=\"https:\/\/harzer-bergwald.de\/index.php\/wandertouren\/romantiktouren\/22-rund-um-koenigshuette\" target=\"_blank\" rel=\"noreferrer noopener\">Tour\u00adtip Harz bergbos&nbsp;\u201d<\/a><\/div>\n<\/div>\n","protected":false},"excerpt":{"rendered":"<p>De K\u00f6nigsh\u00ad\u00fct\u00adte water\u00adval (496&nbsp;m&nbsp;boven zee\u00adni\u00adveau) ligt vlak bij de rijks\u00adweg B27&nbsp;in het dis\u00adtrict Rot\u00adhe\u00adh\u00fct\u00adte, niet ver van de spoor\u00adweg\u00adbrug R\u00fcbe\u00adland\u00adbahn. De kunst\u00adma\u00adti\u00adge water\u00adval in een oude steen\u00adgroe\u00adve stort zich over een rots zo\u2019n 20&nbsp;meter de diep\u00adte in en is van\u00adaf de weg al te zien. Volg het smal\u00adle pad links van de water\u00adval en&nbsp;je&nbsp;[\u2026]<\/p>\n","protected":false},"author":11,"featured_media":11627,"parent":17794,"menu_order":10040,"comment_status":"closed","ping_status":"closed","template":"","meta":{"_seopress_robots_primary_cat":"","_seopress_titles_title":"","_seopress_titles_desc":"","_seopress_robots_index":"","wp_typography_post_enhancements_disabled":false,"iawp_total_views":2,"footnotes":""},"hf_cat_page":[120],"class_list":["post-18916","page","type-page","status-publish","has-post-thumbnail"],"blocksy_meta":[],"_links":{"self":[{"href":"https:\/\/www.harzer-wandernadel.de\/nl\/wp-json\/wp\/v2\/pages\/18916","targetHints":{"allow":["GET"]}}],"collection":[{"href":"https:\/\/www.harzer-wandernadel.de\/nl\/wp-json\/wp\/v2\/pages"}],"about":[{"href":"https:\/\/www.harzer-wandernadel.de\/nl\/wp-json\/wp\/v2\/types\/page"}],"author":[{"embeddable":true,"href":"https:\/\/www.harzer-wandernadel.de\/nl\/wp-json\/wp\/v2\/users\/11"}],"replies":[{"embeddable":true,"href":"https:\/\/www.harzer-wandernadel.de\/nl\/wp-json\/wp\/v2\/comments?post=18916"}],"version-history":[{"count":2,"href":"https:\/\/www.harzer-wandernadel.de\/nl\/wp-json\/wp\/v2\/pages\/18916\/revisions"}],"predecessor-version":[{"id":24743,"href":"https:\/\/www.harzer-wandernadel.de\/nl\/wp-json\/wp\/v2\/pages\/18916\/revisions\/24743"}],"up":[{"embeddable":true,"href":"https:\/\/www.harzer-wandernadel.de\/nl\/wp-json\/wp\/v2\/pages\/17794"}],"wp:featuredmedia":[{"embeddable":true,"href":"https:\/\/www.harzer-wandernadel.de\/nl\/wp-json\/wp\/v2\/media\/11627"}],"wp:attachment":[{"href":"https:\/\/www.harzer-wandernadel.de\/nl\/wp-json\/wp\/v2\/media?parent=18916"}],"wp:term":[{"taxonomy":"hf_cat_page","embeddable":true,"href":"https:\/\/www.harzer-wandernadel.de\/nl\/wp-json\/wp\/v2\/hf_cat_page?post=18916"}],"curies":[{"name":"wp","href":"https:\/\/api.w.org\/{rel}","templated":true}]}}