{"id":18911,"date":"2016-02-17T12:36:50","date_gmt":"2016-02-17T11:36:50","guid":{"rendered":"https:\/\/www.harzer-wandernadel.de\/overzichtskaart\/stempelpunt-42-trogfurther-brug\/"},"modified":"2026-02-28T14:42:22","modified_gmt":"2026-02-28T13:42:22","slug":"stempelpunt-42-trogfurther-brug","status":"publish","type":"page","link":"https:\/\/www.harzer-wandernadel.de\/nl\/stempelcentra\/overzichtskaart\/stempelpunt-42-trogfurther-brug\/","title":{"rendered":"Stempelpunt 42 \/ Trogfurther Brug"},"content":{"rendered":"\n<h2 class=\"wp-block-heading\">Het stempelstation Trogfurther Br\u00fccke (425&nbsp;m&nbsp;boven zeeniveau) bevindt zich bij de damwand van de K\u00f6nigsh\u00fctte-stuwdam.<\/h2>\n\n<div class=\"wp-block-stackable-image alignwide stk-block-image stk-block stk-89e1006\" data-block-id=\"89e1006\"><style>.stk-89e1006 {margin-top:3% !important;margin-bottom:3% !important;}<\/style><figure><span class=\"stk-img-wrapper stk-image--shape-stretch stk--has-lightbox\"><img decoding=\"async\" width=\"2048\" height=\"1536\" src=\"https:\/\/www.harzer-wandernadel.de\/wp-content\/uploads\/2016\/02\/HWN-42-Trogfurther-Br\u00fccke.jpg\" class=\"attachment-full size-full wp-post-image\" alt=\"Stuwmeer met bos en klein gebouw aan de oever\" srcset=\"https:\/\/www.harzer-wandernadel.de\/wp-content\/uploads\/2016\/02\/HWN-42-Trogfurther-Br\u00fccke.jpg 2048w, https:\/\/www.harzer-wandernadel.de\/wp-content\/uploads\/2016\/02\/HWN-42-Trogfurther-Br\u00fccke-300x225.jpg 300w, https:\/\/www.harzer-wandernadel.de\/wp-content\/uploads\/2016\/02\/HWN-42-Trogfurther-Br\u00fccke-768x576.jpg 768w, https:\/\/www.harzer-wandernadel.de\/wp-content\/uploads\/2016\/02\/HWN-42-Trogfurther-Br\u00fccke-1024x768.jpg 1024w, https:\/\/www.harzer-wandernadel.de\/wp-content\/uploads\/2016\/02\/HWN-42-Trogfurther-Br\u00fccke-250x188.jpg 250w, https:\/\/www.harzer-wandernadel.de\/wp-content\/uploads\/2016\/02\/HWN-42-Trogfurther-Br\u00fccke-624x468.jpg 624w\" sizes=\"(max-width: 2048px) 100vw, 2048px\"><\/span><\/figure><\/div>\n\n<p>Vele eeu\u00adwen lang was de Trog\u00adfur\u00adther brug over de rivier de Bode een belang\u00adrijk onder\u00addeel van de han\u00addels\u00adrou\u00adte van Ita\u00adli\u00eb via het Harz\u00adge\u00adberg\u00adte naar Scan\u00addi\u00adna\u00advi\u00eb. In 919 werd hier voor het eerst een door\u00adwaad\u00adba\u00adre plaats genoemd als de \u201cTrog\u00adweg\u201d. <\/p>\n\n<p>De Trog\u00adfur\u00adther brug werd rond 1740 gebouwd van breuk\u00adste\u00adnen, die waar\u00adschijn\u00adlijk afkom\u00adstig waren van een Susen\u00adburg\u00adse ver\u00adde\u00addi\u00adging\u00adsto\u00adren. Een paar dagen voor het ein\u00adde van de Twee\u00adde Wereld\u00adoor\u00adlog werd deze brug op 14 april 1945 opge\u00adbla\u00adzen door de&nbsp;SS.&nbsp;<\/p>\n\n<p>De opvol\u00adger, een brug van gewa\u00adpend beton en hout, werd over\u00adbo\u00addig nadat de bouw van de over\u00adlaat\u00addam op 24 augus\u00adtus 1956 was vol\u00adtooid. De dam, die ook van\u00addaag de dag nog wordt gebruikt om de Bode over te ste\u00adken, ligt een paar meter ten oos\u00adten van de voor\u00adma\u00adli\u00adge Trogfurtherbrug.&nbsp;<\/p>\n\n<p>Van\u00adaf de par\u00adkeer\u00adplaats voor wan\u00adde\u00adlaars onder de ru\u00ef\u00adne <a href=\"https:\/\/www.harzer-wandernadel.de\/nl\/overzichtskaart\/stempelpunt-41-ruine-koenigsburg\/\" data-type=\"page\" data-id=\"715\">K\u00f6nigsburg HWN 41<\/a> volg je de noor\u00adde\u00adlij\u00adke rou\u00adte rich\u00adting R\u00fcbe\u00adland en pas\u00adseer je de samen\u00advloei\u00ading van de War\u00adme Bode en de Kal\u00adte Bode tot aan de brug Trog\u00adfur\u00adther Br\u00fccke.<\/p>\n\n<div class=\"wp-block-buttons is-layout-flex wp-block-buttons-is-layout-flex\">\n<div class=\"wp-block-button\"><a class=\"wp-block-button__link wp-element-button\" href=\"https:\/\/harzer-bergwald.de\/index.php\/wandertouren\/romantiktouren\/22-rund-um-koenigshuette\" target=\"_blank\" rel=\"noreferrer noopener\">Tour\u00adtip Harz bergbos&nbsp;\u201d<\/a><\/div>\n<\/div>\n","protected":false},"excerpt":{"rendered":"<p>Het stem\u00adpel\u00adsta\u00adti\u00adon Trog\u00adfur\u00adther Br\u00fcc\u00adke (425&nbsp;m&nbsp;boven zee\u00adni\u00adveau) bevindt zich bij de dam\u00adwand van de K\u00f6nigsh\u00ad\u00fct\u00adte-stuw\u00addam. Vele eeu\u00adwen lang was de Trog\u00adfur\u00adther brug over de rivier de Bode een belang\u00adrijk onder\u00addeel van de han\u00addels\u00adrou\u00adte van Ita\u00adli\u00eb via het Harz\u00adge\u00adberg\u00adte naar Scan\u00addi\u00adna\u00advi\u00eb. In 919 werd hier voor het eerst een door\u00adwaad\u00adba\u00adre plaats genoemd als de \u201cTrog\u00adweg\u201d. De Trogfurther&nbsp;[\u2026]<\/p>\n","protected":false},"author":11,"featured_media":12497,"parent":17794,"menu_order":10042,"comment_status":"closed","ping_status":"closed","template":"","meta":{"_seopress_robots_primary_cat":"","_seopress_titles_title":"","_seopress_titles_desc":"","_seopress_robots_index":"","wp_typography_post_enhancements_disabled":false,"iawp_total_views":2,"footnotes":""},"hf_cat_page":[120],"class_list":["post-18911","page","type-page","status-publish","has-post-thumbnail"],"blocksy_meta":[],"_links":{"self":[{"href":"https:\/\/www.harzer-wandernadel.de\/nl\/wp-json\/wp\/v2\/pages\/18911","targetHints":{"allow":["GET"]}}],"collection":[{"href":"https:\/\/www.harzer-wandernadel.de\/nl\/wp-json\/wp\/v2\/pages"}],"about":[{"href":"https:\/\/www.harzer-wandernadel.de\/nl\/wp-json\/wp\/v2\/types\/page"}],"author":[{"embeddable":true,"href":"https:\/\/www.harzer-wandernadel.de\/nl\/wp-json\/wp\/v2\/users\/11"}],"replies":[{"embeddable":true,"href":"https:\/\/www.harzer-wandernadel.de\/nl\/wp-json\/wp\/v2\/comments?post=18911"}],"version-history":[{"count":2,"href":"https:\/\/www.harzer-wandernadel.de\/nl\/wp-json\/wp\/v2\/pages\/18911\/revisions"}],"predecessor-version":[{"id":24751,"href":"https:\/\/www.harzer-wandernadel.de\/nl\/wp-json\/wp\/v2\/pages\/18911\/revisions\/24751"}],"up":[{"embeddable":true,"href":"https:\/\/www.harzer-wandernadel.de\/nl\/wp-json\/wp\/v2\/pages\/17794"}],"wp:featuredmedia":[{"embeddable":true,"href":"https:\/\/www.harzer-wandernadel.de\/nl\/wp-json\/wp\/v2\/media\/12497"}],"wp:attachment":[{"href":"https:\/\/www.harzer-wandernadel.de\/nl\/wp-json\/wp\/v2\/media?parent=18911"}],"wp:term":[{"taxonomy":"hf_cat_page","embeddable":true,"href":"https:\/\/www.harzer-wandernadel.de\/nl\/wp-json\/wp\/v2\/hf_cat_page?post=18911"}],"curies":[{"name":"wp","href":"https:\/\/api.w.org\/{rel}","templated":true}]}}