{"id":18682,"date":"2016-02-19T11:55:34","date_gmt":"2016-02-19T10:55:34","guid":{"rendered":"https:\/\/www.harzer-wandernadel.de\/overzichtskaart\/stempelpunt-119-hallesche-huette-bij-de-ahrendsberger-klippen\/"},"modified":"2026-02-28T14:43:06","modified_gmt":"2026-02-28T13:43:06","slug":"stempelpunt-119-hallesche-huette-bij-de-ahrendsberger-klippen","status":"publish","type":"page","link":"https:\/\/www.harzer-wandernadel.de\/nl\/stempelcentra\/overzichtskaart\/stempelpunt-119-hallesche-huette-bij-de-ahrendsberger-klippen\/","title":{"rendered":"Stempelpunt 119 \/ Hallesche H\u00fctte (bij de Ahrendsberger Klippen)"},"content":{"rendered":"\n<h2 class=\"wp-block-heading\">De \u201cHallesche H\u00fctte\u201d (586&nbsp;m&nbsp;boven zeeniveau) op de Ahrendsberger Klippen ligt 220&nbsp;meter boven de Oker vallei.<\/h2>\n\n<div class=\"wp-block-stackable-image alignwide stk-block-image stk-block stk-89e1006\" data-block-id=\"89e1006\"><style>.stk-89e1006 {margin-top:3% !important;margin-bottom:3% !important;}<\/style><figure><span class=\"stk-img-wrapper stk-image--shape-stretch stk--has-lightbox\"><img decoding=\"async\" width=\"1600\" height=\"1200\" src=\"https:\/\/www.harzer-wandernadel.de\/wp-content\/uploads\/2016\/02\/HWN-Hallesche-H\u00fctte-Ellen.jpg\" class=\"attachment-full size-full wp-post-image\" alt=\"Weitl\u00e4ufige gr\u00fcne W\u00e4lder in berglandschaft\" srcset=\"https:\/\/www.harzer-wandernadel.de\/wp-content\/uploads\/2016\/02\/HWN-Hallesche-H\u00fctte-Ellen.jpg 1600w, https:\/\/www.harzer-wandernadel.de\/wp-content\/uploads\/2016\/02\/HWN-Hallesche-H\u00fctte-Ellen-300x225.jpg 300w, https:\/\/www.harzer-wandernadel.de\/wp-content\/uploads\/2016\/02\/HWN-Hallesche-H\u00fctte-Ellen-768x576.jpg 768w, https:\/\/www.harzer-wandernadel.de\/wp-content\/uploads\/2016\/02\/HWN-Hallesche-H\u00fctte-Ellen-1024x768.jpg 1024w, https:\/\/www.harzer-wandernadel.de\/wp-content\/uploads\/2016\/02\/HWN-Hallesche-H\u00fctte-Ellen-250x188.jpg 250w, https:\/\/www.harzer-wandernadel.de\/wp-content\/uploads\/2016\/02\/HWN-Hallesche-H\u00fctte-Ellen-624x468.jpg 624w\" sizes=\"(max-width: 1600px) 100vw, 1600px\"><\/span><\/figure><\/div>\n\n<p>De part\u00adner\u00adver\u00ade\u00adni\u00adging van de plaat\u00adse\u00adlij\u00adke Harz\u00adklub-tak was Hal\u00adle an der Saa\u00adle, die ook de hut schonk. Van\u00adaf het uit\u00adkijk\u00adplat\u00adform op de klif\u00adfen van de Ahrends\u00adberg heb je een gewel\u00addig uit\u00adzicht over het rots\u00adach\u00adti\u00adge land\u00adschap van het Okerdal.&nbsp;<\/p>\n\n<p>De par\u00adkeer\u00adplaats Rom\u00adker\u00adhal\u00adle onder de Oker\u00adtal dam is een goed start\u00adpunt voor de beklim\u00adming. Het J\u00e4ger\u00adsteig-pad naar de Hal\u00adle\u00adsche H\u00fct\u00adte begint direct bij de water\u00adkracht\u00adcen\u00adtra\u00adle en wordt aan\u00adge\u00adge\u00adven met een bord bij de cen\u00adtra\u00adle. Het smal\u00adle J\u00e4ger\u00adsteig pad loopt door het bos rich\u00adting Alte\u00adnau tot\u00addat het klif\u00adpad aftakt rich\u00adting de Hal\u00adle\u00adsche&nbsp;H\u00fctte.&nbsp;<\/p>\n\n<p>Je kunt de klim ook iets inkor\u00adten door de stei\u00adle klim te nemen die aftakt van de J\u00e4ger\u00adsteig, maar dit wordt alleen aan\u00adbe\u00advo\u00adlen voor erva\u00adren wan\u00adde\u00adlaars die goed ter been zijn. Dit pad is niet geschikt voor kinderen!&nbsp;<\/p>\n\n<div class=\"wp-block-buttons is-layout-flex wp-block-buttons-is-layout-flex\">\n<div class=\"wp-block-button\"><a class=\"wp-block-button__link wp-element-button\" href=\"http:\/\/harzer-bergwald.de\/index.php\/wandertouren\/romantiktouren\/45-im-kleinsten-koenigreich\">Tocht tip Harz bergbos<\/a><\/div>\n<\/div>\n","protected":false},"excerpt":{"rendered":"<p>De \u201cHal\u00adle\u00adsche H\u00fct\u00adte\u201d (586&nbsp;m&nbsp;boven zee\u00adni\u00adveau) op de Ahrends\u00adber\u00adger Klip\u00adpen ligt 220&nbsp;meter boven de Oker val\u00adlei. De part\u00adner\u00adver\u00ade\u00adni\u00adging van de plaat\u00adse\u00adlij\u00adke Har\u00adz\u00ad\u00adklub-tak was Hal\u00adle an der Saa\u00adle, die ook de hut schonk. Van\u00adaf het uit\u00adkijk\u00adplat\u00adform op de klif\u00adfen van de Ahrends\u00adberg heb je een gewel\u00addig uit\u00adzicht over het rots\u00adach\u00adti\u00adge land\u00adschap van het Oker\u00addal.&nbsp; De par\u00adkeer\u00adplaats Romkerhalle&nbsp;[\u2026]<\/p>\n","protected":false},"author":11,"featured_media":12608,"parent":17794,"menu_order":10119,"comment_status":"closed","ping_status":"closed","template":"","meta":{"_seopress_robots_primary_cat":"","_seopress_titles_title":"","_seopress_titles_desc":"","_seopress_robots_index":"","wp_typography_post_enhancements_disabled":false,"iawp_total_views":1,"footnotes":""},"hf_cat_page":[120],"class_list":["post-18682","page","type-page","status-publish","has-post-thumbnail"],"blocksy_meta":[],"_links":{"self":[{"href":"https:\/\/www.harzer-wandernadel.de\/nl\/wp-json\/wp\/v2\/pages\/18682","targetHints":{"allow":["GET"]}}],"collection":[{"href":"https:\/\/www.harzer-wandernadel.de\/nl\/wp-json\/wp\/v2\/pages"}],"about":[{"href":"https:\/\/www.harzer-wandernadel.de\/nl\/wp-json\/wp\/v2\/types\/page"}],"author":[{"embeddable":true,"href":"https:\/\/www.harzer-wandernadel.de\/nl\/wp-json\/wp\/v2\/users\/11"}],"replies":[{"embeddable":true,"href":"https:\/\/www.harzer-wandernadel.de\/nl\/wp-json\/wp\/v2\/comments?post=18682"}],"version-history":[{"count":1,"href":"https:\/\/www.harzer-wandernadel.de\/nl\/wp-json\/wp\/v2\/pages\/18682\/revisions"}],"predecessor-version":[{"id":18685,"href":"https:\/\/www.harzer-wandernadel.de\/nl\/wp-json\/wp\/v2\/pages\/18682\/revisions\/18685"}],"up":[{"embeddable":true,"href":"https:\/\/www.harzer-wandernadel.de\/nl\/wp-json\/wp\/v2\/pages\/17794"}],"wp:featuredmedia":[{"embeddable":true,"href":"https:\/\/www.harzer-wandernadel.de\/nl\/wp-json\/wp\/v2\/media\/12608"}],"wp:attachment":[{"href":"https:\/\/www.harzer-wandernadel.de\/nl\/wp-json\/wp\/v2\/media?parent=18682"}],"wp:term":[{"taxonomy":"hf_cat_page","embeddable":true,"href":"https:\/\/www.harzer-wandernadel.de\/nl\/wp-json\/wp\/v2\/hf_cat_page?post=18682"}],"curies":[{"name":"wp","href":"https:\/\/api.w.org\/{rel}","templated":true}]}}