{"id":18491,"date":"2016-02-17T12:34:43","date_gmt":"2016-02-17T11:34:43","guid":{"rendered":"https:\/\/www.harzer-wandernadel.de\/overzichtskaart\/stempelpunt-41-ruine-koenigsburg\/"},"modified":"2026-02-28T14:42:21","modified_gmt":"2026-02-28T13:42:21","slug":"stempelpunt-41-ruine-koenigsburg","status":"publish","type":"page","link":"https:\/\/www.harzer-wandernadel.de\/nl\/stempelcentra\/overzichtskaart\/stempelpunt-41-ruine-koenigsburg\/","title":{"rendered":"Stempelpunt 41 \/ Ru\u00efne K\u00f6nigsburg"},"content":{"rendered":"\n<h2 class=\"wp-block-heading\">Kasteel K\u00f6nigsburg (486&nbsp;meter boven zeeniveau) ligt aan de rand van K\u00f6nigsh\u00fctte in de richting van Tanne, iets verhoogd op een heuvel.<\/h2>\n\n<div class=\"wp-block-stackable-image alignwide stk-block-image stk-block stk-89e1006\" data-block-id=\"89e1006\"><style>.stk-89e1006 {margin-top:3% !important;margin-bottom:3% !important;}<\/style><figure><span class=\"stk-img-wrapper stk-image--shape-stretch stk--has-lightbox\"><img decoding=\"async\" width=\"2048\" height=\"1536\" src=\"https:\/\/www.harzer-wandernadel.de\/wp-content\/uploads\/2016\/02\/HWN-41-Ruine-K\u00f6nigsburg.jpg\" class=\"attachment-full size-full wp-post-image\" alt=\"Kasteelru\u00efne in het bos met groene natuur\" srcset=\"https:\/\/www.harzer-wandernadel.de\/wp-content\/uploads\/2016\/02\/HWN-41-Ruine-K\u00f6nigsburg.jpg 2048w, https:\/\/www.harzer-wandernadel.de\/wp-content\/uploads\/2016\/02\/HWN-41-Ruine-K\u00f6nigsburg-300x225.jpg 300w, https:\/\/www.harzer-wandernadel.de\/wp-content\/uploads\/2016\/02\/HWN-41-Ruine-K\u00f6nigsburg-768x576.jpg 768w, https:\/\/www.harzer-wandernadel.de\/wp-content\/uploads\/2016\/02\/HWN-41-Ruine-K\u00f6nigsburg-1024x768.jpg 1024w, https:\/\/www.harzer-wandernadel.de\/wp-content\/uploads\/2016\/02\/HWN-41-Ruine-K\u00f6nigsburg-250x188.jpg 250w, https:\/\/www.harzer-wandernadel.de\/wp-content\/uploads\/2016\/02\/HWN-41-Ruine-K\u00f6nigsburg-624x468.jpg 624w\" sizes=\"(max-width: 2048px) 100vw, 2048px\"><\/span><\/figure><\/div>\n\n<p>Het is een nobel kas\u00adteel uit de 13. \/ 14e eeuw. Niet alleen zijn hier delen van de don\u00adjon bewaard geble\u00adven, maar ook de slot\u00adgrach\u00adten en \u2011wal\u00adlen zijn dui\u00adde\u00adlijk her\u00adken\u00adbaar. Het kas\u00adteel lijkt te heb\u00adben gediend om de grens van het bis\u00addom Hal\u00adber\u00adstadt te bescher\u00admen, die langs de rivier de Bode&nbsp;liep.&nbsp;<\/p>\n\n<p>Van\u00adaf de par\u00adkeer\u00adplaats voor wan\u00adde\u00adlaars onder de ru\u00ef\u00adne steek je de War\u00adme Bode over en volg je de beweg\u00adwij\u00adzer\u00adde paden naar Schloss K\u00f6nigsburg. Het is een goed idee om de wan\u00adde\u00adling voort te zet\u00adten via de noor\u00adde\u00adlij\u00adke rou\u00adte van de Har\u00adzer Hek\u00adsen\u00adweg naar <a href=\"https:\/\/www.harzer-wandernadel.de\/stempelstellen\/uebersichtskarte\/stempelstelle-42-trogfurther-bruecke\/\" data-type=\"page\" data-id=\"717\">de Trog\u00adfur\u00adther brug HWN 42<\/a>. <\/p>\n\n<p>Je kunt ook de zui\u00adde\u00adlij\u00adke rou\u00adte van de Har\u00adzer Hexen\u00adstieg blij\u00adven vol\u00adgen naar Rap\u00adp\u00adbo\u00adde\u00adblick <a href=\"https:\/\/www.harzer-wandernadel.de\/nl\/overzichtskaart\/stempelpunt-56-rappbodeblick-trautenstein\/\" data-type=\"page\" data-id=\"792\">Trau\u00adten\u00adstein HWN 56<\/a> en <a href=\"https:\/\/www.harzer-wandernadel.de\/nl\/overzichtskaart\/stempelpunt-52-trageburg-am-hexenstieg\/\" data-type=\"page\" data-id=\"742\">Tra\u00adge\u00adburg HWN 52<\/a>.<\/p>\n\n<div class=\"wp-block-buttons is-layout-flex wp-block-buttons-is-layout-flex\">\n<div class=\"wp-block-button\"><a class=\"wp-block-button__link wp-element-button\" href=\"https:\/\/harzer-bergwald.de\/index.php\/wandertouren\/romantiktouren\/22-rund-um-koenigshuette\" target=\"_blank\" rel=\"noreferrer noopener\">Tour\u00adtip Harz bergbos&nbsp;\u201d<\/a><\/div>\n<\/div>\n","protected":false},"excerpt":{"rendered":"<p>Kas\u00adteel K\u00f6nigsburg (486&nbsp;meter boven zee\u00adni\u00adveau) ligt aan de rand van K\u00f6nigsh\u00ad\u00fct\u00adte in de rich\u00adting van Tan\u00adne, iets ver\u00adhoogd op een heu\u00advel. Het is een nobel kas\u00adteel uit de 13. \/ 14e eeuw. Niet alleen zijn hier delen van de don\u00adjon bewaard geble\u00adven, maar ook de slot\u00adgrach\u00adten en \u2011wal\u00adlen zijn dui\u00adde\u00adlijk her\u00adken\u00adbaar. Het kas\u00adteel lijkt&nbsp;te&nbsp;[\u2026]<\/p>\n","protected":false},"author":11,"featured_media":12494,"parent":17794,"menu_order":10041,"comment_status":"closed","ping_status":"closed","template":"","meta":{"_seopress_robots_primary_cat":"","_seopress_titles_title":"","_seopress_titles_desc":"","_seopress_robots_index":"","wp_typography_post_enhancements_disabled":false,"iawp_total_views":0,"footnotes":""},"hf_cat_page":[120],"class_list":["post-18491","page","type-page","status-publish","has-post-thumbnail"],"blocksy_meta":[],"_links":{"self":[{"href":"https:\/\/www.harzer-wandernadel.de\/nl\/wp-json\/wp\/v2\/pages\/18491","targetHints":{"allow":["GET"]}}],"collection":[{"href":"https:\/\/www.harzer-wandernadel.de\/nl\/wp-json\/wp\/v2\/pages"}],"about":[{"href":"https:\/\/www.harzer-wandernadel.de\/nl\/wp-json\/wp\/v2\/types\/page"}],"author":[{"embeddable":true,"href":"https:\/\/www.harzer-wandernadel.de\/nl\/wp-json\/wp\/v2\/users\/11"}],"replies":[{"embeddable":true,"href":"https:\/\/www.harzer-wandernadel.de\/nl\/wp-json\/wp\/v2\/comments?post=18491"}],"version-history":[{"count":2,"href":"https:\/\/www.harzer-wandernadel.de\/nl\/wp-json\/wp\/v2\/pages\/18491\/revisions"}],"predecessor-version":[{"id":24747,"href":"https:\/\/www.harzer-wandernadel.de\/nl\/wp-json\/wp\/v2\/pages\/18491\/revisions\/24747"}],"up":[{"embeddable":true,"href":"https:\/\/www.harzer-wandernadel.de\/nl\/wp-json\/wp\/v2\/pages\/17794"}],"wp:featuredmedia":[{"embeddable":true,"href":"https:\/\/www.harzer-wandernadel.de\/nl\/wp-json\/wp\/v2\/media\/12494"}],"wp:attachment":[{"href":"https:\/\/www.harzer-wandernadel.de\/nl\/wp-json\/wp\/v2\/media?parent=18491"}],"wp:term":[{"taxonomy":"hf_cat_page","embeddable":true,"href":"https:\/\/www.harzer-wandernadel.de\/nl\/wp-json\/wp\/v2\/hf_cat_page?post=18491"}],"curies":[{"name":"wp","href":"https:\/\/api.w.org\/{rel}","templated":true}]}}