{"id":17830,"date":"2016-01-24T21:34:47","date_gmt":"2016-01-24T20:34:47","guid":{"rendered":"https:\/\/www.harzer-wandernadel.de\/de-wandelspeld\/regels-van-het-spel\/"},"modified":"2026-01-29T12:34:44","modified_gmt":"2026-01-29T11:34:44","slug":"regels-van-het-spel","status":"publish","type":"page","link":"https:\/\/www.harzer-wandernadel.de\/nl\/de-wandelspeld\/regels-van-het-spel\/","title":{"rendered":"Regels van het&nbsp;spel"},"content":{"rendered":"\n<div class=\"wp-block-stackable-columns stk-block-columns stk-block stk-2ad27c8\" data-block-id=\"2ad27c8\"><style>.stk-2ad27c8 {margin-bottom:0px !important;}<\/style><div class=\"stk-row stk-inner-blocks stk-block-content stk-content-align stk-2ad27c8-column\">\n<div class=\"wp-block-stackable-column stk-block-column stk-column stk-block stk-126ae0c\" data-v=\"4\" data-block-id=\"126ae0c\"><div class=\"stk-column-wrapper stk-block-column__content stk-container stk-126ae0c-container stk--no-background stk--no-padding\"><div class=\"stk-block-content stk-inner-blocks stk-126ae0c-inner-blocks\">\n<div class=\"wp-block-stackable-notification stk-block-notification stk-block stk-229c8f5 is-style-large-icon\" data-v=\"2\" data-block-id=\"229c8f5\"><style>.stk-229c8f5 {margin-bottom:0px !important;overflow:hidden !important;}.stk-229c8f5-container{background-color:var(--theme-palette-color-2, #1b5700) !important;border-top-left-radius:6px !important;border-top-right-radius:6px !important;border-bottom-right-radius:6px !important;border-bottom-left-radius:6px !important;overflow:hidden !important;}.stk-229c8f5-container:before{background-color:var(--theme-palette-color-2, #1b5700) !important;}.stk-229c8f5 .stk-block-notification__content{padding-top:8% !important;padding-right:8% !important;padding-bottom:8% !important;padding-left:8% !important;}<\/style><div class=\"stk-block-notification__content stk-content-align stk-229c8f5-column stk-container stk-229c8f5-container stk-hover-parent\"><div class=\"stk-block-content stk-inner-blocks stk-229c8f5-inner-blocks\">\n<div class=\"wp-block-stackable-icon stk-block-icon stk-block stk-7365614\" data-block-id=\"7365614\"><style>.stk-7365614 {overflow:hidden !important;top:-72px !important;left:-72px !important;position:absolute !important;opacity:0.1 !important;}.stk-7365614 .stk--svg-wrapper .stk--inner-svg svg:last-child{height:200px !important;width:200px !important;transform:rotate(350deg) !important;}.stk-7365614 .stk--svg-wrapper .stk--inner-svg svg:last-child, .stk-7365614 .stk--svg-wrapper .stk--inner-svg svg:last-child :is(g, path, rect, polygon, ellipse){fill:#FFFFFF !important;}<\/style><span class=\"stk--svg-wrapper\"><div class=\"stk--inner-svg\"><svg style=\"height:0;width:0\"><defs><linearGradient id=\"linear-gradient-7365614\" x1=\"0\" x2=\"100%\" y1=\"0\" y2=\"0\"><stop offset=\"0%\" style=\"stop-opacity:1;stop-color:var(--linear-gradient-7365614-color-1)\" \/><stop offset=\"100%\" style=\"stop-opacity:1;stop-color:var(--linear-gradient-7365614-color-2)\" \/><\/linearGradient><\/defs><\/svg><svg viewBox=\"0 0 512 512\" aria-hidden=\"true\" width=\"32\" height=\"32\"><path d=\"M256 512A256 256 0 1 0 256 0a256 256 0 1 0 0 512zM216 336h24V272H216c-13.3 0-24-10.7-24-24s10.7-24 24-24h48c13.3 0 24 10.7 24 24v88h8c13.3 0 24 10.7 24 24s-10.7 24-24 24H216c-13.3 0-24-10.7-24-24s10.7-24 24-24zm40-208a32 32 0 1 1 0 64 32 32 0 1 1 0-64z\" \/><\/svg><\/div><\/span><\/div>\n\n\n\n<div class=\"wp-block-stackable-icon-list stk-block-icon-list stk-block stk-55b6d18\" data-block-id=\"55b6d18\"><style>.stk-55b6d18 {--stk-icon-list-row-gap:11px !important;--stk-icon-list-marker-color:var(--theme-palette-color-7, #ffffff) !important;}.stk-55b6d18 .stk-block-icon-list-item__content{align-items:baseline !important;}<\/style><svg style=\"display:none\"><defs><g id=\"stk-icon-list__icon-svg-def-55b6d18\"><svg viewBox=\"0 0 512 512\"><path d=\"M256 512A256 256 0 1 0 256 0a256 256 0 1 0 0 512zM216 336h24V272H216c-13.3 0-24-10.7-24-24s10.7-24 24-24h48c13.3 0 24 10.7 24 24v88h8c13.3 0 24 10.7 24 24s-10.7 24-24 24H216c-13.3 0-24-10.7-24-24s10.7-24 24-24zm40-208a32 32 0 1 1 0 64 32 32 0 1 1 0-64z\" \/><\/svg><\/g><\/defs><\/svg><ul class=\"stk-block-icon-list__ul stk-block-icon-list--column\">\n<li class=\"wp-block-stackable-icon-list-item stk-block-icon-list-item stk-block stk-7eb6087\" data-block-id=\"7eb6087\"><div class=\"stk-block-icon-list-item__content\"><span class=\"stk--svg-wrapper\"><div class=\"stk--inner-svg\"><svg aria-hidden=\"true\" width=\"32\" height=\"32\"><use xlink:href=\"#stk-icon-list__icon-svg-def-55b6d18\" xmlns:xlink=\"http:\/\/www.w3.org\/1999\/xlink\" \/><\/svg><\/div><\/span><span class=\"stk-block-icon-list-item__text\">De wan\u00addel\u00adpas staat op jouw naam en is niet overdraagbaar.&nbsp;<\/span><\/div><\/li>\n\n\n\n<li class=\"wp-block-stackable-icon-list-item stk-block-icon-list-item stk-block stk-68dd497\" data-block-id=\"68dd497\"><div class=\"stk-block-icon-list-item__content\"><span class=\"stk--svg-wrapper\"><div class=\"stk--inner-svg\"><svg aria-hidden=\"true\" width=\"32\" height=\"32\"><use xlink:href=\"#stk-icon-list__icon-svg-def-55b6d18\" xmlns:xlink=\"http:\/\/www.w3.org\/1999\/xlink\" \/><\/svg><\/div><\/span><span class=\"stk-block-icon-list-item__text\">Je ver\u00adza\u00admelt de stem\u00adpels voor de wan\u00addel\u00adbad\u00adges van de ver\u00adschil\u00adlen\u00adde pres\u00adta\u00adtie\u00adni\u00adveaus in je paspoort.&nbsp;<\/span><\/div><\/li>\n\n\n\n<li class=\"wp-block-stackable-icon-list-item stk-block-icon-list-item stk-block stk-8f96f9f\" data-block-id=\"8f96f9f\"><div class=\"stk-block-icon-list-item__content\"><span class=\"stk--svg-wrapper\"><div class=\"stk--inner-svg\"><svg aria-hidden=\"true\" width=\"32\" height=\"32\"><use xlink:href=\"#stk-icon-list__icon-svg-def-55b6d18\" xmlns:xlink=\"http:\/\/www.w3.org\/1999\/xlink\" \/><\/svg><\/div><\/span><span class=\"stk-block-icon-list-item__text\">Het ver\u00adkrij\u00adgen van de wan\u00addel\u00adbad\u00adge is niet aan tijd gebon\u00adden, dus het ver\u00adza\u00adme\u00adlen van post\u00adze\u00adgels kan zich over meer\u00adde\u00adre jaren uit\u00adstrek\u00adken \u2013 afhan\u00adke\u00adlijk van je per\u00adsoon\u00adlij\u00adke mogelijkheden.<\/span><\/div><\/li>\n<\/ul><\/div>\n<\/div><\/div><\/div>\n\n\n\n<h2 class=\"wp-block-heading\">Postzegels verzamelen<\/h2>\n\n\n\n<p>Je vindt de stem\u00adpel\u00adpun\u00adten bij 222 beziens\u00adwaar\u00addig\u00adhe\u00adden in het Harz\u00adge\u00adberg\u00adte. Ze bevin\u00adden zich bij bos\u00adres\u00adtau\u00adrants, berg\u00adhut\u00adten en inte\u00adres\u00adsan\u00adte uit\u00adzicht\u00adpun\u00adten, bij geo\u00adlo\u00adgi\u00adsche ken\u00admer\u00adken en his\u00adto\u00adri\u00adsche plaat\u00adsen. De stem\u00adpels zit\u00adten in weer\u00adbe\u00adsten\u00addi\u00adge don\u00adker\u00adgroe\u00adne stem\u00adpel\u00addoos\u00adjes, die je snel her\u00adkent aan hun typi\u00adsche uiterlijk.&nbsp;<\/p>\n\n\n\n<figure class=\"wp-block-image alignwide size-large wp-image-3026 size-full\"><img decoding=\"async\" width=\"1024\" height=\"683\" src=\"https:\/\/www.harzer-wandernadel.de\/wp-content\/uploads\/2025\/10\/nr-5-1024x683.jpg\" alt=\"Persoon stempelt papier in groene stempeldoos\" class=\"wp-image-16090\" srcset=\"https:\/\/www.harzer-wandernadel.de\/wp-content\/uploads\/2025\/10\/nr-5-1024x683.jpg 1024w, https:\/\/www.harzer-wandernadel.de\/wp-content\/uploads\/2025\/10\/nr-5-300x200.jpg 300w, https:\/\/www.harzer-wandernadel.de\/wp-content\/uploads\/2025\/10\/nr-5-768x512.jpg 768w, https:\/\/www.harzer-wandernadel.de\/wp-content\/uploads\/2025\/10\/nr-5-1536x1024.jpg 1536w, https:\/\/www.harzer-wandernadel.de\/wp-content\/uploads\/2025\/10\/nr-5-2048x1365.jpg 2048w\" sizes=\"(max-width: 1024px) 100vw, 1024px\"><figcaption class=\"wp-element-caption\">Afbeel\u00adding: AchtPfotenFotografie<\/figcaption><\/figure>\n\n\n\n<p>De loca\u00adties van de stem\u00adpel\u00adpun\u00adten vind je in de pas en op onze offi\u00adci\u00ad\u00eb\u00adle Har\u00adzer Wan\u00adder\u00adna\u00addel wandelkaarten.<\/p>\n\n\n\n<p>Het doel is om stem\u00adpels te ver\u00adza\u00adme\u00adlen van ver\u00adschil\u00adlen\u00adde stem\u00adpel\u00adcen\u00adtra. Elk stem\u00adpel\u00adpunt of de bij\u00adbe\u00adho\u00adren\u00adde stem\u00adpel\u00adaf\u00addruk wordt daar\u00adom maar \u00e9\u00e9n keer geteld en telt maar \u00e9\u00e9n keer mee voor elke pres\u00adta\u00adtie\u00adbad\u00adge. De reeds ver\u00adza\u00admel\u00adde stem\u00adpels tel\u00adlen ech\u00adter wel mee voor de vol\u00adgen\u00adde hoge\u00adre&nbsp;badge.&nbsp;<\/p>\n\n\n\n<p>Als er ondanks het bes\u00adte onder\u00adhoud geen stem\u00adpel beschik\u00adbaar is of als stem\u00adpe\u00adlen door weers\u00adom\u00adstan\u00addig\u00adhe\u00adden niet moge\u00adlijk is, is het vol\u00addoen\u00adde als je het iden\u00adti\u00adfi\u00adca\u00adtie\u00adnum\u00admer van het stem\u00adpel\u00addoos\u00adje (aan de bin\u00adnen\u00adkant van de voor\u00adflap) en de loca\u00adtie in een stem\u00adpel\u00adveld noteert. Dit wordt ook als bewijs erkend.&nbsp;<\/p>\n\n\n\n<figure class=\"wp-block-image alignwide size-large wp-image-1914 size-full\"><img decoding=\"async\" width=\"1024\" height=\"760\" src=\"https:\/\/www.harzer-wandernadel.de\/wp-content\/uploads\/2025\/10\/4-april-hoher-kleef-anjau2-1024x760.jpg\" alt=\"Kapel op een berg bij zonsondergang\" class=\"wp-image-16095\" srcset=\"https:\/\/www.harzer-wandernadel.de\/wp-content\/uploads\/2025\/10\/4-april-hoher-kleef-anjau2-1024x760.jpg 1024w, https:\/\/www.harzer-wandernadel.de\/wp-content\/uploads\/2025\/10\/4-april-hoher-kleef-anjau2-300x223.jpg 300w, https:\/\/www.harzer-wandernadel.de\/wp-content\/uploads\/2025\/10\/4-april-hoher-kleef-anjau2-768x570.jpg 768w, https:\/\/www.harzer-wandernadel.de\/wp-content\/uploads\/2025\/10\/4-april-hoher-kleef-anjau2-1536x1140.jpg 1536w, https:\/\/www.harzer-wandernadel.de\/wp-content\/uploads\/2025\/10\/4-april-hoher-kleef-anjau2-2048x1520.jpg 2048w\" sizes=\"(max-width: 1024px) 100vw, 1024px\"><figcaption class=\"wp-element-caption\">HWN 88 Hoher Kleef \u2013 Anja Ulrich<\/figcaption><\/figure>\n\n\n\n<div class=\"wp-block-stackable-notification stk-block-notification stk-block stk-2ac3a1c is-style-large-icon\" data-v=\"2\" data-block-id=\"2ac3a1c\"><style>.stk-2ac3a1c {margin-bottom:0px !important;overflow:hidden !important;}.stk-2ac3a1c-container{background-color:var(--theme-palette-color-1, #277d00) !important;border-top-left-radius:6px !important;border-top-right-radius:6px !important;border-bottom-right-radius:6px !important;border-bottom-left-radius:6px !important;overflow:hidden !important;}.stk-2ac3a1c-container:before{background-color:var(--theme-palette-color-1, #277d00) !important;}.stk-2ac3a1c .stk-block-notification__content{padding-top:8% !important;padding-right:8% !important;padding-bottom:8% !important;padding-left:8% !important;}<\/style><div class=\"stk-block-notification__content stk-content-align stk-2ac3a1c-column stk-container stk-2ac3a1c-container stk-hover-parent\"><div class=\"stk-block-content stk-inner-blocks stk-2ac3a1c-inner-blocks\">\n<div class=\"wp-block-stackable-icon stk-block-icon stk-block stk-ff026fa\" data-block-id=\"ff026fa\"><style>.stk-ff026fa {overflow:hidden !important;top:-72px !important;left:-72px !important;position:absolute !important;opacity:0.2 !important;}.stk-ff026fa .stk--svg-wrapper .stk--inner-svg svg:last-child{height:200px !important;width:200px !important;transform:rotate(350deg) !important;}.stk-ff026fa .stk--svg-wrapper .stk--inner-svg svg:last-child, .stk-ff026fa .stk--svg-wrapper .stk--inner-svg svg:last-child :is(g, path, rect, polygon, ellipse){fill:#FFFFFF !important;}<\/style><span class=\"stk--svg-wrapper\"><div class=\"stk--inner-svg\"><svg style=\"height:0;width:0\"><defs><linearGradient id=\"linear-gradient-ff026fa\" x1=\"0\" x2=\"100%\" y1=\"0\" y2=\"0\"><stop offset=\"0%\" style=\"stop-opacity:1;stop-color:var(--linear-gradient-ff-026-fa-color-1)\" \/><stop offset=\"100%\" style=\"stop-opacity:1;stop-color:var(--linear-gradient-ff-026-fa-color-2)\" \/><\/linearGradient><\/defs><\/svg><svg viewBox=\"0 0 512 512\" aria-hidden=\"true\" width=\"32\" height=\"32\"><path d=\"M256 512A256 256 0 1 0 256 0a256 256 0 1 0 0 512zM216 336h24V272H216c-13.3 0-24-10.7-24-24s10.7-24 24-24h48c13.3 0 24 10.7 24 24v88h8c13.3 0 24 10.7 24 24s-10.7 24-24 24H216c-13.3 0-24-10.7-24-24s10.7-24 24-24zm40-208a32 32 0 1 1 0 64 32 32 0 1 1 0-64z\" \/><\/svg><\/div><\/span><\/div>\n\n\n\n<div class=\"wp-block-stackable-heading stk-block-heading stk-block-heading--v2 stk-block stk-aa4d53c\" id=\"span-style-color-var-theme-palette-color-7-ffffff-class-stk-highlight-tipp-span\" data-block-id=\"aa4d53c\"><h3 class=\"stk-block-heading__text\"><span style=\"color: var(--theme-palette-color-7, #ffffff);\" class=\"stk-highlight\">Tip<\/span><\/h3><\/div>\n\n\n\n<div class=\"wp-block-stackable-text stk-block-text stk-block stk-fab2cd6\" data-block-id=\"fab2cd6\"><style>.stk-fab2cd6 .stk-block-text__text{color:var(--theme-palette-color-7, #ffffff) !important;}<\/style><p class=\"stk-block-text__text has-text-color\">In zul\u00adke geval\u00adlen is onze blan\u00adco noodstem\u00adpel nog steeds een mooie toe\u00advoe\u00adging aan je pas\u00adpoort. Je kunt je unie\u00adke hand\u00adge\u00admaak\u00adte stem\u00adpel vin\u00adden in onze <a href=\"https:\/\/www.harzer-wandernadel.de\/shop\/\" data-type=\"page\" data-id=\"95\"><span style=\"color: var(--theme-palette-color-7, #ffffff);\" class=\"stk-highlight\">onli\u00adne win\u00adkel<\/span><\/a>. <\/p><\/div>\n<\/div><\/div><\/div>\n\n\n\n<h2 class=\"wp-block-heading\">De wandelspeld<\/h2>\n\n\n\n<p>Je kunt het beha\u00adlen van een pres\u00adta\u00adtie\u00adni\u00adveau laten beves\u00adti\u00adgen door het ver\u00adwer\u00adven van de bij\u00adbe\u00adho\u00adren\u00adde wan\u00addelspeld.<br>Omdat de rou\u00adtes tus\u00adsen de afzon\u00adder\u00adlij\u00adke stem\u00adpel\u00adpun\u00adten ver\u00adschil\u00adlen in leng\u00adte en moei\u00adlijk\u00adheids\u00adgraad, is de \u201cHar\u00adzer Wan\u00adder\u00adna\u00addel\u201d niet alleen een aan\u00adbod voor ambi\u00adti\u00adeu\u00adze wan\u00adde\u00adlaars, maar ook voor gezin\u00adnen of senioren.<\/p>\n\n\n\n<p>Voor\u00adal kin\u00adde\u00adren wor\u00adden snel enthou\u00adsi\u00adast over de post\u00adze\u00adgel\u00adjacht en vin\u00adden het leuk om hun ouders of groot\u00adou\u00adders te ver\u00adge\u00adzel\u00adlen op post\u00adze\u00adgel\u00adtoch\u00adten. Of het nu gaat om een uit\u00adda\u00adgen\u00adde berg\u00adtocht of een ont\u00adspan\u00adnen bos\u00adwan\u00adde\u00adling, de Harz Wan\u00addel\u00adnaald heeft voor elke stem\u00adming en elke leef\u00adtijd wat wils. Hier\u00advoor heb\u00adben we de<a href=\"https:\/\/www.harzer-wandernadel.de\/auszeichnungen\/wanderprinzen\/\" data-type=\"page\" data-id=\"79\">\u201cWan\u00addel\u00adprins en \u2011prin\u00adses<\/a>\u201d prijs ont\u00adwik\u00adkeld, die je ont\u00advangt voor het ver\u00adza\u00adme\u00adlen van slechts 11 postzegels.&nbsp;<\/p>\n\n\n\n<figure class=\"wp-block-image size-large\"><img alt decoding=\"async\" width=\"1024\" height=\"683\" src=\"https:\/\/www.harzer-wandernadel.de\/wp-content\/uploads\/2025\/10\/nr-31-1024x683.jpg\" class=\"wp-image-16106\" srcset=\"https:\/\/www.harzer-wandernadel.de\/wp-content\/uploads\/2025\/10\/nr-31-1024x683.jpg 1024w, https:\/\/www.harzer-wandernadel.de\/wp-content\/uploads\/2025\/10\/nr-31-300x200.jpg 300w, https:\/\/www.harzer-wandernadel.de\/wp-content\/uploads\/2025\/10\/nr-31-768x512.jpg 768w, https:\/\/www.harzer-wandernadel.de\/wp-content\/uploads\/2025\/10\/nr-31-1536x1024.jpg 1536w, https:\/\/www.harzer-wandernadel.de\/wp-content\/uploads\/2025\/10\/nr-31-2048x1365.jpg 2048w\" sizes=\"(max-width: 1024px) 100vw, 1024px\"><figcaption class=\"wp-element-caption\">Bad\u00adge \u2013 Wan\u00adder\u00adprinz &amp;&nbsp;Wan\u00adder\u00adprin\u00adzes\u00adsin \u2013 Afbeel\u00adding: AchtPfotenFotografie<\/figcaption><\/figure>\n<\/div><\/div><\/div>\n<\/div><\/div>\n","protected":false},"excerpt":{"rendered":"<p>Post\u00adze\u00adgels ver\u00adza\u00adme\u00adlen Je vindt de stem\u00adpel\u00adpun\u00adten bij 222 beziens\u00adwaar\u00addig\u00adhe\u00adden in het Harz\u00adge\u00adberg\u00adte. Ze bevin\u00adden zich bij bos\u00adres\u00adtau\u00adrants, berg\u00adhut\u00adten en inte\u00adres\u00adsan\u00adte uit\u00adzicht\u00adpun\u00adten, bij geo\u00adlo\u00adgi\u00adsche ken\u00admer\u00adken en his\u00adto\u00adri\u00adsche plaat\u00adsen. De stem\u00adpels zit\u00adten in weer\u00adbe\u00adsten\u00addi\u00adge don\u00adker\u00adgroe\u00adne stem\u00adpel\u00addoos\u00adjes, die je snel her\u00adkent aan hun typi\u00adsche uiter\u00adlijk.&nbsp; De loca\u00adties van de stem\u00adpel\u00adpun\u00adten vind je in de pas en op&nbsp;onze&nbsp;[\u2026]<\/p>\n","protected":false},"author":1,"featured_media":13747,"parent":17802,"menu_order":1000,"comment_status":"closed","ping_status":"closed","template":"","meta":{"_seopress_robots_primary_cat":"","_seopress_titles_title":"Harzer Wandernadel - Postzegels verzamelen in de Harz","_seopress_titles_desc":"Verzamel stempels in het Harzgebergte en verdien de Harz wandelspeld - een avontuur voor gezinnen, kinderen en ambitieuze wandelaars.","_seopress_robots_index":"","wp_typography_post_enhancements_disabled":false,"iawp_total_views":48,"footnotes":""},"hf_cat_page":[],"class_list":["post-17830","page","type-page","status-publish","has-post-thumbnail"],"blocksy_meta":{"page_structure_type":"type-3","styles_descriptor":{"styles":{"desktop":"","tablet":"","mobile":""},"google_fonts":[],"version":6}},"_links":{"self":[{"href":"https:\/\/www.harzer-wandernadel.de\/nl\/wp-json\/wp\/v2\/pages\/17830","targetHints":{"allow":["GET"]}}],"collection":[{"href":"https:\/\/www.harzer-wandernadel.de\/nl\/wp-json\/wp\/v2\/pages"}],"about":[{"href":"https:\/\/www.harzer-wandernadel.de\/nl\/wp-json\/wp\/v2\/types\/page"}],"author":[{"embeddable":true,"href":"https:\/\/www.harzer-wandernadel.de\/nl\/wp-json\/wp\/v2\/users\/1"}],"replies":[{"embeddable":true,"href":"https:\/\/www.harzer-wandernadel.de\/nl\/wp-json\/wp\/v2\/comments?post=17830"}],"version-history":[{"count":1,"href":"https:\/\/www.harzer-wandernadel.de\/nl\/wp-json\/wp\/v2\/pages\/17830\/revisions"}],"predecessor-version":[{"id":17835,"href":"https:\/\/www.harzer-wandernadel.de\/nl\/wp-json\/wp\/v2\/pages\/17830\/revisions\/17835"}],"up":[{"embeddable":true,"href":"https:\/\/www.harzer-wandernadel.de\/nl\/wp-json\/wp\/v2\/pages\/17802"}],"wp:featuredmedia":[{"embeddable":true,"href":"https:\/\/www.harzer-wandernadel.de\/nl\/wp-json\/wp\/v2\/media\/13747"}],"wp:attachment":[{"href":"https:\/\/www.harzer-wandernadel.de\/nl\/wp-json\/wp\/v2\/media?parent=17830"}],"wp:term":[{"taxonomy":"hf_cat_page","embeddable":true,"href":"https:\/\/www.harzer-wandernadel.de\/nl\/wp-json\/wp\/v2\/hf_cat_page?post=17830"}],"curies":[{"name":"wp","href":"https:\/\/api.w.org\/{rel}","templated":true}]}}