{"id":24582,"date":"2025-09-30T14:29:21","date_gmt":"2025-09-30T12:29:21","guid":{"rendered":"https:\/\/www.harzer-wandernadel.de\/laiguille-de-randonnee\/livrets-a-theme\/"},"modified":"2025-09-30T14:29:21","modified_gmt":"2025-09-30T12:29:21","slug":"livrets-a-theme","status":"publish","type":"page","link":"https:\/\/www.harzer-wandernadel.de\/fr\/laiguille-de-randonnee\/livrets-a-theme\/","title":{"rendered":"Livrets \u00e0&nbsp;th\u00e8me"},"content":{"rendered":"","protected":false},"excerpt":{"rendered":"","protected":false},"author":12,"featured_media":13747,"parent":17804,"menu_order":1000,"comment_status":"closed","ping_status":"closed","template":"","meta":{"_seopress_robots_primary_cat":"","_seopress_titles_title":"D\u00e9couvrez l'aiguille de randonn\u00e9e du Harz et le sentier des sorci\u00e8res","_seopress_titles_desc":"D\u00e9couvrez le Harz Witches' Trail, les chemins miniers et les sentiers frontaliers - collectez des timbres et d\u00e9couvrez la nature, l'histoire et la culture dans les montagnes du Harz.","_seopress_robots_index":"","wp_typography_post_enhancements_disabled":false,"iawp_total_views":1,"footnotes":""},"hf_cat_page":[],"class_list":["post-24582","page","type-page","status-publish","has-post-thumbnail"],"blocksy_meta":{"page_structure_type":"type-3","styles_descriptor":{"styles":{"desktop":"","tablet":"","mobile":""},"google_fonts":[],"version":6}},"_links":{"self":[{"href":"https:\/\/www.harzer-wandernadel.de\/fr\/wp-json\/wp\/v2\/pages\/24582","targetHints":{"allow":["GET"]}}],"collection":[{"href":"https:\/\/www.harzer-wandernadel.de\/fr\/wp-json\/wp\/v2\/pages"}],"about":[{"href":"https:\/\/www.harzer-wandernadel.de\/fr\/wp-json\/wp\/v2\/types\/page"}],"author":[{"embeddable":true,"href":"https:\/\/www.harzer-wandernadel.de\/fr\/wp-json\/wp\/v2\/users\/12"}],"replies":[{"embeddable":true,"href":"https:\/\/www.harzer-wandernadel.de\/fr\/wp-json\/wp\/v2\/comments?post=24582"}],"version-history":[{"count":0,"href":"https:\/\/www.harzer-wandernadel.de\/fr\/wp-json\/wp\/v2\/pages\/24582\/revisions"}],"up":[{"embeddable":true,"href":"https:\/\/www.harzer-wandernadel.de\/fr\/wp-json\/wp\/v2\/pages\/17804"}],"wp:featuredmedia":[{"embeddable":true,"href":"https:\/\/www.harzer-wandernadel.de\/fr\/wp-json\/wp\/v2\/media\/13747"}],"wp:attachment":[{"href":"https:\/\/www.harzer-wandernadel.de\/fr\/wp-json\/wp\/v2\/media?parent=24582"}],"wp:term":[{"taxonomy":"hf_cat_page","embeddable":true,"href":"https:\/\/www.harzer-wandernadel.de\/fr\/wp-json\/wp\/v2\/hf_cat_page?post=24582"}],"curies":[{"name":"wp","href":"https:\/\/api.w.org\/{rel}","templated":true}]}}