{"id":24581,"date":"2016-02-11T11:18:05","date_gmt":"2016-02-11T10:18:05","guid":{"rendered":"https:\/\/www.harzer-wandernadel.de\/stamp-point-5-frog-rock\/"},"modified":"2016-02-11T11:18:05","modified_gmt":"2016-02-11T10:18:05","slug":"stamp-point-5-frog-rock","status":"publish","type":"page","link":"https:\/\/www.harzer-wandernadel.de\/fr\/stamp-point-5-frog-rock\/","title":{"rendered":"Stamp point 5 \/ Frog&nbsp;rock"},"content":{"rendered":"","protected":false},"excerpt":{"rendered":"","protected":false},"author":11,"featured_media":13747,"parent":0,"menu_order":10005,"comment_status":"closed","ping_status":"closed","template":"","meta":{"_seopress_robots_primary_cat":"","_seopress_titles_title":"","_seopress_titles_desc":"D\u00e9couvrez le rocher de la grenouille pr\u00e8s d'Ilsetal - un monolithe de granit \u00e0 la forme unique, id\u00e9al pour les randonn\u00e9es vers Taubenklippe et Kruzifix.","_seopress_robots_index":"","wp_typography_post_enhancements_disabled":false,"iawp_total_views":0,"footnotes":""},"hf_cat_page":[],"class_list":["post-24581","page","type-page","status-publish","has-post-thumbnail"],"blocksy_meta":[],"_links":{"self":[{"href":"https:\/\/www.harzer-wandernadel.de\/fr\/wp-json\/wp\/v2\/pages\/24581","targetHints":{"allow":["GET"]}}],"collection":[{"href":"https:\/\/www.harzer-wandernadel.de\/fr\/wp-json\/wp\/v2\/pages"}],"about":[{"href":"https:\/\/www.harzer-wandernadel.de\/fr\/wp-json\/wp\/v2\/types\/page"}],"author":[{"embeddable":true,"href":"https:\/\/www.harzer-wandernadel.de\/fr\/wp-json\/wp\/v2\/users\/11"}],"replies":[{"embeddable":true,"href":"https:\/\/www.harzer-wandernadel.de\/fr\/wp-json\/wp\/v2\/comments?post=24581"}],"version-history":[{"count":0,"href":"https:\/\/www.harzer-wandernadel.de\/fr\/wp-json\/wp\/v2\/pages\/24581\/revisions"}],"wp:featuredmedia":[{"embeddable":true,"href":"https:\/\/www.harzer-wandernadel.de\/fr\/wp-json\/wp\/v2\/media\/13747"}],"wp:attachment":[{"href":"https:\/\/www.harzer-wandernadel.de\/fr\/wp-json\/wp\/v2\/media?parent=24581"}],"wp:term":[{"taxonomy":"hf_cat_page","embeddable":true,"href":"https:\/\/www.harzer-wandernadel.de\/fr\/wp-json\/wp\/v2\/hf_cat_page?post=24581"}],"curies":[{"name":"wp","href":"https:\/\/api.w.org\/{rel}","templated":true}]}}