{"id":20220,"date":"2016-02-19T11:51:06","date_gmt":"2016-02-19T10:51:06","guid":{"rendered":"https:\/\/www.harzer-wandernadel.de\/pointage\/carte-generale\/pointage-117-treppenstein\/"},"modified":"2026-02-28T14:43:05","modified_gmt":"2026-02-28T13:43:05","slug":"pointage-117-treppenstein","status":"publish","type":"page","link":"https:\/\/www.harzer-wandernadel.de\/fr\/pointage\/carte-generale\/pointage-117-treppenstein\/","title":{"rendered":"Pointage 117 \/ Treppenstein"},"content":{"rendered":"\n<h2 class=\"wp-block-heading\">Le Treppenstein (511&nbsp;m&nbsp;d\u2019altitude) est l\u2019une des \u00e9tranges falaises rocheuses de la vall\u00e9e de l\u2019Oker, entre le quartier d\u2019Oker \u00e0&nbsp;Goslar et le barrage de l\u2019Oker.<\/h2>\n\n<div class=\"wp-block-stackable-image alignwide stk-block-image stk-block stk-89e1006\" data-block-id=\"89e1006\"><style>.stk-89e1006 {margin-top:3% !important;margin-bottom:3% !important;}<\/style><figure><span class=\"stk-img-wrapper stk-image--shape-stretch stk--has-lightbox\"><img decoding=\"async\" width=\"700\" height=\"525\" src=\"https:\/\/www.harzer-wandernadel.de\/wp-content\/uploads\/2016\/02\/Treppenstein.jpg\" class=\"attachment-full size-full wp-post-image\" alt srcset=\"https:\/\/www.harzer-wandernadel.de\/wp-content\/uploads\/2016\/02\/Treppenstein.jpg 700w, https:\/\/www.harzer-wandernadel.de\/wp-content\/uploads\/2016\/02\/Treppenstein-300x225.jpg 300w, https:\/\/www.harzer-wandernadel.de\/wp-content\/uploads\/2016\/02\/Treppenstein-624x468.jpg 624w\" sizes=\"(max-width: 700px) 100vw, 700px\"><\/span><\/figure><\/div>\n\n<p>D\u2019an\u00adciennes marches taill\u00e9es dans la roche m\u00e8nent au som\u00admet de l\u2019es\u00adca\u00adlier, ce qui laisse pen\u00adser que la roche a&nbsp;d\u00e9j\u00e0 exer\u00adc\u00e9 une grande attrac\u00adtion sur les hommes pr\u00e9historiques.<\/p>\n\n<p>Au pied de la pierre d\u2019es\u00adca\u00adlier se trou\u00advait une for\u00adti\u00adfi\u00adca\u00adtion, d\u00e9cou\u00adverte en 1989 gr\u00e2ce aux restes d\u2019un b\u00e2ti\u00adment en pierre et d\u2019un fos\u00ads\u00e9 \u00e0&nbsp;col \u00e0&nbsp;envi\u00adron 40 m\u00e8tres de la roche. Elle est encore aujourd\u2019\u00adhui de 1,5&nbsp;m&nbsp;de pro\u00adfon\u00addeur et de 4&nbsp;m de lar\u00adgeur, en par\u00adtie encore plus pro\u00adfonde et plus large. Dans cette zone, des tes\u00adsons de c\u00e9ra\u00admique et des frag\u00adments de fer attri\u00adbu\u00e9s au 13\u00e8me si\u00e8cle ont \u00e9t\u00e9 trou\u00adv\u00e9s depuis 1963.&nbsp;<\/p>\n\n<p>Envi\u00adron 500 m\u00e8tres au-des\u00adsus de la pierre d\u2019es\u00adca\u00adlier se trouve la petite for\u00adti\u00adfi\u00adca\u00adtion de Tr\u00e4n\u00adke\u00adstein, pro\u00adba\u00adble\u00adment m\u00e9di\u00e9\u00advale. Il s\u2019a\u00adgit d\u2019un sys\u00adt\u00e8me de fos\u00ads\u00e9 de 50&nbsp;m&nbsp;de long. Le fos\u00ads\u00e9 est encore pro\u00adfond de 1,5&nbsp;m&nbsp;et le rem\u00adpart est encore haut de 1&nbsp;m environ.&nbsp;<\/p>\n\n<p>Depuis le par\u00adking de Rom\u00adke\u00adrhalle, en des\u00adsous du bar\u00adrage de l\u2019O\u00adker\u00adtal, il faut d\u2019a\u00adbord prendre le che\u00admin de ran\u00addon\u00adn\u00e9e vers la cas\u00adcade de Rom\u00adke\u00adrhall. Depuis la cas\u00adcade, un joli cir\u00adcuit m\u00e8ne \u00e0&nbsp;la falaise du figuier, au Mau\u00adse\u00adfalle, \u00e0&nbsp;la Hexenk\u00fcche, \u00e0&nbsp;la <a href=\"https:\/\/www.harzer-wandernadel.de\/fr\/pointage\/carte-generale\/pointage-118-kaestehaus\/\" data-type=\"page\" data-id=\"1110\">K\u00e4s\u00adte\u00adhaus HWN 118<\/a> et au Treppenstein.&nbsp;<\/p>\n\n<div class=\"wp-block-buttons is-layout-flex wp-block-buttons-is-layout-flex\">\n<div class=\"wp-block-button\"><a class=\"wp-block-button__link wp-element-button\" href=\"http:\/\/harzer-bergwald.de\/index.php\/wandertouren\/romantiktouren\/45-im-kleinsten-koenigreich\">Sug\u00adges\u00adtion de cir\u00adcuit For\u00eat de mon\u00adtagne du&nbsp;Harz<\/a><\/div>\n<\/div>\n","protected":false},"excerpt":{"rendered":"<p>Le Trep\u00adpen\u00adstein (511&nbsp;m&nbsp;d\u2019altitude) est l\u2019une des \u00e9tranges falaises rocheuses de la val\u00adl\u00e9e de l\u2019Oker, entre le quar\u00adtier d\u2019Oker \u00e0&nbsp;Gos\u00adlar et le bar\u00adrage de l\u2019Oker. D\u2019an\u00adciennes marches taill\u00e9es dans la roche m\u00e8nent au som\u00admet de l\u2019es\u00adca\u00adlier, ce qui laisse pen\u00adser que la roche a&nbsp;d\u00e9j\u00e0 exer\u00adc\u00e9 une grande attrac\u00adtion sur les hommes pr\u00e9\u00adhis\u00adto\u00adriques. Au pied de&nbsp;la&nbsp;[\u2026]<\/p>\n","protected":false},"author":11,"featured_media":20221,"parent":17801,"menu_order":10117,"comment_status":"closed","ping_status":"closed","template":"","meta":{"_seopress_robots_primary_cat":"","_seopress_titles_title":"","_seopress_titles_desc":"","_seopress_robots_index":"","wp_typography_post_enhancements_disabled":false,"iawp_total_views":0,"footnotes":""},"hf_cat_page":[120],"class_list":["post-20220","page","type-page","status-publish","has-post-thumbnail"],"blocksy_meta":[],"_links":{"self":[{"href":"https:\/\/www.harzer-wandernadel.de\/fr\/wp-json\/wp\/v2\/pages\/20220","targetHints":{"allow":["GET"]}}],"collection":[{"href":"https:\/\/www.harzer-wandernadel.de\/fr\/wp-json\/wp\/v2\/pages"}],"about":[{"href":"https:\/\/www.harzer-wandernadel.de\/fr\/wp-json\/wp\/v2\/types\/page"}],"author":[{"embeddable":true,"href":"https:\/\/www.harzer-wandernadel.de\/fr\/wp-json\/wp\/v2\/users\/11"}],"replies":[{"embeddable":true,"href":"https:\/\/www.harzer-wandernadel.de\/fr\/wp-json\/wp\/v2\/comments?post=20220"}],"version-history":[{"count":2,"href":"https:\/\/www.harzer-wandernadel.de\/fr\/wp-json\/wp\/v2\/pages\/20220\/revisions"}],"predecessor-version":[{"id":24899,"href":"https:\/\/www.harzer-wandernadel.de\/fr\/wp-json\/wp\/v2\/pages\/20220\/revisions\/24899"}],"up":[{"embeddable":true,"href":"https:\/\/www.harzer-wandernadel.de\/fr\/wp-json\/wp\/v2\/pages\/17801"}],"wp:featuredmedia":[{"embeddable":true,"href":"https:\/\/www.harzer-wandernadel.de\/fr\/wp-json\/wp\/v2\/media\/20221"}],"wp:attachment":[{"href":"https:\/\/www.harzer-wandernadel.de\/fr\/wp-json\/wp\/v2\/media?parent=20220"}],"wp:term":[{"taxonomy":"hf_cat_page","embeddable":true,"href":"https:\/\/www.harzer-wandernadel.de\/fr\/wp-json\/wp\/v2\/hf_cat_page?post=20220"}],"curies":[{"name":"wp","href":"https:\/\/api.w.org\/{rel}","templated":true}]}}