{"id":20208,"date":"2017-05-26T15:24:13","date_gmt":"2017-05-26T13:24:13","guid":{"rendered":"https:\/\/www.harzer-wandernadel.de\/pointage\/sentier-des-monasteres-du-harz-en-pelerinage-a-travers-le-harz\/"},"modified":"2026-01-29T19:59:42","modified_gmt":"2026-01-29T18:59:42","slug":"sentier-des-monasteres-du-harz-en-pelerinage-a-travers-le-harz","status":"publish","type":"page","link":"https:\/\/www.harzer-wandernadel.de\/fr\/pointage\/sentier-des-monasteres-du-harz-en-pelerinage-a-travers-le-harz\/","title":{"rendered":"Sentier des monast\u00e8res du Harz, en p\u00e8lerinage \u00e0&nbsp;travers le&nbsp;Harz"},"content":{"rendered":"\n<h2 class=\"wp-block-heading\">Bienvenue dans le Harz, bienvenue sur le sentier de randonn\u00e9e des monast\u00e8res du&nbsp;Harz&nbsp;!<\/h2>\n\n<figure data-wp-context=\"{&quot;imageId&quot;:&quot;69db7d80587ae&quot;}\" data-wp-interactive=\"core\/image\" data-wp-key=\"69db7d80587ae\" class=\"wp-block-image alignright size-full is-resized wp-lightbox-container\"><img decoding=\"async\" width=\"659\" height=\"548\" data-wp-class--hide=\"state.isContentHidden\" data-wp-class--show=\"state.isContentVisible\" data-wp-init=\"callbacks.setButtonStyles\" data-wp-on--click=\"actions.showLightbox\" data-wp-on--load=\"callbacks.setButtonStyles\" data-wp-on-window--resize=\"callbacks.setButtonStyles\" src=\"https:\/\/www.harzer-wandernadel.de\/wp-content\/uploads\/2025\/10\/harzer-klosterwanderweg-nadel.jpg\" alt=\"M\u00e9daille de bronze du sentier de randonn\u00e9e des monast\u00e8res du Harz avec symbole de la croix\" class=\"wp-image-16028\" style=\"width:369px;height:auto\" srcset=\"https:\/\/www.harzer-wandernadel.de\/wp-content\/uploads\/2025\/10\/harzer-klosterwanderweg-nadel.jpg 659w, https:\/\/www.harzer-wandernadel.de\/wp-content\/uploads\/2025\/10\/harzer-klosterwanderweg-nadel-300x249.jpg 300w\" sizes=\"(max-width: 659px) 100vw, 659px\"><button class=\"lightbox-trigger\" type=\"button\" aria-haspopup=\"dialog\" aria-label=\"Agrandir\" data-wp-init=\"callbacks.initTriggerButton\" data-wp-on--click=\"actions.showLightbox\" data-wp-style--right=\"state.imageButtonRight\" data-wp-style--top=\"state.imageButtonTop\">\n\t\t\t<svg width=\"12\" height=\"12\" fill=\"none\" viewBox=\"0 0 12 12\">\n\t\t\t\t<path fill=\"#fff\" d=\"M2 0a2 2 0 0 0-2 2v2h1.5V2a.5.5 0 0 1 .5-.5h2V0H2Zm2 10.5H2a.5.5 0 0 1-.5-.5V8H0v2a2 2 0 0 0 2 2h2v-1.5ZM8 12v-1.5h2a.5.5 0 0 0 .5-.5V8H12v2a2 2 0 0 1-2 2H8Zm2-12a2 2 0 0 1 2 2v2h-1.5V2a.5.5 0 0 0-.5-.5H8V0h2Z\" \/>\n\t\t\t<\/svg>\n\t\t<\/button><\/figure>\n\n<p>Sur le sen\u00adtier de ran\u00addon\u00adn\u00e9e des monas\u00adt\u00e8res du Harz, le poten\u00adtiel de d\u00e9tente pour le corps, l\u2019es\u00adprit et l\u2019\u00e2me se com\u00adbine par\u00adfai\u00adte\u00adment avec le plai\u00adsir cultu\u00adrel le plus raf\u00adfi\u00adn\u00e9. Les ran\u00addon\u00adneurs et les p\u00e8le\u00adrins d\u00e9couvrent un pay\u00adsage vari\u00e9 de monas\u00adt\u00e8res et d\u2019\u00e9\u00adglises, comme un col\u00adlier de perles et avec une den\u00adsi\u00adt\u00e9 inhabituelle.&nbsp;<\/p>\n\n<p>Ce n\u2019est pas \u00e9ton\u00adnant&nbsp;: pen\u00addant des si\u00e8cles, les monas\u00adt\u00e8res du Harz ont influen\u00adc\u00e9 le d\u00e9ve\u00adlop\u00adpe\u00adment cultu\u00adrel et \u00e9co\u00adno\u00admique du Harz. Avec sept \u00e9tapes entre 10 et 22&nbsp;km et sans grand d\u00e9ni\u00adve\u00adl\u00e9, les ran\u00addon\u00adneurs plongent dans le monde des jar\u00addins odo\u00adrants des monas\u00adt\u00e8res, des clo\u00eetres gothiques et des \u00e9glises fas\u00adci\u00adnantes, d\u00e9couvrent les monas\u00adt\u00e8res en tant que lieu de mani\u00adfes\u00adta\u00adtion, mus\u00e9e et dis\u00adtil\u00adle\u00adrie, en tant que lieux par\u00adti\u00adcu\u00adliers de spi\u00adri\u00adtua\u00adli\u00adt\u00e9 et en tant que bons&nbsp;h\u00f4tes.&nbsp;<\/p>\n\n<p>En che\u00admin, les ran\u00addon\u00adneurs gardent un \u0153il sur le Bro\u00adcken, les pointes des clo\u00adchers du Harz et les douces col\u00adlines de l\u2019a\u00advant-pays du Harz. Les pay\u00adsages flu\u00adviaux de l\u2019O\u00adker, de l\u2019E\u00adcker et de la Bode sont par\u00adti\u00adcu\u00adli\u00e8\u00adre\u00adment roman\u00adtiques, le mur du diable pr\u00e8s de Blan\u00adken\u00adburg et de Thale est gran\u00addiose. Tu d\u00e9couvres la for\u00eat magique de Schim\u00admer\u00adwald, tu te pro\u00adm\u00e8nes le long de l\u2019an\u00adcienne fron\u00adti\u00e8re inter\u00adal\u00adle\u00admande, tu passes devant des \u00e9tangs de monas\u00adt\u00e8res riches en pois\u00adsons et des joyaux de l\u2019art reli\u00adgieux roman \u2013 main\u00adte\u00adnant m\u00eame jus\u00adqu\u2019\u00e0 la ville cath\u00e9\u00addrale de Halberstadt&nbsp;!&nbsp;<\/p>\n\n<p>Le livret de l\u2019ai\u00adguille de ran\u00addon\u00adn\u00e9e du Harz accom\u00adpa\u00adgnant le sen\u00adtier de ran\u00addon\u00adn\u00e9e des monas\u00adt\u00e8res indique 12 points de tam\u00adpon\u00adnage par\u00adti\u00adcu\u00adliers le long du che\u00admin dans des bo\u00eetes de tam\u00adpon\u00adnage rouges sp\u00e9\u00adcia\u00adle\u00adment cr\u00e9\u00e9es \u00e0&nbsp;cet effet. Le livret est dis\u00adpo\u00adnible dans tous les offices de tou\u00adrisme, au bureau de ser\u00advice de l\u2019ai\u00adguille de ran\u00addon\u00adn\u00e9e du Harz ou dans notre bou\u00adtique en&nbsp;ligne.&nbsp;<\/p>\n\n<p>En r\u00e9com\u00adpense, le ran\u00addon\u00adneur re\u00e7oit l\u2019\u00e9\u00adpingle de haute qua\u00adli\u00adt\u00e9 sur le sen\u00adtier de ran\u00addon\u00adn\u00e9e des monas\u00adt\u00e8res du Harz en cuivre.<\/p>\n\n<div class=\"wp-block-buttons is-layout-flex wp-block-buttons-is-layout-flex\">\n<div class=\"wp-block-button\"><a class=\"wp-block-button__link wp-element-button\" href=\"https:\/\/www.harzinfo.de\/erlebnisse\/harzer-kloester\/harzer-klosterwanderweg\" target=\"_blank\" rel=\"noreferrer noopener\">vers le site web du sen\u00adtier des monas\u00adt\u00e8res du&nbsp;Harz&nbsp;\u00bb&nbsp;<\/a><\/div>\n<\/div>\n\n<figure style=\"margin-top:6vh\" class=\"wp-block-table\"><table><thead><tr><th scope=\"col\">Poin\u00ad\u00e7on\u00adner d\u2019est en ouest<\/th><th scope=\"col\">Lar\u00adgeur N<\/th><th scope=\"col\">Lon\u00adgueur&nbsp;E<\/th><\/tr><\/thead><tbody><tr><td><strong>Couvent de Burchardi<\/strong><\/td><td>51.9000729<\/td><td>11.04196<\/td><\/tr><tr><td><strong>Cath\u00e9drale\/tr\u00e9sor, Hal\u00adbers\u00adtadt<\/strong><\/td><td>51.896306<\/td><td>11.04886<\/td><\/tr><tr><td><strong>Col\u00adl\u00e9\u00adgiale Saint-Cyriaque, Gernrode<\/strong><\/td><td>51.7245<\/td><td>11.1357<\/td><\/tr><tr><td><strong>Monas\u00adt\u00e8re sur le M\u00fcn\u00adzen\u00adberg, Quedlinburg<\/strong><\/td><td>51.7869<\/td><td>11.1334<\/td><\/tr><tr><td><strong>Monas\u00adt\u00e8re de Wend\u00adhu\u00adsen,&nbsp;Thale<\/strong><\/td><td>51.75593<\/td><td>11.04977<\/td><\/tr><tr><td><strong>\u00c9glise de mon\u00adtagne St. Bar\u00adtho\u00adlom\u00e4us, Blan\u00adken\u00adburg (Harz)<\/strong><\/td><td>51.78766<\/td><td>10.95439<\/td><\/tr><tr><td><strong>Abbaye de Michael\u00adstein, Blan\u00adken\u00adburg (Harz)<\/strong><\/td><td>51.806409<\/td><td>10.912717<\/td><\/tr><tr><td><strong>Couvent de Him\u00admelp\u00adforte, Wernigerode<\/strong><\/td><td>51.83358<\/td><td>10.74305<\/td><\/tr><tr><td><strong>\u00c9glise Saint-Jean, Wernigerode<\/strong><\/td><td>51.836663<\/td><td>10.788879<\/td><\/tr><tr><td><strong>St. Lau\u00adren\u00adtius, Darlingerode<\/strong><\/td><td>51.845314<\/td><td>10.729555<\/td><\/tr><tr><td><strong>Monas\u00adt\u00e8re de Dr\u00fcbeck<\/strong><\/td><td>51.85556<\/td><td>10.71558<\/td><\/tr><tr><td><strong>Monas\u00adt\u00e8re d\u2019Ilsenburg<\/strong><\/td><td>51.85950<\/td><td>10.67824<\/td><\/tr><tr><td><strong>Monas\u00adt\u00e8re de W\u00f6l\u00adtin\u00adge\u00adrode, Vienenburg<\/strong><\/td><td>51.95914<\/td><td>10.53978<\/td><\/tr><tr><td><strong>Col\u00adl\u00e9\u00adgiale Saint-Georges, Grauhof<\/strong><\/td><td>51.93775<\/td><td>10.44764<\/td><\/tr><tr><td><strong>L\u2019\u00e9\u00adglise Neu\u00adwerk de Goslar<\/strong><\/td><td>51.90938<\/td><td>10.42558<\/td><\/tr><\/tbody><\/table><\/figure>\n","protected":false},"excerpt":{"rendered":"<p>Bien\u00adve\u00adnue dans le Harz, bien\u00adve\u00adnue sur le sen\u00adtier de ran\u00addon\u00adn\u00e9e des monas\u00adt\u00e8res du&nbsp;Harz&nbsp;! Sur le sen\u00adtier de ran\u00addon\u00adn\u00e9e des monas\u00adt\u00e8res du Harz, le poten\u00adtiel de d\u00e9tente pour le corps, l\u2019es\u00adprit et l\u2019\u00e2me se com\u00adbine par\u00adfai\u00adte\u00adment avec le plai\u00adsir cultu\u00adrel le plus raf\u00adfi\u00adn\u00e9. Les ran\u00addon\u00adneurs et les p\u00e8le\u00adrins d\u00e9couvrent un pay\u00adsage vari\u00e9 de monas\u00adt\u00e8res et d\u2019\u00e9\u00adglises, [\u2026]<\/p>\n","protected":false},"author":1,"featured_media":13747,"parent":17790,"menu_order":2600,"comment_status":"closed","ping_status":"closed","template":"","meta":{"_seopress_robots_primary_cat":"","_seopress_titles_title":"","_seopress_titles_desc":"","_seopress_robots_index":"","wp_typography_post_enhancements_disabled":false,"iawp_total_views":7,"footnotes":""},"hf_cat_page":[],"class_list":["post-20208","page","type-page","status-publish","has-post-thumbnail"],"blocksy_meta":[],"_links":{"self":[{"href":"https:\/\/www.harzer-wandernadel.de\/fr\/wp-json\/wp\/v2\/pages\/20208","targetHints":{"allow":["GET"]}}],"collection":[{"href":"https:\/\/www.harzer-wandernadel.de\/fr\/wp-json\/wp\/v2\/pages"}],"about":[{"href":"https:\/\/www.harzer-wandernadel.de\/fr\/wp-json\/wp\/v2\/types\/page"}],"author":[{"embeddable":true,"href":"https:\/\/www.harzer-wandernadel.de\/fr\/wp-json\/wp\/v2\/users\/1"}],"replies":[{"embeddable":true,"href":"https:\/\/www.harzer-wandernadel.de\/fr\/wp-json\/wp\/v2\/comments?post=20208"}],"version-history":[{"count":1,"href":"https:\/\/www.harzer-wandernadel.de\/fr\/wp-json\/wp\/v2\/pages\/20208\/revisions"}],"predecessor-version":[{"id":20209,"href":"https:\/\/www.harzer-wandernadel.de\/fr\/wp-json\/wp\/v2\/pages\/20208\/revisions\/20209"}],"up":[{"embeddable":true,"href":"https:\/\/www.harzer-wandernadel.de\/fr\/wp-json\/wp\/v2\/pages\/17790"}],"wp:featuredmedia":[{"embeddable":true,"href":"https:\/\/www.harzer-wandernadel.de\/fr\/wp-json\/wp\/v2\/media\/13747"}],"wp:attachment":[{"href":"https:\/\/www.harzer-wandernadel.de\/fr\/wp-json\/wp\/v2\/media?parent=20208"}],"wp:term":[{"taxonomy":"hf_cat_page","embeddable":true,"href":"https:\/\/www.harzer-wandernadel.de\/fr\/wp-json\/wp\/v2\/hf_cat_page?post=20208"}],"curies":[{"name":"wp","href":"https:\/\/api.w.org\/{rel}","templated":true}]}}