{"id":20196,"date":"2016-02-19T15:04:32","date_gmt":"2016-02-19T14:04:32","guid":{"rendered":"https:\/\/www.harzer-wandernadel.de\/pointage\/carte-generale\/pointage-169-molkenhaus\/"},"modified":"2026-01-29T15:01:15","modified_gmt":"2026-01-29T14:01:15","slug":"pointage-169-molkenhaus","status":"publish","type":"page","link":"https:\/\/www.harzer-wandernadel.de\/fr\/pointage\/carte-generale\/pointage-169-molkenhaus\/","title":{"rendered":"Pointage 169 \/ Molkenhaus"},"content":{"rendered":"\n<h2 class=\"wp-block-heading\">Le Molkenhaus (528&nbsp;m&nbsp;d\u2019altitude) se trouve dans le parc national du Harz, dans une clairi\u00e8re au bord de l\u2019\u00e9tang Hassel, entre Bad Harzburg et le barrage Eckert.<\/h2>\n\n<div class=\"wp-block-stackable-image alignwide stk-block-image stk-block stk-89e1006\" data-block-id=\"89e1006\"><style>.stk-89e1006 {margin-top:3% !important;margin-bottom:3% !important;}<\/style><figure><span class=\"stk-img-wrapper stk-image--shape-stretch stk--has-lightbox\"><img decoding=\"async\" width=\"924\" height=\"600\" src=\"https:\/\/www.harzer-wandernadel.de\/wp-content\/uploads\/2016\/02\/HWN-Molkenhaus-Schallenberg-Ausschnitt.jpg\" class=\"attachment-full size-full wp-post-image\" alt=\"Auberge traditionnelle avec jardin \u00e0 bi\u00e8re dans la verdure\" srcset=\"https:\/\/www.harzer-wandernadel.de\/wp-content\/uploads\/2016\/02\/HWN-Molkenhaus-Schallenberg-Ausschnitt.jpg 924w, https:\/\/www.harzer-wandernadel.de\/wp-content\/uploads\/2016\/02\/HWN-Molkenhaus-Schallenberg-Ausschnitt-300x195.jpg 300w, https:\/\/www.harzer-wandernadel.de\/wp-content\/uploads\/2016\/02\/HWN-Molkenhaus-Schallenberg-Ausschnitt-768x499.jpg 768w, https:\/\/www.harzer-wandernadel.de\/wp-content\/uploads\/2016\/02\/HWN-Molkenhaus-Schallenberg-Ausschnitt-250x162.jpg 250w, https:\/\/www.harzer-wandernadel.de\/wp-content\/uploads\/2016\/02\/HWN-Molkenhaus-Schallenberg-Ausschnitt-624x405.jpg 624w\" sizes=\"(max-width: 924px) 100vw, 924px\"><\/span><\/figure><\/div>\n\n<p>La pre\u00admi\u00e8re mai\u00adson de lai\u00adte\u00adrie a&nbsp;\u00e9t\u00e9 construite en 1665 par le bailli Hein\u00adrich von Uslar. Elle ser\u00advait d\u2019a\u00adbri pour la nuit aux vachers des p\u00e2tu\u00adrages environnants.&nbsp;<\/p>\n\n<p>En 1883, l\u2019a\u00adgri\u00adcul\u00adteur Otto Reu\u00df reprend le Mol\u00adken\u00adhaus, qui a&nbsp;entre-temps \u00e9t\u00e9 d\u00e9pla\u00adc\u00e9 vers le Has\u00adsel\u00adbach. Les p\u00e2tu\u00adrages sont uti\u00adli\u00ads\u00e9s par un trou\u00adpeau de vaches brunes de pure race Harz. L\u2019ou\u00adver\u00adture de la r\u00e9gion avec la ligne de che\u00admin de fer Braun\u00adsch\u00adweig \u2013 Bad Harz\u00adburg donne un coup de fouet au tou\u00adrisme et la Mol\u00adken\u00adhaus devient une auberge sur le che\u00admin du Bro\u00adcken. Les ran\u00addon\u00adneurs sont accueillis avec du lait \u00e9pais, du sucre, de la can\u00adnelle et du pain&nbsp;sec.&nbsp;<\/p>\n\n<p>En 1891, Otto Reu\u00df a&nbsp;d\u00e9ve\u00adlop\u00adp\u00e9 la mai\u00adson pour en faire l\u2019h\u00f4\u00adtel-pen\u00adsion le plus connu du Harz, a&nbsp;fait pro\u00adgres\u00adser les sports d\u2019hi\u00adver et a&nbsp;com\u00admen\u00adc\u00e9 \u00e0&nbsp;nour\u00adrir le gibier. En 1973, apr\u00e8s tant d\u2019an\u00adn\u00e9es d\u2019u\u00adti\u00adli\u00adsa\u00adtion, l\u2019\u00e9\u00adqui\u00adpe\u00adment de la mai\u00adson ne r\u00e9pon\u00addait plus aux exi\u00adgences des clients. La famille d\u2019au\u00adber\u00adgistes de l\u2019\u00e9\u00adpoque a&nbsp;quit\u00adt\u00e9 la Mol\u00adken\u00adhaus et, sur ordre de l\u2019ad\u00admi\u00adnis\u00adtra\u00adtion fores\u00adti\u00e8re, la pro\u00adpri\u00e9\u00adt\u00e9 a&nbsp;\u00e9t\u00e9 incen\u00addi\u00e9e le 15 d\u00e9cembre 1973.&nbsp;<\/p>\n\n<p>En 1976, l\u2019ac\u00adtuelle sta\u00adtion de ran\u00addon\u00adn\u00e9e Mol\u00adken\u00adhaus est cr\u00e9\u00e9e au nord de l\u2019\u00e9\u00adtang Has\u00adsel\u00adteich et, apr\u00e8s un chan\u00adge\u00adment de pro\u00adpri\u00e9\u00adtaire et d\u2019im\u00adpor\u00adtantes r\u00e9no\u00adva\u00adtions en 2007, elle est deve\u00adnue un lieu de ran\u00addon\u00adn\u00e9e et d\u2019ex\u00adcur\u00adsion tr\u00e8s appr\u00e9ci\u00e9.<\/p>\n\n<p>Il est pos\u00adsible de se garer sur le grand par\u00adking de Bad Harz\u00adburg, juste \u00e0&nbsp;c\u00f4t\u00e9 de la route natio\u00adnale 4&nbsp;en direc\u00adtion de Torf\u00adhaus. De l\u00e0, il faut d\u00e9ci\u00adder si l\u2019on veut gra\u00advir le Burg\u00adberg \u00e0&nbsp;pied ou si l\u2019on veut mon\u00adter les 150 m\u00e8tres de d\u00e9ni\u00adve\u00adl\u00e9 en t\u00e9l\u00e9\u00adph\u00e9\u00adrique. De la sta\u00adtion sup\u00e9\u00adrieure, de larges sen\u00adtiers de ran\u00addon\u00adn\u00e9e m\u00e8nent au Mol\u00adken\u00adhaus et ensuite \u00e0&nbsp;la <a href=\"https:\/\/www.harzer-wandernadel.de\/fr\/pointage\/carte-generale\/pointage-170-rabenklippe\/\" data-type=\"page\" data-id=\"1220\">Rabenk\u00adlippe HWN 170<\/a>, \u00e0&nbsp;la <a href=\"https:\/\/www.harzer-wandernadel.de\/fr\/pointage\/carte-generale\/timbre-122-croix-de-lest-allemand\/\" data-type=\"page\" data-id=\"1118\">Croix de l\u2019Est alle\u00admand HWN 122<\/a> et au <a href=\"https:\/\/www.harzer-wandernadel.de\/fr\/pointage\/carte-generale\/poinconnage-121-aussichtsreich-burgberg\/\" data-type=\"page\" data-id=\"1116\">\u00ab&nbsp;royaume des vues&nbsp;\u00bb HWN 121<\/a>.  <\/p>\n\n<p>Le che\u00admin le plus court part du par\u00adking au-des\u00adsus de la cas\u00adcade de Radau et monte abrup\u00adte\u00adment jus\u00adqu\u2019au Mol\u00adken\u00adhaus en pas\u00adsant par la Rudolfsklippe.<\/p>\n\n<div class=\"wp-block-buttons is-layout-flex wp-block-buttons-is-layout-flex\">\n<div class=\"wp-block-button\"><a class=\"wp-block-button__link wp-element-button\" href=\"http:\/\/harzer-bergwald.de\/index.php\/wandertouren\/romantiktouren\/36-familientour-mit-schoener-aussicht\">Sug\u00adges\u00adtion de cir\u00adcuit For\u00eat de mon\u00adtagne du&nbsp;Harz<\/a><\/div>\n<\/div>\n","protected":false},"excerpt":{"rendered":"<p>Le Mol\u00adken\u00adhaus (528&nbsp;m&nbsp;d\u2019altitude) se trouve dans le parc natio\u00adnal du Harz, dans une clai\u00adri\u00e8re au bord de l\u2019\u00e9tang Has\u00adsel, entre Bad Harz\u00adburg et le bar\u00adrage Eckert. La pre\u00admi\u00e8re mai\u00adson de lai\u00adte\u00adrie a&nbsp;\u00e9t\u00e9 construite en 1665 par le bailli Hein\u00adrich von Uslar. Elle ser\u00advait d\u2019a\u00adbri pour la nuit aux vachers des p\u00e2tu\u00adrages envi\u00adron\u00adnants.&nbsp; En 1883, l\u2019a\u00adgri\u00adcul\u00adteur [\u2026]<\/p>\n","protected":false},"author":11,"featured_media":20197,"parent":17801,"menu_order":10169,"comment_status":"closed","ping_status":"closed","template":"","meta":{"_seopress_robots_primary_cat":"","_seopress_titles_title":"","_seopress_titles_desc":"","_seopress_robots_index":"","wp_typography_post_enhancements_disabled":false,"iawp_total_views":0,"footnotes":""},"hf_cat_page":[120],"class_list":["post-20196","page","type-page","status-publish","has-post-thumbnail"],"blocksy_meta":[],"_links":{"self":[{"href":"https:\/\/www.harzer-wandernadel.de\/fr\/wp-json\/wp\/v2\/pages\/20196","targetHints":{"allow":["GET"]}}],"collection":[{"href":"https:\/\/www.harzer-wandernadel.de\/fr\/wp-json\/wp\/v2\/pages"}],"about":[{"href":"https:\/\/www.harzer-wandernadel.de\/fr\/wp-json\/wp\/v2\/types\/page"}],"author":[{"embeddable":true,"href":"https:\/\/www.harzer-wandernadel.de\/fr\/wp-json\/wp\/v2\/users\/11"}],"replies":[{"embeddable":true,"href":"https:\/\/www.harzer-wandernadel.de\/fr\/wp-json\/wp\/v2\/comments?post=20196"}],"version-history":[{"count":1,"href":"https:\/\/www.harzer-wandernadel.de\/fr\/wp-json\/wp\/v2\/pages\/20196\/revisions"}],"predecessor-version":[{"id":20199,"href":"https:\/\/www.harzer-wandernadel.de\/fr\/wp-json\/wp\/v2\/pages\/20196\/revisions\/20199"}],"up":[{"embeddable":true,"href":"https:\/\/www.harzer-wandernadel.de\/fr\/wp-json\/wp\/v2\/pages\/17801"}],"wp:featuredmedia":[{"embeddable":true,"href":"https:\/\/www.harzer-wandernadel.de\/fr\/wp-json\/wp\/v2\/media\/20197"}],"wp:attachment":[{"href":"https:\/\/www.harzer-wandernadel.de\/fr\/wp-json\/wp\/v2\/media?parent=20196"}],"wp:term":[{"taxonomy":"hf_cat_page","embeddable":true,"href":"https:\/\/www.harzer-wandernadel.de\/fr\/wp-json\/wp\/v2\/hf_cat_page?post=20196"}],"curies":[{"name":"wp","href":"https:\/\/api.w.org\/{rel}","templated":true}]}}