{"id":20190,"date":"2016-02-19T15:02:57","date_gmt":"2016-02-19T14:02:57","guid":{"rendered":"https:\/\/www.harzer-wandernadel.de\/pointage\/carte-generale\/pointage-168-poteau-triangulaire\/"},"modified":"2026-01-29T15:01:16","modified_gmt":"2026-01-29T14:01:16","slug":"pointage-168-poteau-triangulaire","status":"publish","type":"page","link":"https:\/\/www.harzer-wandernadel.de\/fr\/pointage\/carte-generale\/pointage-168-poteau-triangulaire\/","title":{"rendered":"Pointage 168 \/ Poteau triangulaire"},"content":{"rendered":"\n<h2 class=\"wp-block-heading\">Le \u00ab&nbsp;poteau triangulaire&nbsp;\u00bb est une borne historique dans le parc national du Harz et se trouve entre Torfhaus et Oderbr\u00fcck.<\/h2>\n\n<div class=\"wp-block-stackable-image alignwide stk-block-image stk-block stk-89e1006\" data-block-id=\"89e1006\"><style>.stk-89e1006 {margin-top:3% !important;margin-bottom:3% !important;}<\/style><figure><span class=\"stk-img-wrapper stk-image--shape-stretch stk--has-lightbox\"><img decoding=\"async\" width=\"720\" height=\"540\" src=\"https:\/\/www.harzer-wandernadel.de\/wp-content\/uploads\/2016\/02\/Dreieckige-Pfahl.jpg\" class=\"attachment-full size-full wp-post-image\" alt srcset=\"https:\/\/www.harzer-wandernadel.de\/wp-content\/uploads\/2016\/02\/Dreieckige-Pfahl.jpg 720w, https:\/\/www.harzer-wandernadel.de\/wp-content\/uploads\/2016\/02\/Dreieckige-Pfahl-300x225.jpg 300w, https:\/\/www.harzer-wandernadel.de\/wp-content\/uploads\/2016\/02\/Dreieckige-Pfahl-250x188.jpg 250w, https:\/\/www.harzer-wandernadel.de\/wp-content\/uploads\/2016\/02\/Dreieckige-Pfahl-624x468.jpg 624w\" sizes=\"(max-width: 720px) 100vw, 720px\"><\/span><\/figure><\/div>\n\n<p>\u00c0 l\u2019o\u00adri\u00adgine, la pierre mar\u00adquait un coin de trois pays, puis la fron\u00adti\u00e8re entre le royaume de Hanovre et le duch\u00e9 de Braun\u00adsch\u00adweig, et plus tard la fron\u00adti\u00e8re entre la RDA et la R\u00e9pu\u00adblique f\u00e9d\u00e9\u00adrale d\u2019Al\u00adle\u00admagne. Aujourd\u2019\u00adhui, la fron\u00adti\u00e8re entre la Basse-Saxe et la Saxe-Anhalt se trouve \u00e0&nbsp;cet endroit.&nbsp;<\/p>\n\n<p>Pr\u00e8s du piquet tri\u00adan\u00adgu\u00adlaire, il y&nbsp;avait autre\u00adfois une cabane exploi\u00adt\u00e9e, mais elle a&nbsp;\u00e9t\u00e9 br\u00fb\u00adl\u00e9e en 1945. Aujourd\u2019\u00adhui, il y&nbsp;a un refuge \u00e0&nbsp;cet endroit, dans lequel se trouve aus\u00adsi la bo\u00eete \u00e0&nbsp;poin\u00e7ons.&nbsp;<\/p>\n\n<p>\u00c0 par\u00adtir de la croix de che\u00admin, un che\u00admin m\u00e8ne au sud vers le Wurm\u00adberg, au nord vers le Bro\u00adcken, \u00e0&nbsp;l\u2019est vers Schierke via la Sand\u00adbrinks\u00adtra\u00dfe, et \u00e0&nbsp;l\u2019ouest vers Oder\u00adbr\u00fcck ou le cime\u00adti\u00e8re d\u2019hon\u00adneur pour les vic\u00adtimes de la Seconde Guerre mondiale.<\/p>\n\n<p>Le che\u00admin le plus court m\u00e8ne du petit par\u00adking du cime\u00adti\u00e8re d\u2019hon\u00adneur au poteau tri\u00adan\u00adgu\u00adlaire, d\u2019o\u00f9 tu peux conti\u00adnuer ta ran\u00addon\u00adn\u00e9e jus\u00adqu\u2019au Bro\u00adcken HWN 9&nbsp;ou au Wurm\u00adberg HWN&nbsp;156.<\/p>\n\n<div class=\"wp-block-buttons is-layout-flex wp-block-buttons-is-layout-flex\">\n<div class=\"wp-block-button\"><a class=\"wp-block-button__link wp-element-button\" href=\"http:\/\/harzer-bergwald.de\/index.php\/wandertouren\/romantiktouren\/55-zum-hoechsten-aussichtspunkt-im-harz\">Sug\u00adges\u00adtion de cir\u00adcuit For\u00eat de mon\u00adtagne du&nbsp;Harz<\/a><\/div>\n<\/div>\n","protected":false},"excerpt":{"rendered":"<p>Le \u00ab&nbsp;poteau tri\u00adan\u00adgu\u00adlaire&nbsp;\u00bb est une borne his\u00adto\u00adrique dans le parc natio\u00adnal du Harz et se trouve entre Torf\u00adhaus et Oder\u00adbr\u00fcck. \u00c0&nbsp;l\u2019o\u00adri\u00adgine, la pierre mar\u00adquait un coin de trois pays, puis la fron\u00adti\u00e8re entre le royaume de Hanovre et le duch\u00e9 de Braun\u00adsch\u00adweig, et plus tard la fron\u00adti\u00e8re entre la RDA et la R\u00e9pu\u00adblique f\u00e9d\u00e9rale&nbsp;[\u2026]<\/p>\n","protected":false},"author":11,"featured_media":20191,"parent":17801,"menu_order":10168,"comment_status":"closed","ping_status":"closed","template":"","meta":{"_seopress_robots_primary_cat":"","_seopress_titles_title":"","_seopress_titles_desc":"","_seopress_robots_index":"","wp_typography_post_enhancements_disabled":false,"iawp_total_views":0,"footnotes":""},"hf_cat_page":[120],"class_list":["post-20190","page","type-page","status-publish","has-post-thumbnail"],"blocksy_meta":[],"_links":{"self":[{"href":"https:\/\/www.harzer-wandernadel.de\/fr\/wp-json\/wp\/v2\/pages\/20190","targetHints":{"allow":["GET"]}}],"collection":[{"href":"https:\/\/www.harzer-wandernadel.de\/fr\/wp-json\/wp\/v2\/pages"}],"about":[{"href":"https:\/\/www.harzer-wandernadel.de\/fr\/wp-json\/wp\/v2\/types\/page"}],"author":[{"embeddable":true,"href":"https:\/\/www.harzer-wandernadel.de\/fr\/wp-json\/wp\/v2\/users\/11"}],"replies":[{"embeddable":true,"href":"https:\/\/www.harzer-wandernadel.de\/fr\/wp-json\/wp\/v2\/comments?post=20190"}],"version-history":[{"count":1,"href":"https:\/\/www.harzer-wandernadel.de\/fr\/wp-json\/wp\/v2\/pages\/20190\/revisions"}],"predecessor-version":[{"id":20193,"href":"https:\/\/www.harzer-wandernadel.de\/fr\/wp-json\/wp\/v2\/pages\/20190\/revisions\/20193"}],"up":[{"embeddable":true,"href":"https:\/\/www.harzer-wandernadel.de\/fr\/wp-json\/wp\/v2\/pages\/17801"}],"wp:featuredmedia":[{"embeddable":true,"href":"https:\/\/www.harzer-wandernadel.de\/fr\/wp-json\/wp\/v2\/media\/20191"}],"wp:attachment":[{"href":"https:\/\/www.harzer-wandernadel.de\/fr\/wp-json\/wp\/v2\/media?parent=20190"}],"wp:term":[{"taxonomy":"hf_cat_page","embeddable":true,"href":"https:\/\/www.harzer-wandernadel.de\/fr\/wp-json\/wp\/v2\/hf_cat_page?post=20190"}],"curies":[{"name":"wp","href":"https:\/\/api.w.org\/{rel}","templated":true}]}}