{"id":20180,"date":"2016-02-19T14:51:35","date_gmt":"2016-02-19T13:51:35","guid":{"rendered":"https:\/\/www.harzer-wandernadel.de\/pointage\/carte-generale\/pointage-165-wendel-chene\/"},"modified":"2026-01-29T15:00:35","modified_gmt":"2026-01-29T14:00:35","slug":"pointage-165-wendel-chene","status":"publish","type":"page","link":"https:\/\/www.harzer-wandernadel.de\/fr\/pointage\/carte-generale\/pointage-165-wendel-chene\/","title":{"rendered":"Pointage 165 \/ Wendel \u2013&nbsp;Ch\u00eane"},"content":{"rendered":"\n<h2 class=\"wp-block-heading\">Le ch\u00eane tournant est un point de vue entre Zorge et S\u00fclzhayn.<\/h2>\n\n<div class=\"wp-block-stackable-image alignwide stk-block-image stk-block stk-89e1006\" data-block-id=\"89e1006\"><style>.stk-89e1006 {margin-top:3% !important;margin-bottom:3% !important;}<\/style><figure><span class=\"stk-img-wrapper stk-image--shape-stretch stk--has-lightbox\"><img decoding=\"async\" width=\"700\" height=\"525\" src=\"https:\/\/www.harzer-wandernadel.de\/wp-content\/uploads\/2016\/02\/Wendeleiche.jpg\" class=\"attachment-full size-full wp-post-image\" alt srcset=\"https:\/\/www.harzer-wandernadel.de\/wp-content\/uploads\/2016\/02\/Wendeleiche.jpg 700w, https:\/\/www.harzer-wandernadel.de\/wp-content\/uploads\/2016\/02\/Wendeleiche-300x225.jpg 300w, https:\/\/www.harzer-wandernadel.de\/wp-content\/uploads\/2016\/02\/Wendeleiche-250x188.jpg 250w, https:\/\/www.harzer-wandernadel.de\/wp-content\/uploads\/2016\/02\/Wendeleiche-624x468.jpg 624w\" sizes=\"(max-width: 700px) 100vw, 700px\"><\/span><\/figure><\/div>\n\n<p>Le ch\u00eane doit son nom \u00e0&nbsp;un esca\u00adlier en coli\u00adma\u00ad\u00e7on qui a&nbsp;\u00e9t\u00e9 construit au d\u00e9but du 20\u00e8me si\u00e8cle pour atteindre la pla\u00adte\u00adforme d\u2019ob\u00adser\u00adva\u00adtion construite dans la cou\u00adronne du ch\u00eane. Comme le ch\u00eane se trou\u00advait \u00e0&nbsp;quelques m\u00e8tres de l\u2019an\u00adcienne fron\u00adti\u00e8re inter\u00adal\u00adle\u00admande, les troupes fron\u00adta\u00adli\u00e8res de la RDA ont d\u00e9mon\u00adt\u00e9 l\u2019es\u00adca\u00adlier en coli\u00adma\u00ad\u00e7on et la plate-forme d\u2019ob\u00adser\u00adva\u00adtion. Aujourd\u2019\u00adhui, seules deux construc\u00adtions en fer rouill\u00e9es rap\u00adpellent l\u2019es\u00adca\u00adlier en colima\u00e7on.&nbsp;<\/p>\n\n<p>Depuis le par\u00adking de l\u2019\u00e9\u00adta\u00adblis\u00adse\u00adment ther\u00admal de Zorge, le sen\u00adtier bali\u00ads\u00e9 des prai\u00adries de mon\u00adtagne m\u00e8ne \u00e0&nbsp;la belle-m\u00e8re HWN 164&nbsp;en pas\u00adsant par le ch\u00eane de retour\u00adne\u00adment. De l\u00e0, il est \u00e9ga\u00adle\u00adment facile d\u2019in\u00adt\u00e9\u00adgrer le point de poin\u00adtage <a href=\"https:\/\/www.harzer-wandernadel.de\/fr\/pointage\/carte-generale\/pointage-90-tir-rouge\/\" data-type=\"page\" data-id=\"968\">\u00ab&nbsp;Roter Schuss&nbsp;\u00bb HWN 90<\/a> \u00e0&nbsp;la randonn\u00e9e.&nbsp;<\/p>\n","protected":false},"excerpt":{"rendered":"<p>Le ch\u00eane tour\u00adnant est un point de vue entre Zorge et S\u00fclz\u00adhayn. Le ch\u00eane doit son nom \u00e0&nbsp;un esca\u00adlier en coli\u00adma\u00ad\u00e7on qui a&nbsp;\u00e9t\u00e9 construit au d\u00e9but du 20\u00e8me si\u00e8cle pour atteindre la pla\u00adte\u00adforme d\u2019ob\u00adser\u00adva\u00adtion construite dans la cou\u00adronne du ch\u00eane. Comme le ch\u00eane se trou\u00advait \u00e0&nbsp;quelques m\u00e8tres de l\u2019an\u00adcienne fron\u00adti\u00e8re inter\u00adal\u00adle\u00admande, les troupes fron\u00adta\u00adli\u00e8res de&nbsp;[\u2026]<\/p>\n","protected":false},"author":11,"featured_media":20181,"parent":17801,"menu_order":10165,"comment_status":"closed","ping_status":"closed","template":"","meta":{"_seopress_robots_primary_cat":"","_seopress_titles_title":"","_seopress_titles_desc":"","_seopress_robots_index":"","wp_typography_post_enhancements_disabled":false,"iawp_total_views":0,"footnotes":""},"hf_cat_page":[120],"class_list":["post-20180","page","type-page","status-publish","has-post-thumbnail"],"blocksy_meta":[],"_links":{"self":[{"href":"https:\/\/www.harzer-wandernadel.de\/fr\/wp-json\/wp\/v2\/pages\/20180","targetHints":{"allow":["GET"]}}],"collection":[{"href":"https:\/\/www.harzer-wandernadel.de\/fr\/wp-json\/wp\/v2\/pages"}],"about":[{"href":"https:\/\/www.harzer-wandernadel.de\/fr\/wp-json\/wp\/v2\/types\/page"}],"author":[{"embeddable":true,"href":"https:\/\/www.harzer-wandernadel.de\/fr\/wp-json\/wp\/v2\/users\/11"}],"replies":[{"embeddable":true,"href":"https:\/\/www.harzer-wandernadel.de\/fr\/wp-json\/wp\/v2\/comments?post=20180"}],"version-history":[{"count":1,"href":"https:\/\/www.harzer-wandernadel.de\/fr\/wp-json\/wp\/v2\/pages\/20180\/revisions"}],"predecessor-version":[{"id":20182,"href":"https:\/\/www.harzer-wandernadel.de\/fr\/wp-json\/wp\/v2\/pages\/20180\/revisions\/20182"}],"up":[{"embeddable":true,"href":"https:\/\/www.harzer-wandernadel.de\/fr\/wp-json\/wp\/v2\/pages\/17801"}],"wp:featuredmedia":[{"embeddable":true,"href":"https:\/\/www.harzer-wandernadel.de\/fr\/wp-json\/wp\/v2\/media\/20181"}],"wp:attachment":[{"href":"https:\/\/www.harzer-wandernadel.de\/fr\/wp-json\/wp\/v2\/media?parent=20180"}],"wp:term":[{"taxonomy":"hf_cat_page","embeddable":true,"href":"https:\/\/www.harzer-wandernadel.de\/fr\/wp-json\/wp\/v2\/hf_cat_page?post=20180"}],"curies":[{"name":"wp","href":"https:\/\/api.w.org\/{rel}","templated":true}]}}