{"id":20173,"date":"2016-02-19T14:50:10","date_gmt":"2016-02-19T13:50:10","guid":{"rendered":"https:\/\/www.harzer-wandernadel.de\/pointage\/carte-generale\/poincon-164-belle-mere\/"},"modified":"2026-01-29T14:59:51","modified_gmt":"2026-01-29T13:59:51","slug":"poincon-164-belle-mere","status":"publish","type":"page","link":"https:\/\/www.harzer-wandernadel.de\/fr\/pointage\/carte-generale\/poincon-164-belle-mere\/","title":{"rendered":"Poin\u00e7on 164 \/ belle-m\u00e8re"},"content":{"rendered":"\n<h2 class=\"wp-block-heading\">Le carrefour des chemins \u00ab&nbsp;Stiefmutter&nbsp;\u00bb se trouve au-dessus de la prairie des cent matins dans la vall\u00e9e de l\u2019Elsbach pr\u00e8s de&nbsp;Zorge.<\/h2>\n\n<div class=\"wp-block-stackable-image alignwide stk-block-image stk-block stk-89e1006\" data-block-id=\"89e1006\"><style>.stk-89e1006 {margin-top:3% !important;margin-bottom:3% !important;}<\/style><figure><span class=\"stk-img-wrapper stk-image--shape-stretch stk--has-lightbox\"><img decoding=\"async\" width=\"2048\" height=\"1365\" src=\"https:\/\/www.harzer-wandernadel.de\/wp-content\/uploads\/2016\/02\/Hundertmorgenwiese-4.jpg\" class=\"attachment-full size-full wp-post-image\" alt srcset=\"https:\/\/www.harzer-wandernadel.de\/wp-content\/uploads\/2016\/02\/Hundertmorgenwiese-4.jpg 2048w, https:\/\/www.harzer-wandernadel.de\/wp-content\/uploads\/2016\/02\/Hundertmorgenwiese-4-300x200.jpg 300w, https:\/\/www.harzer-wandernadel.de\/wp-content\/uploads\/2016\/02\/Hundertmorgenwiese-4-768x512.jpg 768w, https:\/\/www.harzer-wandernadel.de\/wp-content\/uploads\/2016\/02\/Hundertmorgenwiese-4-1024x683.jpg 1024w, https:\/\/www.harzer-wandernadel.de\/wp-content\/uploads\/2016\/02\/Hundertmorgenwiese-4-250x167.jpg 250w, https:\/\/www.harzer-wandernadel.de\/wp-content\/uploads\/2016\/02\/Hundertmorgenwiese-4-624x416.jpg 624w\" sizes=\"(max-width: 2048px) 100vw, 2048px\"><\/span><\/figure><\/div>\n\n<p>Les prai\u00adries de mon\u00adtagne du Harz se carac\u00adt\u00e9\u00adrisent par une diver\u00adsi\u00adt\u00e9 unique d\u2019es\u00adp\u00e8ces v\u00e9g\u00e9\u00adtales et sont consi\u00add\u00e9\u00adr\u00e9es comme des tr\u00e9\u00adsors bota\u00adniques. Elles sont n\u00e9es d\u2019un mode d\u2019ex\u00adploi\u00adta\u00adtion ances\u00adtral, en ce sens qu\u2019elles \u00e9taient tou\u00adjours fau\u00adch\u00e9es et s\u00e9ch\u00e9es en foin \u00e0&nbsp;par\u00adtir du 24 juin (Saint-Jean) en tant que pr\u00e9\u00adcieux four\u00adrage pour l\u2019hi\u00adver. Avec l\u2019a\u00adban\u00addon de l\u2019a\u00adgri\u00adcul\u00adture dans les petites villes du Harz, les prai\u00adries de mon\u00adtagne ont \u00e9ga\u00adle\u00adment disparu.&nbsp;<\/p>\n\n<p>L\u2019ad\u00admi\u00adnis\u00adtra\u00adtion fores\u00adti\u00e8re du land de Basse-Saxe s\u2019est don\u00adn\u00e9 pour mis\u00adsion de pr\u00e9\u00adser\u00adver ces prai\u00adries de mon\u00adtagne pro\u00adt\u00e9\u00adg\u00e9es par l\u2019UE. Elle pr\u00e9\u00adserve les prai\u00adries de mon\u00adtagne exis\u00adtantes en les entre\u00adte\u00adnant et en les uti\u00adli\u00adsant de mani\u00e8re pro\u00adfes\u00adsion\u00adnelle et remet en \u00e9tat les anciennes prai\u00adries de mon\u00adtagne en enle\u00advant les arbres et en les entre\u00adte\u00adnant ensuite. Par exemple, en 2005, plus de 2000 arbres ont \u00e9t\u00e9 abat\u00adtus sur la prai\u00adrie de Hun\u00addert\u00admor\u00adgen et la sur\u00adface de la prai\u00adrie a&nbsp;\u00e9t\u00e9 aug\u00admen\u00adt\u00e9e de 25&nbsp;ha.&nbsp;<\/p>\n\n<div class=\"wp-block-buttons is-layout-flex wp-block-buttons-is-layout-flex\">\n<div class=\"wp-block-button\"><a class=\"wp-block-button__link wp-element-button\" href=\"http:\/\/www.landesforsten.de\">For\u00eats natio\u00adnales<\/a><\/div>\n<\/div>\n\n<p>Depuis le par\u00adking de la mai\u00adson de cure de Zorge, le sen\u00adtier bali\u00ads\u00e9 des prai\u00adries de mon\u00adtagne m\u00e8ne \u00e0&nbsp;la belle-m\u00e8re en pas\u00adsant par le <a href=\"https:\/\/www.harzer-wandernadel.de\/stempelstellen\/uebersichtskarte\/stempelstelle-165-wendel-eiche\/\" data-type=\"page\" data-id=\"1209\">ch\u00eane tour\u00adnant HWN 165<\/a>. De l\u00e0, tu peux aus\u00adsi bien int\u00e9\u00adgrer le point de poin\u00adtage <a href=\"https:\/\/www.harzer-wandernadel.de\/fr\/pointage\/carte-generale\/pointage-90-tir-rouge\/\" data-type=\"page\" data-id=\"968\">\u00ab&nbsp;Roter Schuss&nbsp;\u00bb HWN 90<\/a> dans le circuit.&nbsp;<\/p>\n","protected":false},"excerpt":{"rendered":"<p>Le car\u00adre\u00adfour des che\u00admins \u00ab&nbsp;Stief\u00admut\u00adter&nbsp;\u00bb se trouve au-des\u00adsus de la prai\u00adrie des cent matins dans la val\u00adl\u00e9e de l\u2019Elsbach pr\u00e8s de&nbsp;Zorge. Les prai\u00adries de mon\u00adtagne du Harz se carac\u00adt\u00e9\u00adrisent par une diver\u00adsi\u00adt\u00e9 unique d\u2019es\u00adp\u00e8ces v\u00e9g\u00e9\u00adtales et sont consi\u00add\u00e9\u00adr\u00e9es comme des tr\u00e9\u00adsors bota\u00adniques. Elles sont n\u00e9es d\u2019un mode d\u2019ex\u00adploi\u00adta\u00adtion ances\u00adtral, en ce sens qu\u2019elles \u00e9taient toujours&nbsp;[\u2026]<\/p>\n","protected":false},"author":11,"featured_media":20174,"parent":17801,"menu_order":10164,"comment_status":"closed","ping_status":"closed","template":"","meta":{"_seopress_robots_primary_cat":"","_seopress_titles_title":"","_seopress_titles_desc":"","_seopress_robots_index":"","wp_typography_post_enhancements_disabled":false,"iawp_total_views":0,"footnotes":""},"hf_cat_page":[120],"class_list":["post-20173","page","type-page","status-publish","has-post-thumbnail"],"blocksy_meta":[],"_links":{"self":[{"href":"https:\/\/www.harzer-wandernadel.de\/fr\/wp-json\/wp\/v2\/pages\/20173","targetHints":{"allow":["GET"]}}],"collection":[{"href":"https:\/\/www.harzer-wandernadel.de\/fr\/wp-json\/wp\/v2\/pages"}],"about":[{"href":"https:\/\/www.harzer-wandernadel.de\/fr\/wp-json\/wp\/v2\/types\/page"}],"author":[{"embeddable":true,"href":"https:\/\/www.harzer-wandernadel.de\/fr\/wp-json\/wp\/v2\/users\/11"}],"replies":[{"embeddable":true,"href":"https:\/\/www.harzer-wandernadel.de\/fr\/wp-json\/wp\/v2\/comments?post=20173"}],"version-history":[{"count":1,"href":"https:\/\/www.harzer-wandernadel.de\/fr\/wp-json\/wp\/v2\/pages\/20173\/revisions"}],"predecessor-version":[{"id":20175,"href":"https:\/\/www.harzer-wandernadel.de\/fr\/wp-json\/wp\/v2\/pages\/20173\/revisions\/20175"}],"up":[{"embeddable":true,"href":"https:\/\/www.harzer-wandernadel.de\/fr\/wp-json\/wp\/v2\/pages\/17801"}],"wp:featuredmedia":[{"embeddable":true,"href":"https:\/\/www.harzer-wandernadel.de\/fr\/wp-json\/wp\/v2\/media\/20174"}],"wp:attachment":[{"href":"https:\/\/www.harzer-wandernadel.de\/fr\/wp-json\/wp\/v2\/media?parent=20173"}],"wp:term":[{"taxonomy":"hf_cat_page","embeddable":true,"href":"https:\/\/www.harzer-wandernadel.de\/fr\/wp-json\/wp\/v2\/hf_cat_page?post=20173"}],"curies":[{"name":"wp","href":"https:\/\/api.w.org\/{rel}","templated":true}]}}