{"id":20142,"date":"2016-02-19T14:08:27","date_gmt":"2016-02-19T13:08:27","guid":{"rendered":"https:\/\/www.harzer-wandernadel.de\/pointage\/carte-generale\/pointage-148-sentier-des-mythes-de-la-nature-nph\/"},"modified":"2026-01-29T14:59:19","modified_gmt":"2026-01-29T13:59:19","slug":"pointage-148-sentier-des-mythes-de-la-nature-nph","status":"publish","type":"page","link":"https:\/\/www.harzer-wandernadel.de\/fr\/pointage\/carte-generale\/pointage-148-sentier-des-mythes-de-la-nature-nph\/","title":{"rendered":"Pointage 148 \/ Sentier des mythes de la nature (NPH)"},"content":{"rendered":"\n<h2 class=\"wp-block-heading\">Le sentier des mythes naturels se trouve au milieu du parc national du Harz, non loin de l\u2019auberge de jeunesse de Braunlage.<\/h2>\n\n<div class=\"wp-block-stackable-image alignwide stk-block-image stk-block stk-89e1006\" data-block-id=\"89e1006\"><style>.stk-89e1006 {margin-top:3% !important;margin-bottom:3% !important;}<\/style><figure><span class=\"stk-img-wrapper stk-image--shape-stretch stk--has-lightbox\"><img decoding=\"async\" width=\"1021\" height=\"765\" src=\"https:\/\/www.harzer-wandernadel.de\/wp-content\/uploads\/2016\/02\/HWN-Naturmythenpfad-Horst-M\u00fcller2.jpg\" class=\"attachment-full size-full wp-post-image\" alt=\"Lac de for\u00eat calme avec reflet dans l'eau\" srcset=\"https:\/\/www.harzer-wandernadel.de\/wp-content\/uploads\/2016\/02\/HWN-Naturmythenpfad-Horst-M\u00fcller2.jpg 1021w, https:\/\/www.harzer-wandernadel.de\/wp-content\/uploads\/2016\/02\/HWN-Naturmythenpfad-Horst-M\u00fcller2-300x225.jpg 300w, https:\/\/www.harzer-wandernadel.de\/wp-content\/uploads\/2016\/02\/HWN-Naturmythenpfad-Horst-M\u00fcller2-768x575.jpg 768w, https:\/\/www.harzer-wandernadel.de\/wp-content\/uploads\/2016\/02\/HWN-Naturmythenpfad-Horst-M\u00fcller2-250x187.jpg 250w, https:\/\/www.harzer-wandernadel.de\/wp-content\/uploads\/2016\/02\/HWN-Naturmythenpfad-Horst-M\u00fcller2-624x468.jpg 624w\" sizes=\"(max-width: 1021px) 100vw, 1021px\"><\/span><\/figure><\/div>\n\n<p>Le sen\u00adtier des mythes de la nature est un pro\u00adjet com\u00admun du parc natio\u00adnal du Harz et du Bil\u00addung\u00adswerk Nie\u00adders\u00e4ch\u00adsi\u00adscher Volk\u00adshoch\u00adschu\u00adlen. L\u2019\u00e9\u00adquipe d\u2019ar\u00adtistes Lan\u00addArt de Hanovre a&nbsp;con\u00e7u les dif\u00adf\u00e9\u00adrentes stations.&nbsp;<\/p>\n\n<p>Les mythes, tout comme les l\u00e9gendes et les contes, font par\u00adtie du patri\u00admoine cultu\u00adrel le plus ancien de l\u2019hu\u00adma\u00adni\u00adt\u00e9. Ils nous ren\u00adseignent sur la fa\u00e7on dont l\u2019homme pen\u00adsait et res\u00adsen\u00adtait et com\u00adment il expli\u00adquait ce qui se pas\u00adsait autour de lui et avec lui-m\u00eame. Dans les mythes, nos anc\u00eatres d\u00e9crivent le deve\u00adnir et la dis\u00adpa\u00adri\u00adtion de la terre. La nature en tant qu\u2019\u00adha\u00adbi\u00adtat glo\u00adbal est au centre.<br>Suis le sen\u00adtier des mythes de la nature d\u2019en\u00advi\u00adron 4&nbsp;km.&nbsp;<\/p>\n\n<p>\u2026un che\u00admin \u00e0&nbsp;tra\u00advers le parc natio\u00adnal du Harz<br>\u2026un che\u00admin vers la connais\u00adsance<br>\u2026un che\u00admin vers l\u2019in\u00adte\u00adrac\u00adtion<br>\u2026un che\u00admin vers nous-m\u00eames<\/p>\n\n<p>Dix sta\u00adtions par\u00adti\u00adci\u00adpa\u00adtives t\u2019in\u00advitent \u00e0&nbsp;suivre les traces mythiques de la rela\u00adtion entre l\u2019homme et la nature.<\/p>\n\n<p>Qui a&nbsp;peur du grand m\u00e9chant loup&nbsp;? Ou est-ce que c\u2019est l\u2019homme qui fait peur&nbsp;? Le loup et l\u2019homme sont-ils li\u00e9s par bien plus de choses que nous ne le pen\u00adsons&nbsp;? Quelle force sym\u00adbo\u00adlique \u00e9mane d\u2019un arbre&nbsp;? Et pour\u00adquoi la beau\u00adt\u00e9 et le chant des oiseaux nous enchantent-ils&nbsp;?&nbsp;<\/p>\n\n<p>\u00c9coute le chant des nymphes du ruis\u00adseau. Fais-toi exau\u00adcer un v\u0153u par l\u2019arbre \u00e0&nbsp;sou\u00adhaits. Et trouve un che\u00admin vers toi-m\u00eame dans le laby\u00adrinthe. Nous te sou\u00adhai\u00adtons beau\u00adcoup de plaisir.&nbsp;<\/p>\n\n<div class=\"wp-block-buttons is-layout-flex wp-block-buttons-is-layout-flex\">\n<div class=\"wp-block-button\"><a class=\"wp-block-button__link wp-element-button\" href=\"https:\/\/www.nationalpark-harz.de\/de\/natur-erleben\/natur-erlebnispfade\/naturmythenpfad\/\" target=\"_blank\" rel=\"noreferrer noopener\">Sen\u00adtier des mythes de la nature<\/a><\/div>\n<\/div>\n\n<p>Tu atteins le sen\u00adtier depuis le point de ren\u00adcontre pour les ran\u00addon\u00adneurs du parc natio\u00adnal \u00e0&nbsp;l\u2019au\u00adberge de jeu\u00adnesse de Braun\u00adlage apr\u00e8s envi\u00adron 750 m\u00e8tres. La bo\u00eete de tam\u00adpons se trouve direc\u00adte\u00adment sur le sen\u00adtier des mythes de la nature, pr\u00e8s du roman\u00adtique \u00e9tang d\u2019argent.&nbsp;<\/p>\n\n<p>&nbsp;<\/p>\n","protected":false},"excerpt":{"rendered":"<p>Le sen\u00adtier des mythes natu\u00adrels se trouve au milieu du parc natio\u00adnal du Harz, non loin de l\u2019auberge de jeu\u00adnesse de Braun\u00adlage. Le sen\u00adtier des mythes de la nature est un pro\u00adjet com\u00admun du parc natio\u00adnal du Harz et du Bil\u00addung\u00adswerk Nie\u00adders\u00e4ch\u00adsi\u00adscher Volk\u00adshoch\u00adschu\u00adlen. L\u2019\u00e9\u00adquipe d\u2019ar\u00adtistes Lan\u00addArt de Hanovre a&nbsp;con\u00e7u les dif\u00adf\u00e9\u00adrentes sta\u00adtions.&nbsp; Les mythes, tout&nbsp;[\u2026]<\/p>\n","protected":false},"author":11,"featured_media":20146,"parent":17801,"menu_order":10148,"comment_status":"closed","ping_status":"closed","template":"","meta":{"_seopress_robots_primary_cat":"","_seopress_titles_title":"","_seopress_titles_desc":"","_seopress_robots_index":"","wp_typography_post_enhancements_disabled":false,"iawp_total_views":0,"footnotes":""},"hf_cat_page":[120],"class_list":["post-20142","page","type-page","status-publish","has-post-thumbnail"],"blocksy_meta":[],"_links":{"self":[{"href":"https:\/\/www.harzer-wandernadel.de\/fr\/wp-json\/wp\/v2\/pages\/20142","targetHints":{"allow":["GET"]}}],"collection":[{"href":"https:\/\/www.harzer-wandernadel.de\/fr\/wp-json\/wp\/v2\/pages"}],"about":[{"href":"https:\/\/www.harzer-wandernadel.de\/fr\/wp-json\/wp\/v2\/types\/page"}],"author":[{"embeddable":true,"href":"https:\/\/www.harzer-wandernadel.de\/fr\/wp-json\/wp\/v2\/users\/11"}],"replies":[{"embeddable":true,"href":"https:\/\/www.harzer-wandernadel.de\/fr\/wp-json\/wp\/v2\/comments?post=20142"}],"version-history":[{"count":1,"href":"https:\/\/www.harzer-wandernadel.de\/fr\/wp-json\/wp\/v2\/pages\/20142\/revisions"}],"predecessor-version":[{"id":20147,"href":"https:\/\/www.harzer-wandernadel.de\/fr\/wp-json\/wp\/v2\/pages\/20142\/revisions\/20147"}],"up":[{"embeddable":true,"href":"https:\/\/www.harzer-wandernadel.de\/fr\/wp-json\/wp\/v2\/pages\/17801"}],"wp:featuredmedia":[{"embeddable":true,"href":"https:\/\/www.harzer-wandernadel.de\/fr\/wp-json\/wp\/v2\/media\/20146"}],"wp:attachment":[{"href":"https:\/\/www.harzer-wandernadel.de\/fr\/wp-json\/wp\/v2\/media?parent=20142"}],"wp:term":[{"taxonomy":"hf_cat_page","embeddable":true,"href":"https:\/\/www.harzer-wandernadel.de\/fr\/wp-json\/wp\/v2\/hf_cat_page?post=20142"}],"curies":[{"name":"wp","href":"https:\/\/api.w.org\/{rel}","templated":true}]}}