{"id":20135,"date":"2016-02-19T14:04:55","date_gmt":"2016-02-19T13:04:55","guid":{"rendered":"https:\/\/www.harzer-wandernadel.de\/pointage\/carte-generale\/pointage-144-hanskuehnenburg\/"},"modified":"2026-01-29T14:59:20","modified_gmt":"2026-01-29T13:59:20","slug":"pointage-144-hanskuehnenburg","status":"publish","type":"page","link":"https:\/\/www.harzer-wandernadel.de\/fr\/pointage\/carte-generale\/pointage-144-hanskuehnenburg\/","title":{"rendered":"Pointage 144 \/ Hansk\u00fchnenburg"},"content":{"rendered":"\n<h2 class=\"wp-block-heading\">Le restaurant forestier Hansk\u00fchnenburg (811&nbsp;m&nbsp;d\u2019altitude) se trouve sur la cr\u00eate \u00ab&nbsp;Auf dem Acker&nbsp;\u00bb dans le parc national du Harz entre Osterode, Riefensbeek et Sieber.<\/h2>\n\n<div class=\"wp-block-stackable-image alignwide stk-block-image stk-block stk-89e1006\" data-block-id=\"89e1006\"><style>.stk-89e1006 {margin-top:3% !important;margin-bottom:3% !important;}<\/style><figure><span class=\"stk-img-wrapper stk-image--shape-stretch stk--has-lightbox\"><img decoding=\"async\" width=\"842\" height=\"590\" src=\"https:\/\/www.harzer-wandernadel.de\/wp-content\/uploads\/2016\/02\/HWN-Hansk\u00fchnenburg-Dirk-Donat-Ausschnitt.jpg\" class=\"attachment-full size-full wp-post-image\" alt=\"Tour d'observation historique dans la verdure avec auberge\" srcset=\"https:\/\/www.harzer-wandernadel.de\/wp-content\/uploads\/2016\/02\/HWN-Hansk\u00fchnenburg-Dirk-Donat-Ausschnitt.jpg 842w, https:\/\/www.harzer-wandernadel.de\/wp-content\/uploads\/2016\/02\/HWN-Hansk\u00fchnenburg-Dirk-Donat-Ausschnitt-300x210.jpg 300w, https:\/\/www.harzer-wandernadel.de\/wp-content\/uploads\/2016\/02\/HWN-Hansk\u00fchnenburg-Dirk-Donat-Ausschnitt-768x538.jpg 768w, https:\/\/www.harzer-wandernadel.de\/wp-content\/uploads\/2016\/02\/HWN-Hansk\u00fchnenburg-Dirk-Donat-Ausschnitt-250x175.jpg 250w, https:\/\/www.harzer-wandernadel.de\/wp-content\/uploads\/2016\/02\/HWN-Hansk\u00fchnenburg-Dirk-Donat-Ausschnitt-624x437.jpg 624w\" sizes=\"(max-width: 842px) 100vw, 842px\"><\/span><\/figure><\/div>\n\n<p>Le nom \u00ab&nbsp;Acker&nbsp;\u00bb n\u2019a d\u2019ailleurs rien \u00e0&nbsp;voir avec le champ de l\u2019a\u00adgri\u00adcul\u00adture \u2013 il vient du moyen haut alle\u00admand \u00ab&nbsp;agger&nbsp;\u00bb, qui signi\u00adfie cr\u00eate ou rem\u00adpart \u2013 c\u2019est exac\u00adte\u00adment la forme g\u00e9o\u00adgra\u00adphique de la col\u00adline de l\u2019Acker.<\/p>\n\n<p>Depuis plus de 120 ans, le ch\u00e2\u00adteau de Hansk\u00fch\u00adnen\u00adburg est le but de ran\u00addon\u00adn\u00e9e d\u2019in\u00adnom\u00adbrables visi\u00adteurs du Harz. En 1889, la pre\u00admi\u00e8re tour en bois du ch\u00e2\u00adteau de Hansk\u00fch\u00adnen a&nbsp;\u00e9t\u00e9 inau\u00adgu\u00adr\u00e9e par la branche du Harzk\u00adlub d\u2019Os\u00adte\u00adrode am Harz. En 1914, la tour en bois a&nbsp;\u00e9t\u00e9 trans\u00adfor\u00adm\u00e9e en une tour en pierre et ouverte au public. En 1974\/75, la tour a&nbsp;\u00e9t\u00e9 r\u00e9no\u00adv\u00e9e par le dis\u00adtrict d\u2019Os\u00adte\u00adrode am Harz et l\u2019en\u00adsemble de la struc\u00adture a&nbsp;\u00e9t\u00e9 agrandi.&nbsp;<\/p>\n\n<p>La tour d\u2019ob\u00adser\u00adva\u00adtion est visible jusque loin dans l\u2019a\u00advant-pays du Harz et dans le sud-ouest du Harz. Que ce soit \u00e0&nbsp;P\u00f6hlde depuis le Rothen\u00adburg, depuis la for\u00eat de Wes\u00adth\u00f6\u00adfer ou depuis Willen\u00adsen, la tour d\u2019ob\u00adser\u00adva\u00adtion de Hansk\u00fch\u00adnen\u00adburg est un point mar\u00adquant dans le Harz. Entre Oste\u00adrode et Claus\u00adthal-Zel\u00adler\u00adfeld , ain\u00adsi que depuis Ravens\u00adberg et Hohe\u00adgei\u00df, on a&nbsp;\u00e9ga\u00adle\u00adment une bonne vue sur la tour d\u2019ob\u00adser\u00adva\u00adtion du ch\u00e2\u00adteau de Hansk\u00fchnenburg.&nbsp;<\/p>\n\n<p>Goethe avait d\u00e9j\u00e0 visi\u00adt\u00e9 le rocher de Hansk\u00fch\u00adnen\u00adburg en 1784 et avait appr\u00e9\u00adci\u00e9 la nature magni\u00adfique et la vue unique sur les val\u00adl\u00e9es du Harzumland.<\/p>\n\n<div class=\"wp-block-buttons is-layout-flex wp-block-buttons-is-layout-flex\">\n<div class=\"wp-block-button\"><a class=\"wp-block-button__link wp-element-button\" href=\"https:\/\/www.hanskuehnenburg-im-harz.de\/\" target=\"_blank\" rel=\"noreferrer noopener\">Ch\u00e2\u00adteau de Hansk\u00fchne dans le&nbsp;Harz<\/a><\/div>\n<\/div>\n\n<p>En par\u00adtant de la sta\u00adtion de blan\u00adchi\u00adment d\u2019Os\u00adte\u00adrode, le che\u00admin passe par le pont noir et longe le sen\u00adtier de p\u00eache en direc\u00adtion de Rie\u00adfens\u00adbeek et, \u00e0&nbsp;par\u00adtir du pr\u00e9-bar\u00adrage, m\u00e8ne direc\u00adte\u00adment au ch\u00e2\u00adteau de Hansk\u00fchnenburg.<\/p>\n\n<p>Un autre che\u00admin tr\u00e8s appr\u00e9\u00adci\u00e9 m\u00e8ne direc\u00adte\u00adment au ch\u00e2\u00adteau de Hansk\u00fch\u00adnen\u00adburg depuis la route \u00e0&nbsp;grande cir\u00adcu\u00adla\u00adtion Harz B242, par\u00adking Stie\u00adglit\u00adzeck pr\u00e8s des \u00e9oliennes, en pas\u00adsant par le large che\u00admin fores\u00adtier Ackers\u00adtra\u00dfe ou par le tr\u00e8s sau\u00advage Reits\u00adtieg avec une vue magni\u00adfique au&nbsp;loin.<\/p>\n","protected":false},"excerpt":{"rendered":"<p>Le res\u00adtau\u00adrant fores\u00adtier Hansk\u00fch\u00adnen\u00adburg (811&nbsp;m&nbsp;d\u2019altitude) se trouve sur la cr\u00eate \u00ab&nbsp;Auf dem Acker&nbsp;\u00bb dans le parc natio\u00adnal du Harz entre Oste\u00adrode, Rie\u00adfens\u00adbeek et Sie\u00adber. Le nom \u00ab&nbsp;Acker&nbsp;\u00bb n\u2019a d\u2019ailleurs rien \u00e0&nbsp;voir avec le champ de l\u2019a\u00adgri\u00adcul\u00adture \u2013 il vient du moyen haut alle\u00admand \u00ab&nbsp;agger&nbsp;\u00bb, qui signi\u00adfie cr\u00eate ou rem\u00adpart \u2013 c\u2019est exac\u00adte\u00adment la forme g\u00e9ographique&nbsp;[\u2026]<\/p>\n","protected":false},"author":11,"featured_media":20137,"parent":17801,"menu_order":10144,"comment_status":"closed","ping_status":"closed","template":"","meta":{"_seopress_robots_primary_cat":"","_seopress_titles_title":"","_seopress_titles_desc":"","_seopress_robots_index":"","wp_typography_post_enhancements_disabled":false,"iawp_total_views":1,"footnotes":""},"hf_cat_page":[120],"class_list":["post-20135","page","type-page","status-publish","has-post-thumbnail"],"blocksy_meta":[],"_links":{"self":[{"href":"https:\/\/www.harzer-wandernadel.de\/fr\/wp-json\/wp\/v2\/pages\/20135","targetHints":{"allow":["GET"]}}],"collection":[{"href":"https:\/\/www.harzer-wandernadel.de\/fr\/wp-json\/wp\/v2\/pages"}],"about":[{"href":"https:\/\/www.harzer-wandernadel.de\/fr\/wp-json\/wp\/v2\/types\/page"}],"author":[{"embeddable":true,"href":"https:\/\/www.harzer-wandernadel.de\/fr\/wp-json\/wp\/v2\/users\/11"}],"replies":[{"embeddable":true,"href":"https:\/\/www.harzer-wandernadel.de\/fr\/wp-json\/wp\/v2\/comments?post=20135"}],"version-history":[{"count":1,"href":"https:\/\/www.harzer-wandernadel.de\/fr\/wp-json\/wp\/v2\/pages\/20135\/revisions"}],"predecessor-version":[{"id":20138,"href":"https:\/\/www.harzer-wandernadel.de\/fr\/wp-json\/wp\/v2\/pages\/20135\/revisions\/20138"}],"up":[{"embeddable":true,"href":"https:\/\/www.harzer-wandernadel.de\/fr\/wp-json\/wp\/v2\/pages\/17801"}],"wp:featuredmedia":[{"embeddable":true,"href":"https:\/\/www.harzer-wandernadel.de\/fr\/wp-json\/wp\/v2\/media\/20137"}],"wp:attachment":[{"href":"https:\/\/www.harzer-wandernadel.de\/fr\/wp-json\/wp\/v2\/media?parent=20135"}],"wp:term":[{"taxonomy":"hf_cat_page","embeddable":true,"href":"https:\/\/www.harzer-wandernadel.de\/fr\/wp-json\/wp\/v2\/hf_cat_page?post=20135"}],"curies":[{"name":"wp","href":"https:\/\/api.w.org\/{rel}","templated":true}]}}