{"id":20121,"date":"2016-02-19T13:39:51","date_gmt":"2016-02-19T12:39:51","guid":{"rendered":"https:\/\/www.harzer-wandernadel.de\/pointage\/carte-generale\/pointage-135-wolfswarte-nph\/"},"modified":"2026-02-28T14:43:16","modified_gmt":"2026-02-28T13:43:16","slug":"pointage-135-wolfswarte-nph","status":"publish","type":"page","link":"https:\/\/www.harzer-wandernadel.de\/fr\/pointage\/carte-generale\/pointage-135-wolfswarte-nph\/","title":{"rendered":"Pointage 135 \/ Wolfswarte (NPH)"},"content":{"rendered":"\n<h2 class=\"wp-block-heading\">Le Wolfswarte (918&nbsp;m&nbsp;d\u2019altitude) est un sommet rocheux compos\u00e9 de quartzite de Bruchberg alt\u00e9r\u00e9, qui fait partie du massif de Bruchberg (927&nbsp;m&nbsp;d\u2019altitude) partiellement bois\u00e9 et de la zone centrale du parc national.<\/h2>\n\n<div class=\"wp-block-stackable-image alignwide stk-block-image stk-block stk-89e1006\" data-block-id=\"89e1006\"><style>.stk-89e1006 {margin-top:3% !important;margin-bottom:3% !important;}<\/style><figure><span class=\"stk-img-wrapper stk-image--shape-stretch stk--has-lightbox\"><img decoding=\"async\" width=\"3264\" height=\"1836\" src=\"https:\/\/www.harzer-wandernadel.de\/wp-content\/uploads\/2016\/02\/Wolfswarte2.jpg\" class=\"attachment-full size-full wp-post-image\" alt srcset=\"https:\/\/www.harzer-wandernadel.de\/wp-content\/uploads\/2016\/02\/Wolfswarte2.jpg 3264w, https:\/\/www.harzer-wandernadel.de\/wp-content\/uploads\/2016\/02\/Wolfswarte2-300x169.jpg 300w, https:\/\/www.harzer-wandernadel.de\/wp-content\/uploads\/2016\/02\/Wolfswarte2-768x432.jpg 768w, https:\/\/www.harzer-wandernadel.de\/wp-content\/uploads\/2016\/02\/Wolfswarte2-1024x576.jpg 1024w, https:\/\/www.harzer-wandernadel.de\/wp-content\/uploads\/2016\/02\/Wolfswarte2-624x351.jpg 624w\" sizes=\"(max-width: 3264px) 100vw, 3264px\"><\/span><\/figure><\/div>\n\n<p>Le Wolf\u00adswarte rocheux est faci\u00adle\u00adment recon\u00adnais\u00adsable depuis le Glo\u00adcken\u00adberg \u00e0&nbsp;Alte\u00adnau, depuis Schu\u00adlen\u00adberg et aus\u00adsi depuis Torf\u00adhaus. Le Wolf\u00adswarte offre une vue magni\u00adfique sur une grande par\u00adtie du Harz occi\u00adden\u00adtal jus\u00adqu\u2019\u00e0 loin dans l\u2019a\u00advant-pays du Harz sep\u00adten\u00adtrio\u00adnal, c\u2019est pour\u00adquoi il fait par\u00adtie des plus belles des\u00adti\u00adna\u00adtions de ran\u00addon\u00adn\u00e9e de tout le Harz, m\u00eame pour les amou\u00adreux de la nature.&nbsp;<\/p>\n\n<p>Les petits par\u00adkings sur la route de Torf\u00adhaus \u00e0&nbsp;Alte\u00adnau sont un bon point de d\u00e9part. De l\u00e0, tu peux rejoindre direc\u00adte\u00adment la falaise rocheuse du Wolf\u00adswarte en emprun\u00adtant le sen\u00adtier p\u00e9destre tr\u00e8s caillou\u00adteux et sou\u00advent mouill\u00e9.&nbsp;<\/p>\n\n<p>Depuis Alte\u00adnau, des che\u00admins plus confor\u00adtables mais plus longs, dont cer\u00adtains offrent d\u2019ex\u00adcel\u00adlents points de vue, m\u00e8nent \u00e0&nbsp;la Wolf\u00adswarte. Sur la droite du par\u00adking \u00ab&nbsp;Am M\u00fch\u00adlen\u00adberg&nbsp;\u00bb, le sen\u00adtier Gus\u00adtav Bau\u00admann m\u00e8ne \u00e0&nbsp;la digue en pas\u00adsant par le Kunst\u00adberg. En sui\u00advant un che\u00admin l\u00e9g\u00e8\u00adre\u00adment ascen\u00addant, tu arri\u00adve\u00adras \u00e0&nbsp;Oker\u00adstein en pas\u00adsant par le point de poin\u00adtage <a href=\"https:\/\/www.harzer-wandernadel.de\/fr\/pointage\/carte-generale\/pointage-134-gustav-baumann-weg\/\" data-type=\"page\" data-id=\"1143\">Gus\u00adtav-Bau\u00admann-Weg HWN 134<\/a>, puis tu conti\u00adnue\u00adras sur le che\u00admin Obe\u00adren Bruch\u00adberg\u00adweg jus\u00adqu\u2019au Wolfswarte.&nbsp;<\/p>\n","protected":false},"excerpt":{"rendered":"<p>Le Wolf\u00adswarte (918&nbsp;m&nbsp;d\u2019altitude) est un som\u00admet rocheux com\u00adpo\u00ads\u00e9 de quart\u00adzite de Bruch\u00adberg alt\u00e9\u00adr\u00e9, qui fait par\u00adtie du mas\u00adsif de Bruch\u00adberg (927&nbsp;m&nbsp;d\u2019altitude) par\u00adtiel\u00adle\u00adment boi\u00ads\u00e9 et de la zone cen\u00adtrale du parc natio\u00adnal. Le Wolf\u00adswarte rocheux est faci\u00adle\u00adment recon\u00adnais\u00adsable depuis le Glo\u00adcken\u00adberg \u00e0&nbsp;Alte\u00adnau, depuis Schu\u00adlen\u00adberg et aus\u00adsi depuis Torf\u00adhaus. Le Wolf\u00adswarte offre une vue magni\u00adfique sur&nbsp;une&nbsp;[\u2026]<\/p>\n","protected":false},"author":11,"featured_media":20125,"parent":17801,"menu_order":10135,"comment_status":"closed","ping_status":"closed","template":"","meta":{"_seopress_robots_primary_cat":"","_seopress_titles_title":"","_seopress_titles_desc":"","_seopress_robots_index":"","wp_typography_post_enhancements_disabled":false,"iawp_total_views":1,"footnotes":""},"hf_cat_page":[120],"class_list":["post-20121","page","type-page","status-publish","has-post-thumbnail"],"blocksy_meta":[],"_links":{"self":[{"href":"https:\/\/www.harzer-wandernadel.de\/fr\/wp-json\/wp\/v2\/pages\/20121","targetHints":{"allow":["GET"]}}],"collection":[{"href":"https:\/\/www.harzer-wandernadel.de\/fr\/wp-json\/wp\/v2\/pages"}],"about":[{"href":"https:\/\/www.harzer-wandernadel.de\/fr\/wp-json\/wp\/v2\/types\/page"}],"author":[{"embeddable":true,"href":"https:\/\/www.harzer-wandernadel.de\/fr\/wp-json\/wp\/v2\/users\/11"}],"replies":[{"embeddable":true,"href":"https:\/\/www.harzer-wandernadel.de\/fr\/wp-json\/wp\/v2\/comments?post=20121"}],"version-history":[{"count":2,"href":"https:\/\/www.harzer-wandernadel.de\/fr\/wp-json\/wp\/v2\/pages\/20121\/revisions"}],"predecessor-version":[{"id":24930,"href":"https:\/\/www.harzer-wandernadel.de\/fr\/wp-json\/wp\/v2\/pages\/20121\/revisions\/24930"}],"up":[{"embeddable":true,"href":"https:\/\/www.harzer-wandernadel.de\/fr\/wp-json\/wp\/v2\/pages\/17801"}],"wp:featuredmedia":[{"embeddable":true,"href":"https:\/\/www.harzer-wandernadel.de\/fr\/wp-json\/wp\/v2\/media\/20125"}],"wp:attachment":[{"href":"https:\/\/www.harzer-wandernadel.de\/fr\/wp-json\/wp\/v2\/media?parent=20121"}],"wp:term":[{"taxonomy":"hf_cat_page","embeddable":true,"href":"https:\/\/www.harzer-wandernadel.de\/fr\/wp-json\/wp\/v2\/hf_cat_page?post=20121"}],"curies":[{"name":"wp","href":"https:\/\/api.w.org\/{rel}","templated":true}]}}