{"id":20110,"date":"2016-02-19T13:44:51","date_gmt":"2016-02-19T12:44:51","guid":{"rendered":"https:\/\/www.harzer-wandernadel.de\/pointage\/carte-generale\/pointage-137-baerenbrucher-teich\/"},"modified":"2026-02-28T14:43:17","modified_gmt":"2026-02-28T13:43:17","slug":"pointage-137-baerenbrucher-teich","status":"publish","type":"page","link":"https:\/\/www.harzer-wandernadel.de\/fr\/pointage\/carte-generale\/pointage-137-baerenbrucher-teich\/","title":{"rendered":"Pointage 137 \/ B\u00e4renbrucher Teich"},"content":{"rendered":"\n<h2 class=\"wp-block-heading\">L\u2019\u00e9tang de B\u00e4renbruche est un \u00e9tang de barrage appartenant au r\u00e9seau hydrographique du Haut-Rhin pr\u00e8s de Buntenbock, dont l\u2019histoire peut \u00eatre retrac\u00e9e jusqu\u2019au 17\u00e8me si\u00e8cle.<\/h2>\n\n<div class=\"wp-block-stackable-image alignwide stk-block-image stk-block stk-89e1006\" data-block-id=\"89e1006\"><style>.stk-89e1006 {margin-top:3% !important;margin-bottom:3% !important;}<\/style><figure><span class=\"stk-img-wrapper stk-image--shape-stretch stk--has-lightbox\"><img decoding=\"async\" width=\"2048\" height=\"1152\" src=\"https:\/\/www.harzer-wandernadel.de\/wp-content\/uploads\/2016\/02\/B\u00e4renbrucher-Teiche.jpg\" class=\"attachment-full size-full wp-post-image\" alt srcset=\"https:\/\/www.harzer-wandernadel.de\/wp-content\/uploads\/2016\/02\/B\u00e4renbrucher-Teiche.jpg 2048w, https:\/\/www.harzer-wandernadel.de\/wp-content\/uploads\/2016\/02\/B\u00e4renbrucher-Teiche-300x169.jpg 300w, https:\/\/www.harzer-wandernadel.de\/wp-content\/uploads\/2016\/02\/B\u00e4renbrucher-Teiche-768x432.jpg 768w, https:\/\/www.harzer-wandernadel.de\/wp-content\/uploads\/2016\/02\/B\u00e4renbrucher-Teiche-1024x576.jpg 1024w, https:\/\/www.harzer-wandernadel.de\/wp-content\/uploads\/2016\/02\/B\u00e4renbrucher-Teiche-250x141.jpg 250w, https:\/\/www.harzer-wandernadel.de\/wp-content\/uploads\/2016\/02\/B\u00e4renbrucher-Teiche-624x351.jpg 624w\" sizes=\"(max-width: 2048px) 100vw, 2048px\"><\/span><\/figure><\/div>\n\n<p>\u00c0 l\u2019heure actuelle, l\u2019\u00e9\u00adtang de B\u00e4ren\u00adbruche est exploi\u00adt\u00e9 comme un \u00e9tang de d\u00e9bor\u00adde\u00adment, ce qui signi\u00adfie que l\u2019eau qui y&nbsp;afflue s\u2019\u00e9\u00adcoule dans l\u2019\u00e9\u00adtang de Zie\u00adgen\u00adberg par le biais du trop-plein.<\/p>\n\n<p>Il est recom\u00adman\u00add\u00e9 de se rendre \u00e0&nbsp;l\u2019\u00e9\u00adtang de B\u00e4ren\u00adbruche dans le cadre d\u2019une ran\u00addon\u00adn\u00e9e cir\u00adcu\u00adlaire adap\u00adt\u00e9e aux familles sur le \u00ab&nbsp;Was\u00adser\u00adWan\u00adder\u00adWeg Bun\u00adten\u00adbo\u00adcker Teiche&nbsp;\u00bb. La bo\u00eete de tam\u00adpons se trouve dans le refuge du barrage.&nbsp;<\/p>\n\n<p>Le point de d\u00e9part et d\u2019ar\u00adri\u00adv\u00e9e de ce cir\u00adcuit diver\u00adtis\u00adsant est le Grand \u00e9tang mar\u00e9\u00adca\u00adgeux \u00e0&nbsp;la p\u00e9ri\u00adph\u00e9\u00adrie de Bun\u00adten\u00adbock. Le long du che\u00admin se trouvent de nom\u00adbreux fos\u00ads\u00e9s et cours d\u2019eau cach\u00e9s, le Zie\u00adgen\u00adber\u00adger, le B\u00e4ren\u00adbru\u00adcher, le Pix\u00adhaier, et le Schwar\u00adzen\u00adba\u00adcher Teich ain\u00adsi que l\u2019au\u00adberge Pix\u00adhaier&nbsp;M\u00fchle.&nbsp;<\/p>\n\n<div class=\"wp-block-buttons is-layout-flex wp-block-buttons-is-layout-flex\">\n<div class=\"wp-block-button\"><a class=\"wp-block-button__link wp-element-button\" href=\"http:\/\/harzer-bergwald.de\/index.php\/wandertouren\/abenteuertouren\/33-unterwegs-im-oberharzer-wasserregal\">Sug\u00adges\u00adtion de cir\u00adcuit For\u00eat de mon\u00adtagne du&nbsp;Harz<\/a><\/div>\n<\/div>\n","protected":false},"excerpt":{"rendered":"<p>L\u2019\u00e9tang de B\u00e4ren\u00adbruche est un \u00e9tang de bar\u00adrage appar\u00adte\u00adnant au r\u00e9seau hydro\u00adgra\u00adphique du Haut-Rhin pr\u00e8s de Bun\u00adten\u00adbock, dont l\u2019histoire peut \u00eatre retra\u00adc\u00e9e jusqu\u2019au 17\u00e8me si\u00e8cle. \u00c0&nbsp;l\u2019heure actuelle, l\u2019\u00e9\u00adtang de B\u00e4ren\u00adbruche est exploi\u00adt\u00e9 comme un \u00e9tang de d\u00e9bor\u00adde\u00adment, ce qui signi\u00adfie que l\u2019eau qui y&nbsp;afflue s\u2019\u00e9\u00adcoule dans l\u2019\u00e9\u00adtang de Zie\u00adgen\u00adberg par le biais du trop-plein.&nbsp;[\u2026]<\/p>\n","protected":false},"author":11,"featured_media":20111,"parent":17801,"menu_order":10137,"comment_status":"closed","ping_status":"closed","template":"","meta":{"_seopress_robots_primary_cat":"","_seopress_titles_title":"","_seopress_titles_desc":"","_seopress_robots_index":"","wp_typography_post_enhancements_disabled":false,"iawp_total_views":0,"footnotes":""},"hf_cat_page":[120],"class_list":["post-20110","page","type-page","status-publish","has-post-thumbnail"],"blocksy_meta":[],"_links":{"self":[{"href":"https:\/\/www.harzer-wandernadel.de\/fr\/wp-json\/wp\/v2\/pages\/20110","targetHints":{"allow":["GET"]}}],"collection":[{"href":"https:\/\/www.harzer-wandernadel.de\/fr\/wp-json\/wp\/v2\/pages"}],"about":[{"href":"https:\/\/www.harzer-wandernadel.de\/fr\/wp-json\/wp\/v2\/types\/page"}],"author":[{"embeddable":true,"href":"https:\/\/www.harzer-wandernadel.de\/fr\/wp-json\/wp\/v2\/users\/11"}],"replies":[{"embeddable":true,"href":"https:\/\/www.harzer-wandernadel.de\/fr\/wp-json\/wp\/v2\/comments?post=20110"}],"version-history":[{"count":1,"href":"https:\/\/www.harzer-wandernadel.de\/fr\/wp-json\/wp\/v2\/pages\/20110\/revisions"}],"predecessor-version":[{"id":20112,"href":"https:\/\/www.harzer-wandernadel.de\/fr\/wp-json\/wp\/v2\/pages\/20110\/revisions\/20112"}],"up":[{"embeddable":true,"href":"https:\/\/www.harzer-wandernadel.de\/fr\/wp-json\/wp\/v2\/pages\/17801"}],"wp:featuredmedia":[{"embeddable":true,"href":"https:\/\/www.harzer-wandernadel.de\/fr\/wp-json\/wp\/v2\/media\/20111"}],"wp:attachment":[{"href":"https:\/\/www.harzer-wandernadel.de\/fr\/wp-json\/wp\/v2\/media?parent=20110"}],"wp:term":[{"taxonomy":"hf_cat_page","embeddable":true,"href":"https:\/\/www.harzer-wandernadel.de\/fr\/wp-json\/wp\/v2\/hf_cat_page?post=20110"}],"curies":[{"name":"wp","href":"https:\/\/api.w.org\/{rel}","templated":true}]}}