{"id":20105,"date":"2016-02-19T13:54:42","date_gmt":"2016-02-19T12:54:42","guid":{"rendered":"https:\/\/www.harzer-wandernadel.de\/pointage\/carte-generale\/pointage-142-mandolinenhuette\/"},"modified":"2026-02-28T14:43:20","modified_gmt":"2026-02-28T13:43:20","slug":"pointage-142-mandolinenhuette","status":"publish","type":"page","link":"https:\/\/www.harzer-wandernadel.de\/fr\/pointage\/carte-generale\/pointage-142-mandolinenhuette\/","title":{"rendered":"Pointage 142 \/ Mandolinenh\u00fctte"},"content":{"rendered":"\n<h2 class=\"wp-block-heading\">La Mandolinenh\u00fctte se trouve au-dessus de la vall\u00e9e d\u2019Ochsen entre Lauthental et le lac de barrage d\u2019Innerste.<\/h2>\n\n<div class=\"wp-block-stackable-image alignwide stk-block-image stk-block stk-89e1006\" data-block-id=\"89e1006\"><style>.stk-89e1006 {margin-top:3% !important;margin-bottom:3% !important;}<\/style><figure><span class=\"stk-img-wrapper stk-image--shape-stretch stk--has-lightbox\"><img decoding=\"async\" width=\"960\" height=\"540\" src=\"https:\/\/www.harzer-wandernadel.de\/wp-content\/uploads\/2016\/02\/HWN-Mandolinenh\u00fctte-B\u00f6kelmann.jpg\" class=\"attachment-full size-full wp-post-image\" alt=\"Place d'observation avec des bancs en bois dans les montagnes verdoyantes de la for\u00eat\" srcset=\"https:\/\/www.harzer-wandernadel.de\/wp-content\/uploads\/2016\/02\/HWN-Mandolinenh\u00fctte-B\u00f6kelmann.jpg 960w, https:\/\/www.harzer-wandernadel.de\/wp-content\/uploads\/2016\/02\/HWN-Mandolinenh\u00fctte-B\u00f6kelmann-300x169.jpg 300w, https:\/\/www.harzer-wandernadel.de\/wp-content\/uploads\/2016\/02\/HWN-Mandolinenh\u00fctte-B\u00f6kelmann-768x432.jpg 768w, https:\/\/www.harzer-wandernadel.de\/wp-content\/uploads\/2016\/02\/HWN-Mandolinenh\u00fctte-B\u00f6kelmann-250x141.jpg 250w, https:\/\/www.harzer-wandernadel.de\/wp-content\/uploads\/2016\/02\/HWN-Mandolinenh\u00fctte-B\u00f6kelmann-624x351.jpg 624w\" sizes=\"(max-width: 960px) 100vw, 960px\"><\/span><\/figure><\/div>\n\n<p>Depuis la Man\u00addo\u00adli\u00adnenh\u00fctte, tu as une vue excep\u00adtion\u00adnelle sur le lac de bar\u00adrage Innerste. A&nbsp;c\u00f4t\u00e9 de la cabane o\u00f9 se trouve le tam\u00adpon, le point de vue a&nbsp;\u00e9t\u00e9 am\u00e9\u00adna\u00adg\u00e9 avec un pia\u00adno \u00e0&nbsp;queue Stein\u00adway et un petit groupe de si\u00e8ges. La Man\u00addo\u00adli\u00adnenh\u00fctte, tout comme la <a href=\"https:\/\/www.harzer-wandernadel.de\/fr\/pointage\/carte-generale\/pointage-104-refuge-traenkebach\/\" data-type=\"page\" data-id=\"1082\">Tr\u00e4n\u00adke\u00adba\u00adchh\u00fctte HWN 104<\/a>, se trouve sur le Stein\u00adway Trail, qui m\u00e8ne de Wolf\u00adsha\u00adgen \u00e0&nbsp;Seesen.&nbsp;<\/p>\n\n<div class=\"wp-block-buttons is-layout-flex wp-block-buttons-is-layout-flex\">\n<div class=\"wp-block-button\"><a class=\"wp-block-button__link wp-element-button\" href=\"http:\/\/steinway-trail.de\/\">Stein\u00adway-Trail<\/a><\/div>\n<\/div>\n\n<p>Le point de d\u00e9part le plus pra\u00adtique est le lotis\u00adse\u00adment Spar\u00adren\u00adberg \u00e0&nbsp;la p\u00e9ri\u00adph\u00e9\u00adrie de Lau\u00adten\u00adthal. Le che\u00admin fl\u00e9\u00adch\u00e9 Och\u00adsen\u00adtal\u00adweg com\u00admence \u00e0&nbsp;l\u2019ar\u00adr\u00eat de bus et m\u00e8ne \u00e0&nbsp;la Man\u00addo\u00adli\u00adnenh\u00fctte apr\u00e8s envi\u00adron 1,5&nbsp;km.&nbsp;<\/p>\n","protected":false},"excerpt":{"rendered":"<p>La Man\u00addo\u00adli\u00adnenh\u00fctte se trouve au-des\u00adsus de la val\u00adl\u00e9e d\u2019Ochsen entre Lau\u00adthen\u00adtal et le lac de bar\u00adrage d\u2019Innerste. Depuis la Man\u00addo\u00adli\u00adnenh\u00fctte, tu as une vue excep\u00adtion\u00adnelle sur le lac de bar\u00adrage Innerste. A&nbsp;c\u00f4t\u00e9 de la cabane o\u00f9 se trouve le tam\u00adpon, le point de vue a&nbsp;\u00e9t\u00e9 am\u00e9\u00adna\u00adg\u00e9 avec un pia\u00adno \u00e0&nbsp;queue Stein\u00adway et un petit groupe&nbsp;[\u2026]<\/p>\n","protected":false},"author":11,"featured_media":20108,"parent":17801,"menu_order":10142,"comment_status":"closed","ping_status":"closed","template":"","meta":{"_seopress_robots_primary_cat":"","_seopress_titles_title":"","_seopress_titles_desc":"","_seopress_robots_index":"","wp_typography_post_enhancements_disabled":false,"iawp_total_views":0,"footnotes":""},"hf_cat_page":[120],"class_list":["post-20105","page","type-page","status-publish","has-post-thumbnail"],"blocksy_meta":[],"_links":{"self":[{"href":"https:\/\/www.harzer-wandernadel.de\/fr\/wp-json\/wp\/v2\/pages\/20105","targetHints":{"allow":["GET"]}}],"collection":[{"href":"https:\/\/www.harzer-wandernadel.de\/fr\/wp-json\/wp\/v2\/pages"}],"about":[{"href":"https:\/\/www.harzer-wandernadel.de\/fr\/wp-json\/wp\/v2\/types\/page"}],"author":[{"embeddable":true,"href":"https:\/\/www.harzer-wandernadel.de\/fr\/wp-json\/wp\/v2\/users\/11"}],"replies":[{"embeddable":true,"href":"https:\/\/www.harzer-wandernadel.de\/fr\/wp-json\/wp\/v2\/comments?post=20105"}],"version-history":[{"count":2,"href":"https:\/\/www.harzer-wandernadel.de\/fr\/wp-json\/wp\/v2\/pages\/20105\/revisions"}],"predecessor-version":[{"id":24942,"href":"https:\/\/www.harzer-wandernadel.de\/fr\/wp-json\/wp\/v2\/pages\/20105\/revisions\/24942"}],"up":[{"embeddable":true,"href":"https:\/\/www.harzer-wandernadel.de\/fr\/wp-json\/wp\/v2\/pages\/17801"}],"wp:featuredmedia":[{"embeddable":true,"href":"https:\/\/www.harzer-wandernadel.de\/fr\/wp-json\/wp\/v2\/media\/20108"}],"wp:attachment":[{"href":"https:\/\/www.harzer-wandernadel.de\/fr\/wp-json\/wp\/v2\/media?parent=20105"}],"wp:term":[{"taxonomy":"hf_cat_page","embeddable":true,"href":"https:\/\/www.harzer-wandernadel.de\/fr\/wp-json\/wp\/v2\/hf_cat_page?post=20105"}],"curies":[{"name":"wp","href":"https:\/\/api.w.org\/{rel}","templated":true}]}}