{"id":20075,"date":"2016-02-19T13:11:50","date_gmt":"2016-02-19T12:11:50","guid":{"rendered":"https:\/\/www.harzer-wandernadel.de\/pointage\/carte-generale\/pointage-127-weppner-huette-etang-de-jaegersbleek\/"},"modified":"2026-02-28T14:43:11","modified_gmt":"2026-02-28T13:43:11","slug":"pointage-127-weppner-huette-etang-de-jaegersbleek","status":"publish","type":"page","link":"https:\/\/www.harzer-wandernadel.de\/fr\/pointage\/carte-generale\/pointage-127-weppner-huette-etang-de-jaegersbleek\/","title":{"rendered":"Pointage 127 \/ Weppner H\u00fctte , \u00e9tang de J\u00e4gersbleek"},"content":{"rendered":"\n<h2 class=\"wp-block-heading\">L\u2019\u00e9tang J\u00e4gersbleeker se trouve entre Clausthal-Zellerfeld et la maison-barrage Sperberhaier.<\/h2>\n\n<div class=\"wp-block-stackable-image alignwide stk-block-image stk-block stk-89e1006\" data-block-id=\"89e1006\"><style>.stk-89e1006 {margin-top:3% !important;margin-bottom:3% !important;}<\/style><figure><span class=\"stk-img-wrapper stk-image--shape-stretch stk--has-lightbox\"><img decoding=\"async\" width=\"788\" height=\"525\" src=\"https:\/\/www.harzer-wandernadel.de\/wp-content\/uploads\/2016\/02\/Weppner-H\u00fctte.jpg\" class=\"attachment-full size-full wp-post-image\" alt srcset=\"https:\/\/www.harzer-wandernadel.de\/wp-content\/uploads\/2016\/02\/Weppner-H\u00fctte.jpg 788w, https:\/\/www.harzer-wandernadel.de\/wp-content\/uploads\/2016\/02\/Weppner-H\u00fctte-300x200.jpg 300w, https:\/\/www.harzer-wandernadel.de\/wp-content\/uploads\/2016\/02\/Weppner-H\u00fctte-768x512.jpg 768w, https:\/\/www.harzer-wandernadel.de\/wp-content\/uploads\/2016\/02\/Weppner-H\u00fctte-624x416.jpg 624w\" sizes=\"(max-width: 788px) 100vw, 788px\"><\/span><\/figure><\/div>\n\n<p>L\u2019\u00e9\u00adtang fait par\u00adtie de l\u2019O\u00adbe\u00adrhar\u00adzer Was\u00adser\u00adre\u00adgal, il est uti\u00adli\u00ads\u00e9 pour la pro\u00adduc\u00adtion d\u2019eau potable et est pro\u00adt\u00e9\u00adg\u00e9 en tant que bio\u00adtope. Un refuge pour les ran\u00addon\u00adneurs, dans lequel se trouve \u00e9ga\u00adle\u00adment la bo\u00eete \u00e0&nbsp;tam\u00adpons, se trouve \u00e0&nbsp;la fin du bar\u00adrage et porte le nom du garde fores\u00adtier August Weppner.&nbsp;<\/p>\n\n<p>Un bon point de d\u00e9part pour une ran\u00addon\u00adn\u00e9e est le res\u00adtau\u00adrant fores\u00adtier Pol\u00adster\u00adber\u00adger Hub\u00adhaus, d\u2019o\u00f9 un che\u00admin de ran\u00addon\u00adn\u00e9e m\u00e8ne au-des\u00adsus de la ter\u00adrasse \u00e0&nbsp;tra\u00advers la for\u00eat jus\u00adqu\u2019au point de pointage.<\/p>\n\n<div class=\"wp-block-buttons is-layout-flex wp-block-buttons-is-layout-flex\">\n<div class=\"wp-block-button\"><a class=\"wp-block-button__link wp-element-button\" href=\"https:\/\/www.polsterberger-hubhaus.harz.de\/\" target=\"_blank\" rel=\"noreferrer noopener\">Hub\u00adhaus de Polsterberg<\/a><\/div>\n<\/div>\n\n<div class=\"wp-block-buttons is-layout-flex wp-block-buttons-is-layout-flex\">\n<div class=\"wp-block-button\"><a class=\"wp-block-button__link wp-element-button\" href=\"http:\/\/harzer-bergwald.de\/index.php\/wandertouren\/abenteuertouren\/33-unterwegs-im-oberharzer-wasserregal\">Sug\u00adges\u00adtion de cir\u00adcuit For\u00eat de mon\u00adtagne du&nbsp;Harz<\/a><\/div>\n<\/div>\n","protected":false},"excerpt":{"rendered":"<p>L\u2019\u00e9tang J\u00e4gers\u00adblee\u00adker se trouve entre Claus\u00adthal-Zel\u00adler\u00adfeld et la mai\u00adson-bar\u00adrage Sper\u00adbe\u00adrhaier. L\u2019\u00e9\u00adtang fait par\u00adtie de l\u2019O\u00adbe\u00adrhar\u00adzer Was\u00adser\u00adre\u00adgal, il est uti\u00adli\u00ads\u00e9 pour la pro\u00adduc\u00adtion d\u2019eau potable et est pro\u00adt\u00e9\u00adg\u00e9 en tant que bio\u00adtope. Un refuge pour les ran\u00addon\u00adneurs, dans lequel se trouve \u00e9ga\u00adle\u00adment la bo\u00eete \u00e0&nbsp;tam\u00adpons, se trouve \u00e0&nbsp;la fin du bar\u00adrage et porte le nom&nbsp;du&nbsp;[\u2026]<\/p>\n","protected":false},"author":11,"featured_media":20076,"parent":17801,"menu_order":10127,"comment_status":"closed","ping_status":"closed","template":"","meta":{"_seopress_robots_primary_cat":"","_seopress_titles_title":"","_seopress_titles_desc":"","_seopress_robots_index":"","wp_typography_post_enhancements_disabled":false,"iawp_total_views":1,"footnotes":""},"hf_cat_page":[120],"class_list":["post-20075","page","type-page","status-publish","has-post-thumbnail"],"blocksy_meta":[],"_links":{"self":[{"href":"https:\/\/www.harzer-wandernadel.de\/fr\/wp-json\/wp\/v2\/pages\/20075","targetHints":{"allow":["GET"]}}],"collection":[{"href":"https:\/\/www.harzer-wandernadel.de\/fr\/wp-json\/wp\/v2\/pages"}],"about":[{"href":"https:\/\/www.harzer-wandernadel.de\/fr\/wp-json\/wp\/v2\/types\/page"}],"author":[{"embeddable":true,"href":"https:\/\/www.harzer-wandernadel.de\/fr\/wp-json\/wp\/v2\/users\/11"}],"replies":[{"embeddable":true,"href":"https:\/\/www.harzer-wandernadel.de\/fr\/wp-json\/wp\/v2\/comments?post=20075"}],"version-history":[{"count":1,"href":"https:\/\/www.harzer-wandernadel.de\/fr\/wp-json\/wp\/v2\/pages\/20075\/revisions"}],"predecessor-version":[{"id":20077,"href":"https:\/\/www.harzer-wandernadel.de\/fr\/wp-json\/wp\/v2\/pages\/20075\/revisions\/20077"}],"up":[{"embeddable":true,"href":"https:\/\/www.harzer-wandernadel.de\/fr\/wp-json\/wp\/v2\/pages\/17801"}],"wp:featuredmedia":[{"embeddable":true,"href":"https:\/\/www.harzer-wandernadel.de\/fr\/wp-json\/wp\/v2\/media\/20076"}],"wp:attachment":[{"href":"https:\/\/www.harzer-wandernadel.de\/fr\/wp-json\/wp\/v2\/media?parent=20075"}],"wp:term":[{"taxonomy":"hf_cat_page","embeddable":true,"href":"https:\/\/www.harzer-wandernadel.de\/fr\/wp-json\/wp\/v2\/hf_cat_page?post=20075"}],"curies":[{"name":"wp","href":"https:\/\/api.w.org\/{rel}","templated":true}]}}