{"id":20064,"date":"2016-02-19T11:53:28","date_gmt":"2016-02-19T10:53:28","guid":{"rendered":"https:\/\/www.harzer-wandernadel.de\/pointage\/carte-generale\/pointage-118-kaestehaus\/"},"modified":"2026-02-28T14:43:06","modified_gmt":"2026-02-28T13:43:06","slug":"pointage-118-kaestehaus","status":"publish","type":"page","link":"https:\/\/www.harzer-wandernadel.de\/fr\/pointage\/carte-generale\/pointage-118-kaestehaus\/","title":{"rendered":"Pointage 118 \/ K\u00e4stehaus"},"content":{"rendered":"\n<h2 class=\"wp-block-heading\">Le nom \u00ab&nbsp;K\u00e4ste&nbsp;\u00bb vient de l\u2019ancien haut-allemand et signifie ch\u00eane. Autrefois, ce bois dur servait \u00e0&nbsp;fabriquer des arbal\u00e8tes, des arcs et des lances.&nbsp;<\/h2>\n\n<div class=\"wp-block-stackable-image alignwide stk-block-image stk-block stk-89e1006\" data-block-id=\"89e1006\"><style>.stk-89e1006 {margin-top:3% !important;margin-bottom:3% !important;}<\/style><figure><span class=\"stk-img-wrapper stk-image--shape-stretch stk--has-lightbox\"><img decoding=\"async\" width=\"733\" height=\"550\" src=\"https:\/\/www.harzer-wandernadel.de\/wp-content\/uploads\/2016\/02\/K\u00e4stehaus.jpg\" class=\"attachment-full size-full wp-post-image\" alt srcset=\"https:\/\/www.harzer-wandernadel.de\/wp-content\/uploads\/2016\/02\/K\u00e4stehaus.jpg 733w, https:\/\/www.harzer-wandernadel.de\/wp-content\/uploads\/2016\/02\/K\u00e4stehaus-300x225.jpg 300w, https:\/\/www.harzer-wandernadel.de\/wp-content\/uploads\/2016\/02\/K\u00e4stehaus-624x468.jpg 624w\" sizes=\"(max-width: 733px) 100vw, 733px\"><\/span><\/figure><\/div>\n\n<p>La K\u00e4s\u00adtek\u00adlippe est l\u2019une des nom\u00adbreuses falaises de gra\u00adnit de la val\u00adl\u00e9e de l\u2019O\u00adker et est acces\u00adsible en tant que falaise pano\u00adra\u00admique. La falaise est aus\u00adsi un exemple par\u00adfait de l\u2019al\u00adt\u00e9\u00adra\u00adtion en sac de laine typique du Harz, o\u00f9 les rochers sont arron\u00addis par les intem\u00adp\u00e9\u00adries de sorte qu\u2019ils res\u00adsemblent \u00e0&nbsp;des sacs de laine. La for\u00adma\u00adtion rocheuse remar\u00adquable \u00ab&nbsp;Le vieux de la mon\u00adtagne&nbsp;\u00bb est par\u00adti\u00adcu\u00adli\u00e8\u00adre\u00adment impressionnante.&nbsp;<\/p>\n\n<p>Du point de vue, nous avons une vue fan\u00adtas\u00adtique sur toute la val\u00adl\u00e9e de l\u2019Oker.<\/p>\n\n<p>Depuis le par\u00adking de Rom\u00adke\u00adrhalle, en des\u00adsous du bar\u00adrage d\u2019O\u00adker\u00adtal, il faut d\u2019a\u00adbord prendre le che\u00admin de ran\u00addon\u00adn\u00e9e vers la cas\u00adcade de Rom\u00adke\u00adrhall. De la cas\u00adcade, un joli cir\u00adcuit m\u00e8ne \u00e0&nbsp;la falaise du figuier, au Mau\u00adse\u00adfalle, \u00e0&nbsp;la Hexenk\u00fcche, au K\u00e4s\u00adte\u00adhaus et ensuite au <a href=\"https:\/\/www.harzer-wandernadel.de\/stempelstellen\/uebersichtskarte\/stempelstelle-117-treppenstein\/\" data-type=\"page\" data-id=\"1108\">Trep\u00adpen\u00adstein HWN 117<\/a>. <\/p>\n\n<p>La bo\u00eete \u00e0&nbsp;tam\u00adpons se trouve au car\u00adre\u00adfour des che\u00admins au nord de la mai\u00adson de la fro\u00adma\u00adge\u00adrie, \u00e0&nbsp;c\u00f4t\u00e9 de l\u2019ar\u00adr\u00eat de&nbsp;bus.<\/p>\n\n<div class=\"wp-block-buttons is-layout-flex wp-block-buttons-is-layout-flex\">\n<div class=\"wp-block-button\"><a class=\"wp-block-button__link wp-element-button\" href=\"http:\/\/harzer-bergwald.de\/index.php\/wandertouren\/romantiktouren\/45-im-kleinsten-koenigreich\">Sug\u00adges\u00adtion de cir\u00adcuit For\u00eat de mon\u00adtagne du&nbsp;Harz<\/a><\/div>\n<\/div>\n","protected":false},"excerpt":{"rendered":"<p>Le nom \u00ab&nbsp;K\u00e4ste&nbsp;\u00bb vient de l\u2019ancien haut-alle\u00admand et signi\u00adfie ch\u00eane. Autre\u00adfois, ce bois dur ser\u00advait \u00e0&nbsp;fabri\u00adquer des arba\u00adl\u00e8tes, des arcs et des lances.&nbsp; La K\u00e4s\u00adtek\u00adlippe est l\u2019une des nom\u00adbreuses falaises de gra\u00adnit de la val\u00adl\u00e9e de l\u2019O\u00adker et est acces\u00adsible en tant que falaise pano\u00adra\u00admique. La falaise est aus\u00adsi un exemple par\u00adfait de l\u2019al\u00adt\u00e9\u00adra\u00adtion&nbsp;en&nbsp;[\u2026]<\/p>\n","protected":false},"author":11,"featured_media":20065,"parent":17801,"menu_order":10118,"comment_status":"closed","ping_status":"closed","template":"","meta":{"_seopress_robots_primary_cat":"","_seopress_titles_title":"","_seopress_titles_desc":"","_seopress_robots_index":"","wp_typography_post_enhancements_disabled":false,"iawp_total_views":0,"footnotes":""},"hf_cat_page":[120],"class_list":["post-20064","page","type-page","status-publish","has-post-thumbnail"],"blocksy_meta":[],"_links":{"self":[{"href":"https:\/\/www.harzer-wandernadel.de\/fr\/wp-json\/wp\/v2\/pages\/20064","targetHints":{"allow":["GET"]}}],"collection":[{"href":"https:\/\/www.harzer-wandernadel.de\/fr\/wp-json\/wp\/v2\/pages"}],"about":[{"href":"https:\/\/www.harzer-wandernadel.de\/fr\/wp-json\/wp\/v2\/types\/page"}],"author":[{"embeddable":true,"href":"https:\/\/www.harzer-wandernadel.de\/fr\/wp-json\/wp\/v2\/users\/11"}],"replies":[{"embeddable":true,"href":"https:\/\/www.harzer-wandernadel.de\/fr\/wp-json\/wp\/v2\/comments?post=20064"}],"version-history":[{"count":2,"href":"https:\/\/www.harzer-wandernadel.de\/fr\/wp-json\/wp\/v2\/pages\/20064\/revisions"}],"predecessor-version":[{"id":24903,"href":"https:\/\/www.harzer-wandernadel.de\/fr\/wp-json\/wp\/v2\/pages\/20064\/revisions\/24903"}],"up":[{"embeddable":true,"href":"https:\/\/www.harzer-wandernadel.de\/fr\/wp-json\/wp\/v2\/pages\/17801"}],"wp:featuredmedia":[{"embeddable":true,"href":"https:\/\/www.harzer-wandernadel.de\/fr\/wp-json\/wp\/v2\/media\/20065"}],"wp:attachment":[{"href":"https:\/\/www.harzer-wandernadel.de\/fr\/wp-json\/wp\/v2\/media?parent=20064"}],"wp:term":[{"taxonomy":"hf_cat_page","embeddable":true,"href":"https:\/\/www.harzer-wandernadel.de\/fr\/wp-json\/wp\/v2\/hf_cat_page?post=20064"}],"curies":[{"name":"wp","href":"https:\/\/api.w.org\/{rel}","templated":true}]}}