{"id":20060,"date":"2016-02-19T12:34:43","date_gmt":"2016-02-19T11:34:43","guid":{"rendered":"https:\/\/www.harzer-wandernadel.de\/pointage\/carte-generale\/poinconnage-121-aussichtsreich-burgberg\/"},"modified":"2026-02-28T14:43:08","modified_gmt":"2026-02-28T13:43:08","slug":"poinconnage-121-aussichtsreich-burgberg","status":"publish","type":"page","link":"https:\/\/www.harzer-wandernadel.de\/fr\/pointage\/carte-generale\/poinconnage-121-aussichtsreich-burgberg\/","title":{"rendered":"Poin\u00e7onnage 121 \/ \u00ab&nbsp;Aussichtsreich&nbsp;\u00bb Burgberg"},"content":{"rendered":"\n<h2 class=\"wp-block-heading\">La maison d\u2019h\u00f4tes et d\u2019h\u00e9bergement \u00ab&nbsp;Aussichtsreich&nbsp;\u00bb se trouve sur les hauteurs de Bad Harzburg, sur la colline du ch\u00e2teau (483 m\u00e8tres d\u2019altitude), qui n\u2019est accessible depuis la ville qu\u2019\u00e0 pied ou en t\u00e9l\u00e9ph\u00e9rique.<\/h2>\n\n<div class=\"wp-block-stackable-image alignwide stk-block-image stk-block stk-89e1006\" data-block-id=\"89e1006\"><style>.stk-89e1006 {margin-top:3% !important;margin-bottom:3% !important;}<\/style><figure><span class=\"stk-img-wrapper stk-image--shape-stretch stk--has-lightbox\"><img decoding=\"async\" width=\"1324\" height=\"541\" src=\"https:\/\/www.harzer-wandernadel.de\/wp-content\/uploads\/2016\/02\/Aussichtsreich-2.jpg\" class=\"attachment-full size-full wp-post-image\" alt srcset=\"https:\/\/www.harzer-wandernadel.de\/wp-content\/uploads\/2016\/02\/Aussichtsreich-2.jpg 1324w, https:\/\/www.harzer-wandernadel.de\/wp-content\/uploads\/2016\/02\/Aussichtsreich-2-300x123.jpg 300w, https:\/\/www.harzer-wandernadel.de\/wp-content\/uploads\/2016\/02\/Aussichtsreich-2-768x314.jpg 768w, https:\/\/www.harzer-wandernadel.de\/wp-content\/uploads\/2016\/02\/Aussichtsreich-2-1024x418.jpg 1024w, https:\/\/www.harzer-wandernadel.de\/wp-content\/uploads\/2016\/02\/Aussichtsreich-2-624x255.jpg 624w\" sizes=\"(max-width: 1324px) 100vw, 1324px\"><\/span><\/figure><\/div>\n\n<p>Du 8\u00e8me si\u00e8cle, il y&nbsp;a la pre\u00admi\u00e8re trans\u00admis\u00adsion par l\u2019i\u00addole saxonne Kro\u00addo. Entre 1065 et 1068, le pre\u00admier ch\u00e2\u00adteau est construit sous l\u2019empereur Hen\u00adri IV. Apr\u00e8s la d\u00e9faite de la r\u00e9volte des Saxons, la des\u00adtruc\u00adtion du ch\u00e2\u00adteau est d\u00e9ci\u00add\u00e9e en 1074. En 1180, Bar\u00adbe\u00adrousse recons\u00adtruit et agran\u00addit le ch\u00e2\u00adteau. En 1218, l\u2019empereur Otto IV meurt sur la col\u00adline du ch\u00e2\u00adteau, o\u00f9 sont \u00e9ga\u00adle\u00adment conser\u00adv\u00e9s les insignes imp\u00e9\u00adriaux en 2010. Jus\u00adqu\u2019au 16\u00e8me si\u00e8cle, le ch\u00e2\u00adteau change plu\u00adsieurs fois de pro\u00adpri\u00e9\u00adtaire jus\u00adqu\u2019\u00e0 ce que le duc August le Jeune le fasse d\u00e9mo\u00adlir en&nbsp;1650.&nbsp;<\/p>\n\n<p>Par la suite, il y&nbsp;a tou\u00adjours des fouilles et des mesures de s\u00e9cu\u00adri\u00adt\u00e9 sur les ves\u00adtiges du ch\u00e2\u00adteau. Entre-temps, l\u2019as\u00adso\u00adcia\u00adtion \u00ab&nbsp;F\u00f6r\u00adder\u00adve\u00adrein His\u00adto\u00adri\u00adscher Burg\u00adberg Bad Harz\u00adburg e.V.&nbsp;\u00bb a&nbsp;\u00e9t\u00e9 cr\u00e9\u00e9e.&nbsp;<\/p>\n\n<div class=\"wp-block-buttons is-layout-flex wp-block-buttons-is-layout-flex\">\n<div class=\"wp-block-button\"><a class=\"wp-block-button__link wp-element-button\" href=\"http:\/\/www.die-harzburg.de\/\">Harz\u00adburg<\/a><\/div>\n<\/div>\n\n<p>La mai\u00adson d\u2019h\u00f4tes et de loge\u00adment \u00ab&nbsp;<a href=\"http:\/\/www.plumbohms.de\/aussichtsreich\/\" target=\"_blank\" rel=\"noopener\"><span style=\"color: #0066cc;\">Vue sur<\/span><\/a>\u00ab&nbsp;a&nbsp;ouvert ses portes en 2014 et pro\u00admet de ravir et de g\u00e2ter le palais et l\u2019es\u00adprit. Situ\u00e9e au milieu de la col\u00adline du ch\u00e2\u00adteau, elle offre aux visi\u00adteurs une vue inou\u00adbliable. Dans le royaume de la vue, on peut obser\u00adver et vivre inten\u00ads\u00e9\u00adment les caprices pas\u00adsion\u00adnants du temps, \u00e0&nbsp;l\u2019in\u00adt\u00e9\u00adrieur comme \u00e0&nbsp;l\u2019ex\u00adt\u00e9\u00adrieur. \u00ab&nbsp;Regar\u00adder le temps faire son tra\u00advail&nbsp;\u00bb, c\u2019est la phrase que Dirk Junicke, pro\u00adpri\u00e9\u00adtaire de la mai\u00adson d\u2019h\u00f4tes, a&nbsp;r\u00e9cem\u00adment prononc\u00e9e.&nbsp;<\/p>\n\n<p>Depuis la colonne Canos\u00adsa, tu as une vue fan\u00adtas\u00adtique jus\u00adqu\u2019\u00e0 loin dans les contre\u00adforts du Harz. La colonne Canos\u00adsa sur le pla\u00adteau de Burg\u00adberg a&nbsp;\u00e9t\u00e9 \u00e9ri\u00adg\u00e9e en 1877&nbsp;en l\u2019hon\u00adneur du chan\u00adce\u00adlier Otto von Bismarck.&nbsp;<\/p>\n\n<p>Il faut conti\u00adnuer la ran\u00addon\u00adn\u00e9e jus\u00adqu\u2019aux points de poin\u00adtage <a href=\"https:\/\/www.harzer-wandernadel.de\/fr\/pointage\/carte-generale\/timbre-122-croix-de-lest-allemand\/\" data-type=\"page\" data-id=\"1118\">HWN 122 Croix de l\u2019Est alle\u00admand<\/a>, <a href=\"https:\/\/www.harzer-wandernadel.de\/fr\/pointage\/carte-generale\/pointage-170-rabenklippe\/\" data-type=\"page\" data-id=\"1220\">HWN170 Rabenk\u00adlippe<\/a> et <a href=\"https:\/\/www.harzer-wandernadel.de\/stempelstellen\/uebersichtskarte\/stempelstelle-169-molkenhaus\/\" data-type=\"page\" data-id=\"1218\">HWN 169 Mol\u00adken\u00adhaus<\/a>.<\/p>\n\n<p>Il est pos\u00adsible de se garer sur le grand par\u00adking de Bad Harz\u00adburg, juste \u00e0&nbsp;c\u00f4t\u00e9 de la B&nbsp;4&nbsp;en direc\u00adtion de Torf\u00adhaus. L\u00e0, tu dois d\u00e9ci\u00adder si tu veux mon\u00adter la col\u00adline du ch\u00e2\u00adteau \u00e0&nbsp;pied ou si tu veux flot\u00adter jus\u00adqu\u2019en haut des 150 m\u00e8tres de d\u00e9ni\u00adve\u00adl\u00e9 en t\u00e9l\u00e9ph\u00e9rique.&nbsp;<\/p>\n\n<p>Le point de tim\u00adbrage se trouve direc\u00adte\u00adment sur la cl\u00f4\u00adture du jar\u00addin du \u00ab&nbsp;Aus\u00adsichts\u00adreich&nbsp;\u00bb, juste \u00e0&nbsp;c\u00f4t\u00e9 de la sta\u00adtion sup\u00e9\u00adrieure du t\u00e9l\u00e9ph\u00e9rique.<\/p>\n\n<div class=\"wp-block-buttons is-layout-flex wp-block-buttons-is-layout-flex\">\n<div class=\"wp-block-button\"><a class=\"wp-block-button__link wp-element-button\" href=\"http:\/\/harzer-bergwald.de\/index.php\/wandertouren\/romantiktouren\/36-familientour-mit-schoener-aussicht\">Sug\u00adges\u00adtion de cir\u00adcuit For\u00eat de mon\u00adtagne du&nbsp;Harz<\/a><\/div>\n<\/div>\n","protected":false},"excerpt":{"rendered":"<p>La mai\u00adson d\u2019h\u00f4tes et d\u2019h\u00e9bergement \u00ab&nbsp;Aus\u00adsichts\u00adreich&nbsp;\u00bb se trouve sur les hau\u00adteurs de Bad Harz\u00adburg, sur la col\u00adline du ch\u00e2\u00adteau (483 m\u00e8tres d\u2019altitude), qui n\u2019est acces\u00adsible depuis la ville qu\u2019\u00e0 pied ou en t\u00e9l\u00e9\u00adph\u00e9\u00adrique. Du 8\u00e8me si\u00e8cle, il y&nbsp;a&nbsp;la pre\u00admi\u00e8re trans\u00admis\u00adsion par l\u2019i\u00addole saxonne Kro\u00addo. Entre 1065 et 1068, le pre\u00admier ch\u00e2\u00adteau est construit sous&nbsp;[\u2026]<\/p>\n","protected":false},"author":11,"featured_media":20062,"parent":17801,"menu_order":10121,"comment_status":"closed","ping_status":"closed","template":"","meta":{"_seopress_robots_primary_cat":"","_seopress_titles_title":"","_seopress_titles_desc":"","_seopress_robots_index":"","wp_typography_post_enhancements_disabled":false,"iawp_total_views":0,"footnotes":""},"hf_cat_page":[120],"class_list":["post-20060","page","type-page","status-publish","has-post-thumbnail"],"blocksy_meta":[],"_links":{"self":[{"href":"https:\/\/www.harzer-wandernadel.de\/fr\/wp-json\/wp\/v2\/pages\/20060","targetHints":{"allow":["GET"]}}],"collection":[{"href":"https:\/\/www.harzer-wandernadel.de\/fr\/wp-json\/wp\/v2\/pages"}],"about":[{"href":"https:\/\/www.harzer-wandernadel.de\/fr\/wp-json\/wp\/v2\/types\/page"}],"author":[{"embeddable":true,"href":"https:\/\/www.harzer-wandernadel.de\/fr\/wp-json\/wp\/v2\/users\/11"}],"replies":[{"embeddable":true,"href":"https:\/\/www.harzer-wandernadel.de\/fr\/wp-json\/wp\/v2\/comments?post=20060"}],"version-history":[{"count":2,"href":"https:\/\/www.harzer-wandernadel.de\/fr\/wp-json\/wp\/v2\/pages\/20060\/revisions"}],"predecessor-version":[{"id":24907,"href":"https:\/\/www.harzer-wandernadel.de\/fr\/wp-json\/wp\/v2\/pages\/20060\/revisions\/24907"}],"up":[{"embeddable":true,"href":"https:\/\/www.harzer-wandernadel.de\/fr\/wp-json\/wp\/v2\/pages\/17801"}],"wp:featuredmedia":[{"embeddable":true,"href":"https:\/\/www.harzer-wandernadel.de\/fr\/wp-json\/wp\/v2\/media\/20062"}],"wp:attachment":[{"href":"https:\/\/www.harzer-wandernadel.de\/fr\/wp-json\/wp\/v2\/media?parent=20060"}],"wp:term":[{"taxonomy":"hf_cat_page","embeddable":true,"href":"https:\/\/www.harzer-wandernadel.de\/fr\/wp-json\/wp\/v2\/hf_cat_page?post=20060"}],"curies":[{"name":"wp","href":"https:\/\/api.w.org\/{rel}","templated":true}]}}