{"id":20054,"date":"2016-02-19T11:32:49","date_gmt":"2016-02-19T10:32:49","guid":{"rendered":"https:\/\/www.harzer-wandernadel.de\/pointage\/carte-generale\/pointage-109-heimberg\/"},"modified":"2026-02-28T14:43:00","modified_gmt":"2026-02-28T13:43:00","slug":"pointage-109-heimberg","status":"publish","type":"page","link":"https:\/\/www.harzer-wandernadel.de\/fr\/pointage\/carte-generale\/pointage-109-heimberg\/","title":{"rendered":"Pointage 109 \/ Heimberg"},"content":{"rendered":"\n<h2 class=\"wp-block-heading\">Le Heimberg se trouve \u00e0&nbsp;l\u2019est de Wolfshagen, entre le lac de barrage Innerste et le lac Granestause.<\/h2>\n\n<div class=\"wp-block-stackable-image alignwide stk-block-image stk-block stk-89e1006\" data-block-id=\"89e1006\"><style>.stk-89e1006 {margin-top:3% !important;margin-bottom:3% !important;}<\/style><figure><span class=\"stk-img-wrapper stk-image--shape-stretch stk--has-lightbox\"><img decoding=\"async\" width=\"960\" height=\"540\" src=\"https:\/\/www.harzer-wandernadel.de\/wp-content\/uploads\/2016\/02\/HWN-Heimberg-Petra-Paula-Fischer.jpg\" class=\"attachment-full size-full wp-post-image\" alt=\"Paysage rocheux vert avec for\u00eat et ciel nuageux\" srcset=\"https:\/\/www.harzer-wandernadel.de\/wp-content\/uploads\/2016\/02\/HWN-Heimberg-Petra-Paula-Fischer.jpg 960w, https:\/\/www.harzer-wandernadel.de\/wp-content\/uploads\/2016\/02\/HWN-Heimberg-Petra-Paula-Fischer-300x169.jpg 300w, https:\/\/www.harzer-wandernadel.de\/wp-content\/uploads\/2016\/02\/HWN-Heimberg-Petra-Paula-Fischer-768x432.jpg 768w, https:\/\/www.harzer-wandernadel.de\/wp-content\/uploads\/2016\/02\/HWN-Heimberg-Petra-Paula-Fischer-250x141.jpg 250w, https:\/\/www.harzer-wandernadel.de\/wp-content\/uploads\/2016\/02\/HWN-Heimberg-Petra-Paula-Fischer-624x351.jpg 624w\" sizes=\"(max-width: 960px) 100vw, 960px\"><\/span><\/figure><\/div>\n\n<p>De l\u2019en\u00addroit o\u00f9 tu pointes, tu as une belle vue pano\u00adra\u00admique sur la car\u00adri\u00e8re de dia\u00adbase aban\u00addon\u00adn\u00e9e de Heim\u00adberg. La car\u00adri\u00e8re a&nbsp;\u00e9t\u00e9 exploi\u00adt\u00e9e pen\u00addant plus de 100 ans et a&nbsp;\u00e9t\u00e9 fer\u00adm\u00e9e en 1987 et pla\u00adc\u00e9e sous pro\u00adtec\u00adtion de la nature. Un cir\u00adcuit d\u2019en\u00advi\u00adron 3,3&nbsp;km avec d\u2019autres points de vue fait le tour de la carri\u00e8re.&nbsp;<\/p>\n\n<p>Le point de poin\u00adtage est le plus facile \u00e0&nbsp;atteindre depuis Wolf\u00adsha\u00adgen. Depuis le par\u00adking du vil\u00adlage, prends la rue prin\u00adci\u00adpale, l\u2019\u00e9\u00adtroite mon\u00adt\u00e9e de Sat\u00adtler, passe devant le cime\u00adti\u00e8re et tra\u00adverse encore un peu la for\u00eat jus\u00adqu\u2019\u00e0 la bo\u00eete de tampons.&nbsp;<\/p>\n","protected":false},"excerpt":{"rendered":"<p>Le Heim\u00adberg se trouve \u00e0&nbsp;l\u2019est de Wolf\u00adsha\u00adgen, entre le lac de bar\u00adrage Innerste et le lac Gra\u00adnes\u00adtause. De l\u2019en\u00addroit o\u00f9 tu pointes, tu as une belle vue pano\u00adra\u00admique sur la car\u00adri\u00e8re de dia\u00adbase aban\u00addon\u00adn\u00e9e de Heim\u00adberg. La car\u00adri\u00e8re a&nbsp;\u00e9t\u00e9 exploi\u00adt\u00e9e pen\u00addant plus de 100 ans et a&nbsp;\u00e9t\u00e9 fer\u00adm\u00e9e en 1987 et pla\u00adc\u00e9e sous pro\u00adtec\u00adtion&nbsp;de&nbsp;[\u2026]<\/p>\n","protected":false},"author":11,"featured_media":20057,"parent":17801,"menu_order":10109,"comment_status":"closed","ping_status":"closed","template":"","meta":{"_seopress_robots_primary_cat":"","_seopress_titles_title":"","_seopress_titles_desc":"","_seopress_robots_index":"","wp_typography_post_enhancements_disabled":false,"iawp_total_views":0,"footnotes":""},"hf_cat_page":[120],"class_list":["post-20054","page","type-page","status-publish","has-post-thumbnail"],"blocksy_meta":[],"_links":{"self":[{"href":"https:\/\/www.harzer-wandernadel.de\/fr\/wp-json\/wp\/v2\/pages\/20054","targetHints":{"allow":["GET"]}}],"collection":[{"href":"https:\/\/www.harzer-wandernadel.de\/fr\/wp-json\/wp\/v2\/pages"}],"about":[{"href":"https:\/\/www.harzer-wandernadel.de\/fr\/wp-json\/wp\/v2\/types\/page"}],"author":[{"embeddable":true,"href":"https:\/\/www.harzer-wandernadel.de\/fr\/wp-json\/wp\/v2\/users\/11"}],"replies":[{"embeddable":true,"href":"https:\/\/www.harzer-wandernadel.de\/fr\/wp-json\/wp\/v2\/comments?post=20054"}],"version-history":[{"count":1,"href":"https:\/\/www.harzer-wandernadel.de\/fr\/wp-json\/wp\/v2\/pages\/20054\/revisions"}],"predecessor-version":[{"id":20059,"href":"https:\/\/www.harzer-wandernadel.de\/fr\/wp-json\/wp\/v2\/pages\/20054\/revisions\/20059"}],"up":[{"embeddable":true,"href":"https:\/\/www.harzer-wandernadel.de\/fr\/wp-json\/wp\/v2\/pages\/17801"}],"wp:featuredmedia":[{"embeddable":true,"href":"https:\/\/www.harzer-wandernadel.de\/fr\/wp-json\/wp\/v2\/media\/20057"}],"wp:attachment":[{"href":"https:\/\/www.harzer-wandernadel.de\/fr\/wp-json\/wp\/v2\/media?parent=20054"}],"wp:term":[{"taxonomy":"hf_cat_page","embeddable":true,"href":"https:\/\/www.harzer-wandernadel.de\/fr\/wp-json\/wp\/v2\/hf_cat_page?post=20054"}],"curies":[{"name":"wp","href":"https:\/\/api.w.org\/{rel}","templated":true}]}}