{"id":20033,"date":"2016-02-19T11:31:37","date_gmt":"2016-02-19T10:31:37","guid":{"rendered":"https:\/\/www.harzer-wandernadel.de\/pointage\/carte-generale\/pointage-108-sudmerberger-warte\/"},"modified":"2026-02-28T14:43:00","modified_gmt":"2026-02-28T13:43:00","slug":"pointage-108-sudmerberger-warte","status":"publish","type":"page","link":"https:\/\/www.harzer-wandernadel.de\/fr\/pointage\/carte-generale\/pointage-108-sudmerberger-warte\/","title":{"rendered":"Pointage 108 \/ Sudmerberger Warte"},"content":{"rendered":"\n<h2 class=\"wp-block-heading\">Le Sudmerberg (354&nbsp;m&nbsp;d\u2019altitude) se trouve \u00e0&nbsp;l\u2019est de Goslar, au-dessus du quartier de Sudmerberg, qui doit son nom \u00e0&nbsp;la montagne.<\/h2>\n\n<div class=\"wp-block-stackable-image alignwide stk-block-image stk-block stk-89e1006\" data-block-id=\"89e1006\"><style>.stk-89e1006 {margin-top:3% !important;margin-bottom:3% !important;}<\/style><figure><span class=\"stk-img-wrapper stk-image--shape-stretch stk--has-lightbox\"><img decoding=\"async\" width=\"2048\" height=\"1536\" src=\"https:\/\/www.harzer-wandernadel.de\/wp-content\/uploads\/2016\/02\/Sudmerberger-Warte-G\u00f6der.jpg\" class=\"attachment-full size-full wp-post-image\" alt srcset=\"https:\/\/www.harzer-wandernadel.de\/wp-content\/uploads\/2016\/02\/Sudmerberger-Warte-G\u00f6der.jpg 2048w, https:\/\/www.harzer-wandernadel.de\/wp-content\/uploads\/2016\/02\/Sudmerberger-Warte-G\u00f6der-300x225.jpg 300w, https:\/\/www.harzer-wandernadel.de\/wp-content\/uploads\/2016\/02\/Sudmerberger-Warte-G\u00f6der-768x576.jpg 768w, https:\/\/www.harzer-wandernadel.de\/wp-content\/uploads\/2016\/02\/Sudmerberger-Warte-G\u00f6der-1024x768.jpg 1024w, https:\/\/www.harzer-wandernadel.de\/wp-content\/uploads\/2016\/02\/Sudmerberger-Warte-G\u00f6der-624x468.jpg 624w\" sizes=\"(max-width: 2048px) 100vw, 2048px\"><\/span><\/figure><\/div>\n\n<p>Les for\u00adti\u00adfi\u00adca\u00adtions de la ville de Gos\u00adlar, de plus en plus d\u00e9ve\u00adlop\u00adp\u00e9es depuis le 11\u00e8me si\u00e8cle, ont \u00e9t\u00e9 ren\u00adfor\u00adc\u00e9es au 15\u00e8me si\u00e8cle par un autre anneau ext\u00e9\u00adrieur, qui s\u2019\u00e9\u00adten\u00addait \u00e9ga\u00adle\u00adment sur le Sud\u00admer\u00adberg. L\u2019his\u00adtoire ne dit pas quand le poste d\u2019ob\u00adser\u00adva\u00adtion a&nbsp;\u00e9t\u00e9 construit sur la mon\u00adtagne. Ce qui est s\u00fbr, c\u2019est qu\u2019il s\u2019a\u00adgis\u00adsait au d\u00e9part d\u2019une tour en bois, qui a&nbsp;ensuite \u00e9t\u00e9 rem\u00adpla\u00adc\u00e9e par une tour en pierre. D\u2019i\u00adci, les signaux lumi\u00adneux et les dra\u00adpeaux per\u00admet\u00adtaient d\u2019a\u00adler\u00adter \u00e0&nbsp;temps les gardes de la ville de Gos\u00adlar en cas de danger.&nbsp;<\/p>\n\n<p>Jus\u00adqu\u2019\u00e0 la fin de la deuxi\u00e8me guerre mon\u00addiale, la tour a&nbsp;\u00e9t\u00e9 uti\u00adli\u00ads\u00e9e \u00e0&nbsp;des fins mili\u00adtaires. Aujourd\u2019\u00adhui, elle n\u2019est plus qu\u2019une tour d\u2019ob\u00adser\u00adva\u00adtion. Du haut de la tour, tu as une bonne vue sur Gos\u00adlar, le Bro\u00adcken, les contre\u00adforts du Harz jus\u00adqu\u2019aux tours de Halberstadt.&nbsp;<\/p>\n\n<h6 class=\"wp-block-heading\"><strong>Apr\u00e8s que l\u2019association a&nbsp;r\u00e9ussi \u00e0&nbsp;faire en sorte que la tour, ferm\u00e9e depuis 2013, soit r\u00e9nov\u00e9e en profondeur, tout le monde peut \u00e0&nbsp;nouveau y&nbsp;acc\u00e9der pour profiter de la vue fantastique sur Goslar et ses environs. <\/strong><strong>Cependant, la ville de Goslar se r\u00e9serve le droit de fermer la tour du <u>1er novembre au 31 mars<\/u> de chaque ann\u00e9e en raison des dangers potentiels li\u00e9s \u00e0&nbsp;la neige et \u00e0&nbsp;la glace.<\/strong><\/h6>\n","protected":false},"excerpt":{"rendered":"<p>Le Sud\u00admer\u00adberg (354&nbsp;m&nbsp;d\u2019altitude) se trouve \u00e0&nbsp;l\u2019est de Gos\u00adlar, au-des\u00adsus du quar\u00adtier de Sud\u00admer\u00adberg, qui doit son nom \u00e0&nbsp;la mon\u00adtagne. Les for\u00adti\u00adfi\u00adca\u00adtions de la ville de Gos\u00adlar, de plus en plus d\u00e9ve\u00adlop\u00adp\u00e9es depuis le 11\u00e8me si\u00e8cle, ont \u00e9t\u00e9 ren\u00adfor\u00adc\u00e9es au 15\u00e8me si\u00e8cle par un autre anneau ext\u00e9\u00adrieur, qui s\u2019\u00e9\u00adten\u00addait \u00e9ga\u00adle\u00adment sur le Sud\u00admer\u00adberg. L\u2019his\u00adtoire ne&nbsp;dit&nbsp;[\u2026]<\/p>\n","protected":false},"author":11,"featured_media":20034,"parent":17801,"menu_order":10108,"comment_status":"closed","ping_status":"closed","template":"","meta":{"_seopress_robots_primary_cat":"","_seopress_titles_title":"","_seopress_titles_desc":"","_seopress_robots_index":"","wp_typography_post_enhancements_disabled":false,"iawp_total_views":0,"footnotes":""},"hf_cat_page":[120],"class_list":["post-20033","page","type-page","status-publish","has-post-thumbnail"],"blocksy_meta":[],"_links":{"self":[{"href":"https:\/\/www.harzer-wandernadel.de\/fr\/wp-json\/wp\/v2\/pages\/20033","targetHints":{"allow":["GET"]}}],"collection":[{"href":"https:\/\/www.harzer-wandernadel.de\/fr\/wp-json\/wp\/v2\/pages"}],"about":[{"href":"https:\/\/www.harzer-wandernadel.de\/fr\/wp-json\/wp\/v2\/types\/page"}],"author":[{"embeddable":true,"href":"https:\/\/www.harzer-wandernadel.de\/fr\/wp-json\/wp\/v2\/users\/11"}],"replies":[{"embeddable":true,"href":"https:\/\/www.harzer-wandernadel.de\/fr\/wp-json\/wp\/v2\/comments?post=20033"}],"version-history":[{"count":1,"href":"https:\/\/www.harzer-wandernadel.de\/fr\/wp-json\/wp\/v2\/pages\/20033\/revisions"}],"predecessor-version":[{"id":20035,"href":"https:\/\/www.harzer-wandernadel.de\/fr\/wp-json\/wp\/v2\/pages\/20033\/revisions\/20035"}],"up":[{"embeddable":true,"href":"https:\/\/www.harzer-wandernadel.de\/fr\/wp-json\/wp\/v2\/pages\/17801"}],"wp:featuredmedia":[{"embeddable":true,"href":"https:\/\/www.harzer-wandernadel.de\/fr\/wp-json\/wp\/v2\/media\/20034"}],"wp:attachment":[{"href":"https:\/\/www.harzer-wandernadel.de\/fr\/wp-json\/wp\/v2\/media?parent=20033"}],"wp:term":[{"taxonomy":"hf_cat_page","embeddable":true,"href":"https:\/\/www.harzer-wandernadel.de\/fr\/wp-json\/wp\/v2\/hf_cat_page?post=20033"}],"curies":[{"name":"wp","href":"https:\/\/api.w.org\/{rel}","templated":true}]}}