{"id":20029,"date":"2016-02-19T11:25:43","date_gmt":"2016-02-19T10:25:43","guid":{"rendered":"https:\/\/www.harzer-wandernadel.de\/pointage\/carte-generale\/pointage-104-refuge-traenkebach\/"},"modified":"2026-02-28T14:42:58","modified_gmt":"2026-02-28T13:42:58","slug":"pointage-104-refuge-traenkebach","status":"publish","type":"page","link":"https:\/\/www.harzer-wandernadel.de\/fr\/pointage\/carte-generale\/pointage-104-refuge-traenkebach\/","title":{"rendered":"Pointage 104 \/ refuge Tr\u00e4nkebach"},"content":{"rendered":"\n<h2 class=\"wp-block-heading\">Le refuge Tr\u00e4nkebach (560&nbsp;m&nbsp;d\u2019altitude), est un refuge tr\u00e8s bien entretenu du Harzklub ZV Seesen, au-dessus de Seesen.<\/h2>\n\n<div class=\"wp-block-stackable-image alignwide stk-block-image stk-block stk-89e1006\" data-block-id=\"89e1006\"><style>.stk-89e1006 {margin-top:3% !important;margin-bottom:3% !important;}<\/style><figure><span class=\"stk-img-wrapper stk-image--shape-stretch stk--has-lightbox\"><img decoding=\"async\" width=\"2043\" height=\"1150\" src=\"https:\/\/www.harzer-wandernadel.de\/wp-content\/uploads\/2016\/02\/HWN-Tr\u00e4nkebachh\u00fctte-Riekeberg.jpg\" class=\"attachment-full size-full wp-post-image\" alt=\"Cabane confortable dans la for\u00eat avec des bancs et des tables\" srcset=\"https:\/\/www.harzer-wandernadel.de\/wp-content\/uploads\/2016\/02\/HWN-Tr\u00e4nkebachh\u00fctte-Riekeberg.jpg 2043w, https:\/\/www.harzer-wandernadel.de\/wp-content\/uploads\/2016\/02\/HWN-Tr\u00e4nkebachh\u00fctte-Riekeberg-300x169.jpg 300w, https:\/\/www.harzer-wandernadel.de\/wp-content\/uploads\/2016\/02\/HWN-Tr\u00e4nkebachh\u00fctte-Riekeberg-768x432.jpg 768w, https:\/\/www.harzer-wandernadel.de\/wp-content\/uploads\/2016\/02\/HWN-Tr\u00e4nkebachh\u00fctte-Riekeberg-1024x576.jpg 1024w, https:\/\/www.harzer-wandernadel.de\/wp-content\/uploads\/2016\/02\/HWN-Tr\u00e4nkebachh\u00fctte-Riekeberg-250x141.jpg 250w, https:\/\/www.harzer-wandernadel.de\/wp-content\/uploads\/2016\/02\/HWN-Tr\u00e4nkebachh\u00fctte-Riekeberg-624x351.jpg 624w\" sizes=\"(max-width: 2043px) 100vw, 2043px\"><\/span><\/figure><\/div>\n\n<p>D\u2019i\u00adci, par beau temps, tu as une vue jus\u00adqu\u2019au Weser\u00adber\u00adgland. A&nbsp;c\u00f4t\u00e9 de la cabane se trouve la source du Tr\u00e4nkebach.&nbsp;<\/p>\n\n<p>Tout comme la <a href=\"https:\/\/www.harzer-wandernadel.de\/stempelstellen\/uebersichtskarte\/stempelstelle-142-mandolinenhuette\/\" data-type=\"page\" data-id=\"1160\">Man\u00addo\u00adli\u00adnenh\u00fctte HWN 142<\/a>, la Tr\u00e4n\u00adke\u00adba\u00adchh\u00fctte se trouve sur le Stein\u00adway Trail, qui m\u00e8ne de Wolf\u00adsha\u00adgen \u00e0&nbsp;Seesen.<\/p>\n\n<p>Hein\u00adrich Engel\u00adhard Stein\u00adweg (1797\u20131871) est n\u00e9 \u00e0&nbsp;Wolf\u00adsha\u00adgen dans le Harz. En tant que ma\u00eetre menui\u00adsier, il est arri\u00adv\u00e9 \u00e0&nbsp;See\u00adsen en 1825 pour y&nbsp;tra\u00advailler. C\u2019est l\u00e0 que Hein\u00adrich Engel\u00adhard, dou\u00e9 pour la musique, a&nbsp;com\u00admen\u00adc\u00e9 \u00e0&nbsp;r\u00e9pa\u00adrer des pia\u00adnos de table et des ins\u00adtru\u00adments de musique en paral\u00adl\u00e8le, jus\u00adqu\u2019\u00e0 ce qu\u2019il s\u2019\u00e9\u00adta\u00adblisse comme fabri\u00adcant d\u2019ins\u00adtru\u00adments en 1836. Il se sp\u00e9\u00adcia\u00adli\u00adsa dans la fabri\u00adca\u00adtion de pia\u00adnos droits et de pia\u00adnos \u00e0&nbsp;queue et gagna en renom\u00adm\u00e9e. En 1850, la famille \u00e9migre \u00e0&nbsp;New York. Gr\u00e2ce \u00e0&nbsp;leurs connais\u00adsances acquises dans la fabri\u00adca\u00adtion de pia\u00adnos, ils y&nbsp;fon\u00add\u00e8rent en 1853 l\u2019en\u00adtre\u00adprise Stein\u00adway &amp;&nbsp;Sons, de renom\u00adm\u00e9e inter\u00adna\u00adtio\u00adnale. La famille Stein\u00adweg, qui devien\u00addra plus tard Stein\u00adway, a&nbsp;tou\u00adjours gar\u00add\u00e9 le contact avec sa r\u00e9gion d\u2019o\u00adri\u00adgine, le Harz, et lui ren\u00addait r\u00e9gu\u00adli\u00e8\u00adre\u00adment visite. Aujourd\u2019\u00adhui encore, on trouve de nom\u00adbreuses traces de la famille \u00e0&nbsp;Wolf\u00adsha\u00adgen et \u00e0&nbsp;Seesen.&nbsp;<\/p>\n\n<p>Emprunte le che\u00admin qu\u2019au\u00adrait pris Hen\u00adri pour rejoindre sa bien-aim\u00e9e \u00e0&nbsp;See\u00adsen et d\u00e9couvre l\u2019his\u00adtoire du suc\u00adc\u00e8s des Steinway.<\/p>\n\n<div class=\"wp-block-buttons is-layout-flex wp-block-buttons-is-layout-flex\">\n<div class=\"wp-block-button\"><a class=\"wp-block-button__link wp-element-button\" href=\"http:\/\/www.steinway-trail.de\">Stein\u00adway-Trail<\/a><\/div>\n<\/div>\n\n<p>Le par\u00adking Stern\u00adplatz ou le par\u00adking Neckeln\u00adberg sont de bons points de d\u00e9part pour une ran\u00addon\u00adn\u00e9e jus\u00adqu\u2019au refuge Tr\u00e4n\u00adke\u00adbach. Les deux se trouvent sur la route de Lau\u00adten\u00adthal \u00e0&nbsp;Seesen.&nbsp;<\/p>\n","protected":false},"excerpt":{"rendered":"<p>Le refuge Tr\u00e4n\u00adke\u00adbach (560&nbsp;m&nbsp;d\u2019altitude), est un refuge tr\u00e8s bien entre\u00adte\u00adnu du Harzk\u00adlub ZV See\u00adsen, au-des\u00adsus de See\u00adsen. D\u2019i\u00adci, par beau temps, tu as une vue jus\u00adqu\u2019au Weser\u00adber\u00adgland. A&nbsp;c\u00f4t\u00e9 de la cabane se trouve la source du Tr\u00e4n\u00adke\u00adbach.&nbsp; Tout comme la Man\u00addo\u00adli\u00adnenh\u00fctte HWN 142, la Tr\u00e4n\u00adke\u00adba\u00adchh\u00fctte se trouve sur le Stein\u00adway Trail, qui m\u00e8ne de Wolfshagen&nbsp;[\u2026]<\/p>\n","protected":false},"author":11,"featured_media":20031,"parent":17801,"menu_order":10104,"comment_status":"closed","ping_status":"closed","template":"","meta":{"_seopress_robots_primary_cat":"","_seopress_titles_title":"","_seopress_titles_desc":"","_seopress_robots_index":"","wp_typography_post_enhancements_disabled":false,"iawp_total_views":1,"footnotes":""},"hf_cat_page":[120],"class_list":["post-20029","page","type-page","status-publish","has-post-thumbnail"],"blocksy_meta":[],"_links":{"self":[{"href":"https:\/\/www.harzer-wandernadel.de\/fr\/wp-json\/wp\/v2\/pages\/20029","targetHints":{"allow":["GET"]}}],"collection":[{"href":"https:\/\/www.harzer-wandernadel.de\/fr\/wp-json\/wp\/v2\/pages"}],"about":[{"href":"https:\/\/www.harzer-wandernadel.de\/fr\/wp-json\/wp\/v2\/types\/page"}],"author":[{"embeddable":true,"href":"https:\/\/www.harzer-wandernadel.de\/fr\/wp-json\/wp\/v2\/users\/11"}],"replies":[{"embeddable":true,"href":"https:\/\/www.harzer-wandernadel.de\/fr\/wp-json\/wp\/v2\/comments?post=20029"}],"version-history":[{"count":2,"href":"https:\/\/www.harzer-wandernadel.de\/fr\/wp-json\/wp\/v2\/pages\/20029\/revisions"}],"predecessor-version":[{"id":24884,"href":"https:\/\/www.harzer-wandernadel.de\/fr\/wp-json\/wp\/v2\/pages\/20029\/revisions\/24884"}],"up":[{"embeddable":true,"href":"https:\/\/www.harzer-wandernadel.de\/fr\/wp-json\/wp\/v2\/pages\/17801"}],"wp:featuredmedia":[{"embeddable":true,"href":"https:\/\/www.harzer-wandernadel.de\/fr\/wp-json\/wp\/v2\/media\/20031"}],"wp:attachment":[{"href":"https:\/\/www.harzer-wandernadel.de\/fr\/wp-json\/wp\/v2\/media?parent=20029"}],"wp:term":[{"taxonomy":"hf_cat_page","embeddable":true,"href":"https:\/\/www.harzer-wandernadel.de\/fr\/wp-json\/wp\/v2\/hf_cat_page?post=20029"}],"curies":[{"name":"wp","href":"https:\/\/api.w.org\/{rel}","templated":true}]}}