{"id":20022,"date":"2016-02-19T11:31:00","date_gmt":"2016-02-19T10:31:00","guid":{"rendered":"https:\/\/www.harzer-wandernadel.de\/pointage\/carte-generale\/pointage-107-maassener-gaipel\/"},"modified":"2026-02-28T14:42:59","modified_gmt":"2026-02-28T13:42:59","slug":"pointage-107-maassener-gaipel","status":"publish","type":"page","link":"https:\/\/www.harzer-wandernadel.de\/fr\/pointage\/carte-generale\/pointage-107-maassener-gaipel\/","title":{"rendered":"Pointage 107 \/ Maa\u00dfener Gaipel"},"content":{"rendered":"\n<h2 class=\"wp-block-heading\"><span style=\"font-family: Arial;\">Le Maa\u00dfener Gaipel, au-dessus de Lautenthal, a&nbsp;\u00e9t\u00e9 construit en 1924 par le Harzklub Zweigverein Lautenthal, puis modernis\u00e9 et agrandi en&nbsp;1978.&nbsp;<\/span><\/h2>\n\n<div class=\"wp-block-stackable-image alignwide stk-block-image stk-block stk-89e1006\" data-block-id=\"89e1006\"><style>.stk-89e1006 {margin-top:3% !important;margin-bottom:3% !important;}<\/style><figure><span class=\"stk-img-wrapper stk-image--shape-stretch stk--has-lightbox\"><img decoding=\"async\" width=\"788\" height=\"525\" src=\"https:\/\/www.harzer-wandernadel.de\/wp-content\/uploads\/2016\/02\/Maassener-Gaipel.jpg\" class=\"attachment-full size-full wp-post-image\" alt srcset=\"https:\/\/www.harzer-wandernadel.de\/wp-content\/uploads\/2016\/02\/Maassener-Gaipel.jpg 788w, https:\/\/www.harzer-wandernadel.de\/wp-content\/uploads\/2016\/02\/Maassener-Gaipel-300x200.jpg 300w, https:\/\/www.harzer-wandernadel.de\/wp-content\/uploads\/2016\/02\/Maassener-Gaipel-768x512.jpg 768w, https:\/\/www.harzer-wandernadel.de\/wp-content\/uploads\/2016\/02\/Maassener-Gaipel-624x416.jpg 624w\" sizes=\"(max-width: 788px) 100vw, 788px\"><\/span><\/figure><\/div>\n\n<p><span style=\"font-family: Arial;\">Bien des d\u00e9cen\u00adnies avant la construc\u00adtion du res\u00adtau\u00adrant, la Gai\u00adpel\u00adhaus (mai\u00adson d\u2019ex\u00adtrac\u00adtion), situ\u00e9e \u00e0&nbsp;c\u00f4t\u00e9 du puits et de la tour d\u2019ex\u00adtrac\u00adtion de la mine de mine\u00adrai \u00ab&nbsp;Maa\u00dfen&nbsp;\u00bb, \u00e9tait d\u00e9j\u00e0 une des\u00adti\u00adna\u00adtion de ran\u00addon\u00adn\u00e9e et d\u2019ex\u00adcur\u00adsion appr\u00e9\u00adci\u00e9e des visi\u00adteurs de la ville mini\u00e8re de Lautenthal.<\/span><\/p>\n\n<p><span style=\"font-family: Arial;\">La superbe vue au loin sur Lau\u00adten\u00adthal, qui se trouve \u00e0&nbsp;ses pieds, et le magni\u00adfique pay\u00adsage mon\u00adta\u00adgneux du Harz font que la visite du Maa\u00dfe\u00adner Gai\u00adpel en vaut la&nbsp;peine.<\/span><\/p>\n\n<p><span style=\"font-family: Arial;\">Le nom \u00ab&nbsp;Gai\u00adpel&nbsp;\u00bb rap\u00adpelle les anciens dis\u00adpo\u00adsi\u00adtifs d\u2019ex\u00adtrac\u00adtion (roues de godet), qui uti\u00adli\u00adsaient la force des che\u00advaux pour extraire du puits les mine\u00adrais de m\u00e9taux non fer\u00adreux conte\u00adnant de l\u2019argent.  <\/span><span style=\"font-family: Arial;\">Les t\u00e9moins de l\u2019\u00e9\u00adpoque de l\u2019ex\u00adploi\u00adta\u00adtion mini\u00e8re se trouvent encore aujourd\u2019\u00adhui sur le sen\u00adtier de d\u00e9cou\u00adverte de l\u2019ex\u00adploi\u00adta\u00adtion mini\u00e8re dans les envi\u00adrons imm\u00e9\u00addiats de Maa\u00dfe\u00adner Gaipel.<br><\/span><\/p>\n\n<p>L\u2019ac\u00adc\u00e8s au ter\u00adrain se trouve sur la route de Lau\u00adten\u00adtal \u00e0&nbsp;Bockswiese.<\/p>\n","protected":false},"excerpt":{"rendered":"<p>Le Maa\u00dfe\u00adner Gai\u00adpel, au-des\u00adsus de Lau\u00adten\u00adthal, a&nbsp;\u00e9t\u00e9 construit en 1924 par le Harzk\u00adlub Zweig\u00adve\u00adrein Lau\u00adten\u00adthal, puis moder\u00adni\u00ads\u00e9 et agran\u00addi en&nbsp;1978.&nbsp; Bien des d\u00e9cen\u00adnies avant la construc\u00adtion du res\u00adtau\u00adrant, la Gai\u00adpel\u00adhaus (mai\u00adson d\u2019ex\u00adtrac\u00adtion), situ\u00e9e \u00e0&nbsp;c\u00f4t\u00e9 du puits et de la tour d\u2019ex\u00adtrac\u00adtion de la mine de mine\u00adrai \u00ab&nbsp;Maa\u00dfen&nbsp;\u00bb, \u00e9tait d\u00e9j\u00e0 une des\u00adti\u00adna\u00adtion de ran\u00addon\u00adn\u00e9e et d\u2019ex\u00adcur\u00adsion [\u2026]<\/p>\n","protected":false},"author":11,"featured_media":20024,"parent":17801,"menu_order":10107,"comment_status":"closed","ping_status":"closed","template":"","meta":{"_seopress_robots_primary_cat":"","_seopress_titles_title":"","_seopress_titles_desc":"","_seopress_robots_index":"","wp_typography_post_enhancements_disabled":false,"iawp_total_views":0,"footnotes":""},"hf_cat_page":[120],"class_list":["post-20022","page","type-page","status-publish","has-post-thumbnail"],"blocksy_meta":[],"_links":{"self":[{"href":"https:\/\/www.harzer-wandernadel.de\/fr\/wp-json\/wp\/v2\/pages\/20022","targetHints":{"allow":["GET"]}}],"collection":[{"href":"https:\/\/www.harzer-wandernadel.de\/fr\/wp-json\/wp\/v2\/pages"}],"about":[{"href":"https:\/\/www.harzer-wandernadel.de\/fr\/wp-json\/wp\/v2\/types\/page"}],"author":[{"embeddable":true,"href":"https:\/\/www.harzer-wandernadel.de\/fr\/wp-json\/wp\/v2\/users\/11"}],"replies":[{"embeddable":true,"href":"https:\/\/www.harzer-wandernadel.de\/fr\/wp-json\/wp\/v2\/comments?post=20022"}],"version-history":[{"count":1,"href":"https:\/\/www.harzer-wandernadel.de\/fr\/wp-json\/wp\/v2\/pages\/20022\/revisions"}],"predecessor-version":[{"id":20025,"href":"https:\/\/www.harzer-wandernadel.de\/fr\/wp-json\/wp\/v2\/pages\/20022\/revisions\/20025"}],"up":[{"embeddable":true,"href":"https:\/\/www.harzer-wandernadel.de\/fr\/wp-json\/wp\/v2\/pages\/17801"}],"wp:featuredmedia":[{"embeddable":true,"href":"https:\/\/www.harzer-wandernadel.de\/fr\/wp-json\/wp\/v2\/media\/20024"}],"wp:attachment":[{"href":"https:\/\/www.harzer-wandernadel.de\/fr\/wp-json\/wp\/v2\/media?parent=20022"}],"wp:term":[{"taxonomy":"hf_cat_page","embeddable":true,"href":"https:\/\/www.harzer-wandernadel.de\/fr\/wp-json\/wp\/v2\/hf_cat_page?post=20022"}],"curies":[{"name":"wp","href":"https:\/\/api.w.org\/{rel}","templated":true}]}}