{"id":20002,"date":"2016-02-19T11:24:41","date_gmt":"2016-02-19T10:24:41","guid":{"rendered":"https:\/\/www.harzer-wandernadel.de\/pointage\/carte-generale\/pointage-103-pierre-de-lynx\/"},"modified":"2026-02-28T14:42:57","modified_gmt":"2026-02-28T13:42:57","slug":"pointage-103-pierre-de-lynx","status":"publish","type":"page","link":"https:\/\/www.harzer-wandernadel.de\/fr\/pointage\/carte-generale\/pointage-103-pierre-de-lynx\/","title":{"rendered":"Pointage 103 \/ pierre de&nbsp;lynx"},"content":{"rendered":"\n<h2 class=\"wp-block-heading\">En 1893, une pierre comm\u00e9morative a&nbsp;\u00e9t\u00e9 \u00e9rig\u00e9e au nord-ouest de Lautenthal pour rappeler la mise \u00e0&nbsp;mort du dernier lynx du&nbsp;Harz.<\/h2>\n\n<div class=\"wp-block-stackable-image alignwide stk-block-image stk-block stk-89e1006\" data-block-id=\"89e1006\"><style>.stk-89e1006 {margin-top:3% !important;margin-bottom:3% !important;}<\/style><figure><span class=\"stk-img-wrapper stk-image--shape-stretch stk--has-lightbox\"><img decoding=\"async\" width=\"704\" height=\"960\" src=\"https:\/\/www.harzer-wandernadel.de\/wp-content\/uploads\/2016\/02\/Luchsstein.jpg\" class=\"attachment-full size-full wp-post-image\" alt srcset=\"https:\/\/www.harzer-wandernadel.de\/wp-content\/uploads\/2016\/02\/Luchsstein.jpg 704w, https:\/\/www.harzer-wandernadel.de\/wp-content\/uploads\/2016\/02\/Luchsstein-220x300.jpg 220w, https:\/\/www.harzer-wandernadel.de\/wp-content\/uploads\/2016\/02\/Luchsstein-624x851.jpg 624w\" sizes=\"(max-width: 704px) 100vw, 704px\"><\/span><\/figure><\/div>\n\n<p>Le 17 mars 1818 d\u00e9j\u00e0, le garde fores\u00adtier \u00e0&nbsp;che\u00adval Spel\u00adler\u00adberg a&nbsp;tu\u00e9 le der\u00adnier lynx du Harz pr\u00e8s de Lau\u00adten\u00adthal. L\u2019\u00e9\u00adv\u00e9\u00adne\u00adment a&nbsp;\u00e9t\u00e9 pr\u00e9\u00adc\u00e9\u00add\u00e9 d\u2019une chasse de onze jours, \u00e0&nbsp;laquelle ont par\u00adti\u00adci\u00adp\u00e9 envi\u00adron 100 conduc\u00adteurs et 80 chas\u00adseurs en deux \u00e9tapes. Fin f\u00e9vrier, le lynx s\u2019\u00e9\u00adtait \u00e9chap\u00adp\u00e9 apr\u00e8s plu\u00adsieurs jours de traque et un tir rat\u00e9. Deux semaines plus tard, le groupe de chas\u00adseurs s\u2019est \u00e0&nbsp;nou\u00adveau r\u00e9uni. Pr\u00e8s de Lau\u00adten\u00adthal, on a&nbsp;d\u00e9cou\u00advert les traces du grand f\u00e9lin dans la neige. Une nou\u00advelle bat\u00adtue a&nbsp;\u00e9t\u00e9 orga\u00adni\u00ads\u00e9e et le lynx effray\u00e9 par les chas\u00adseurs a&nbsp;fina\u00adle\u00adment \u00e9t\u00e9 abattu.&nbsp;<\/p>\n\n<p>Au d\u00e9but, la pierre se trou\u00advait \u00e0&nbsp;l\u2019en\u00addroit que l\u2019on pen\u00adsait \u00eatre le lieu de l\u2019\u00e9\u00adv\u00e9\u00adne\u00adment de l\u2019\u00e9\u00adpoque. Dans les ann\u00e9es 1970, la pierre a&nbsp;\u00e9t\u00e9 d\u00e9pla\u00adc\u00e9e vers le che\u00admin fores\u00adtier tout proche.&nbsp;<\/p>\n\n<p>Depuis le point de d\u00e9part sur le par\u00adking Stern\u00adplatz entre Lau\u00adten\u00adthal et See\u00adsen, on acc\u00e8de au Luchs\u00adstein par un large che\u00admin fores\u00adtier bali\u00ads\u00e9. En com\u00adbi\u00adnai\u00adson avec le <a href=\"https:\/\/www.harzer-wandernadel.de\/stempelstellen\/uebersichtskarte\/stempelstelle-104-traenkebachhuette\/\" data-type=\"page\" data-id=\"1082\">refuge du Tr\u00e4n\u00adke\u00adbach HWN 104<\/a> et le <a href=\"https:\/\/www.harzer-wandernadel.de\/fr\/pointage\/carte-generale\/pointage-102-poste-de-controle-de-la-situation\/\" data-type=\"page\" data-id=\"1078\">Lages\u00adwarte HWN 102<\/a>, la ran\u00addon\u00adn\u00e9e est int\u00e9ressante.&nbsp;<\/p>\n","protected":false},"excerpt":{"rendered":"<p>En 1893, une pierre com\u00adm\u00e9\u00admo\u00adra\u00adtive a&nbsp;\u00e9t\u00e9 \u00e9ri\u00adg\u00e9e au nord-ouest de Lau\u00adten\u00adthal pour rap\u00adpe\u00adler la mise \u00e0&nbsp;mort du der\u00adnier lynx du&nbsp;Harz. Le 17 mars 1818 d\u00e9j\u00e0, le garde fores\u00adtier \u00e0&nbsp;che\u00adval Spel\u00adler\u00adberg a&nbsp;tu\u00e9 le der\u00adnier lynx du Harz pr\u00e8s de Lau\u00adten\u00adthal. L\u2019\u00e9\u00adv\u00e9\u00adne\u00adment a&nbsp;\u00e9t\u00e9 pr\u00e9\u00adc\u00e9\u00add\u00e9 d\u2019une chasse de onze jours, \u00e0&nbsp;laquelle ont par\u00adti\u00adci\u00adp\u00e9 envi\u00adron 100 conduc\u00adteurs et&nbsp;80&nbsp;[\u2026]<\/p>\n","protected":false},"author":11,"featured_media":20003,"parent":17801,"menu_order":10103,"comment_status":"closed","ping_status":"closed","template":"","meta":{"_seopress_robots_primary_cat":"","_seopress_titles_title":"","_seopress_titles_desc":"","_seopress_robots_index":"","wp_typography_post_enhancements_disabled":false,"iawp_total_views":1,"footnotes":""},"hf_cat_page":[120],"class_list":["post-20002","page","type-page","status-publish","has-post-thumbnail"],"blocksy_meta":[],"_links":{"self":[{"href":"https:\/\/www.harzer-wandernadel.de\/fr\/wp-json\/wp\/v2\/pages\/20002","targetHints":{"allow":["GET"]}}],"collection":[{"href":"https:\/\/www.harzer-wandernadel.de\/fr\/wp-json\/wp\/v2\/pages"}],"about":[{"href":"https:\/\/www.harzer-wandernadel.de\/fr\/wp-json\/wp\/v2\/types\/page"}],"author":[{"embeddable":true,"href":"https:\/\/www.harzer-wandernadel.de\/fr\/wp-json\/wp\/v2\/users\/11"}],"replies":[{"embeddable":true,"href":"https:\/\/www.harzer-wandernadel.de\/fr\/wp-json\/wp\/v2\/comments?post=20002"}],"version-history":[{"count":2,"href":"https:\/\/www.harzer-wandernadel.de\/fr\/wp-json\/wp\/v2\/pages\/20002\/revisions"}],"predecessor-version":[{"id":24880,"href":"https:\/\/www.harzer-wandernadel.de\/fr\/wp-json\/wp\/v2\/pages\/20002\/revisions\/24880"}],"up":[{"embeddable":true,"href":"https:\/\/www.harzer-wandernadel.de\/fr\/wp-json\/wp\/v2\/pages\/17801"}],"wp:featuredmedia":[{"embeddable":true,"href":"https:\/\/www.harzer-wandernadel.de\/fr\/wp-json\/wp\/v2\/media\/20003"}],"wp:attachment":[{"href":"https:\/\/www.harzer-wandernadel.de\/fr\/wp-json\/wp\/v2\/media?parent=20002"}],"wp:term":[{"taxonomy":"hf_cat_page","embeddable":true,"href":"https:\/\/www.harzer-wandernadel.de\/fr\/wp-json\/wp\/v2\/hf_cat_page?post=20002"}],"curies":[{"name":"wp","href":"https:\/\/api.w.org\/{rel}","templated":true}]}}