{"id":19997,"date":"2016-02-19T11:24:14","date_gmt":"2016-02-19T10:24:14","guid":{"rendered":"https:\/\/www.harzer-wandernadel.de\/pointage\/carte-generale\/pointage-102-poste-de-controle-de-la-situation\/"},"modified":"2026-02-28T21:07:12","modified_gmt":"2026-02-28T20:07:12","slug":"pointage-102-poste-de-controle-de-la-situation","status":"publish","type":"page","link":"https:\/\/www.harzer-wandernadel.de\/fr\/pointage\/carte-generale\/pointage-102-poste-de-controle-de-la-situation\/","title":{"rendered":"Pointage 102 \/ Poste de contr\u00f4le de la situation"},"content":{"rendered":"\n<h2 class=\"wp-block-heading\">Le Lageswarte se trouve sur la piste de course de l\u2019Innerste entre Lautenthal et Neuekrug-Hahausen, au-dessus du barrage de l\u2019Innerstet.<\/h2>\n\n<div class=\"wp-block-stackable-image alignwide stk-block-image stk-block stk-89e1006\" data-block-id=\"89e1006\"><style>.stk-89e1006 {margin-top:3% !important;margin-bottom:3% !important;}<\/style><figure><span class=\"stk-img-wrapper stk-image--shape-stretch stk--has-lightbox\"><img decoding=\"async\" width=\"1346\" height=\"524\" src=\"https:\/\/www.harzer-wandernadel.de\/wp-content\/uploads\/2016\/02\/HWN-Lageswarte-Ausschnitt-Anderweit.jpg\" class=\"attachment-full size-full wp-post-image\" alt=\"Panorama de for\u00eats et de montagnes vertes sous un ciel nuageux\" srcset=\"https:\/\/www.harzer-wandernadel.de\/wp-content\/uploads\/2016\/02\/HWN-Lageswarte-Ausschnitt-Anderweit.jpg 1346w, https:\/\/www.harzer-wandernadel.de\/wp-content\/uploads\/2016\/02\/HWN-Lageswarte-Ausschnitt-Anderweit-300x117.jpg 300w, https:\/\/www.harzer-wandernadel.de\/wp-content\/uploads\/2016\/02\/HWN-Lageswarte-Ausschnitt-Anderweit-768x299.jpg 768w, https:\/\/www.harzer-wandernadel.de\/wp-content\/uploads\/2016\/02\/HWN-Lageswarte-Ausschnitt-Anderweit-1024x399.jpg 1024w, https:\/\/www.harzer-wandernadel.de\/wp-content\/uploads\/2016\/02\/HWN-Lageswarte-Ausschnitt-Anderweit-250x97.jpg 250w, https:\/\/www.harzer-wandernadel.de\/wp-content\/uploads\/2016\/02\/HWN-Lageswarte-Ausschnitt-Anderweit-624x243.jpg 624w\" sizes=\"(max-width: 1346px) 100vw, 1346px\"><\/span><\/figure><\/div>\n\n<p>Du som\u00admet, vous avez une vue magni\u00adfique sur le bar\u00adrage d\u2019In\u00adnerste et le Brocken.<\/p>\n\n<p>Des d\u00e9cou\u00advertes datant du n\u00e9o\u00adli\u00adthique et de l\u2019\u00e2ge du bronze prouvent que la Renns\u00adtieg \u00e9tait d\u00e9j\u00e0 uti\u00adli\u00ads\u00e9e depuis plu\u00adsieurs mil\u00adl\u00e9\u00adnaires comme voie de com\u00admu\u00adni\u00adca\u00adtion pour la trans\u00admis\u00adsion des mes\u00adsages et le trans\u00adport des mar\u00adchan\u00addises. Au 10\u00e8me si\u00e8cle, la mon\u00adt\u00e9e de l\u2019In\u00adnerste consti\u00adtuait la fron\u00adti\u00e8re de la for\u00eat appar\u00adte\u00adnant \u00e0&nbsp;Wer\u00adla. La par\u00adtie nord de la Renns\u00adtieg passe par le Lageswarte.&nbsp;<\/p>\n\n<p>Depuis le par\u00adking Stern\u00adplatz, qui se trouve au-des\u00adsus de Lau\u00adten\u00adthal, tu peux faire une ran\u00addon\u00adn\u00e9e jus\u00adqu\u2019au Lages\u00adwarte en com\u00adbi\u00adnai\u00adson avec le <a href=\"https:\/\/www.harzer-wandernadel.de\/fr\/pointage\/carte-generale\/pointage-103-pierre-de-lynx\/\" data-type=\"page\" data-id=\"1080\">Luchs\u00adstein HWN 103<\/a> et le <a href=\"https:\/\/www.harzer-wandernadel.de\/wp-content\/uploads\/2024\/09\/Nr-104-scaled.jpg\" data-type=\"attachment\" data-id=\"10474\">Tr\u00e4n\u00adke\u00adba\u00adchh\u00fctte HWN 104<\/a>.<\/p>\n","protected":false},"excerpt":{"rendered":"<p>Le Lages\u00adwarte se trouve sur la piste de course de l\u2019Innerste entre Lau\u00adten\u00adthal et Neue\u00adkrug-Hahau\u00adsen, au-des\u00adsus du bar\u00adrage de l\u2019Innerstet. Du som\u00admet, vous avez une vue magni\u00adfique sur le bar\u00adrage d\u2019In\u00adnerste et le Bro\u00adcken. Des d\u00e9cou\u00advertes datant du n\u00e9o\u00adli\u00adthique et de l\u2019\u00e2ge du bronze prouvent que la Renns\u00adtieg \u00e9tait d\u00e9j\u00e0 uti\u00adli\u00ads\u00e9e depuis plu\u00adsieurs mil\u00adl\u00e9\u00adnaires comme&nbsp;[\u2026]<\/p>\n","protected":false},"author":11,"featured_media":20000,"parent":17801,"menu_order":10102,"comment_status":"closed","ping_status":"closed","template":"","meta":{"_seopress_robots_primary_cat":"","_seopress_titles_title":"","_seopress_titles_desc":"","_seopress_robots_index":"","wp_typography_post_enhancements_disabled":false,"iawp_total_views":0,"footnotes":""},"hf_cat_page":[120],"class_list":["post-19997","page","type-page","status-publish","has-post-thumbnail"],"blocksy_meta":[],"_links":{"self":[{"href":"https:\/\/www.harzer-wandernadel.de\/fr\/wp-json\/wp\/v2\/pages\/19997","targetHints":{"allow":["GET"]}}],"collection":[{"href":"https:\/\/www.harzer-wandernadel.de\/fr\/wp-json\/wp\/v2\/pages"}],"about":[{"href":"https:\/\/www.harzer-wandernadel.de\/fr\/wp-json\/wp\/v2\/types\/page"}],"author":[{"embeddable":true,"href":"https:\/\/www.harzer-wandernadel.de\/fr\/wp-json\/wp\/v2\/users\/11"}],"replies":[{"embeddable":true,"href":"https:\/\/www.harzer-wandernadel.de\/fr\/wp-json\/wp\/v2\/comments?post=19997"}],"version-history":[{"count":3,"href":"https:\/\/www.harzer-wandernadel.de\/fr\/wp-json\/wp\/v2\/pages\/19997\/revisions"}],"predecessor-version":[{"id":25054,"href":"https:\/\/www.harzer-wandernadel.de\/fr\/wp-json\/wp\/v2\/pages\/19997\/revisions\/25054"}],"up":[{"embeddable":true,"href":"https:\/\/www.harzer-wandernadel.de\/fr\/wp-json\/wp\/v2\/pages\/17801"}],"wp:featuredmedia":[{"embeddable":true,"href":"https:\/\/www.harzer-wandernadel.de\/fr\/wp-json\/wp\/v2\/media\/20000"}],"wp:attachment":[{"href":"https:\/\/www.harzer-wandernadel.de\/fr\/wp-json\/wp\/v2\/media?parent=19997"}],"wp:term":[{"taxonomy":"hf_cat_page","embeddable":true,"href":"https:\/\/www.harzer-wandernadel.de\/fr\/wp-json\/wp\/v2\/hf_cat_page?post=19997"}],"curies":[{"name":"wp","href":"https:\/\/api.w.org\/{rel}","templated":true}]}}