{"id":19962,"date":"2016-02-19T11:17:58","date_gmt":"2016-02-19T10:17:58","guid":{"rendered":"https:\/\/www.harzer-wandernadel.de\/pointage\/carte-generale\/pointage-98-ruine-hohnstein\/"},"modified":"2026-02-28T14:42:55","modified_gmt":"2026-02-28T13:42:55","slug":"pointage-98-ruine-hohnstein","status":"publish","type":"page","link":"https:\/\/www.harzer-wandernadel.de\/fr\/pointage\/carte-generale\/pointage-98-ruine-hohnstein\/","title":{"rendered":"Pointage 98 \/ Ruine Hohnstein"},"content":{"rendered":"\n<h2 class=\"wp-block-heading\">Au-dessus de la petite ville de Neustadt, dans le Harz, se dressent sur un c\u00f4ne de porphyre les ruines imposantes du ch\u00e2teau de Hohnstein, vieux de presque 900&nbsp;ans.<\/h2>\n\n<div class=\"wp-block-stackable-image alignwide stk-block-image stk-block stk-89e1006\" data-block-id=\"89e1006\"><style>.stk-89e1006 {margin-top:3% !important;margin-bottom:3% !important;}<\/style><figure><span class=\"stk-img-wrapper stk-image--shape-stretch stk--has-lightbox\"><img decoding=\"async\" width=\"700\" height=\"525\" src=\"https:\/\/www.harzer-wandernadel.de\/wp-content\/uploads\/2016\/02\/Burg-Hohnstein.jpg\" class=\"attachment-full size-full wp-post-image\" alt srcset=\"https:\/\/www.harzer-wandernadel.de\/wp-content\/uploads\/2016\/02\/Burg-Hohnstein.jpg 700w, https:\/\/www.harzer-wandernadel.de\/wp-content\/uploads\/2016\/02\/Burg-Hohnstein-300x225.jpg 300w, https:\/\/www.harzer-wandernadel.de\/wp-content\/uploads\/2016\/02\/Burg-Hohnstein-624x468.jpg 624w\" sizes=\"(max-width: 700px) 100vw, 700px\"><\/span><\/figure><\/div>\n\n<p>Conrad de San\u00adge\u00adrhau\u00adsen l\u2019a construit vers 1200. Le site for\u00adte\u00adment for\u00adti\u00adfi\u00e9 est deve\u00adnu le ch\u00e2\u00adteau ances\u00adtral des comtes de Hohn\u00adstein. Pen\u00addant plus de 500 ans, une vie vari\u00e9e a&nbsp;r\u00e9gn\u00e9 sur ce ch\u00e2\u00adteau. Apr\u00e8s de rudes conflits et diverses des\u00adtruc\u00adtions dans le com\u00adt\u00e9 de Hohn\u00adstein suite \u00e0&nbsp;la guerre de Fle\u00adgler de 1412 \u00e0&nbsp;1415, les comtes de Stol\u00adberg ont repris le ch\u00e2\u00adteau de Hohn\u00adstein en 1417. En 1627, dans la confu\u00adsion de la guerre de Trente Ans, le Vit\u00adzum von Eckst\u00e4dt a&nbsp;d\u00e9truit ce grand ch\u00e2\u00adteau fort dans le Harz par un incen\u00addie criminel.&nbsp;<\/p>\n\n<p>Depuis, nous ne pou\u00advons la voir qu\u2019en ruines. Mais entre les restes de ruines, tu peux r\u00eaver et lais\u00adser ton ima\u00adgi\u00adna\u00adtion vaga\u00adbon\u00adder \u00e0&nbsp;tra\u00advers les si\u00e8cles. Pro\u00adfite de ton s\u00e9jour au ch\u00e2\u00adteau de Hohnstein.&nbsp;<\/p>\n\n<p>L\u2019au\u00adberge du ch\u00e2\u00adteau a&nbsp;\u00e9t\u00e9 construite en 1908 et a&nbsp;\u00e9t\u00e9 enti\u00e8\u00adre\u00adment r\u00e9no\u00adv\u00e9e en 2000. Sous la devise <em>\u00ab&nbsp;Invi\u00adt\u00e9 dans une autre \u00e9poque&nbsp;\u00bb, <\/em>les h\u00f4tes sont accueillis de mani\u00e8re princi\u00e8re.&nbsp;<\/p>\n\n<div class=\"wp-block-buttons is-layout-flex wp-block-buttons-is-layout-flex\">\n<div class=\"wp-block-button\"><a class=\"wp-block-button__link wp-element-button\" href=\"http:\/\/www.burghohnstein.de\/\" target=\"_blank\" rel=\"noreferrer noopener\">Ch\u00e2\u00adteau de Hohnstein<\/a><\/div>\n<\/div>\n\n<p>Tu peux faire la ran\u00addon\u00adn\u00e9e du ch\u00e2\u00adteau de Hohn\u00adstein \u00e0&nbsp;par\u00adtir des par\u00adkings autour de Neus\u00adtadt en sui\u00advant des che\u00admins tou\u00adjours bien indiqu\u00e9s.<\/p>\n","protected":false},"excerpt":{"rendered":"<p>Au-des\u00adsus de la petite ville de Neus\u00adtadt, dans le Harz, se dressent sur un c\u00f4ne de por\u00adphyre les ruines impo\u00adsantes du ch\u00e2\u00adteau de Hohn\u00adstein, vieux de presque 900&nbsp;ans. Conrad de San\u00adge\u00adrhau\u00adsen l\u2019a construit vers 1200. Le site for\u00adte\u00adment for\u00adti\u00adfi\u00e9 est deve\u00adnu le ch\u00e2\u00adteau ances\u00adtral des comtes de Hohn\u00adstein. Pen\u00addant plus de 500 ans, une&nbsp;vie&nbsp;[\u2026]<\/p>\n","protected":false},"author":11,"featured_media":19963,"parent":17801,"menu_order":10098,"comment_status":"closed","ping_status":"closed","template":"","meta":{"_seopress_robots_primary_cat":"","_seopress_titles_title":"","_seopress_titles_desc":"","_seopress_robots_index":"","wp_typography_post_enhancements_disabled":false,"iawp_total_views":0,"footnotes":""},"hf_cat_page":[120],"class_list":["post-19962","page","type-page","status-publish","has-post-thumbnail"],"blocksy_meta":[],"_links":{"self":[{"href":"https:\/\/www.harzer-wandernadel.de\/fr\/wp-json\/wp\/v2\/pages\/19962","targetHints":{"allow":["GET"]}}],"collection":[{"href":"https:\/\/www.harzer-wandernadel.de\/fr\/wp-json\/wp\/v2\/pages"}],"about":[{"href":"https:\/\/www.harzer-wandernadel.de\/fr\/wp-json\/wp\/v2\/types\/page"}],"author":[{"embeddable":true,"href":"https:\/\/www.harzer-wandernadel.de\/fr\/wp-json\/wp\/v2\/users\/11"}],"replies":[{"embeddable":true,"href":"https:\/\/www.harzer-wandernadel.de\/fr\/wp-json\/wp\/v2\/comments?post=19962"}],"version-history":[{"count":1,"href":"https:\/\/www.harzer-wandernadel.de\/fr\/wp-json\/wp\/v2\/pages\/19962\/revisions"}],"predecessor-version":[{"id":19964,"href":"https:\/\/www.harzer-wandernadel.de\/fr\/wp-json\/wp\/v2\/pages\/19962\/revisions\/19964"}],"up":[{"embeddable":true,"href":"https:\/\/www.harzer-wandernadel.de\/fr\/wp-json\/wp\/v2\/pages\/17801"}],"wp:featuredmedia":[{"embeddable":true,"href":"https:\/\/www.harzer-wandernadel.de\/fr\/wp-json\/wp\/v2\/media\/19963"}],"wp:attachment":[{"href":"https:\/\/www.harzer-wandernadel.de\/fr\/wp-json\/wp\/v2\/media?parent=19962"}],"wp:term":[{"taxonomy":"hf_cat_page","embeddable":true,"href":"https:\/\/www.harzer-wandernadel.de\/fr\/wp-json\/wp\/v2\/hf_cat_page?post=19962"}],"curies":[{"name":"wp","href":"https:\/\/api.w.org\/{rel}","templated":true}]}}