{"id":19953,"date":"2016-02-19T11:04:50","date_gmt":"2016-02-19T10:04:50","guid":{"rendered":"https:\/\/www.harzer-wandernadel.de\/pointage\/carte-generale\/pointage-93-dreitaelerblick\/"},"modified":"2026-02-28T14:42:52","modified_gmt":"2026-02-28T13:42:52","slug":"pointage-93-dreitaelerblick","status":"publish","type":"page","link":"https:\/\/www.harzer-wandernadel.de\/fr\/pointage\/carte-generale\/pointage-93-dreitaelerblick\/","title":{"rendered":"Pointage 93 \/ Dreit\u00e4lerblick"},"content":{"rendered":"\n<h2 class=\"wp-block-heading\">Le point de pointage Dreit\u00e4lerblick se trouve entre Ilfeld et Netzkater, au-dessus de la mine de visiteurs Rabensteiner Stollen.<\/h2>\n\n<div class=\"wp-block-stackable-image alignwide stk-block-image stk-block stk-89e1006\" data-block-id=\"89e1006\"><style>.stk-89e1006 {margin-top:3% !important;margin-bottom:3% !important;}<\/style><figure><span class=\"stk-img-wrapper stk-image--shape-stretch stk--has-lightbox\"><img decoding=\"async\" width=\"2048\" height=\"1152\" src=\"https:\/\/www.harzer-wandernadel.de\/wp-content\/uploads\/2016\/02\/HWN-Dreit\u00e4lerblick-Klingemann.jpg\" class=\"attachment-full size-full wp-post-image\" alt=\"Vall\u00e9e verte avec collines bois\u00e9es et route de campagne\" srcset=\"https:\/\/www.harzer-wandernadel.de\/wp-content\/uploads\/2016\/02\/HWN-Dreit\u00e4lerblick-Klingemann.jpg 2048w, https:\/\/www.harzer-wandernadel.de\/wp-content\/uploads\/2016\/02\/HWN-Dreit\u00e4lerblick-Klingemann-300x169.jpg 300w, https:\/\/www.harzer-wandernadel.de\/wp-content\/uploads\/2016\/02\/HWN-Dreit\u00e4lerblick-Klingemann-768x432.jpg 768w, https:\/\/www.harzer-wandernadel.de\/wp-content\/uploads\/2016\/02\/HWN-Dreit\u00e4lerblick-Klingemann-1024x576.jpg 1024w, https:\/\/www.harzer-wandernadel.de\/wp-content\/uploads\/2016\/02\/HWN-Dreit\u00e4lerblick-Klingemann-250x141.jpg 250w, https:\/\/www.harzer-wandernadel.de\/wp-content\/uploads\/2016\/02\/HWN-Dreit\u00e4lerblick-Klingemann-624x351.jpg 624w\" sizes=\"(max-width: 2048px) 100vw, 2048px\"><\/span><\/figure><\/div>\n\n<p>Le point de vue des trois val\u00adl\u00e9es porte bien son nom, car de l\u00e0-haut, tu peux vrai\u00adment voir la val\u00adl\u00e9e de Bran\u00addes\u00adbach, la val\u00adl\u00e9e d\u2019Il\u00adfeld et la val\u00adl\u00e9e froide.<\/p>\n\n<p>Le meilleur point de d\u00e9part est le par\u00adking du che\u00admin de fer \u00e0&nbsp;voie \u00e9troite du Harz \u00e0&nbsp;la sta\u00adtion Netz\u00adka\u00adter. Le che\u00admin de ran\u00addon\u00adn\u00e9e bali\u00ads\u00e9 com\u00admence direc\u00adte\u00adment au b\u00e2ti\u00adment de la gare et monte par\u00adfois net\u00adte\u00adment \u00e0&nbsp;tra\u00advers la for\u00eat jus\u00adqu\u2019au point de&nbsp;vue.&nbsp;<\/p>\n\n<div class=\"wp-block-buttons is-layout-flex wp-block-buttons-is-layout-flex\">\n<div class=\"wp-block-button\"><a class=\"wp-block-button__link wp-element-button\" href=\"https:\/\/harzer-bergwald.de\/index.php\/wandertouren\/abenteuertouren\/9-singletrails-bei-ilfeld\" target=\"_blank\" rel=\"noreferrer noopener\">Sug\u00adges\u00adtion de cir\u00adcuit For\u00eat de mon\u00adtagne du&nbsp;Harz<\/a><\/div>\n<\/div>\n","protected":false},"excerpt":{"rendered":"<p>Le point de poin\u00adtage Dreit\u00e4\u00adler\u00adblick se trouve entre Ilfeld et Netz\u00adka\u00adter, au-des\u00adsus de la mine de visi\u00adteurs Raben\u00adstei\u00adner Stol\u00adlen. Le point de vue des trois val\u00adl\u00e9es porte bien son nom, car de l\u00e0-haut, tu peux vrai\u00adment voir la val\u00adl\u00e9e de Bran\u00addes\u00adbach, la val\u00adl\u00e9e d\u2019Il\u00adfeld et la val\u00adl\u00e9e froide. Le meilleur point de d\u00e9part est&nbsp;le&nbsp;[\u2026]<\/p>\n","protected":false},"author":11,"featured_media":19956,"parent":17801,"menu_order":10093,"comment_status":"closed","ping_status":"closed","template":"","meta":{"_seopress_robots_primary_cat":"","_seopress_titles_title":"","_seopress_titles_desc":"","_seopress_robots_index":"","wp_typography_post_enhancements_disabled":false,"iawp_total_views":1,"footnotes":""},"hf_cat_page":[120],"class_list":["post-19953","page","type-page","status-publish","has-post-thumbnail"],"blocksy_meta":[],"_links":{"self":[{"href":"https:\/\/www.harzer-wandernadel.de\/fr\/wp-json\/wp\/v2\/pages\/19953","targetHints":{"allow":["GET"]}}],"collection":[{"href":"https:\/\/www.harzer-wandernadel.de\/fr\/wp-json\/wp\/v2\/pages"}],"about":[{"href":"https:\/\/www.harzer-wandernadel.de\/fr\/wp-json\/wp\/v2\/types\/page"}],"author":[{"embeddable":true,"href":"https:\/\/www.harzer-wandernadel.de\/fr\/wp-json\/wp\/v2\/users\/11"}],"replies":[{"embeddable":true,"href":"https:\/\/www.harzer-wandernadel.de\/fr\/wp-json\/wp\/v2\/comments?post=19953"}],"version-history":[{"count":1,"href":"https:\/\/www.harzer-wandernadel.de\/fr\/wp-json\/wp\/v2\/pages\/19953\/revisions"}],"predecessor-version":[{"id":19957,"href":"https:\/\/www.harzer-wandernadel.de\/fr\/wp-json\/wp\/v2\/pages\/19953\/revisions\/19957"}],"up":[{"embeddable":true,"href":"https:\/\/www.harzer-wandernadel.de\/fr\/wp-json\/wp\/v2\/pages\/17801"}],"wp:featuredmedia":[{"embeddable":true,"href":"https:\/\/www.harzer-wandernadel.de\/fr\/wp-json\/wp\/v2\/media\/19956"}],"wp:attachment":[{"href":"https:\/\/www.harzer-wandernadel.de\/fr\/wp-json\/wp\/v2\/media?parent=19953"}],"wp:term":[{"taxonomy":"hf_cat_page","embeddable":true,"href":"https:\/\/www.harzer-wandernadel.de\/fr\/wp-json\/wp\/v2\/hf_cat_page?post=19953"}],"curies":[{"name":"wp","href":"https:\/\/api.w.org\/{rel}","templated":true}]}}