{"id":19944,"date":"2016-02-18T13:46:40","date_gmt":"2016-02-18T12:46:40","guid":{"rendered":"https:\/\/www.harzer-wandernadel.de\/pointage\/carte-generale\/pointage-89-montagne-de-la-cheminee\/"},"modified":"2026-02-28T14:42:49","modified_gmt":"2026-02-28T13:42:49","slug":"pointage-89-montagne-de-la-cheminee","status":"publish","type":"page","link":"https:\/\/www.harzer-wandernadel.de\/fr\/pointage\/carte-generale\/pointage-89-montagne-de-la-cheminee\/","title":{"rendered":"Pointage 89 \/ Montagne de la chemin\u00e9e"},"content":{"rendered":"\n<h2 class=\"wp-block-heading\">Le Schornsteinberg (458 m\u00e8tres au-dessus du niveau de la mer) est un beau point de vue au-dessus de la piscine en plein air de R\u00fcbeland.<\/h2>\n\n<div class=\"wp-block-stackable-image alignwide stk-block-image stk-block stk-89e1006\" data-block-id=\"89e1006\"><style>.stk-89e1006 {margin-top:3% !important;margin-bottom:3% !important;}<\/style><figure><span class=\"stk-img-wrapper stk-image--shape-stretch stk--has-lightbox\"><img decoding=\"async\" width=\"733\" height=\"550\" src=\"https:\/\/www.harzer-wandernadel.de\/wp-content\/uploads\/2016\/02\/Schornsteinberg.jpg\" class=\"attachment-full size-full wp-post-image\" alt srcset=\"https:\/\/www.harzer-wandernadel.de\/wp-content\/uploads\/2016\/02\/Schornsteinberg.jpg 733w, https:\/\/www.harzer-wandernadel.de\/wp-content\/uploads\/2016\/02\/Schornsteinberg-300x225.jpg 300w, https:\/\/www.harzer-wandernadel.de\/wp-content\/uploads\/2016\/02\/Schornsteinberg-624x468.jpg 624w\" sizes=\"(max-width: 733px) 100vw, 733px\"><\/span><\/figure><\/div>\n\n<p>C\u2019est ici que se trou\u00advait l\u2019ex\u00adtr\u00e9\u00admi\u00adt\u00e9 ma\u00e7on\u00adn\u00e9e d\u2019en\u00advi\u00adron 6&nbsp;m\u00e8tres de haut d\u2019une ins\u00adtal\u00adla\u00adtion de car\u00adbo\u00adni\u00adsa\u00adtion, qui a&nbsp;\u00e9t\u00e9 d\u00e9truite pen\u00addant la Seconde Guerre mon\u00addiale. Le canal en pierre de taille, bien visible d\u2019en haut, d\u2019une lon\u00adgueur d\u2019en\u00advi\u00adron 50 m\u00e8tres, \u00e9tait creu\u00ads\u00e9 dans la roche cal\u00adcaire et recou\u00advert de plaques.&nbsp;<\/p>\n\n<p>Le che\u00admin qui monte au Schorn\u00adstein\u00adberg com\u00admence \u00e0&nbsp;gauche de la grotte Bau\u00admann et monte en quelques virages jus\u00adqu\u2019\u00e0 une prai\u00adrie. A&nbsp;la lisi\u00e8re de la for\u00eat, le che\u00admin conti\u00adnue jus\u00adqu\u2019au point de&nbsp;vue.&nbsp;<\/p>\n","protected":false},"excerpt":{"rendered":"<p>Le Schorn\u00adstein\u00adberg (458 m\u00e8tres au-des\u00adsus du niveau de la mer) est un beau point de vue au-des\u00adsus de la pis\u00adcine en plein air de R\u00fcbe\u00adland. C\u2019est ici que se trou\u00advait l\u2019ex\u00adtr\u00e9\u00admi\u00adt\u00e9 ma\u00e7on\u00adn\u00e9e d\u2019en\u00advi\u00adron 6&nbsp;m\u00e8tres de haut d\u2019une ins\u00adtal\u00adla\u00adtion de car\u00adbo\u00adni\u00adsa\u00adtion, qui a&nbsp;\u00e9t\u00e9 d\u00e9truite pen\u00addant la Seconde Guerre mon\u00addiale. Le canal en pierre de taille, bien&nbsp;[\u2026]<\/p>\n","protected":false},"author":11,"featured_media":19945,"parent":17801,"menu_order":10089,"comment_status":"closed","ping_status":"closed","template":"","meta":{"_seopress_robots_primary_cat":"","_seopress_titles_title":"","_seopress_titles_desc":"","_seopress_robots_index":"","wp_typography_post_enhancements_disabled":false,"iawp_total_views":2,"footnotes":""},"hf_cat_page":[120],"class_list":["post-19944","page","type-page","status-publish","has-post-thumbnail"],"blocksy_meta":[],"_links":{"self":[{"href":"https:\/\/www.harzer-wandernadel.de\/fr\/wp-json\/wp\/v2\/pages\/19944","targetHints":{"allow":["GET"]}}],"collection":[{"href":"https:\/\/www.harzer-wandernadel.de\/fr\/wp-json\/wp\/v2\/pages"}],"about":[{"href":"https:\/\/www.harzer-wandernadel.de\/fr\/wp-json\/wp\/v2\/types\/page"}],"author":[{"embeddable":true,"href":"https:\/\/www.harzer-wandernadel.de\/fr\/wp-json\/wp\/v2\/users\/11"}],"replies":[{"embeddable":true,"href":"https:\/\/www.harzer-wandernadel.de\/fr\/wp-json\/wp\/v2\/comments?post=19944"}],"version-history":[{"count":1,"href":"https:\/\/www.harzer-wandernadel.de\/fr\/wp-json\/wp\/v2\/pages\/19944\/revisions"}],"predecessor-version":[{"id":19947,"href":"https:\/\/www.harzer-wandernadel.de\/fr\/wp-json\/wp\/v2\/pages\/19944\/revisions\/19947"}],"up":[{"embeddable":true,"href":"https:\/\/www.harzer-wandernadel.de\/fr\/wp-json\/wp\/v2\/pages\/17801"}],"wp:featuredmedia":[{"embeddable":true,"href":"https:\/\/www.harzer-wandernadel.de\/fr\/wp-json\/wp\/v2\/media\/19945"}],"wp:attachment":[{"href":"https:\/\/www.harzer-wandernadel.de\/fr\/wp-json\/wp\/v2\/media?parent=19944"}],"wp:term":[{"taxonomy":"hf_cat_page","embeddable":true,"href":"https:\/\/www.harzer-wandernadel.de\/fr\/wp-json\/wp\/v2\/hf_cat_page?post=19944"}],"curies":[{"name":"wp","href":"https:\/\/api.w.org\/{rel}","templated":true}]}}