{"id":19930,"date":"2016-02-18T12:20:04","date_gmt":"2016-02-18T11:20:04","guid":{"rendered":"https:\/\/www.harzer-wandernadel.de\/pointage\/carte-generale\/pointage-182-parapluie\/"},"modified":"2026-01-29T14:54:41","modified_gmt":"2026-01-29T13:54:41","slug":"pointage-182-parapluie","status":"publish","type":"page","link":"https:\/\/www.harzer-wandernadel.de\/fr\/pointage\/carte-generale\/pointage-182-parapluie\/","title":{"rendered":"Pointage 182 \/ parapluie"},"content":{"rendered":"\n<h2 class=\"wp-block-heading\">Le \u00ab&nbsp;parapluie&nbsp;\u00bb est une aire de repos dans la r\u00e9serve naturelle Burgesroth-Bruchholz entre Ballenstedt et la vall\u00e9e de la Selke pr\u00e8s de M\u00e4gdesprung.<\/h2>\n\n<div class=\"wp-block-stackable-image alignwide stk-block-image stk-block stk-89e1006\" data-block-id=\"89e1006\"><style>.stk-89e1006 {margin-top:3% !important;margin-bottom:3% !important;}<\/style><figure><span class=\"stk-img-wrapper stk-image--shape-stretch stk--has-lightbox\"><img decoding=\"async\" width=\"960\" height=\"720\" src=\"https:\/\/www.harzer-wandernadel.de\/wp-content\/uploads\/2016\/02\/Schirm.jpg\" class=\"attachment-full size-full wp-post-image\" alt srcset=\"https:\/\/www.harzer-wandernadel.de\/wp-content\/uploads\/2016\/02\/Schirm.jpg 960w, https:\/\/www.harzer-wandernadel.de\/wp-content\/uploads\/2016\/02\/Schirm-300x225.jpg 300w, https:\/\/www.harzer-wandernadel.de\/wp-content\/uploads\/2016\/02\/Schirm-768x576.jpg 768w, https:\/\/www.harzer-wandernadel.de\/wp-content\/uploads\/2016\/02\/Schirm-250x188.jpg 250w, https:\/\/www.harzer-wandernadel.de\/wp-content\/uploads\/2016\/02\/Schirm-624x468.jpg 624w\" sizes=\"(max-width: 960px) 100vw, 960px\"><\/span><\/figure><\/div>\n\n<p>La r\u00e9serve natu\u00adrelle de 620 h&nbsp;relie deux zones fores\u00adti\u00e8res via la val\u00adl\u00e9e d\u2019Amt\u00admann, qui com\u00admence dans le parc du ch\u00e2\u00adteau de Bal\u00adlens\u00adtedt. Elle pro\u00adt\u00e8ge une zone prin\u00adci\u00adpa\u00adle\u00adment boi\u00ads\u00e9e avec dif\u00adf\u00e9\u00adrents types de bio\u00adtopes. On y&nbsp;trouve prin\u00adci\u00adpa\u00adle\u00adment des asso\u00adcia\u00adtions de for\u00eats de feuillus proches de l\u2019\u00e9\u00adtat natu\u00adrel et d\u2019an\u00adciens taillis avec une forte pro\u00adpor\u00adtion de vieux bois et de bois mort, notam\u00adment des ch\u00ea\u00adnaies-char\u00admaies \u00e0&nbsp;labi\u00e9es, des h\u00eatraies \u00e0&nbsp;charmes et des asso\u00adcia\u00adtions d\u2019aul\u00adnaies. Dans les zones fores\u00adti\u00e8res, on trouve des zones de sources et des val\u00adl\u00e9es de ruis\u00adseaux proches de l\u2019\u00e9\u00adtat naturel.&nbsp;<\/p>\n\n<p>Ce n\u2019est pas par hasard que de nom\u00adbreux che\u00admins se ren\u00adcontrent en \u00e9toile \u00e0&nbsp;l\u2019E\u00adcran, mais le prince Vic\u00adtor Frie\u00addrich a&nbsp;fait construire en 1728 entre Bal\u00adlens\u00adtedt et \u00ab&nbsp;Bre\u00admer Teich&nbsp;\u00bb HWN 196 une piste de chasse pour la chasse \u00e0&nbsp;la parade, tr\u00e8s popu\u00adlaire \u00e0&nbsp;l\u2019\u00e9\u00adpoque. A&nbsp;cer\u00adtains endroits, il y&nbsp;avait des pavillons de chasse ou des abris de chasse cou\u00adverts, appe\u00adl\u00e9s \u00ab&nbsp;parapluies&nbsp;\u00bb.&nbsp;<\/p>\n\n<p>Du parc du ch\u00e2\u00adteau de Bal\u00adlens\u00adtedt, un joli che\u00admin m\u00e8ne \u00e0&nbsp;la val\u00adl\u00e9e d\u2019Amt\u00admann\u00adtal, passe devant l\u2019\u00e9\u00adtang R\u00f6hr\u00adteich et tra\u00adverse des prai\u00adries humides ali\u00adgn\u00e9es comme des perles jus\u00adqu\u2019\u00e0 la croix expia\u00adtoire \u00ab&nbsp;Pauvre Hen\u00adri&nbsp;\u00bb. Apr\u00e8s la croix expia\u00adtoire, le che\u00admin bali\u00ads\u00e9 bifurque \u00e0&nbsp;droite vers le lieu de pointage.&nbsp;<\/p>\n\n<p>La tra\u00addi\u00adtion popu\u00adlaire raconte la l\u00e9gende sui\u00advante sur le \u00ab&nbsp;pauvre Hen\u00adri&nbsp;\u00bb&nbsp;: de son vivant, il aurait \u00e9t\u00e9 men\u00addiant, se d\u00e9pla\u00ad\u00e7ant le plus sou\u00advent entre les mar\u00adch\u00e9s de Bal\u00adlens\u00adtedt et Harz\u00adge\u00adrode. Un jour, il a&nbsp;\u00e9t\u00e9 retrou\u00adv\u00e9 mort \u00e0&nbsp;cet endroit. \u00c0&nbsp;sa grande sur\u00adprise, de nom\u00adbreuses pi\u00e8ces d\u2019or \u00e9taient cou\u00adsues dans la dou\u00adblure de sa veste. Ain\u00adsi, une croix en pierre a&nbsp;pu \u00eatre \u00e9ri\u00adg\u00e9e pour le \u00ab&nbsp;pauvre Hen\u00adri&nbsp;\u00bb enter\u00adr\u00e9 sur&nbsp;place.&nbsp;<\/p>\n\n<div class=\"wp-block-buttons is-layout-flex wp-block-buttons-is-layout-flex\">\n<div class=\"wp-block-button\"><a class=\"wp-block-button__link wp-element-button\" href=\"http:\/\/harzer-bergwald.de\/index.php\/wandertouren\/abenteuertouren\/15-eileen-allein-im-wald-alles-andere-als-geplant\">Sug\u00adges\u00adtion de cir\u00adcuit For\u00eat de mon\u00adtagne du&nbsp;Harz<\/a><\/div>\n<\/div>\n","protected":false},"excerpt":{"rendered":"<p>Le \u00ab&nbsp;para\u00adpluie&nbsp;\u00bb est une aire de repos dans la r\u00e9serve natu\u00adrelle Bur\u00adges\u00adroth-Bru\u00adch\u00adholz entre Bal\u00adlens\u00adtedt et la val\u00adl\u00e9e de la Selke pr\u00e8s de M\u00e4g\u00addes\u00adprung. La r\u00e9serve natu\u00adrelle de 620 h&nbsp;relie deux zones fores\u00adti\u00e8res via la val\u00adl\u00e9e d\u2019Amt\u00admann, qui com\u00admence dans le parc du ch\u00e2\u00adteau de Bal\u00adlens\u00adtedt. Elle pro\u00adt\u00e8ge une zone prin\u00adci\u00adpa\u00adle\u00adment boi\u00ads\u00e9e avec dif\u00adf\u00e9\u00adrents types&nbsp;de&nbsp;[\u2026]<\/p>\n","protected":false},"author":11,"featured_media":19931,"parent":17801,"menu_order":10182,"comment_status":"closed","ping_status":"closed","template":"","meta":{"_seopress_robots_primary_cat":"","_seopress_titles_title":"","_seopress_titles_desc":"","_seopress_robots_index":"","wp_typography_post_enhancements_disabled":false,"iawp_total_views":1,"footnotes":""},"hf_cat_page":[120],"class_list":["post-19930","page","type-page","status-publish","has-post-thumbnail"],"blocksy_meta":[],"_links":{"self":[{"href":"https:\/\/www.harzer-wandernadel.de\/fr\/wp-json\/wp\/v2\/pages\/19930","targetHints":{"allow":["GET"]}}],"collection":[{"href":"https:\/\/www.harzer-wandernadel.de\/fr\/wp-json\/wp\/v2\/pages"}],"about":[{"href":"https:\/\/www.harzer-wandernadel.de\/fr\/wp-json\/wp\/v2\/types\/page"}],"author":[{"embeddable":true,"href":"https:\/\/www.harzer-wandernadel.de\/fr\/wp-json\/wp\/v2\/users\/11"}],"replies":[{"embeddable":true,"href":"https:\/\/www.harzer-wandernadel.de\/fr\/wp-json\/wp\/v2\/comments?post=19930"}],"version-history":[{"count":1,"href":"https:\/\/www.harzer-wandernadel.de\/fr\/wp-json\/wp\/v2\/pages\/19930\/revisions"}],"predecessor-version":[{"id":19932,"href":"https:\/\/www.harzer-wandernadel.de\/fr\/wp-json\/wp\/v2\/pages\/19930\/revisions\/19932"}],"up":[{"embeddable":true,"href":"https:\/\/www.harzer-wandernadel.de\/fr\/wp-json\/wp\/v2\/pages\/17801"}],"wp:featuredmedia":[{"embeddable":true,"href":"https:\/\/www.harzer-wandernadel.de\/fr\/wp-json\/wp\/v2\/media\/19931"}],"wp:attachment":[{"href":"https:\/\/www.harzer-wandernadel.de\/fr\/wp-json\/wp\/v2\/media?parent=19930"}],"wp:term":[{"taxonomy":"hf_cat_page","embeddable":true,"href":"https:\/\/www.harzer-wandernadel.de\/fr\/wp-json\/wp\/v2\/hf_cat_page?post=19930"}],"curies":[{"name":"wp","href":"https:\/\/api.w.org\/{rel}","templated":true}]}}