{"id":19903,"date":"2025-09-28T11:10:12","date_gmt":"2025-09-28T09:10:12","guid":{"rendered":"https:\/\/www.harzer-wandernadel.de\/objets-trouves\/"},"modified":"2026-04-16T13:40:29","modified_gmt":"2026-04-16T11:40:29","slug":"objets-trouves","status":"publish","type":"page","link":"https:\/\/www.harzer-wandernadel.de\/fr\/objets-trouves\/","title":{"rendered":"Objets trouv\u00e9s"},"content":{"rendered":"\n<div class=\"wp-block-stackable-columns alignwide stk-block-columns stk-block stk-937de98\" data-block-id=\"937de98\"><style>.stk-937de98 .stk--block-align-937de98{align-items:flex-start !important;}.stk-937de98 {margin-bottom:0px !important;}@media screen and (max-width:999px){.stk-937de98-column{row-gap:100px !important;}}<\/style><div class=\"stk-row stk-inner-blocks stk--block-align-937de98 stk-block-content stk-content-align stk-937de98-column alignwide\">\n<div class=\"wp-block-stackable-column stk-block-column stk-column stk-block stk-457fd12\" data-v=\"4\" data-block-id=\"457fd12\"><style>.stk-457fd12-inner-blocks{justify-content:flex-start !important;row-gap:48px !important;}.stk-457fd12 {overflow:visible !important;}.stk-457fd12 .stk-container{overflow:visible !important;}@media screen and (min-width:690px){.stk-457fd12 {flex:var(--stk-flex-grow, 1) 1 calc(60% - var(--stk-column-gap, 0px) * 1 \/ 2 ) !important;}}@media screen and (min-width:690px) and (max-width:999px){.stk-457fd12 {flex:var(--stk-flex-grow, 1) 1 calc(100% - var(--stk-column-gap, 0px) * 0 \/ 1 ) !important;}}@media screen and (max-width:689px){.stk-457fd12-inner-blocks{row-gap:60px !important;}}<\/style><div class=\"stk-column-wrapper stk-block-column__content stk-container stk-457fd12-container stk--no-background stk--no-padding\"><div class=\"stk--column-flex stk-block-content stk-inner-blocks stk-457fd12-inner-blocks\">\n<div class=\"wp-block-group infoblock is-layout-constrained wp-block-group-is-layout-constrained\">\n<h2 class=\"wp-block-heading\">C\u2019est ici que sont publi\u00e9s les objets trouv\u00e9s signal\u00e9s.<\/h2>\n\n\n\n<div class=\"wp-block-stackable-icon-list stk-block-icon-list stk-block stk-5ce6bbf\" data-block-id=\"5ce6bbf\"><style>.stk-5ce6bbf .stk-block-icon-list-item__content{gap:16px !important;align-items:baseline !important;}.stk-5ce6bbf {--stk-icon-list-row-gap:48px !important;--stk-icon-list-marker-color:var(--theme-palette-color-2, #1b5700) !important;--stk-icon-list-icon-size:24px !important;margin-bottom:0% !important;}.stk-5ce6bbf ul .stk-block-icon-list-item__content .stk--inner-svg, .stk-5ce6bbf ol .stk-block-icon-list-item__content .stk-block-icon-list-item__marker{transform:translateY(4px) !important;}.stk-5ce6bbf .wp-block-stackable-icon-list-item:not(:nth-last-child(-n + 1))::after{border-bottom-style:solid !important;border-color:var(--theme-palette-color-16, rgba(0, 0, 0, 0.25)) !important;}<\/style><svg style=\"display:none\"><defs><g id=\"stk-icon-list__icon-svg-def-5ce6bbf\"><svg class=\"ugb-custom-icon\" id=\"Ebene_2-47072\" viewBox=\"0 0 210.1 240\"><g id=\"Ebene_1-2-47072\"><path d=\"M201.55,164.05c-4.75-4.05-11-5.85-18.11-5.3-12.11.95-25.3,8.65-35.36,20.65-12.2,14.55-17.14,32.3-12.6,45.1,1.35,3.95,3.6,7.35,6.86,10.15,4.35,3.64,9.8,5.34,15.7,5.34s12.75-1.85,19.25-5.36c6.55-3.55,12.9-8.7,18.5-15.35,16.54-19.79,19.09-44.1,5.74-55.24h0Z\" \/><path d=\"M24.15,158.65h-.25c-5.95.05-11.25,1.9-15.35,5.36-13.35,11.2-10.8,35.5,5.75,55.3,11.2,13.3,25.5,20.7,37.75,20.7,5.89,0,11.36-1.75,15.75-5.4,2.75-2.3,4.9-5.36,6.4-8.89,0-.05.05-.11.05-.11,5.1-12.86.15-31.45-12.25-46.19-10.8-12.86-25.25-20.75-37.85-20.75h0Z\" \/><path d=\"M140.45,172.94c11.7-13.95,27.5-23,42.2-24.15,1.1-.11,2.2-.15,3.25-.15.2,0,.4.05.6.05-4.15-14.3-13.7-27.15-27.2-36.75-2.95,2.8-6.05,5.5-9.5,7.9-13.99,9.76-31.69,15.16-49.75,15.16-16.45,0-32.25-4.35-45.8-12.55-3.6-2.2-6.9-4.65-10-7.25-11.4,9.2-19.39,20.8-23.05,33.7.9-.11,1.7-.25,2.6-.25,16.05,0,33.05,9.11,45.85,24.3,14.4,17.14,20,38.35,14.55,54.55v.2s-.64,1.55-.64,1.61l-.75,1.9-.2.2c-.2.4-.5.75-.7,1.15,7.1,1.55,14.45,2.45,22,2.45,8.25,0,16.25-1.05,24-2.89-.75-1.39-1.35-2.85-1.85-4.35-5.71-16.02-.06-37.57,14.39-54.82h0Z\" \/><path d=\"M175.04,25c0-13.8-11.2-25-25-25-8.2,0-15.8,4.05-20.4,10.61-18.5-7.35-40.7-7.35-59.2,0C65.85,4.05,58.24,0,50.05,0c-13.8,0-25,11.2-25,25,0,7.61,3.45,14.65,9.3,19.35-2.86,6.61-4.31,13.56-4.31,20.66,0,19.39,11,37.65,29.4,48.9,10.61,6.4,22.75,10.15,35.6,10.9v-25.45c-8.65-2.2-15-10.05-15-19.35,0-9.95,6.75-15,20-15s20,5.05,20,15c0,9.3-6.35,17.14-15,19.35v25.5c14.25-.9,28-5.5,39.05-13.2,16.49-11.46,25.95-28.45,25.95-46.65,0-7.1-1.45-14.05-4.3-20.65,5.85-4.71,9.29-11.75,9.29-19.36h0ZM85.04,45c0,2.75-2.25,5-5,5s-5-2.25-5-5v-5c0-2.75,2.25-5,5-5s5,2.25,5,5v5ZM125.05,45c0,2.75-2.25,5-5,5s-5-2.25-5-5v-5c0-2.75,2.25-5,5-5s5,2.25,5,5v5Z\" \/><\/g><\/svg><\/g><\/defs><\/svg><ul class=\"stk-block-icon-list__ul stk-block-icon-list--column\">\n<li class=\"wp-block-stackable-icon-list-item stk-block-icon-list-item stk-block stk-89c9cae\" data-block-id=\"89c9cae\"><div class=\"stk-block-icon-list-item__content\"><span class=\"stk--svg-wrapper\"><div class=\"stk--inner-svg\"><svg aria-hidden=\"true\" width=\"32\" height=\"32\"><use xlink:href=\"#stk-icon-list__icon-svg-def-5ce6bbf\" xmlns:xlink=\"http:\/\/www.w3.org\/1999\/xlink\" \/><\/svg><\/div><\/span><span class=\"stk-block-icon-list-item__text\">Actuel\u00adle\u00adment, la d\u00e9cou\u00adverte sui\u00advante a&nbsp;\u00e9t\u00e9 annonc\u00e9e&nbsp;:<\/span><\/div><\/li>\n\n\n\n<li class=\"wp-block-stackable-icon-list-item stk-block-icon-list-item stk-block stk-be9cbc6\" data-block-id=\"be9cbc6\"><div class=\"stk-block-icon-list-item__content\"><span class=\"stk--svg-wrapper\"><div class=\"stk--inner-svg\"><svg aria-hidden=\"true\" width=\"32\" height=\"32\"><use xlink:href=\"#stk-icon-list__icon-svg-def-5ce6bbf\" xmlns:xlink=\"http:\/\/www.w3.org\/1999\/xlink\" \/><\/svg><\/div><\/span><span class=\"stk-block-icon-list-item__text\"><\/span><\/div><\/li>\n<\/ul><\/div>\n<\/div>\n\n\n\n<div class=\"wp-block-group infoblock is-layout-constrained wp-block-group-is-layout-constrained\">\n<h4 class=\"wp-block-heading\">Tu es le propri\u00e9taire&nbsp;?<\/h4>\n\n\n\n<p>N\u2019h\u00e9\u00adsite pas \u00e0&nbsp;nous contac\u00adter en uti\u00adli\u00adsant les options de contact indi\u00adqu\u00e9es ici pour r\u00e9cu\u00adp\u00e9\u00adrer ton objet&nbsp;perdu.<\/p>\n\n\n\n<p>Pour que nous puis\u00adsions nous assu\u00adrer que l\u2019ob\u00adjet est remis au bon pro\u00adpri\u00e9\u00adtaire, il est utile que tu nous donnes une des\u00adcrip\u00adtion aus\u00adsi pr\u00e9\u00adcise que pos\u00adsible ou, le cas \u00e9ch\u00e9ant, que tu aies d\u2019autres preuves d\u2019i\u00adden\u00adti\u00adfi\u00adca\u00adtion \u00e0&nbsp;disposition.<\/p>\n\n\n\n<p>Mer\u00adci beau\u00adcoup pour ta compr\u00e9hension&nbsp;!<\/p>\n<\/div>\n<\/div><\/div><\/div>\n\n\n\n<div class=\"wp-block-stackable-column stk-block-column stk-column stk-block stk-60c6a19 rechte-spalte-wanderkaiser\" data-v=\"4\" data-block-id=\"60c6a19\"><style>.stk-60c6a19-inner-blocks{row-gap:48px !important;}.stk-60c6a19 {margin-top:11% !important;top:6% !important;position:sticky !important;}@media screen and (min-width:690px){.stk-60c6a19 {flex:var(--stk-flex-grow, 1) 1 calc(40% - var(--stk-column-gap, 0px) * 1 \/ 2 ) !important;}}@media screen and (min-width:690px) and (max-width:999px){.stk-60c6a19 {flex:var(--stk-flex-grow, 1) 1 calc(100% - var(--stk-column-gap, 0px) * 0 \/ 1 ) !important;}}@media screen and (max-width:999px){.stk-60c6a19 {margin-top:0% !important;}}<\/style><div class=\"stk-column-wrapper stk-block-column__content stk-container stk-60c6a19-container stk--no-background stk--no-padding\"><div class=\"stk-block-content stk-inner-blocks stk-60c6a19-inner-blocks\">\n<div class=\"wp-block-group is-layout-constrained wp-block-group-is-layout-constrained\">\n<div class=\"wp-block-stackable-icon-label stk-block-icon-label stk-block stk-561062b\" data-block-id=\"561062b\"><style>.stk-561062b .stk-inner-blocks{gap:12px !important;}@media screen and (max-width:689px){.stk-561062b .stk-inner-blocks{gap:8px !important;}}<\/style><div class=\"stk-row stk-inner-blocks stk-block-content\">\n<div class=\"wp-block-stackable-icon stk-block-icon has-text-align-left stk-block stk-fd0c9cd\" data-block-id=\"fd0c9cd\"><style>.stk-fd0c9cd .stk--svg-wrapper .stk--inner-svg svg:last-child{height:48px !important;width:48px !important;}.stk-fd0c9cd .stk--svg-wrapper .stk--inner-svg svg:last-child, .stk-fd0c9cd .stk--svg-wrapper .stk--inner-svg svg:last-child :is(g, path, rect, polygon, ellipse){fill:var(--theme-palette-color-1, #277d00) !important;}@media screen and (max-width:999px){.stk-fd0c9cd .stk--svg-wrapper .stk--inner-svg svg:last-child{height:32px !important;width:32px !important;}}@media screen and (max-width:689px){.stk-fd0c9cd {margin-bottom:5px !important;}.stk-fd0c9cd .stk--svg-wrapper .stk--inner-svg svg:last-child{height:24px !important;width:24px !important;}}<\/style><span class=\"stk--svg-wrapper\"><div class=\"stk--inner-svg\"><svg style=\"height:0;width:0\"><defs><linearGradient id=\"linear-gradient-fd0c9cd\" x1=\"0\" x2=\"100%\" y1=\"0\" y2=\"0\"><stop offset=\"0%\" style=\"stop-opacity:1;stop-color:var(--linear-gradient-fd-0-c-9-cd-color-1)\" \/><stop offset=\"100%\" style=\"stop-opacity:1;stop-color:var(--linear-gradient-fd-0-c-9-cd-color-2)\" \/><\/linearGradient><\/defs><\/svg><svg class=\"ugb-custom-icon\" id=\"Ebene_2-47072\" viewBox=\"0 0 210.1 240\" aria-hidden=\"true\" width=\"32\" height=\"32\"><g id=\"Ebene_1-2-47072\"><path d=\"M201.55,164.05c-4.75-4.05-11-5.85-18.11-5.3-12.11.95-25.3,8.65-35.36,20.65-12.2,14.55-17.14,32.3-12.6,45.1,1.35,3.95,3.6,7.35,6.86,10.15,4.35,3.64,9.8,5.34,15.7,5.34s12.75-1.85,19.25-5.36c6.55-3.55,12.9-8.7,18.5-15.35,16.54-19.79,19.09-44.1,5.74-55.24h0Z\" \/><path d=\"M24.15,158.65h-.25c-5.95.05-11.25,1.9-15.35,5.36-13.35,11.2-10.8,35.5,5.75,55.3,11.2,13.3,25.5,20.7,37.75,20.7,5.89,0,11.36-1.75,15.75-5.4,2.75-2.3,4.9-5.36,6.4-8.89,0-.05.05-.11.05-.11,5.1-12.86.15-31.45-12.25-46.19-10.8-12.86-25.25-20.75-37.85-20.75h0Z\" \/><path d=\"M140.45,172.94c11.7-13.95,27.5-23,42.2-24.15,1.1-.11,2.2-.15,3.25-.15.2,0,.4.05.6.05-4.15-14.3-13.7-27.15-27.2-36.75-2.95,2.8-6.05,5.5-9.5,7.9-13.99,9.76-31.69,15.16-49.75,15.16-16.45,0-32.25-4.35-45.8-12.55-3.6-2.2-6.9-4.65-10-7.25-11.4,9.2-19.39,20.8-23.05,33.7.9-.11,1.7-.25,2.6-.25,16.05,0,33.05,9.11,45.85,24.3,14.4,17.14,20,38.35,14.55,54.55v.2s-.64,1.55-.64,1.61l-.75,1.9-.2.2c-.2.4-.5.75-.7,1.15,7.1,1.55,14.45,2.45,22,2.45,8.25,0,16.25-1.05,24-2.89-.75-1.39-1.35-2.85-1.85-4.35-5.71-16.02-.06-37.57,14.39-54.82h0Z\" \/><path d=\"M175.04,25c0-13.8-11.2-25-25-25-8.2,0-15.8,4.05-20.4,10.61-18.5-7.35-40.7-7.35-59.2,0C65.85,4.05,58.24,0,50.05,0c-13.8,0-25,11.2-25,25,0,7.61,3.45,14.65,9.3,19.35-2.86,6.61-4.31,13.56-4.31,20.66,0,19.39,11,37.65,29.4,48.9,10.61,6.4,22.75,10.15,35.6,10.9v-25.45c-8.65-2.2-15-10.05-15-19.35,0-9.95,6.75-15,20-15s20,5.05,20,15c0,9.3-6.35,17.14-15,19.35v25.5c14.25-.9,28-5.5,39.05-13.2,16.49-11.46,25.95-28.45,25.95-46.65,0-7.1-1.45-14.05-4.3-20.65,5.85-4.71,9.29-11.75,9.29-19.36h0ZM85.04,45c0,2.75-2.25,5-5,5s-5-2.25-5-5v-5c0-2.75,2.25-5,5-5s5,2.25,5,5v5ZM125.05,45c0,2.75-2.25,5-5,5s-5-2.25-5-5v-5c0-2.75,2.25-5,5-5s5,2.25,5,5v5Z\" \/><\/g><\/svg><\/div><\/span><\/div>\n\n\n\n<div class=\"wp-block-stackable-heading stk-block-heading stk-block-heading--v2 stk-block stk-c570c37\" id=\"fundsache-melden\" data-block-id=\"c570c37\"><h3 class=\"stk-block-heading__text\">Signaler un objet trouv\u00e9<\/h3><\/div>\n<\/div><\/div>\n\n\n\n<p><strong>Tu as trou\u00adv\u00e9 quelque chose de per\u00addu&nbsp;?<br><\/strong>Le pro\u00adpri\u00e9\u00adtaire et nous-m\u00eames sommes heu\u00adreux de rece\u00advoir ton rapport.<\/p>\n\n\n\n<p>Veuillez vous adres\u00adser \u00e0&nbsp;:<br><strong>T\u00e9l\u00e9\u00adphone<\/strong> <a href=\"tel:+4939449547148\">03944 \/ 95 47 148<\/a><br><strong>E\u2011mail<\/strong> <a href=\"mailto:info@harzer-wandernadel.de\">info@harzer-wandernadel.de<\/a><\/p>\n\n\n\n<p>ou uti\u00adlise le <strong>for\u00admu\u00adlaire<\/strong> suivant&nbsp;:<\/p>\n\n\n\n<div class=\"wp-block-group infoblock is-layout-constrained wp-block-group-is-layout-constrained\">\n<div class=\"wpcf7 no-js\" id=\"wpcf7-f19770-o1\" lang=\"fr-FR\" dir=\"ltr\" data-wpcf7-id=\"19770\">\n<div class=\"screen-reader-response\"><p role=\"status\" aria-live=\"polite\" aria-atomic=\"true\"><\/p> <ul><\/ul><\/div>\n<form action=\"\/fr\/wp-json\/wp\/v2\/pages\/19903#wpcf7-f19770-o1\" method=\"post\" class=\"wpcf7-form init\" aria-label=\"Formulaire de contact\" novalidate=\"novalidate\" data-status=\"init\">\n<fieldset class=\"hidden-fields-container\"><input type=\"hidden\" name=\"_wpcf7\" value=\"19770\"><input type=\"hidden\" name=\"_wpcf7_version\" value=\"6.1.5\"><input type=\"hidden\" name=\"_wpcf7_locale\" value=\"fr_FR\"><input type=\"hidden\" name=\"_wpcf7_unit_tag\" value=\"wpcf7-f19770-o1\"><input type=\"hidden\" name=\"_wpcf7_container_post\" value=\"0\"><input type=\"hidden\" name=\"_wpcf7_posted_data_hash\" value>\n<\/fieldset>\n<div class=\"form-float-group\"><span class=\"wpcf7-form-control-wrap\" data-name=\"fundsache\"><input size=\"40\" maxlength=\"400\" class=\"wpcf7-form-control wpcf7-text form-control\" id=\"fundsache\" aria-invalid=\"false\" placeholder value type=\"text\" name=\"fundsache\"><\/span><label for=\"fundsache\">Qu\u2019est-ce qui a&nbsp;\u00e9t\u00e9 trouv\u00e9&nbsp;?<\/label><\/div>\n<div class=\"form-float-group\"><span class=\"wpcf7-form-control-wrap\" data-name=\"fundort\"><input size=\"40\" maxlength=\"400\" class=\"wpcf7-form-control wpcf7-text form-control\" id=\"fundort\" aria-invalid=\"false\" placeholder value type=\"text\" name=\"fundort\"><\/span><label for=\"fundort\">O\u00f9 l\u2019a-t-on trouv\u00e9&nbsp;?<\/label><\/div>\n\n<div class=\"form-float-group\"><span class=\"wpcf7-form-control-wrap\" data-name=\"your-message\"><textarea cols=\"40\" rows=\"10\" maxlength=\"2000\" class=\"wpcf7-form-control wpcf7-textarea form-control\" id=\"your-message\" aria-invalid=\"false\" placeholder name=\"your-message\"><\/textarea><\/span><label for=\"your-message\">Des\u00adcrip\u00adtion &amp;&nbsp;remarques<\/label><\/div>\n\n<div class=\"form-float-group abstand-oben\"><span class=\"wpcf7-form-control-wrap\" data-name=\"your-name\"><input size=\"40\" maxlength=\"400\" class=\"wpcf7-form-control wpcf7-text wpcf7-validates-as-required form-control\" id=\"your-name\" aria-required=\"true\" aria-invalid=\"false\" placeholder value type=\"text\" name=\"your-name\"><\/span><label for=\"your-name\">Ton nom (obli\u00adga\u00adtoire)<\/label><\/div>\n<div class=\"form-float-group\"><span class=\"wpcf7-form-control-wrap\" data-name=\"your-email\"><input size=\"40\" maxlength=\"400\" class=\"wpcf7-form-control wpcf7-email wpcf7-validates-as-required wpcf7-text wpcf7-validates-as-email form-control\" id=\"your-email\" aria-required=\"true\" aria-invalid=\"false\" placeholder value type=\"email\" name=\"your-email\"><\/span><label for=\"your-email\">Ton adresse e\u2011mail (obli\u00adga\u00adtoire)<\/label><\/div>\n<div class=\"form-float-group\"><span class=\"wpcf7-form-control-wrap\" data-name=\"your-phone\"><input size=\"40\" maxlength=\"400\" class=\"wpcf7-form-control wpcf7-tel wpcf7-text wpcf7-validates-as-tel form-control\" id=\"your-phone\" aria-invalid=\"false\" placeholder value type=\"tel\" name=\"your-phone\"><\/span><label for=\"your-phone\">Ton num\u00e9\u00adro de t\u00e9l\u00e9\u00adphone (facul\u00adta\u00adtif)<\/label><\/div>\n\n<div class=\"altcha-widget-wrap\"><altcha-widget challengeurl=\"https:\/\/www.harzer-wandernadel.de\/fr\/wp-json\/altcha\/v1\/challenge\" strings=\"{&quot;error&quot;:&quot;La v\\u00e9rification a \\u00e9chou\\u00e9. R\\u00e9essayez plus tard.&quot;,&quot;footer&quot;:&quot;Prot\\u00e9g\\u00e9 par <a href=\\&quot;https:\\\/\\\/altcha.org\\\/\\&quot; target=\\&quot;_blank\\&quot;>ALTCHA<\\\/a>&quot;,&quot;label&quot;:&quot;Je ne suis pas un robot&quot;,&quot;verified&quot;:&quot;V\\u00e9rifi\\u00e9&quot;,&quot;verifying&quot;:&quot;V\\u00e9rification en cours...&quot;,&quot;waitAlert&quot;:&quot;V\\u00e9rification en cours... veuillez patienter.&quot;}\" auto=\"onsubmit\" floating=\"auto\" delay=\"1500\" hidefooter=\"1\"><\/altcha-widget><noscript><div class=\"altcha-no-javascript\">This form requires JavaScript&nbsp;!<\/div><\/noscript><\/div><input class=\"wpcf7-form-control wpcf7-submit has-spinner\" type=\"submit\" value=\"Envoyer\"><div class=\"wpcf7-response-output\" aria-hidden=\"true\"><\/div>\n<\/form>\n<\/div>\n\n<\/div>\n<\/div>\n<\/div><\/div><\/div>\n<\/div><\/div>\n","protected":false},"excerpt":{"rendered":"<p>C\u2019est ici que sont publi\u00e9s les objets trou\u00adv\u00e9s signa\u00adl\u00e9s. Tu es le pro\u00adpri\u00e9\u00adtaire&nbsp;? N\u2019h\u00e9\u00adsite pas \u00e0&nbsp;nous contac\u00adter en uti\u00adli\u00adsant les options de contact indi\u00adqu\u00e9es ici pour r\u00e9cu\u00adp\u00e9\u00adrer ton objet&nbsp;per\u00addu. Pour que nous puis\u00adsions nous assu\u00adrer que l\u2019ob\u00adjet est remis au bon pro\u00adpri\u00e9\u00adtaire, il est utile que tu nous donnes une des\u00adcrip\u00adtion aus\u00adsi pr\u00e9\u00adcise que possible&nbsp;[\u2026]<\/p>\n","protected":false},"author":12,"featured_media":15390,"parent":0,"menu_order":0,"comment_status":"closed","ping_status":"closed","template":"","meta":{"_seopress_robots_primary_cat":"","_seopress_titles_title":"Signaler les objets trouv\u00e9s et retrouver les objets perdus","_seopress_titles_desc":"Perdu ou retrouv\u00e9 ? Tu peux signaler ou r\u00e9cup\u00e9rer tes objets perdus ici. Contacte-nous rapidement et facilement.  ","_seopress_robots_index":"","wp_typography_post_enhancements_disabled":false,"iawp_total_views":1,"footnotes":""},"hf_cat_page":[],"class_list":["post-19903","page","type-page","status-publish","has-post-thumbnail"],"blocksy_meta":{"page_structure_type":"type-4","styles_descriptor":{"styles":{"desktop":"","tablet":"","mobile":""},"google_fonts":[],"version":6}},"_links":{"self":[{"href":"https:\/\/www.harzer-wandernadel.de\/fr\/wp-json\/wp\/v2\/pages\/19903","targetHints":{"allow":["GET"]}}],"collection":[{"href":"https:\/\/www.harzer-wandernadel.de\/fr\/wp-json\/wp\/v2\/pages"}],"about":[{"href":"https:\/\/www.harzer-wandernadel.de\/fr\/wp-json\/wp\/v2\/types\/page"}],"author":[{"embeddable":true,"href":"https:\/\/www.harzer-wandernadel.de\/fr\/wp-json\/wp\/v2\/users\/12"}],"replies":[{"embeddable":true,"href":"https:\/\/www.harzer-wandernadel.de\/fr\/wp-json\/wp\/v2\/comments?post=19903"}],"version-history":[{"count":13,"href":"https:\/\/www.harzer-wandernadel.de\/fr\/wp-json\/wp\/v2\/pages\/19903\/revisions"}],"predecessor-version":[{"id":32349,"href":"https:\/\/www.harzer-wandernadel.de\/fr\/wp-json\/wp\/v2\/pages\/19903\/revisions\/32349"}],"wp:featuredmedia":[{"embeddable":true,"href":"https:\/\/www.harzer-wandernadel.de\/fr\/wp-json\/wp\/v2\/media\/15390"}],"wp:attachment":[{"href":"https:\/\/www.harzer-wandernadel.de\/fr\/wp-json\/wp\/v2\/media?parent=19903"}],"wp:term":[{"taxonomy":"hf_cat_page","embeddable":true,"href":"https:\/\/www.harzer-wandernadel.de\/fr\/wp-json\/wp\/v2\/hf_cat_page?post=19903"}],"curies":[{"name":"wp","href":"https:\/\/api.w.org\/{rel}","templated":true}]}}