{"id":19881,"date":"2016-02-18T12:43:12","date_gmt":"2016-02-18T11:43:12","guid":{"rendered":"https:\/\/www.harzer-wandernadel.de\/pointage\/carte-generale\/pointage-81-grottes-de-sable-a-heers\/"},"modified":"2026-02-28T14:42:45","modified_gmt":"2026-02-28T13:42:45","slug":"pointage-81-grottes-de-sable-a-heers","status":"publish","type":"page","link":"https:\/\/www.harzer-wandernadel.de\/fr\/pointage\/carte-generale\/pointage-81-grottes-de-sable-a-heers\/","title":{"rendered":"Pointage 81 \/ Grottes de sable \u00e0&nbsp;Heers"},"content":{"rendered":"\n<h2 class=\"wp-block-heading\">Les grottes de sable de Heers se trouvent au nord-est, en dessous du ch\u00e2teau et de la forteresse de Regenstein.<\/h2>\n\n<div class=\"wp-block-stackable-image alignwide stk-block-image stk-block stk-89e1006\" data-block-id=\"89e1006\"><style>.stk-89e1006 {margin-top:3% !important;margin-bottom:3% !important;}<\/style><figure><span class=\"stk-img-wrapper stk-image--shape-stretch stk--has-lightbox\"><img decoding=\"async\" width=\"2043\" height=\"1362\" src=\"https:\/\/www.harzer-wandernadel.de\/wp-content\/uploads\/2016\/02\/HWN-Sandh\u00f6hlen-Rothhardt.jpg\" class=\"attachment-full size-full wp-post-image\" alt=\"Sandsteinh\u00f6hlen im Wald bei Sonnenuntergang\" srcset=\"https:\/\/www.harzer-wandernadel.de\/wp-content\/uploads\/2016\/02\/HWN-Sandh\u00f6hlen-Rothhardt.jpg 2043w, https:\/\/www.harzer-wandernadel.de\/wp-content\/uploads\/2016\/02\/HWN-Sandh\u00f6hlen-Rothhardt-300x200.jpg 300w, https:\/\/www.harzer-wandernadel.de\/wp-content\/uploads\/2016\/02\/HWN-Sandh\u00f6hlen-Rothhardt-768x512.jpg 768w, https:\/\/www.harzer-wandernadel.de\/wp-content\/uploads\/2016\/02\/HWN-Sandh\u00f6hlen-Rothhardt-1024x683.jpg 1024w, https:\/\/www.harzer-wandernadel.de\/wp-content\/uploads\/2016\/02\/HWN-Sandh\u00f6hlen-Rothhardt-250x167.jpg 250w, https:\/\/www.harzer-wandernadel.de\/wp-content\/uploads\/2016\/02\/HWN-Sandh\u00f6hlen-Rothhardt-624x416.jpg 624w\" sizes=\"(max-width: 2043px) 100vw, 2043px\"><\/span><\/figure><\/div>\n\n<p>Le Heers est une grande zone fores\u00adti\u00e8re com\u00adpo\u00ads\u00e9e prin\u00adci\u00adpa\u00adle\u00adment de pins, situ\u00e9e entre Blan\u00adken\u00adburg et Hal\u00adbers\u00adtadt. Le nom de cette r\u00e9gion pro\u00advient de l\u2019im\u00adpor\u00adtante route de l\u2019ar\u00adm\u00e9e qui tra\u00adver\u00adsait la for\u00eat dans le&nbsp;pass\u00e9.&nbsp;<\/p>\n\n<p>Les grottes de sable ou, comme disent les Blan\u00adken\u00adburg, \u00ab&nbsp;la gou\u00adlotte de sable&nbsp;\u00bb, sont une d\u00e9cou\u00adverte impres\u00adsion\u00adnante au milieu de la for\u00eat de pins pour tous les pre\u00admiers visi\u00adteurs. D\u00e9j\u00e0 sur le che\u00admin, on remarque les nom\u00adbreux petits rochers et les par\u00adties sablon\u00adneuses du che\u00admin, mais le \u00ab&nbsp;Sand\u00adhutsche&nbsp;\u00bb, avec ses rochers jus\u00adqu\u2019\u00e0 trois m\u00e8tres de haut et ses grottes creu\u00ads\u00e9es par l\u2019homme dans la pierre, d\u00e9passe toutes les attentes.&nbsp;<\/p>\n\n<p>Ce pay\u00adsage fas\u00adci\u00adnant \u00e9tait d\u00e9j\u00e0 choi\u00adsi par les anciens Ger\u00admains comme lieu de ras\u00adsem\u00adble\u00adment et n\u2019a rien per\u00addu de son attrait magique jus\u00adqu\u2019\u00e0 aujourd\u2019hui.<\/p>\n\n<p><strong>Les grottes de sable ont \u00e9t\u00e9 \u00e9lues par nos ran\u00addon\u00adneurs tam\u00adpon\u00adneurs en 2009 comme le plus beau site de tamponnage.<\/strong><\/p>\n\n<p>Le point de d\u00e9part de la visite est le par\u00adking signa\u00adl\u00e9 en des\u00adsous du ch\u00e2\u00adteau, faci\u00adle\u00adment acces\u00adsible depuis l\u2019A36. Tu peux d\u2019a\u00adbord emprun\u00adter l\u2019\u00e9\u00adtroit sen\u00adtier bali\u00ads\u00e9 \u00e0&nbsp;gauche du par\u00adking jus\u00adqu\u2019au <a href=\"https:\/\/www.harzer-wandernadel.de\/fr\/pointage\/carte-generale\/pointage-82-regenstein-moulin\/\" data-type=\"page\" data-id=\"943\" target=\"_blank\" rel=\"noreferrer noopener\">Regen\u00adsteinm\u00fchle HWN 82<\/a>. Ensuite, tu arri\u00adve\u00adras aux grottes de sable de Heers en emprun\u00adtant la route Heer situ\u00e9e en des\u00adsous du Regen\u00adsteinm\u00fchle sur la droite. Depuis les grottes de sable, plu\u00adsieurs che\u00admins bali\u00ads\u00e9s m\u00e8nent au <a href=\"https:\/\/www.harzer-wandernadel.de\/fr\/pointage\/carte-generale\/pointage-80-ruines-du-chateau-de-regenstein\/\" data-type=\"page\" data-id=\"939\" target=\"_blank\" rel=\"noreferrer noopener\">ch\u00e2\u00adteau et \u00e0&nbsp;la for\u00adte\u00adresse de Regen\u00adstein HWN 80<\/a>.   <\/p>\n\n<div class=\"wp-block-buttons is-layout-flex wp-block-buttons-is-layout-flex\">\n<div class=\"wp-block-button\"><a class=\"wp-block-button__link wp-element-button\" href=\"http:\/\/www.blankenburg-tourismus.de\" target=\"_blank\" rel=\"noreferrer noopener\">Infor\u00adma\u00adtions tou\u00adris\u00adtiques Blankenburg&nbsp;\u00bb<\/a><\/div>\n<\/div>\n\n<div class=\"wp-block-buttons is-layout-flex wp-block-buttons-is-layout-flex\">\n<div class=\"wp-block-button\"><a class=\"wp-block-button__link wp-element-button\" href=\"https:\/\/harzer-bergwald.de\/index.php\/wandertouren\/abenteuertouren\/42-abenteuerland-regenstein\" target=\"_blank\" rel=\"noreferrer noopener\">Sug\u00adges\u00adtion de cir\u00adcuit For\u00eat de mon\u00adtagne du&nbsp;Harz&nbsp;\u00bb<\/a><\/div>\n<\/div>\n","protected":false},"excerpt":{"rendered":"<p>Les grottes de sable de Heers se trouvent au nord-est, en des\u00adsous du ch\u00e2\u00adteau et de la for\u00adte\u00adresse de Regen\u00adstein. Le Heers est une grande zone fores\u00adti\u00e8re com\u00adpo\u00ads\u00e9e prin\u00adci\u00adpa\u00adle\u00adment de pins, situ\u00e9e entre Blan\u00adken\u00adburg et Hal\u00adbers\u00adtadt. Le nom de cette r\u00e9gion pro\u00advient de l\u2019im\u00adpor\u00adtante route de l\u2019ar\u00adm\u00e9e qui tra\u00adver\u00adsait la for\u00eat dans le&nbsp;pas\u00ads\u00e9.&nbsp; Les grottes&nbsp;[\u2026]<\/p>\n","protected":false},"author":11,"featured_media":19884,"parent":17801,"menu_order":10081,"comment_status":"closed","ping_status":"closed","template":"","meta":{"_seopress_robots_primary_cat":"","_seopress_titles_title":"","_seopress_titles_desc":"","_seopress_robots_index":"","wp_typography_post_enhancements_disabled":false,"iawp_total_views":0,"footnotes":""},"hf_cat_page":[120],"class_list":["post-19881","page","type-page","status-publish","has-post-thumbnail"],"blocksy_meta":[],"_links":{"self":[{"href":"https:\/\/www.harzer-wandernadel.de\/fr\/wp-json\/wp\/v2\/pages\/19881","targetHints":{"allow":["GET"]}}],"collection":[{"href":"https:\/\/www.harzer-wandernadel.de\/fr\/wp-json\/wp\/v2\/pages"}],"about":[{"href":"https:\/\/www.harzer-wandernadel.de\/fr\/wp-json\/wp\/v2\/types\/page"}],"author":[{"embeddable":true,"href":"https:\/\/www.harzer-wandernadel.de\/fr\/wp-json\/wp\/v2\/users\/11"}],"replies":[{"embeddable":true,"href":"https:\/\/www.harzer-wandernadel.de\/fr\/wp-json\/wp\/v2\/comments?post=19881"}],"version-history":[{"count":2,"href":"https:\/\/www.harzer-wandernadel.de\/fr\/wp-json\/wp\/v2\/pages\/19881\/revisions"}],"predecessor-version":[{"id":24847,"href":"https:\/\/www.harzer-wandernadel.de\/fr\/wp-json\/wp\/v2\/pages\/19881\/revisions\/24847"}],"up":[{"embeddable":true,"href":"https:\/\/www.harzer-wandernadel.de\/fr\/wp-json\/wp\/v2\/pages\/17801"}],"wp:featuredmedia":[{"embeddable":true,"href":"https:\/\/www.harzer-wandernadel.de\/fr\/wp-json\/wp\/v2\/media\/19884"}],"wp:attachment":[{"href":"https:\/\/www.harzer-wandernadel.de\/fr\/wp-json\/wp\/v2\/media?parent=19881"}],"wp:term":[{"taxonomy":"hf_cat_page","embeddable":true,"href":"https:\/\/www.harzer-wandernadel.de\/fr\/wp-json\/wp\/v2\/hf_cat_page?post=19881"}],"curies":[{"name":"wp","href":"https:\/\/api.w.org\/{rel}","templated":true}]}}