{"id":19878,"date":"2016-02-18T12:33:58","date_gmt":"2016-02-18T11:33:58","guid":{"rendered":"https:\/\/www.harzer-wandernadel.de\/pointage\/carte-generale\/timbre-78-jardins-baroques\/"},"modified":"2026-02-28T14:42:41","modified_gmt":"2026-02-28T13:42:41","slug":"timbre-78-jardins-baroques","status":"publish","type":"page","link":"https:\/\/www.harzer-wandernadel.de\/fr\/pointage\/carte-generale\/timbre-78-jardins-baroques\/","title":{"rendered":"Timbre 78 \/ Jardins baroques"},"content":{"rendered":"\n<h2 class=\"wp-block-heading\">L\u2019ensemble des \u00ab&nbsp;jardins baroques de Blankenburg&nbsp;\u00bb commence derri\u00e8re le petit ch\u00e2teau et fait partie du r\u00e9seau \u00ab&nbsp;Gartentr\u00e4ume \u2013 Historische Parks in Sachsen Anhalt&nbsp;\u00bb.<\/h2>\n\n<div class=\"wp-block-stackable-image alignwide stk-block-image stk-block stk-89e1006\" data-block-id=\"89e1006\"><style>.stk-89e1006 {margin-top:3% !important;margin-bottom:3% !important;}<\/style><figure><span class=\"stk-img-wrapper stk-image--shape-stretch stk--has-lightbox\"><img decoding=\"async\" width=\"1185\" height=\"550\" src=\"https:\/\/www.harzer-wandernadel.de\/wp-content\/uploads\/2016\/02\/Barocke-G\u00e4rten.jpg\" class=\"attachment-full size-full wp-post-image\" alt srcset=\"https:\/\/www.harzer-wandernadel.de\/wp-content\/uploads\/2016\/02\/Barocke-G\u00e4rten.jpg 1185w, https:\/\/www.harzer-wandernadel.de\/wp-content\/uploads\/2016\/02\/Barocke-G\u00e4rten-300x139.jpg 300w, https:\/\/www.harzer-wandernadel.de\/wp-content\/uploads\/2016\/02\/Barocke-G\u00e4rten-768x356.jpg 768w, https:\/\/www.harzer-wandernadel.de\/wp-content\/uploads\/2016\/02\/Barocke-G\u00e4rten-1024x475.jpg 1024w, https:\/\/www.harzer-wandernadel.de\/wp-content\/uploads\/2016\/02\/Barocke-G\u00e4rten-624x290.jpg 624w\" sizes=\"(max-width: 1185px) 100vw, 1185px\"><\/span><\/figure><\/div>\n\n<p>Le petit jar\u00addin d\u2019a\u00adgr\u00e9\u00adment avec ses figures en gr\u00e8s, ses fon\u00adtaines, ses par\u00adterres de fleurs et ses haies bien entre\u00adte\u00adnues a&nbsp;\u00e9t\u00e9 inau\u00adgu\u00adr\u00e9 en 1718 et est aujourd\u2019\u00adhui un lieu tr\u00e8s appr\u00e9\u00adci\u00e9 pour les c\u00e9r\u00e9\u00admo\u00adnies de mariage.<\/p>\n\n<p>Si tu passes la porte dans le mur de la ville au bout du jar\u00addin, tu arrives dans le jar\u00addin en ter\u00adrasse avec la tour d\u2019ob\u00adser\u00adva\u00adtion et la tour de la prin\u00adcesse ain\u00adsi que la mai\u00adson de th\u00e9. Au bout du jar\u00addin se trouve l\u2019au\u00adberge Obere M\u00fchle, autre\u00adfois le mou\u00adlin le plus haut de la ville. A&nbsp;l\u2019en\u00adtr\u00e9e de l\u2019au\u00adberge se trouve le tam\u00adpon HWN 78 Barocke G\u00e4r\u00adten (jar\u00addins baroques).&nbsp;<\/p>\n\n<p>De l\u00e0, il vaut la peine de mon\u00adter au grand ch\u00e2\u00adteau et de conti\u00adnuer la ran\u00addon\u00adn\u00e9e en pas\u00adsant devant les anciennes \u00e9cu\u00adries sur les sen\u00adtiers bali\u00ads\u00e9s jus\u00adqu\u2019aux <a href=\"https:\/\/www.harzer-wandernadel.de\/fr\/pointage\/carte-generale\/pointage-77-ruine-luisenburg\/\" data-type=\"page\" data-id=\"932\" target=\"_blank\" rel=\"noreferrer noopener\">ruines du Lui\u00adsen\u00adburg HWN 77<\/a>.<\/p>\n\n<div class=\"wp-block-buttons is-layout-flex wp-block-buttons-is-layout-flex\">\n<div class=\"wp-block-button\"><a class=\"wp-block-button__link wp-element-button\" href=\"https:\/\/www.harz-urlaub-blankenburg.de\/gasthof-pension-obere-muehle\/\" target=\"_blank\" rel=\"noreferrer noopener\">Auberge Obere&nbsp;M\u00fchle&nbsp;\u00bb<\/a><\/div>\n<\/div>\n\n<div class=\"wp-block-buttons is-layout-flex wp-block-buttons-is-layout-flex\">\n<div class=\"wp-block-button\"><a class=\"wp-block-button__link wp-element-button\" href=\"http:\/\/www.blankenburg-tourismus.de\" target=\"_blank\" rel=\"noreferrer noopener\">Infor\u00adma\u00adtions tou\u00adris\u00adtiques Blankenburg&nbsp;\u00bb<\/a><\/div>\n<\/div>\n\n<div class=\"wp-block-buttons is-layout-flex wp-block-buttons-is-layout-flex\">\n<div class=\"wp-block-button\"><a class=\"wp-block-button__link wp-element-button\" href=\"https:\/\/harzer-bergwald.de\/index.php\/wandertouren\/abenteuertouren\/29-abenteuer-auf-der-teufelsmauer\" target=\"_blank\" rel=\"noreferrer noopener\">Sug\u00adges\u00adtion de cir\u00adcuit For\u00eat de mon\u00adtagne du&nbsp;Harz&nbsp;\u00bb<\/a><\/div>\n<\/div>\n","protected":false},"excerpt":{"rendered":"<p>L\u2019ensemble des \u00ab&nbsp;jar\u00addins baroques de Blan\u00adken\u00adburg&nbsp;\u00bb com\u00admence der\u00adri\u00e8re le petit ch\u00e2\u00adteau et fait par\u00adtie du r\u00e9seau \u00ab&nbsp;Gar\u00adten\u00adtr\u00e4ume \u2013 His\u00adto\u00adrische Parks in Sach\u00adsen Anhalt&nbsp;\u00bb. Le petit jar\u00addin d\u2019a\u00adgr\u00e9\u00adment avec ses figures en gr\u00e8s, ses fon\u00adtaines, ses par\u00adterres de fleurs et ses haies bien entre\u00adte\u00adnues a&nbsp;\u00e9t\u00e9 inau\u00adgu\u00adr\u00e9 en 1718 et est aujourd\u2019\u00adhui un lieu tr\u00e8s appr\u00e9\u00adci\u00e9&nbsp;pour&nbsp;[\u2026]<\/p>\n","protected":false},"author":11,"featured_media":19879,"parent":17801,"menu_order":10078,"comment_status":"closed","ping_status":"closed","template":"","meta":{"_seopress_robots_primary_cat":"","_seopress_titles_title":"","_seopress_titles_desc":"","_seopress_robots_index":"","wp_typography_post_enhancements_disabled":false,"iawp_total_views":0,"footnotes":""},"hf_cat_page":[120],"class_list":["post-19878","page","type-page","status-publish","has-post-thumbnail"],"blocksy_meta":[],"_links":{"self":[{"href":"https:\/\/www.harzer-wandernadel.de\/fr\/wp-json\/wp\/v2\/pages\/19878","targetHints":{"allow":["GET"]}}],"collection":[{"href":"https:\/\/www.harzer-wandernadel.de\/fr\/wp-json\/wp\/v2\/pages"}],"about":[{"href":"https:\/\/www.harzer-wandernadel.de\/fr\/wp-json\/wp\/v2\/types\/page"}],"author":[{"embeddable":true,"href":"https:\/\/www.harzer-wandernadel.de\/fr\/wp-json\/wp\/v2\/users\/11"}],"replies":[{"embeddable":true,"href":"https:\/\/www.harzer-wandernadel.de\/fr\/wp-json\/wp\/v2\/comments?post=19878"}],"version-history":[{"count":2,"href":"https:\/\/www.harzer-wandernadel.de\/fr\/wp-json\/wp\/v2\/pages\/19878\/revisions"}],"predecessor-version":[{"id":24836,"href":"https:\/\/www.harzer-wandernadel.de\/fr\/wp-json\/wp\/v2\/pages\/19878\/revisions\/24836"}],"up":[{"embeddable":true,"href":"https:\/\/www.harzer-wandernadel.de\/fr\/wp-json\/wp\/v2\/pages\/17801"}],"wp:featuredmedia":[{"embeddable":true,"href":"https:\/\/www.harzer-wandernadel.de\/fr\/wp-json\/wp\/v2\/media\/19879"}],"wp:attachment":[{"href":"https:\/\/www.harzer-wandernadel.de\/fr\/wp-json\/wp\/v2\/media?parent=19878"}],"wp:term":[{"taxonomy":"hf_cat_page","embeddable":true,"href":"https:\/\/www.harzer-wandernadel.de\/fr\/wp-json\/wp\/v2\/hf_cat_page?post=19878"}],"curies":[{"name":"wp","href":"https:\/\/api.w.org\/{rel}","templated":true}]}}