{"id":19837,"date":"2016-02-18T12:09:03","date_gmt":"2016-02-18T11:09:03","guid":{"rendered":"https:\/\/www.harzer-wandernadel.de\/pointage\/carte-generale\/poinconnage-71-rosstrappe-bifurcation-schurre\/"},"modified":"2026-02-28T14:42:37","modified_gmt":"2026-02-28T13:42:37","slug":"poinconnage-71-rosstrappe-bifurcation-schurre","status":"publish","type":"page","link":"https:\/\/www.harzer-wandernadel.de\/fr\/pointage\/carte-generale\/poinconnage-71-rosstrappe-bifurcation-schurre\/","title":{"rendered":"Poin\u00e7onnage 71 \/ Rosstrappe (bifurcation Schurre)"},"content":{"rendered":"\n<h2 class=\"wp-block-heading\">Le Rosstrappe (403&nbsp;m&nbsp;d\u2019altitude) se trouve au-dessus de la vall\u00e9e de la Bode et en face de la place Hexentanz.<\/h2>\n\n<div class=\"wp-block-stackable-image alignwide stk-block-image stk-block stk-89e1006\" data-block-id=\"89e1006\"><style>.stk-89e1006 {margin-top:3% !important;margin-bottom:3% !important;}<\/style><figure><span class=\"stk-img-wrapper stk-image--shape-stretch stk--has-lightbox\"><img decoding=\"async\" width=\"900\" height=\"600\" src=\"https:\/\/www.harzer-wandernadel.de\/wp-content\/uploads\/2016\/02\/Rosstrappe.jpg\" class=\"attachment-full size-full wp-post-image\" alt srcset=\"https:\/\/www.harzer-wandernadel.de\/wp-content\/uploads\/2016\/02\/Rosstrappe.jpg 900w, https:\/\/www.harzer-wandernadel.de\/wp-content\/uploads\/2016\/02\/Rosstrappe-300x200.jpg 300w, https:\/\/www.harzer-wandernadel.de\/wp-content\/uploads\/2016\/02\/Rosstrappe-768x512.jpg 768w, https:\/\/www.harzer-wandernadel.de\/wp-content\/uploads\/2016\/02\/Rosstrappe-624x416.jpg 624w\" sizes=\"(max-width: 900px) 100vw, 900px\"><\/span><\/figure><\/div>\n\n<p>Le nom de la Ro\u00df\u00adtrappe, au-des\u00adsus de la val\u00adl\u00e9e de la Bode, est d\u00fb \u00e0&nbsp;la fille du roi Brun\u00adhilde. Elle a&nbsp;sau\u00adt\u00e9 sur son che\u00adval pour \u00e9chap\u00adper \u00e0&nbsp;son ravis\u00adseur, le che\u00adva\u00adlier bri\u00adgand Bodo. Son che\u00adval a&nbsp;sau\u00adt\u00e9 de la place de la danse des sor\u00adci\u00e8res au Ro\u00df\u00adtrappe et a&nbsp;lais\u00ads\u00e9 une \u00e9norme empreinte de sabot dans la&nbsp;roche.&nbsp;<\/p>\n\n<p>Sur le Ro\u00df\u00adtrappe, il y&nbsp;a plu\u00adsieurs points de vue excep\u00adtion\u00adnels sur la val\u00adl\u00e9e de la Bode et sur le Hexen\u00adtanz\u00adplatz. Depuis la val\u00adl\u00e9e de la Bode, il est \u00e9ga\u00adle\u00adment pos\u00adsible d\u2019ac\u00adc\u00e9\u00adder au Ro\u00df\u00adtrappe en t\u00e9l\u00e9si\u00e8ge.&nbsp;<\/p>\n\n<p>Le point de tim\u00adbrage se trouve \u00e0&nbsp;c\u00f4t\u00e9 du pan\u00adneau d\u2019in\u00adfor\u00adma\u00adtion de l\u2019as\u00adso\u00adcia\u00adtion r\u00e9gio\u00adnale du Harz, \u00e0&nbsp;la bifur\u00adca\u00adtion vers la Schurre.<\/p>\n\n<div class=\"wp-block-buttons is-layout-flex wp-block-buttons-is-layout-flex\">\n<div class=\"wp-block-button\"><a class=\"wp-block-button__link wp-element-button\" href=\"https:\/\/www.harzregion.de\/home.html\" target=\"_blank\" rel=\"noreferrer noopener\">Harz\u00adver\u00adband \u2013 Le g\u00e9oparc&nbsp;\u00bb<\/a><\/div>\n<\/div>\n","protected":false},"excerpt":{"rendered":"<p>Le Ross\u00adtrappe (403&nbsp;m&nbsp;d\u2019altitude) se trouve au-des\u00adsus de la val\u00adl\u00e9e de la Bode et en face de la place Hexen\u00adtanz. Le nom de la Ro\u00df\u00adtrappe, au-des\u00ad\u00adsus de la val\u00adl\u00e9e de la Bode, est d\u00fb \u00e0&nbsp;la fille du roi Brun\u00adhilde. Elle a&nbsp;sau\u00adt\u00e9 sur son che\u00adval pour \u00e9chap\u00adper \u00e0&nbsp;son ravis\u00adseur, le che\u00adva\u00adlier bri\u00adgand Bodo. Son che\u00adval a&nbsp;sau\u00adt\u00e9&nbsp;de&nbsp;[\u2026]<\/p>\n","protected":false},"author":11,"featured_media":19839,"parent":17801,"menu_order":10071,"comment_status":"closed","ping_status":"closed","template":"","meta":{"_seopress_robots_primary_cat":"","_seopress_titles_title":"","_seopress_titles_desc":"","_seopress_robots_index":"","wp_typography_post_enhancements_disabled":false,"iawp_total_views":0,"footnotes":""},"hf_cat_page":[120],"class_list":["post-19837","page","type-page","status-publish","has-post-thumbnail"],"blocksy_meta":[],"_links":{"self":[{"href":"https:\/\/www.harzer-wandernadel.de\/fr\/wp-json\/wp\/v2\/pages\/19837","targetHints":{"allow":["GET"]}}],"collection":[{"href":"https:\/\/www.harzer-wandernadel.de\/fr\/wp-json\/wp\/v2\/pages"}],"about":[{"href":"https:\/\/www.harzer-wandernadel.de\/fr\/wp-json\/wp\/v2\/types\/page"}],"author":[{"embeddable":true,"href":"https:\/\/www.harzer-wandernadel.de\/fr\/wp-json\/wp\/v2\/users\/11"}],"replies":[{"embeddable":true,"href":"https:\/\/www.harzer-wandernadel.de\/fr\/wp-json\/wp\/v2\/comments?post=19837"}],"version-history":[{"count":1,"href":"https:\/\/www.harzer-wandernadel.de\/fr\/wp-json\/wp\/v2\/pages\/19837\/revisions"}],"predecessor-version":[{"id":19841,"href":"https:\/\/www.harzer-wandernadel.de\/fr\/wp-json\/wp\/v2\/pages\/19837\/revisions\/19841"}],"up":[{"embeddable":true,"href":"https:\/\/www.harzer-wandernadel.de\/fr\/wp-json\/wp\/v2\/pages\/17801"}],"wp:featuredmedia":[{"embeddable":true,"href":"https:\/\/www.harzer-wandernadel.de\/fr\/wp-json\/wp\/v2\/media\/19839"}],"wp:attachment":[{"href":"https:\/\/www.harzer-wandernadel.de\/fr\/wp-json\/wp\/v2\/media?parent=19837"}],"wp:term":[{"taxonomy":"hf_cat_page","embeddable":true,"href":"https:\/\/www.harzer-wandernadel.de\/fr\/wp-json\/wp\/v2\/hf_cat_page?post=19837"}],"curies":[{"name":"wp","href":"https:\/\/api.w.org\/{rel}","templated":true}]}}