{"id":19832,"date":"2016-02-18T12:09:08","date_gmt":"2016-02-18T11:09:08","guid":{"rendered":"https:\/\/www.harzer-wandernadel.de\/pointage\/carte-generale\/pointage-188-mur-du-diable-weddersleben\/"},"modified":"2026-01-29T14:53:35","modified_gmt":"2026-01-29T13:53:35","slug":"pointage-188-mur-du-diable-weddersleben","status":"publish","type":"page","link":"https:\/\/www.harzer-wandernadel.de\/fr\/pointage\/carte-generale\/pointage-188-mur-du-diable-weddersleben\/","title":{"rendered":"Pointage 188 \/ Mur du diable Weddersleben"},"content":{"rendered":"\n<h2 class=\"wp-block-heading\">La partie probablement la plus marquante du mur du diable se trouve au sud de Weddersleben et s\u2019\u00e9tend jusqu\u2019\u00e0 Warnstedt. L\u00e0, sur une longueur de deux kilom\u00e8tres, s\u2019alignent la K\u00f6nigstein, les Mittelsteine et les Papensteine.&nbsp;<\/h2>\n\n<div class=\"wp-block-stackable-image alignwide stk-block-image stk-block stk-89e1006\" data-block-id=\"89e1006\"><style>.stk-89e1006 {margin-top:3% !important;margin-bottom:3% !important;}<\/style><figure><span class=\"stk-img-wrapper stk-image--shape-stretch stk--has-lightbox\"><img decoding=\"async\" width=\"2048\" height=\"1365\" src=\"https:\/\/www.harzer-wandernadel.de\/wp-content\/uploads\/2016\/02\/Teufelsmauer.jpg\" class=\"attachment-full size-full wp-post-image\" alt srcset=\"https:\/\/www.harzer-wandernadel.de\/wp-content\/uploads\/2016\/02\/Teufelsmauer.jpg 2048w, https:\/\/www.harzer-wandernadel.de\/wp-content\/uploads\/2016\/02\/Teufelsmauer-300x200.jpg 300w, https:\/\/www.harzer-wandernadel.de\/wp-content\/uploads\/2016\/02\/Teufelsmauer-768x512.jpg 768w, https:\/\/www.harzer-wandernadel.de\/wp-content\/uploads\/2016\/02\/Teufelsmauer-1024x683.jpg 1024w, https:\/\/www.harzer-wandernadel.de\/wp-content\/uploads\/2016\/02\/Teufelsmauer-250x167.jpg 250w, https:\/\/www.harzer-wandernadel.de\/wp-content\/uploads\/2016\/02\/Teufelsmauer-624x416.jpg 624w\" sizes=\"(max-width: 2048px) 100vw, 2048px\"><\/span><\/figure><\/div>\n\n<p>Le Teu\u00adfels\u00admauer est une for\u00adma\u00adtion rocheuse com\u00adpo\u00ads\u00e9e de gr\u00e8s durs du cr\u00e9\u00adta\u00adc\u00e9 sup\u00e9\u00adrieur dans l\u2019a\u00advant-pays du nord du Harz. Elle appa\u00adra\u00eet \u00e0&nbsp;trois endroits entre Bal\u00adlens\u00adtedt au sud-est et Blan\u00adken\u00adburg au nord-ouest, sur une lon\u00adgueur de 20 kilo\u00adm\u00e8tres. Elle com\u00admence avec les Gegen\u00adstei\u00adnen au nord-ouest de Bal\u00adlens\u00adtedt et se ter\u00admine entre Tim\u00admen\u00adrode et Blan\u00adken\u00adburg avec le bla\u00adson de Ham\u00adbourg, le Hei\u00addel\u00adberg et les falaises rocheuses Grand-p\u00e8re et Grand-m\u00e8re.&nbsp;<\/p>\n\n<p>En rai\u00adson de sa forme inha\u00adbi\u00adtuelle, de nom\u00adbreuses l\u00e9gendes et mythes ont \u00e9t\u00e9 cr\u00e9\u00e9s autour de cette \u00e9trange cha\u00eene de rochers. Fas\u00adci\u00adn\u00e9 par la g\u00e9o\u00adlo\u00adgie du mur du diable, Goethe a&nbsp;lui aus\u00adsi visi\u00adt\u00e9 la paroi de gr\u00e8s l\u00e9gen\u00addaire en&nbsp;1784.&nbsp;<\/p>\n\n<blockquote class=\"wp-block-quote is-layout-flow wp-block-quote-is-layout-flow\">\n<p><strong>La l\u00e9gende du mur du diable<\/strong><\/p>\n\n\n\n<p class=\"bodytext\">On raconte qu\u2019un jour, le diable a&nbsp;pro\u00adpo\u00ads\u00e9 \u00e0&nbsp;Dieu de divi\u00adser le monde entre eux. Pour ce faire, le diable vou\u00adlait construire un grand mur pour s\u00e9pa\u00adrer les deux royaumes. Le Sei\u00adgneur Dieu a&nbsp;accep\u00adt\u00e9, mais il a&nbsp;pos\u00e9 comme condi\u00adtion qu\u2019il devait l\u2019a\u00adche\u00adver en une nuit, avant le pre\u00admier chant du&nbsp;coq.&nbsp;<\/p>\n\n\n\n<p class=\"bodytext\">Une pay\u00adsanne qui vou\u00adlait vendre son coq au mar\u00adch\u00e9 pas\u00adsait la nuit \u00e0&nbsp;l\u2019en\u00addroit o\u00f9 le diable fai\u00adsait son tra\u00advail. Quand elle le vit, elle eut peur, tr\u00e9\u00adbu\u00adcha et le coq se mit \u00e0&nbsp;chan\u00adter. Le diable pen\u00adsa alors qu\u2019il n\u2019a\u00advait pas r\u00e9us\u00adsi et d\u00e9trui\u00adsit le mur presque termin\u00e9.&nbsp;<\/p>\n<\/blockquote>\n\n<p class=\"bodytext\">Depuis le par\u00adking \u00ab&nbsp;Teu\u00adfels\u00admauer&nbsp;\u00bb entre Neins\u00adtedt et Warns\u00adtedt, un sen\u00adtier bali\u00ads\u00e9 longe la Bode et conti\u00adnue jus\u00adqu\u2019au point de pointage.<\/p>\n\n<p class=\"bodytext\">Le <strong>sen\u00adtier du mur du diable<\/strong> passe d\u2019ouest en est par les villes de Blan\u00adken\u00adburg, Tim\u00admen\u00adrode, Warns\u00adtedt, Thale, Wed\u00adders\u00adle\u00adben, Neins\u00adtedt, Bad Sude\u00adrode, Gern\u00adrode, Rie\u00adder et Bal\u00adlens\u00adtedt, et touche toutes les for\u00adma\u00adtions rocheuses mar\u00adquantes du mur du diable.<\/p>\n","protected":false},"excerpt":{"rendered":"<p>La par\u00adtie pro\u00adba\u00adble\u00adment la plus mar\u00adquante du mur du diable se trouve au sud de Wed\u00adders\u00adle\u00adben et s\u2019\u00e9tend jusqu\u2019\u00e0 Warns\u00adtedt. L\u00e0, sur une lon\u00adgueur de deux kilo\u00adm\u00e8tres, s\u2019alignent la K\u00f6nig\u00adstein, les Mit\u00adtel\u00adsteine et les Papen\u00adsteine.&nbsp; Le Teu\u00adfels\u00admauer est une for\u00adma\u00adtion rocheuse com\u00adpo\u00ads\u00e9e de gr\u00e8s durs du cr\u00e9\u00adta\u00adc\u00e9 sup\u00e9\u00adrieur dans l\u2019a\u00advant-pays du nord du Harz.&nbsp;Elle&nbsp;[\u2026]<\/p>\n","protected":false},"author":11,"featured_media":19833,"parent":17801,"menu_order":10188,"comment_status":"closed","ping_status":"closed","template":"","meta":{"_seopress_robots_primary_cat":"","_seopress_titles_title":"","_seopress_titles_desc":"","_seopress_robots_index":"","wp_typography_post_enhancements_disabled":false,"iawp_total_views":0,"footnotes":""},"hf_cat_page":[120],"class_list":["post-19832","page","type-page","status-publish","has-post-thumbnail"],"blocksy_meta":[],"_links":{"self":[{"href":"https:\/\/www.harzer-wandernadel.de\/fr\/wp-json\/wp\/v2\/pages\/19832","targetHints":{"allow":["GET"]}}],"collection":[{"href":"https:\/\/www.harzer-wandernadel.de\/fr\/wp-json\/wp\/v2\/pages"}],"about":[{"href":"https:\/\/www.harzer-wandernadel.de\/fr\/wp-json\/wp\/v2\/types\/page"}],"author":[{"embeddable":true,"href":"https:\/\/www.harzer-wandernadel.de\/fr\/wp-json\/wp\/v2\/users\/11"}],"replies":[{"embeddable":true,"href":"https:\/\/www.harzer-wandernadel.de\/fr\/wp-json\/wp\/v2\/comments?post=19832"}],"version-history":[{"count":1,"href":"https:\/\/www.harzer-wandernadel.de\/fr\/wp-json\/wp\/v2\/pages\/19832\/revisions"}],"predecessor-version":[{"id":19834,"href":"https:\/\/www.harzer-wandernadel.de\/fr\/wp-json\/wp\/v2\/pages\/19832\/revisions\/19834"}],"up":[{"embeddable":true,"href":"https:\/\/www.harzer-wandernadel.de\/fr\/wp-json\/wp\/v2\/pages\/17801"}],"wp:featuredmedia":[{"embeddable":true,"href":"https:\/\/www.harzer-wandernadel.de\/fr\/wp-json\/wp\/v2\/media\/19833"}],"wp:attachment":[{"href":"https:\/\/www.harzer-wandernadel.de\/fr\/wp-json\/wp\/v2\/media?parent=19832"}],"wp:term":[{"taxonomy":"hf_cat_page","embeddable":true,"href":"https:\/\/www.harzer-wandernadel.de\/fr\/wp-json\/wp\/v2\/hf_cat_page?post=19832"}],"curies":[{"name":"wp","href":"https:\/\/api.w.org\/{rel}","templated":true}]}}