{"id":19820,"date":"2016-02-18T12:04:11","date_gmt":"2016-02-18T11:04:11","guid":{"rendered":"https:\/\/www.harzer-wandernadel.de\/pointage\/carte-generale\/pointage-190-etang-bergrat-mueller\/"},"modified":"2026-01-29T14:53:17","modified_gmt":"2026-01-29T13:53:17","slug":"pointage-190-etang-bergrat-mueller","status":"publish","type":"page","link":"https:\/\/www.harzer-wandernadel.de\/fr\/pointage\/carte-generale\/pointage-190-etang-bergrat-mueller\/","title":{"rendered":"Pointage 190 \/ \u00c9tang Bergrat M\u00fcller"},"content":{"rendered":"\n<h2 class=\"wp-block-heading\">L\u2019\u00e9tang Bergrat-M\u00fcller se trouve au nord-ouest de Friedrichsbrunn, \u00e0&nbsp;proximit\u00e9 imm\u00e9diate du parc de vacances Merkelbach.<\/h2>\n\n<div class=\"wp-block-stackable-image alignwide stk-block-image stk-block stk-89e1006\" data-block-id=\"89e1006\"><style>.stk-89e1006 {margin-top:3% !important;margin-bottom:3% !important;}<\/style><figure><span class=\"stk-img-wrapper stk-image--shape-stretch stk--has-lightbox\"><img decoding=\"async\" width=\"960\" height=\"640\" src=\"https:\/\/www.harzer-wandernadel.de\/wp-content\/uploads\/2016\/02\/Bergrat-M\u00fcller-Teich.jpg\" class=\"attachment-full size-full wp-post-image\" alt srcset=\"https:\/\/www.harzer-wandernadel.de\/wp-content\/uploads\/2016\/02\/Bergrat-M\u00fcller-Teich.jpg 960w, https:\/\/www.harzer-wandernadel.de\/wp-content\/uploads\/2016\/02\/Bergrat-M\u00fcller-Teich-300x200.jpg 300w, https:\/\/www.harzer-wandernadel.de\/wp-content\/uploads\/2016\/02\/Bergrat-M\u00fcller-Teich-768x512.jpg 768w, https:\/\/www.harzer-wandernadel.de\/wp-content\/uploads\/2016\/02\/Bergrat-M\u00fcller-Teich-250x167.jpg 250w, https:\/\/www.harzer-wandernadel.de\/wp-content\/uploads\/2016\/02\/Bergrat-M\u00fcller-Teich-624x416.jpg 624w\" sizes=\"(max-width: 960px) 100vw, 960px\"><\/span><\/figure><\/div>\n\n<p>L\u2019\u00e9\u00adtang Ber\u00adgrat M\u00fcl\u00adler a&nbsp;\u00e9t\u00e9 cr\u00e9\u00e9 entre 1737 et 1738 par Ber\u00adgrat M\u00fcl\u00adler \u00e0&nbsp;des fins mini\u00e8res, apr\u00e8s que l\u2019\u00e9\u00adtang Erichs\u00adbur\u00adger tout proche ait \u00e9t\u00e9 ache\u00adv\u00e9 en 1709. L\u2019eau accu\u00admu\u00adl\u00e9e dans l\u2019\u00e9\u00adtang ser\u00advait \u00e0&nbsp;ali\u00admen\u00adter les roues \u00e0&nbsp;eau qui drai\u00adnaient la mine F\u00fcrst Karl Wil\u00adhelm via une trin\u00adgle\u00adrie de pompe. Au 18\u00e8me si\u00e8cle, envi\u00adron 12 000 tonnes de chal\u00adco\u00adpy\u00adrite \u00e9taient extraites chaque ann\u00e9e de cette mine, ce qui per\u00admet\u00adtait d\u2019ob\u00adte\u00adnir envi\u00adron 25 tonnes de cuivre.&nbsp;<\/p>\n\n<p>Depuis le parc de vacances de Mer\u00adkel\u00adbach, tu attein\u00addras le point de poin\u00adtage apr\u00e8s une courte ran\u00addon\u00adn\u00e9e et tu pour\u00adras conti\u00adnuer jus\u00adqu\u2019au <a href=\"https:\/\/www.harzer-wandernadel.de\/fr\/pointage\/carte-generale\/pointage-189-grand-moulin-du-diable\/\" data-type=\"page\" data-id=\"895\">Grand Mou\u00adlin du Diable HWN 189<\/a> ou en emprun\u00adtant le sen\u00adtier de l\u2019Ours jus\u00adqu\u2019au <a href=\"https:\/\/www.harzer-wandernadel.de\/fr\/pointage\/carte-generale\/pointage-184-monument-de-lours\/\" data-type=\"page\" data-id=\"915\">monu\u00adment de l\u2019Ours HWN 184<\/a> et \u00e0&nbsp;l\u2019<a href=\"https:\/\/www.harzer-wandernadel.de\/fr\/pointage\/carte-generale\/pointage-196-etang-de-breme\/\" data-type=\"page\" data-id=\"874\">\u00e9tang de Br\u00eame HWN 196<\/a>.<\/p>\n\n<div class=\"wp-block-buttons is-layout-flex wp-block-buttons-is-layout-flex\">\n<div class=\"wp-block-button\"><a class=\"wp-block-button__link wp-element-button\" href=\"http:\/\/harzer-bergwald.de\/index.php\/wandertouren\/romantiktouren\/24-unterwegs-im-beerenland\">Sug\u00adges\u00adtion de cir\u00adcuit For\u00eat de mon\u00adtagne du&nbsp;Harz<\/a><\/div>\n<\/div>\n\n<p>&nbsp;<\/p>\n","protected":false},"excerpt":{"rendered":"<p>L\u2019\u00e9tang Ber\u00adgrat-M\u00fcl\u00adler se trouve au nord-ouest de Frie\u00addrichs\u00adbrunn, \u00e0&nbsp;proxi\u00admi\u00adt\u00e9 imm\u00e9\u00addiate du parc de vacances Mer\u00adkel\u00adbach. L\u2019\u00e9\u00adtang Ber\u00adgrat M\u00fcl\u00adler a&nbsp;\u00e9t\u00e9 cr\u00e9\u00e9 entre 1737 et 1738 par Ber\u00adgrat M\u00fcl\u00adler \u00e0&nbsp;des fins mini\u00e8res, apr\u00e8s que l\u2019\u00e9\u00adtang Erichs\u00adbur\u00adger tout proche ait \u00e9t\u00e9 ache\u00adv\u00e9 en 1709.&nbsp;L\u2019eau accu\u00admu\u00adl\u00e9e dans l\u2019\u00e9\u00adtang ser\u00advait \u00e0&nbsp;ali\u00admen\u00adter les roues \u00e0&nbsp;eau qui drai\u00adnaient la mine&nbsp;F\u00fcrst&nbsp;[\u2026]<\/p>\n","protected":false},"author":11,"featured_media":19821,"parent":17801,"menu_order":10190,"comment_status":"closed","ping_status":"closed","template":"","meta":{"_seopress_robots_primary_cat":"","_seopress_titles_title":"","_seopress_titles_desc":"","_seopress_robots_index":"","wp_typography_post_enhancements_disabled":false,"iawp_total_views":2,"footnotes":""},"hf_cat_page":[120],"class_list":["post-19820","page","type-page","status-publish","has-post-thumbnail"],"blocksy_meta":[],"_links":{"self":[{"href":"https:\/\/www.harzer-wandernadel.de\/fr\/wp-json\/wp\/v2\/pages\/19820","targetHints":{"allow":["GET"]}}],"collection":[{"href":"https:\/\/www.harzer-wandernadel.de\/fr\/wp-json\/wp\/v2\/pages"}],"about":[{"href":"https:\/\/www.harzer-wandernadel.de\/fr\/wp-json\/wp\/v2\/types\/page"}],"author":[{"embeddable":true,"href":"https:\/\/www.harzer-wandernadel.de\/fr\/wp-json\/wp\/v2\/users\/11"}],"replies":[{"embeddable":true,"href":"https:\/\/www.harzer-wandernadel.de\/fr\/wp-json\/wp\/v2\/comments?post=19820"}],"version-history":[{"count":1,"href":"https:\/\/www.harzer-wandernadel.de\/fr\/wp-json\/wp\/v2\/pages\/19820\/revisions"}],"predecessor-version":[{"id":19823,"href":"https:\/\/www.harzer-wandernadel.de\/fr\/wp-json\/wp\/v2\/pages\/19820\/revisions\/19823"}],"up":[{"embeddable":true,"href":"https:\/\/www.harzer-wandernadel.de\/fr\/wp-json\/wp\/v2\/pages\/17801"}],"wp:featuredmedia":[{"embeddable":true,"href":"https:\/\/www.harzer-wandernadel.de\/fr\/wp-json\/wp\/v2\/media\/19821"}],"wp:attachment":[{"href":"https:\/\/www.harzer-wandernadel.de\/fr\/wp-json\/wp\/v2\/media?parent=19820"}],"wp:term":[{"taxonomy":"hf_cat_page","embeddable":true,"href":"https:\/\/www.harzer-wandernadel.de\/fr\/wp-json\/wp\/v2\/hf_cat_page?post=19820"}],"curies":[{"name":"wp","href":"https:\/\/api.w.org\/{rel}","templated":true}]}}