{"id":19812,"date":"2016-02-18T12:05:29","date_gmt":"2016-02-18T11:05:29","guid":{"rendered":"https:\/\/www.harzer-wandernadel.de\/pointage\/carte-generale\/poinconnage-69-sonnenklippe-bodetal\/"},"modified":"2026-02-28T14:42:36","modified_gmt":"2026-02-28T13:42:36","slug":"poinconnage-69-sonnenklippe-bodetal","status":"publish","type":"page","link":"https:\/\/www.harzer-wandernadel.de\/fr\/pointage\/carte-generale\/poinconnage-69-sonnenklippe-bodetal\/","title":{"rendered":"Poin\u00e7onnage 69 \/ Sonnenklippe (Bodetal)"},"content":{"rendered":"\n<h2 class=\"wp-block-heading\">La falaise du soleil (280 m\u00e8tres au-dessus du niveau de la mer) dans la vall\u00e9e de la Bode, pr\u00e8s de Treseburg, est un promontoire rocheux.<\/h2>\n\n<div class=\"wp-block-stackable-image alignwide stk-block-image stk-block stk-89e1006\" data-block-id=\"89e1006\"><style>.stk-89e1006 {margin-top:3% !important;margin-bottom:3% !important;}<\/style><figure><span class=\"stk-img-wrapper stk-image--shape-stretch stk--has-lightbox\"><img decoding=\"async\" width=\"825\" height=\"550\" src=\"https:\/\/www.harzer-wandernadel.de\/wp-content\/uploads\/2016\/02\/Sonnenklippe.jpg\" class=\"attachment-full size-full wp-post-image\" alt srcset=\"https:\/\/www.harzer-wandernadel.de\/wp-content\/uploads\/2016\/02\/Sonnenklippe.jpg 825w, https:\/\/www.harzer-wandernadel.de\/wp-content\/uploads\/2016\/02\/Sonnenklippe-300x200.jpg 300w, https:\/\/www.harzer-wandernadel.de\/wp-content\/uploads\/2016\/02\/Sonnenklippe-768x512.jpg 768w, https:\/\/www.harzer-wandernadel.de\/wp-content\/uploads\/2016\/02\/Sonnenklippe-624x416.jpg 624w\" sizes=\"(max-width: 825px) 100vw, 825px\"><\/span><\/figure><\/div>\n\n<p>Au d\u00e9but du 19\u00e8me si\u00e8cle, la val\u00adl\u00e9e de la Bode \u00e9tait encore une gorge sau\u00advage, presque impre\u00adnable. A&nbsp;cette \u00e9poque, il n\u2019y avait pas encore de che\u00admins de ran\u00addon\u00adn\u00e9e, de sorte qu\u2019on ne pou\u00advait p\u00e9n\u00e9\u00adtrer dans la val\u00adl\u00e9e sau\u00advage et escar\u00adp\u00e9e qu\u2019en sui\u00advant le lit de la rivi\u00e8re Bode. Les pre\u00admiers sen\u00adtiers de ran\u00addon\u00adn\u00e9e \u00e9troits ont \u00e9t\u00e9 cr\u00e9\u00e9s avec le d\u00e9ve\u00adlop\u00adpe\u00adment crois\u00adsant du tou\u00adrisme vers&nbsp;1818.&nbsp;<\/p>\n\n<p>Les pierres de fron\u00adti\u00e8re montrent que la Bode \u00e9tait autre\u00adfois une rivi\u00e8re fron\u00adta\u00adli\u00e8re. La rive droite de la rivi\u00e8re appar\u00adte\u00adnait au royaume de Prusse, la rive gauche, en amont de la cuvette de la Bode, au duch\u00e9 de Braun\u00adsch\u00adweig. D\u00e8s 1937, la val\u00adl\u00e9e de la Bode entre Thale et Tre\u00adse\u00adburg a&nbsp;\u00e9t\u00e9 d\u00e9cla\u00adr\u00e9e r\u00e9serve naturelle.&nbsp;<\/p>\n\n<p>Le point de d\u00e9part le plus pra\u00adtique est le par\u00adking de la Bode \u00e0&nbsp;Tre\u00adse\u00adburg. De l\u00e0, tu suis le Har\u00adzer-Hexens\u00adteig en direc\u00adtion de Thale et tu atteins la Son\u00adnenk\u00adlippe apr\u00e8s 1&nbsp;km. Il est int\u00e9\u00adres\u00adsant de conti\u00adnuer la ran\u00addon\u00adn\u00e9e \u00e0&nbsp;tra\u00advers la val\u00adl\u00e9e de la Bode jus\u00adqu\u2019\u00e0 l\u2019au\u00adberge <a href=\"https:\/\/www.harzer-wandernadel.de\/fr\/pointage\/carte-generale\/pointage-178-hirschgrund-a-lauberge-koenigsruhe\/\" data-type=\"page\" data-id=\"1249\">Hir\u00adsch\u00adgrund HWN 178<\/a>.  <\/p>\n\n<div class=\"wp-block-buttons is-layout-flex wp-block-buttons-is-layout-flex\">\n<div class=\"wp-block-button\"><a class=\"wp-block-button__link wp-element-button\" href=\"https:\/\/harzer-bergwald.de\/index.php\/wandertouren\/abenteuertouren\/31-zwischen-tiefenbach-und-luppbode\" target=\"_blank\" rel=\"noreferrer noopener\">Sug\u00adges\u00adtion de cir\u00adcuit For\u00eat de mon\u00adtagne du&nbsp;Harz&nbsp;\u00bb<\/a><\/div>\n<\/div>\n","protected":false},"excerpt":{"rendered":"<p>La falaise du soleil (280 m\u00e8tres au-des\u00adsus du niveau de la mer) dans la val\u00adl\u00e9e de la Bode, pr\u00e8s de Tre\u00adse\u00adburg, est un pro\u00admon\u00adtoire rocheux. Au d\u00e9but du 19\u00e8me si\u00e8cle, la val\u00adl\u00e9e de la Bode \u00e9tait encore une gorge sau\u00advage, presque impre\u00adnable. A&nbsp;cette \u00e9poque, il n\u2019y avait pas encore de che\u00admins de ran\u00addon\u00adn\u00e9e, de&nbsp;sorte&nbsp;[\u2026]<\/p>\n","protected":false},"author":11,"featured_media":19813,"parent":17801,"menu_order":10069,"comment_status":"closed","ping_status":"closed","template":"","meta":{"_seopress_robots_primary_cat":"","_seopress_titles_title":"","_seopress_titles_desc":"","_seopress_robots_index":"","wp_typography_post_enhancements_disabled":false,"iawp_total_views":0,"footnotes":""},"hf_cat_page":[120],"class_list":["post-19812","page","type-page","status-publish","has-post-thumbnail"],"blocksy_meta":[],"_links":{"self":[{"href":"https:\/\/www.harzer-wandernadel.de\/fr\/wp-json\/wp\/v2\/pages\/19812","targetHints":{"allow":["GET"]}}],"collection":[{"href":"https:\/\/www.harzer-wandernadel.de\/fr\/wp-json\/wp\/v2\/pages"}],"about":[{"href":"https:\/\/www.harzer-wandernadel.de\/fr\/wp-json\/wp\/v2\/types\/page"}],"author":[{"embeddable":true,"href":"https:\/\/www.harzer-wandernadel.de\/fr\/wp-json\/wp\/v2\/users\/11"}],"replies":[{"embeddable":true,"href":"https:\/\/www.harzer-wandernadel.de\/fr\/wp-json\/wp\/v2\/comments?post=19812"}],"version-history":[{"count":2,"href":"https:\/\/www.harzer-wandernadel.de\/fr\/wp-json\/wp\/v2\/pages\/19812\/revisions"}],"predecessor-version":[{"id":24812,"href":"https:\/\/www.harzer-wandernadel.de\/fr\/wp-json\/wp\/v2\/pages\/19812\/revisions\/24812"}],"up":[{"embeddable":true,"href":"https:\/\/www.harzer-wandernadel.de\/fr\/wp-json\/wp\/v2\/pages\/17801"}],"wp:featuredmedia":[{"embeddable":true,"href":"https:\/\/www.harzer-wandernadel.de\/fr\/wp-json\/wp\/v2\/media\/19813"}],"wp:attachment":[{"href":"https:\/\/www.harzer-wandernadel.de\/fr\/wp-json\/wp\/v2\/media?parent=19812"}],"wp:term":[{"taxonomy":"hf_cat_page","embeddable":true,"href":"https:\/\/www.harzer-wandernadel.de\/fr\/wp-json\/wp\/v2\/hf_cat_page?post=19812"}],"curies":[{"name":"wp","href":"https:\/\/api.w.org\/{rel}","templated":true}]}}