{"id":19799,"date":"2016-02-18T11:49:04","date_gmt":"2016-02-18T10:49:04","guid":{"rendered":"https:\/\/www.harzer-wandernadel.de\/pointage\/carte-generale\/poinconnage-195-koethener-huette\/"},"modified":"2026-01-29T14:53:03","modified_gmt":"2026-01-29T13:53:03","slug":"poinconnage-195-koethener-huette","status":"publish","type":"page","link":"https:\/\/www.harzer-wandernadel.de\/fr\/pointage\/carte-generale\/poinconnage-195-koethener-huette\/","title":{"rendered":"Poin\u00e7onnage 195 \/ K\u00f6thener H\u00fctte"},"content":{"rendered":"\n<h2 class=\"wp-block-heading\">Le refuge de K\u00f6then se trouve entre Alexisbad et M\u00e4gdesprung, sur le rocher dit de la chapelle (385&nbsp;m&nbsp;d\u2019altitude), directement sur le sentier de la vall\u00e9e de la&nbsp;Selke&nbsp;.<\/h2>\n\n<div class=\"wp-block-stackable-image alignwide stk-block-image stk-block stk-89e1006\" data-block-id=\"89e1006\"><style>.stk-89e1006 {margin-top:3% !important;margin-bottom:3% !important;}<\/style><figure><span class=\"stk-img-wrapper stk-image--shape-stretch stk--has-lightbox\"><img decoding=\"async\" width=\"2048\" height=\"1536\" src=\"https:\/\/www.harzer-wandernadel.de\/wp-content\/uploads\/2016\/02\/HWN-K\u00f6thener-H\u00fctte.jpg\" class=\"attachment-full size-full wp-post-image\" alt=\"Petite chapelle dans la for\u00eat sur une colline ensoleill\u00e9e\" srcset=\"https:\/\/www.harzer-wandernadel.de\/wp-content\/uploads\/2016\/02\/HWN-K\u00f6thener-H\u00fctte.jpg 2048w, https:\/\/www.harzer-wandernadel.de\/wp-content\/uploads\/2016\/02\/HWN-K\u00f6thener-H\u00fctte-300x225.jpg 300w, https:\/\/www.harzer-wandernadel.de\/wp-content\/uploads\/2016\/02\/HWN-K\u00f6thener-H\u00fctte-768x576.jpg 768w, https:\/\/www.harzer-wandernadel.de\/wp-content\/uploads\/2016\/02\/HWN-K\u00f6thener-H\u00fctte-1024x768.jpg 1024w, https:\/\/www.harzer-wandernadel.de\/wp-content\/uploads\/2016\/02\/HWN-K\u00f6thener-H\u00fctte-250x188.jpg 250w, https:\/\/www.harzer-wandernadel.de\/wp-content\/uploads\/2016\/02\/HWN-K\u00f6thener-H\u00fctte-624x468.jpg 624w\" sizes=\"(max-width: 2048px) 100vw, 2048px\"><\/span><\/figure><\/div>\n\n<p>La cabane de K\u00f6then a&nbsp;\u00e9t\u00e9 construite en 1897 par le Harzk\u00adlub Zweig\u00adve\u00adrein K\u00f6then et res\u00adsemble \u00e0&nbsp;une cha\u00adpelle avec son petit clo\u00adcher et sa pein\u00adture blanche. L\u2019en\u00addroit a&nbsp;\u00e9t\u00e9 pr\u00e9\u00adpa\u00adr\u00e9 par l\u2019ad\u00admi\u00adnis\u00adtra\u00adtion fores\u00adti\u00e8re ducale de l\u2019\u00e9\u00adpoque. La vue par\u00adti\u00adcu\u00adli\u00e8\u00adre\u00adment belle sur la val\u00adl\u00e9e de la Selke et sur le mas\u00adsif du Ram\u00adberg a&nbsp;\u00e9t\u00e9 ren\u00addue pos\u00adsible par le d\u00e9boi\u00adse\u00adment. Le Ram\u00adberg est le mas\u00adsif le plus haut du Bas-Rhin. Ce mas\u00adsif de gra\u00adnit s\u2019est for\u00adm\u00e9 comme le Bro\u00adcken ou le gra\u00adnit de l\u2019O\u00adker il y&nbsp;a envi\u00adron 300 mil\u00adlions d\u2019ann\u00e9es.&nbsp;<\/p>\n\n<p>La r\u00e9gion entre Harz\u00adge\u00adrode, Gern\u00adrode, G\u00fcn\u00adthers\u00adberge et Bal\u00adlens\u00adtedt appar\u00adte\u00adnait au duch\u00e9 d\u2019An\u00adhalt jus\u00adqu\u2019en 1918 et aupa\u00adra\u00advant \u00e0&nbsp;la prin\u00adci\u00adpau\u00adt\u00e9 d\u2019An\u00adhalt-Bern\u00adburg jus\u00adqu\u2019en 1863. Le Harz orien\u00adtal \u00e9tait d\u00e9j\u00e0 \u00e0&nbsp;l\u2019\u00e9\u00adpoque une des\u00adti\u00adna\u00adtion de ran\u00addon\u00adn\u00e9e popu\u00adlaire pour les Anhal\u00adtins, ce qui semble avoir inci\u00adt\u00e9 les amis du Harz de K\u00f6then \u00e0&nbsp;construire cette cabane.&nbsp;<\/p>\n\n<p>Le point de d\u00e9part le plus simple pour une ran\u00addon\u00adn\u00e9e vers le refuge de K\u00f6then est le petit par\u00adking sur le c\u00f4t\u00e9 gauche de la route d\u00e9par\u00adte\u00admen\u00adtale qui m\u00e8ne de Harz\u00adge\u00adrode \u00e0&nbsp;M\u00e4g\u00addes\u00adprung. De l\u00e0, tu arrives au refuge de K\u00f6then sans aucune mon\u00adt\u00e9e et tu peux explo\u00adrer de nom\u00adbreux autres points de vue impres\u00adsion\u00adnants en emprun\u00adtant le sen\u00adtier de falaise vari\u00e9.&nbsp;<\/p>\n\n<div class=\"wp-block-buttons is-layout-flex wp-block-buttons-is-layout-flex\">\n<div class=\"wp-block-button\"><a class=\"wp-block-button__link wp-element-button\" href=\"http:\/\/www.drahtzug-cafe.de\/\">Caf\u00e9 du train \u00e0&nbsp;c\u00e2ble<\/a><\/div>\n<\/div>\n","protected":false},"excerpt":{"rendered":"<p>Le refuge de K\u00f6then se trouve entre Alexis\u00adbad et M\u00e4g\u00addes\u00adprung, sur le rocher dit de la cha\u00adpelle (385&nbsp;m&nbsp;d\u2019altitude), direc\u00adte\u00adment sur le sen\u00adtier de la val\u00adl\u00e9e de la&nbsp;Selke&nbsp;. La cabane de K\u00f6then a&nbsp;\u00e9t\u00e9 construite en 1897 par le Harzk\u00adlub Zweig\u00adve\u00adrein K\u00f6then et res\u00adsemble \u00e0&nbsp;une cha\u00adpelle avec son petit clo\u00adcher et sa pein\u00adture blanche. L\u2019en\u00addroit a&nbsp;\u00e9t\u00e9 pr\u00e9par\u00e9&nbsp;[\u2026]<\/p>\n","protected":false},"author":11,"featured_media":19802,"parent":17801,"menu_order":10195,"comment_status":"closed","ping_status":"closed","template":"","meta":{"_seopress_robots_primary_cat":"","_seopress_titles_title":"","_seopress_titles_desc":"","_seopress_robots_index":"","wp_typography_post_enhancements_disabled":false,"iawp_total_views":1,"footnotes":""},"hf_cat_page":[120],"class_list":["post-19799","page","type-page","status-publish","has-post-thumbnail"],"blocksy_meta":[],"_links":{"self":[{"href":"https:\/\/www.harzer-wandernadel.de\/fr\/wp-json\/wp\/v2\/pages\/19799","targetHints":{"allow":["GET"]}}],"collection":[{"href":"https:\/\/www.harzer-wandernadel.de\/fr\/wp-json\/wp\/v2\/pages"}],"about":[{"href":"https:\/\/www.harzer-wandernadel.de\/fr\/wp-json\/wp\/v2\/types\/page"}],"author":[{"embeddable":true,"href":"https:\/\/www.harzer-wandernadel.de\/fr\/wp-json\/wp\/v2\/users\/11"}],"replies":[{"embeddable":true,"href":"https:\/\/www.harzer-wandernadel.de\/fr\/wp-json\/wp\/v2\/comments?post=19799"}],"version-history":[{"count":1,"href":"https:\/\/www.harzer-wandernadel.de\/fr\/wp-json\/wp\/v2\/pages\/19799\/revisions"}],"predecessor-version":[{"id":19803,"href":"https:\/\/www.harzer-wandernadel.de\/fr\/wp-json\/wp\/v2\/pages\/19799\/revisions\/19803"}],"up":[{"embeddable":true,"href":"https:\/\/www.harzer-wandernadel.de\/fr\/wp-json\/wp\/v2\/pages\/17801"}],"wp:featuredmedia":[{"embeddable":true,"href":"https:\/\/www.harzer-wandernadel.de\/fr\/wp-json\/wp\/v2\/media\/19802"}],"wp:attachment":[{"href":"https:\/\/www.harzer-wandernadel.de\/fr\/wp-json\/wp\/v2\/media?parent=19799"}],"wp:term":[{"taxonomy":"hf_cat_page","embeddable":true,"href":"https:\/\/www.harzer-wandernadel.de\/fr\/wp-json\/wp\/v2\/hf_cat_page?post=19799"}],"curies":[{"name":"wp","href":"https:\/\/api.w.org\/{rel}","templated":true}]}}