{"id":19788,"date":"2016-02-18T11:34:30","date_gmt":"2016-02-18T10:34:30","guid":{"rendered":"https:\/\/www.harzer-wandernadel.de\/pointage\/carte-generale\/pointage-200-chateau-de-falkenstein\/"},"modified":"2026-01-29T14:52:49","modified_gmt":"2026-01-29T13:52:49","slug":"pointage-200-chateau-de-falkenstein","status":"publish","type":"page","link":"https:\/\/www.harzer-wandernadel.de\/fr\/pointage\/carte-generale\/pointage-200-chateau-de-falkenstein\/","title":{"rendered":"Pointage 200 \/ Ch\u00e2teau de Falkenstein"},"content":{"rendered":"\n<h2 class=\"wp-block-heading\">Sur un \u00e9peron de montagne au-dessus de la vall\u00e9e de la Selke se trouve le ch\u00e2teau de Falkenstein, l\u2019un des plus anciens et des mieux conserv\u00e9s des ch\u00e2teaux m\u00e9di\u00e9vaux du&nbsp;Harz.<\/h2>\n\n<div class=\"wp-block-stackable-image alignwide stk-block-image stk-block stk-89e1006\" data-block-id=\"89e1006\"><style>.stk-89e1006 {margin-top:3% !important;margin-bottom:3% !important;}<\/style><figure><span class=\"stk-img-wrapper stk-image--shape-stretch stk--has-lightbox\"><img decoding=\"async\" width=\"1346\" height=\"900\" src=\"https:\/\/www.harzer-wandernadel.de\/wp-content\/uploads\/2016\/02\/HWN-Burg-Falkenstein-Schmidt-Buch.jpg\" class=\"attachment-full size-full wp-post-image\" alt=\"Ch\u00e2teau m\u00e9di\u00e9val dans une for\u00eat verdoyante\" srcset=\"https:\/\/www.harzer-wandernadel.de\/wp-content\/uploads\/2016\/02\/HWN-Burg-Falkenstein-Schmidt-Buch.jpg 1346w, https:\/\/www.harzer-wandernadel.de\/wp-content\/uploads\/2016\/02\/HWN-Burg-Falkenstein-Schmidt-Buch-300x201.jpg 300w, https:\/\/www.harzer-wandernadel.de\/wp-content\/uploads\/2016\/02\/HWN-Burg-Falkenstein-Schmidt-Buch-768x514.jpg 768w, https:\/\/www.harzer-wandernadel.de\/wp-content\/uploads\/2016\/02\/HWN-Burg-Falkenstein-Schmidt-Buch-1024x685.jpg 1024w, https:\/\/www.harzer-wandernadel.de\/wp-content\/uploads\/2016\/02\/HWN-Burg-Falkenstein-Schmidt-Buch-250x167.jpg 250w, https:\/\/www.harzer-wandernadel.de\/wp-content\/uploads\/2016\/02\/HWN-Burg-Falkenstein-Schmidt-Buch-624x417.jpg 624w\" sizes=\"(max-width: 1346px) 100vw, 1346px\"><\/span><\/figure><\/div>\n\n<p>On consi\u00add\u00e8re que les anc\u00eatres de Fal\u00adken\u00adstein sont les nobles de Kon\u00adrad\u00adsburg HWN 20, qui ont fait construire le ch\u00e2\u00adteau au 12\u00e8me si\u00e8cle. Au milieu du 13\u00e8me si\u00e8cle, le comte Hoyer II de Fal\u00adken\u00adstein a&nbsp;agran\u00addi le ch\u00e2\u00adteau en y&nbsp;ajou\u00adtant le palais, le che\u00adnil et d\u2019autres fortifications.&nbsp;<\/p>\n\n<p>Cepen\u00addant, le comte est moins connu comme b\u00e2tis\u00adseur que comme pro\u00admo\u00adteur du juriste Eike von Rep\u00adgow. Selon la l\u00e9gende, ce der\u00adnier aurait ache\u00adv\u00e9 le \u00ab&nbsp;miroir de Saxe&nbsp;\u00bb, le plus impor\u00adtant livre de droit en langue alle\u00admande du Moyen-\u00c2ge, sur le Falkenstein.&nbsp;<\/p>\n\n<p>En 1323, Bur\u00adchard V&nbsp;a repris l\u2019h\u00e9\u00adri\u00adtage du Fal\u00adken\u00adstein. Mais comme son mariage n\u2019a pas eu d\u2019en\u00adfants, il a&nbsp;d\u00e9ci\u00add\u00e9 de prendre une d\u00e9ci\u00adsion lourde de cons\u00e9\u00adquences et a&nbsp;c\u00e9d\u00e9 le Fal\u00adken\u00adstein et tous ses acces\u00adsoires \u00e0&nbsp;l\u2019\u00e9\u00adv\u00ea\u00adch\u00e9 de Hal\u00adbers\u00adtadt en&nbsp;1332.&nbsp;<\/p>\n\n<p>Avec sa mort en 1334, la lign\u00e9e des comtes de Fal\u00adken\u00adstein s\u2019est \u00e9teinte en tant que&nbsp;m\u00e2le.<\/p>\n\n<p>Apr\u00e8s une cen\u00adtaine d\u2019an\u00adn\u00e9es de domi\u00adna\u00adtion \u00e9pis\u00adco\u00adpale, les sei\u00adgneurs d\u2019As\u00adse\u00adburg ont repris le site en 1437. Leur intense acti\u00advi\u00adt\u00e9 de construc\u00adtion du 15\u00e8me au 17\u00e8me si\u00e8cle marque encore aujourd\u2019\u00adhui l\u2019i\u00admage du Fal\u00adken\u00adstein, tout en pr\u00e9\u00adser\u00advant son carac\u00adt\u00e8re m\u00e9di\u00e9\u00adval de&nbsp;base.&nbsp;<\/p>\n\n<p>D\u00e8s le 19\u00e8me si\u00e8cle, cer\u00adtaines par\u00adties du Fal\u00adken\u00adstein \u00e9taient d\u00e9j\u00e0 acces\u00adsibles aux visi\u00adteurs. Pla\u00adc\u00e9 sous le signe du roman\u00adtisme, le ch\u00e2\u00adteau atti\u00adrait alors de nom\u00adbreux ran\u00addon\u00adneurs qui d\u00e9cou\u00advraient le Fal\u00adken\u00adstein comme un ch\u00e2\u00adteau id\u00e9al pour les che\u00adva\u00adliers et s\u2019en inspiraient.&nbsp;<\/p>\n\n<p>\u00c0 la fin de la Seconde Guerre mon\u00addiale, la famille von der Asse\u00adburg a&nbsp;fui l\u2019a\u00advan\u00adc\u00e9e des troupes de l\u2019Ar\u00adm\u00e9e rouge vers les r\u00e9gions occi\u00adden\u00adtales de l\u2019Al\u00adle\u00admagne. Suite \u00e0&nbsp;la guerre, elle a&nbsp;\u00e9t\u00e9 expro\u00adpri\u00e9e en Alle\u00admagne de l\u2019Est dans le cadre de la \u00ab&nbsp;r\u00e9forme agraire&nbsp;\u00bb. Le Fal\u00adken\u00adstein est deve\u00adnu une pro\u00adpri\u00e9\u00adt\u00e9 de l\u2019\u00c9tat.&nbsp;<\/p>\n\n<p>D\u00e8s le 1er avril 1946, le ch\u00e2\u00adte\u00adlain Henne a&nbsp;rou\u00advert le ch\u00e2\u00adteau aux tou\u00adristes \u2013 d\u00e9sor\u00admais plus sous le nom de mus\u00e9e du ch\u00e2\u00adteau de Fal\u00adken\u00adstein. L\u2019ac\u00adtuelle fon\u00adda\u00adtion cultu\u00adrelle de Saxe-Anhalt a&nbsp;repris la pro\u00adpri\u00e9\u00adt\u00e9 en 1996 et l\u2019ex\u00adploi\u00adta\u00adtion du mus\u00e9e en&nbsp;1998.&nbsp;<\/p>\n\n<div class=\"wp-block-buttons is-layout-flex wp-block-buttons-is-layout-flex\">\n<div class=\"wp-block-button\"><a class=\"wp-block-button__link wp-element-button\" href=\"https:\/\/www.burg-falkenstein.de\/\" target=\"_blank\" rel=\"noreferrer noopener\">Ch\u00e2\u00adteau de Falkenstein<\/a><\/div>\n<\/div>\n\n<p>Le point de d\u00e9part le plus pra\u00adtique pour une ran\u00addon\u00adn\u00e9e vers le ch\u00e2\u00adteau de Fal\u00adken\u00adstein est le par\u00adking offi\u00adciel \u00ab&nbsp;Gar\u00adten\u00adhaus&nbsp;\u00bb sur la route d\u00e9par\u00adte\u00admen\u00adtale entre Meis\u00addorf et Pans\u00adfelde. De l\u00e0, il faut suivre les che\u00admins bali\u00ads\u00e9s jus\u00adqu\u2019au ch\u00e2teau.&nbsp;<\/p>\n\n<div class=\"wp-block-buttons is-layout-flex wp-block-buttons-is-layout-flex\">\n<div class=\"wp-block-button\"><a class=\"wp-block-button__link wp-element-button\" href=\"http:\/\/ritteressen-burg-falkenstein.de\/pension-gartenhaus\/restaurant\/\">Res\u00adtau\u00adrant du ch\u00e2teau&nbsp;<\/a><\/div>\n<\/div>\n","protected":false},"excerpt":{"rendered":"<p>Sur un \u00e9pe\u00adron de mon\u00adtagne au-des\u00adsus de la val\u00adl\u00e9e de la Selke se trouve le ch\u00e2\u00adteau de Fal\u00adken\u00adstein, l\u2019un des plus anciens et des mieux conser\u00adv\u00e9s des ch\u00e2\u00adteaux m\u00e9di\u00e9\u00advaux du&nbsp;Harz. On consi\u00add\u00e8re que les anc\u00eatres de Fal\u00adken\u00adstein sont les nobles de Kon\u00adrad\u00adsburg HWN 20, qui ont fait construire le ch\u00e2\u00adteau au 12\u00e8me si\u00e8cle. Au milieu&nbsp;[\u2026]<\/p>\n","protected":false},"author":11,"featured_media":19791,"parent":17801,"menu_order":10200,"comment_status":"closed","ping_status":"closed","template":"","meta":{"_seopress_robots_primary_cat":"","_seopress_titles_title":"","_seopress_titles_desc":"","_seopress_robots_index":"","wp_typography_post_enhancements_disabled":false,"iawp_total_views":1,"footnotes":""},"hf_cat_page":[120],"class_list":["post-19788","page","type-page","status-publish","has-post-thumbnail"],"blocksy_meta":[],"_links":{"self":[{"href":"https:\/\/www.harzer-wandernadel.de\/fr\/wp-json\/wp\/v2\/pages\/19788","targetHints":{"allow":["GET"]}}],"collection":[{"href":"https:\/\/www.harzer-wandernadel.de\/fr\/wp-json\/wp\/v2\/pages"}],"about":[{"href":"https:\/\/www.harzer-wandernadel.de\/fr\/wp-json\/wp\/v2\/types\/page"}],"author":[{"embeddable":true,"href":"https:\/\/www.harzer-wandernadel.de\/fr\/wp-json\/wp\/v2\/users\/11"}],"replies":[{"embeddable":true,"href":"https:\/\/www.harzer-wandernadel.de\/fr\/wp-json\/wp\/v2\/comments?post=19788"}],"version-history":[{"count":1,"href":"https:\/\/www.harzer-wandernadel.de\/fr\/wp-json\/wp\/v2\/pages\/19788\/revisions"}],"predecessor-version":[{"id":19792,"href":"https:\/\/www.harzer-wandernadel.de\/fr\/wp-json\/wp\/v2\/pages\/19788\/revisions\/19792"}],"up":[{"embeddable":true,"href":"https:\/\/www.harzer-wandernadel.de\/fr\/wp-json\/wp\/v2\/pages\/17801"}],"wp:featuredmedia":[{"embeddable":true,"href":"https:\/\/www.harzer-wandernadel.de\/fr\/wp-json\/wp\/v2\/media\/19791"}],"wp:attachment":[{"href":"https:\/\/www.harzer-wandernadel.de\/fr\/wp-json\/wp\/v2\/media?parent=19788"}],"wp:term":[{"taxonomy":"hf_cat_page","embeddable":true,"href":"https:\/\/www.harzer-wandernadel.de\/fr\/wp-json\/wp\/v2\/hf_cat_page?post=19788"}],"curies":[{"name":"wp","href":"https:\/\/api.w.org\/{rel}","templated":true}]}}