{"id":19783,"date":"2016-02-18T11:37:29","date_gmt":"2016-02-18T10:37:29","guid":{"rendered":"https:\/\/www.harzer-wandernadel.de\/pointage\/carte-generale\/pointage-199-tour-de-bismarck\/"},"modified":"2026-02-11T12:42:47","modified_gmt":"2026-02-11T11:42:47","slug":"pointage-199-tour-de-bismarck","status":"publish","type":"page","link":"https:\/\/www.harzer-wandernadel.de\/fr\/pointage\/carte-generale\/pointage-199-tour-de-bismarck\/","title":{"rendered":"Pointage 199 \/ Tour de Bismarck"},"content":{"rendered":"\n<h2 class=\"wp-block-heading\">La tour de Bismarck se trouve au sud du quartier d\u2019Opperode \u00e0&nbsp;Ballenstedt, sur le Stahlsberg (270 m\u00e8tres au-dessus du niveau de la&nbsp;mer).<\/h2>\n\n<div class=\"wp-block-stackable-image alignwide stk-block-image stk-block stk-89e1006\" data-block-id=\"89e1006\"><style>.stk-89e1006 {margin-top:3% !important;margin-bottom:3% !important;}<\/style><figure><span class=\"stk-img-wrapper stk-image--shape-stretch stk--has-lightbox\"><img decoding=\"async\" width=\"1440\" height=\"1080\" src=\"https:\/\/www.harzer-wandernadel.de\/wp-content\/uploads\/2016\/02\/HWN-Bismarckturm.jpg\" class=\"attachment-full size-full wp-post-image\" alt=\"Tour historique en pierre dans la for\u00eat verte\" srcset=\"https:\/\/www.harzer-wandernadel.de\/wp-content\/uploads\/2016\/02\/HWN-Bismarckturm.jpg 1440w, https:\/\/www.harzer-wandernadel.de\/wp-content\/uploads\/2016\/02\/HWN-Bismarckturm-300x225.jpg 300w, https:\/\/www.harzer-wandernadel.de\/wp-content\/uploads\/2016\/02\/HWN-Bismarckturm-768x576.jpg 768w, https:\/\/www.harzer-wandernadel.de\/wp-content\/uploads\/2016\/02\/HWN-Bismarckturm-1024x768.jpg 1024w, https:\/\/www.harzer-wandernadel.de\/wp-content\/uploads\/2016\/02\/HWN-Bismarckturm-250x188.jpg 250w, https:\/\/www.harzer-wandernadel.de\/wp-content\/uploads\/2016\/02\/HWN-Bismarckturm-624x468.jpg 624w\" sizes=\"(max-width: 1440px) 100vw, 1440px\"><\/span><\/figure><\/div>\n\n<p>Le maire de Bal\u00adlens\u00adtedt a&nbsp;sug\u00adg\u00e9\u00adr\u00e9 la construc\u00adtion de cette tour de Bis\u00admarck lors de la c\u00e9l\u00e9\u00adbra\u00adtion du cen\u00adte\u00adnaire de la bataille des Nations \u00e0&nbsp;Leip\u00adzig, le 18 octobre 1913. Le 02 novembre 1913, l\u2019emplacement a&nbsp;\u00e9t\u00e9 d\u00e9ter\u00admi\u00adn\u00e9 et le \u00ab&nbsp;comi\u00adt\u00e9 de tra\u00advail pour l\u2019\u00e9\u00adrec\u00adtion d\u2019un monu\u00adment Bis\u00admarck sur le Stahls\u00adberge pr\u00e8s de Bal\u00adlens\u00adtedt&nbsp;\u00bb a&nbsp;\u00e9t\u00e9 cr\u00e9\u00e9 sous la pr\u00e9\u00adsi\u00addence du Dr Knorr, direc\u00adteur de dis\u00adtrict. En outre, le pro\u00adfes\u00adseur Wil\u00adhelm Kreis de D\u00fcs\u00adsel\u00addorf a&nbsp;\u00e9t\u00e9 choi\u00adsi comme archi\u00adtecte de la tour de Bis\u00admarck, car Kreis avait d\u00e9j\u00e0 \u00e9la\u00adbo\u00adr\u00e9 plu\u00adsieurs tours pri\u00adm\u00e9es, par exemple le pro\u00adjet \u00ab&nbsp;G\u00f6t\u00adterd\u00e4m\u00adme\u00adrung&nbsp;\u00bb. Il a&nbsp;con\u00e7u la tour comme une tour d\u2019ob\u00adser\u00adva\u00adtion avec une coupe de&nbsp;feu.&nbsp;<\/p>\n\n<p>La c\u00e9r\u00e9\u00admo\u00adnie de pose de la pre\u00admi\u00e8re pierre a&nbsp;eu lieu le 14 juin 1914, juste avant le d\u00e9but de la pre\u00admi\u00e8re guerre mon\u00addiale. En rai\u00adson de la guerre, les tra\u00advaux de construc\u00adtion n\u2019ont pas pu \u00eatre enti\u00e8\u00adre\u00adment ache\u00adv\u00e9s et comme aucun autre tra\u00advail n\u2019a \u00e9t\u00e9 effec\u00adtu\u00e9 jus\u00adqu\u2019en 1929, la tour a&nbsp;mena\u00adc\u00e9 de tom\u00adber en&nbsp;ruine.&nbsp;<\/p>\n\n<p>Le 12 juillet 1929, le conseiller comp\u00adtable H\u00f6hne, pr\u00e9\u00adsident du Harzk\u00adlub-Zweig\u00adve\u00adrein Bal\u00adlens\u00adtedt, qui avait \u00e9ga\u00adle\u00adment par\u00adti\u00adci\u00adp\u00e9 au comi\u00adt\u00e9 de tra\u00advail 15 ans aupa\u00adra\u00advant, a&nbsp;repris une pro\u00adpo\u00adsi\u00adtion du direc\u00adteur de dis\u00adtrict Piet\u00adscher. Celui-ci avait sug\u00adg\u00e9\u00adr\u00e9 que l\u2019as\u00adso\u00adcia\u00adtion du Harzk\u00adlub ter\u00admine la tour d\u2019ob\u00adser\u00adva\u00adtion et la rende acces\u00adsible au grand public. Le pro\u00adjet ini\u00adtial a&nbsp;\u00e9t\u00e9 modi\u00adfi\u00e9 et sim\u00adpli\u00adfi\u00e9 par le chef de chan\u00adtier, le conseiller gou\u00adver\u00adne\u00admen\u00adtal et de construc\u00adtion Dr Ehr\u00adlich, de sorte que la tour a&nbsp;pu \u00eatre inau\u00adgu\u00adr\u00e9e le 20 mai&nbsp;1931.&nbsp;<\/p>\n\n<p>Apr\u00e8s la Seconde Guerre mon\u00addiale et \u00e0&nbsp;l\u2019\u00e9\u00adpoque de la RDA, la tour a&nbsp;\u00e9t\u00e9 lais\u00ads\u00e9e \u00e0&nbsp;l\u2019a\u00adban\u00addon et a&nbsp;d\u00fb \u00eatre fer\u00adm\u00e9e dans les ann\u00e9es 1960&nbsp;en rai\u00adson des dom\u00admages&nbsp;subis.<\/p>\n\n<p>Apr\u00e8s le chan\u00adge\u00adment poli\u00adtique, la tour a&nbsp;\u00e9t\u00e9 r\u00e9no\u00adv\u00e9e en 1994\/ 1995 avec des fonds du Land et la plate-forme d\u2019ob\u00adser\u00adva\u00adtion est acces\u00adsible par un esca\u00adlier int\u00e9rieur.&nbsp;<\/p>\n\n<p>Depuis Oppe\u00adrode, tu peux acc\u00e9\u00adder \u00e0&nbsp;la tour en emprun\u00adtant le cir\u00adcuit autour de Stahlsberg.<\/p>\n\n<p>&nbsp;<\/p>\n","protected":false},"excerpt":{"rendered":"<p>La tour de Bis\u00admarck se trouve au sud du quar\u00adtier d\u2019Opperode \u00e0&nbsp;Bal\u00adlens\u00adtedt, sur le Stahls\u00adberg (270 m\u00e8tres au-des\u00adsus du niveau de la&nbsp;mer). Le maire de Bal\u00adlens\u00adtedt a&nbsp;sug\u00adg\u00e9\u00adr\u00e9 la construc\u00adtion de cette tour de Bis\u00admarck lors de la c\u00e9l\u00e9\u00adbra\u00adtion du cen\u00adte\u00adnaire de la bataille des Nations \u00e0&nbsp;Leip\u00adzig, le 18 octobre 1913. Le 02 novembre 1913, l\u2019emplacement [\u2026]<\/p>\n","protected":false},"author":11,"featured_media":19786,"parent":17801,"menu_order":10199,"comment_status":"closed","ping_status":"closed","template":"","meta":{"_seopress_robots_primary_cat":"","_seopress_titles_title":"","_seopress_titles_desc":"","_seopress_robots_index":"","wp_typography_post_enhancements_disabled":false,"iawp_total_views":0,"footnotes":""},"hf_cat_page":[120],"class_list":["post-19783","page","type-page","status-publish","has-post-thumbnail"],"blocksy_meta":[],"_links":{"self":[{"href":"https:\/\/www.harzer-wandernadel.de\/fr\/wp-json\/wp\/v2\/pages\/19783","targetHints":{"allow":["GET"]}}],"collection":[{"href":"https:\/\/www.harzer-wandernadel.de\/fr\/wp-json\/wp\/v2\/pages"}],"about":[{"href":"https:\/\/www.harzer-wandernadel.de\/fr\/wp-json\/wp\/v2\/types\/page"}],"author":[{"embeddable":true,"href":"https:\/\/www.harzer-wandernadel.de\/fr\/wp-json\/wp\/v2\/users\/11"}],"replies":[{"embeddable":true,"href":"https:\/\/www.harzer-wandernadel.de\/fr\/wp-json\/wp\/v2\/comments?post=19783"}],"version-history":[{"count":3,"href":"https:\/\/www.harzer-wandernadel.de\/fr\/wp-json\/wp\/v2\/pages\/19783\/revisions"}],"predecessor-version":[{"id":20396,"href":"https:\/\/www.harzer-wandernadel.de\/fr\/wp-json\/wp\/v2\/pages\/19783\/revisions\/20396"}],"up":[{"embeddable":true,"href":"https:\/\/www.harzer-wandernadel.de\/fr\/wp-json\/wp\/v2\/pages\/17801"}],"wp:featuredmedia":[{"embeddable":true,"href":"https:\/\/www.harzer-wandernadel.de\/fr\/wp-json\/wp\/v2\/media\/19786"}],"wp:attachment":[{"href":"https:\/\/www.harzer-wandernadel.de\/fr\/wp-json\/wp\/v2\/media?parent=19783"}],"wp:term":[{"taxonomy":"hf_cat_page","embeddable":true,"href":"https:\/\/www.harzer-wandernadel.de\/fr\/wp-json\/wp\/v2\/hf_cat_page?post=19783"}],"curies":[{"name":"wp","href":"https:\/\/api.w.org\/{rel}","templated":true}]}}