{"id":19776,"date":"2016-02-18T11:41:29","date_gmt":"2016-02-18T10:41:29","guid":{"rendered":"https:\/\/www.harzer-wandernadel.de\/pointage\/carte-generale\/pointage-198-pierres-de-cloche\/"},"modified":"2026-01-29T14:52:49","modified_gmt":"2026-01-29T13:52:49","slug":"pointage-198-pierres-de-cloche","status":"publish","type":"page","link":"https:\/\/www.harzer-wandernadel.de\/fr\/pointage\/carte-generale\/pointage-198-pierres-de-cloche\/","title":{"rendered":"Pointage 198 \/ Pierres de cloche"},"content":{"rendered":"\n<h2 class=\"wp-block-heading\">Les pierres de cloche se trouvent au sud-ouest du petit village de Steigerthal, \u00e0&nbsp;la crois\u00e9e des chemins du sentier de randonn\u00e9e karstique et du sentier de randonn\u00e9e menant au quartier de Himmelgarten \u00e0&nbsp;Nordhausen.<\/h2>\n\n<div class=\"wp-block-stackable-image alignwide stk-block-image stk-block stk-89e1006\" data-block-id=\"89e1006\"><style>.stk-89e1006 {margin-top:3% !important;margin-bottom:3% !important;}<\/style><figure><span class=\"stk-img-wrapper stk-image--shape-stretch stk--has-lightbox\"><img decoding=\"async\" width=\"2048\" height=\"1536\" src=\"https:\/\/www.harzer-wandernadel.de\/wp-content\/uploads\/2016\/02\/Glockensteine.jpg\" class=\"attachment-full size-full wp-post-image\" alt srcset=\"https:\/\/www.harzer-wandernadel.de\/wp-content\/uploads\/2016\/02\/Glockensteine.jpg 2048w, https:\/\/www.harzer-wandernadel.de\/wp-content\/uploads\/2016\/02\/Glockensteine-300x225.jpg 300w, https:\/\/www.harzer-wandernadel.de\/wp-content\/uploads\/2016\/02\/Glockensteine-768x576.jpg 768w, https:\/\/www.harzer-wandernadel.de\/wp-content\/uploads\/2016\/02\/Glockensteine-1024x768.jpg 1024w, https:\/\/www.harzer-wandernadel.de\/wp-content\/uploads\/2016\/02\/Glockensteine-250x188.jpg 250w, https:\/\/www.harzer-wandernadel.de\/wp-content\/uploads\/2016\/02\/Glockensteine-624x468.jpg 624w\" sizes=\"(max-width: 2048px) 100vw, 2048px\"><\/span><\/figure><\/div>\n\n<p>La croix du milieu est com\u00adpl\u00e8te, mais des deux autres, il ne reste que le f\u00fbt. Les croix de pierre ont \u00e9t\u00e9 \u00e9ri\u00adg\u00e9es \u00e0&nbsp;la fin du Moyen-\u00c2ge pour les per\u00adsonnes qui sont mortes sou\u00addai\u00adne\u00adment et sans pr\u00e9\u00adpa\u00adra\u00adtion (sans l\u2019ex\u00adtr\u00eame-onc\u00adtion). La majo\u00adri\u00adt\u00e9 de ces croix de pierre sont d\u2019an\u00adciennes croix de meurtre ou d\u2019ex\u00adpia\u00adtion, \u00e9ri\u00adg\u00e9es en sou\u00adve\u00adnir d\u2019une per\u00adsonne tu\u00e9e ou accident\u00e9e.&nbsp;<\/p>\n\n<p>Les trois pierres sont faites de gr\u00e8s. Un fer \u00e0&nbsp;tan\u00adner est gra\u00adv\u00e9 sur le dos de deux pierres, tan\u00addis que sur la troi\u00adsi\u00e8me croix, on peut voir une lame d\u2019arme blanche. Dans la t\u00eate de la croix enti\u00e8\u00adre\u00adment conser\u00adv\u00e9e, on peut voir une repr\u00e9\u00adsen\u00adta\u00adtion simple d\u2019une cloche<br>avec un battant.&nbsp;<\/p>\n\n<p>Une l\u00e9gende des pierres raconte qu\u2019i\u00adci, un fon\u00addeur de cloches de Stol\u00adberg tua son com\u00adpa\u00adgnon<br>parce que celui-ci r\u00e9us\u00adsis\u00adsait mieux que lui \u00e0&nbsp;cou\u00adler la cloche.<\/p>\n\n<p>Depuis Stei\u00adger\u00adthal, tu peux atteindre les Glo\u00adcken\u00adsteine en sui\u00advant le \u00ab&nbsp;che\u00admin noir&nbsp;\u00bb indi\u00adqu\u00e9 par une croix bleue, apr\u00e8s une courte marche que tu devrais conti\u00adnuer jus\u00adqu\u2019au point de vue \u00ab&nbsp;Hel\u00adme\u00adtal\u00adblick&nbsp;\u00bb. De l\u00e0, tu peux pro\u00adfi\u00adter d\u2019une vue pano\u00adra\u00admique sur la ville de Nord\u00adhau\u00adsen et les mon\u00adtagnes du sud du&nbsp;Harz.&nbsp;<\/p>\n","protected":false},"excerpt":{"rendered":"<p>Les pierres de cloche se trouvent au sud-ouest du petit vil\u00adlage de Stei\u00adger\u00adthal, \u00e0&nbsp;la croi\u00ads\u00e9e des che\u00admins du sen\u00adtier de ran\u00addon\u00adn\u00e9e kars\u00adtique et du sen\u00adtier de ran\u00addon\u00adn\u00e9e menant au quar\u00adtier de Him\u00admel\u00adgar\u00adten \u00e0&nbsp;Nord\u00adhau\u00adsen. La croix du milieu est com\u00adpl\u00e8te, mais des deux autres, il ne reste que le f\u00fbt. Les croix de pierre ont&nbsp;\u00e9t\u00e9&nbsp;[\u2026]<\/p>\n","protected":false},"author":11,"featured_media":19778,"parent":17801,"menu_order":10198,"comment_status":"closed","ping_status":"closed","template":"","meta":{"_seopress_robots_primary_cat":"","_seopress_titles_title":"","_seopress_titles_desc":"","_seopress_robots_index":"","wp_typography_post_enhancements_disabled":false,"iawp_total_views":0,"footnotes":""},"hf_cat_page":[120],"class_list":["post-19776","page","type-page","status-publish","has-post-thumbnail"],"blocksy_meta":[],"_links":{"self":[{"href":"https:\/\/www.harzer-wandernadel.de\/fr\/wp-json\/wp\/v2\/pages\/19776","targetHints":{"allow":["GET"]}}],"collection":[{"href":"https:\/\/www.harzer-wandernadel.de\/fr\/wp-json\/wp\/v2\/pages"}],"about":[{"href":"https:\/\/www.harzer-wandernadel.de\/fr\/wp-json\/wp\/v2\/types\/page"}],"author":[{"embeddable":true,"href":"https:\/\/www.harzer-wandernadel.de\/fr\/wp-json\/wp\/v2\/users\/11"}],"replies":[{"embeddable":true,"href":"https:\/\/www.harzer-wandernadel.de\/fr\/wp-json\/wp\/v2\/comments?post=19776"}],"version-history":[{"count":1,"href":"https:\/\/www.harzer-wandernadel.de\/fr\/wp-json\/wp\/v2\/pages\/19776\/revisions"}],"predecessor-version":[{"id":19780,"href":"https:\/\/www.harzer-wandernadel.de\/fr\/wp-json\/wp\/v2\/pages\/19776\/revisions\/19780"}],"up":[{"embeddable":true,"href":"https:\/\/www.harzer-wandernadel.de\/fr\/wp-json\/wp\/v2\/pages\/17801"}],"wp:featuredmedia":[{"embeddable":true,"href":"https:\/\/www.harzer-wandernadel.de\/fr\/wp-json\/wp\/v2\/media\/19778"}],"wp:attachment":[{"href":"https:\/\/www.harzer-wandernadel.de\/fr\/wp-json\/wp\/v2\/media?parent=19776"}],"wp:term":[{"taxonomy":"hf_cat_page","embeddable":true,"href":"https:\/\/www.harzer-wandernadel.de\/fr\/wp-json\/wp\/v2\/hf_cat_page?post=19776"}],"curies":[{"name":"wp","href":"https:\/\/api.w.org\/{rel}","templated":true}]}}