{"id":19521,"date":"2016-02-19T11:11:47","date_gmt":"2016-02-19T10:11:47","guid":{"rendered":"https:\/\/www.harzer-wandernadel.de\/pointage\/carte-generale\/poinconnage-96-ancien-moulin-a-pierres\/"},"modified":"2026-02-28T14:42:54","modified_gmt":"2026-02-28T13:42:54","slug":"poinconnage-96-ancien-moulin-a-pierres","status":"publish","type":"page","link":"https:\/\/www.harzer-wandernadel.de\/fr\/pointage\/carte-generale\/poinconnage-96-ancien-moulin-a-pierres\/","title":{"rendered":"Poin\u00e7onnage 96 \/ Ancien moulin \u00e0&nbsp;pierres"},"content":{"rendered":"\n<h2 class=\"wp-block-heading\">Das romantische und mystische Steinm\u00fchlental befindet sich zwischen Netzkater, Rothes\u00fctte und S\u00fclzhayn.<\/h2>\n\n<div class=\"wp-block-stackable-image alignwide stk-block-image stk-block stk-89e1006\" data-block-id=\"89e1006\"><style>.stk-89e1006 {margin-top:3% !important;margin-bottom:3% !important;}<\/style><figure><span class=\"stk-img-wrapper stk-image--shape-stretch stk--has-lightbox\"><img decoding=\"async\" width=\"787\" height=\"525\" src=\"https:\/\/www.harzer-wandernadel.de\/wp-content\/uploads\/2016\/02\/Steinm\u00fchle.jpg\" class=\"attachment-full size-full wp-post-image\" alt srcset=\"https:\/\/www.harzer-wandernadel.de\/wp-content\/uploads\/2016\/02\/Steinm\u00fchle.jpg 787w, https:\/\/www.harzer-wandernadel.de\/wp-content\/uploads\/2016\/02\/Steinm\u00fchle-300x200.jpg 300w, https:\/\/www.harzer-wandernadel.de\/wp-content\/uploads\/2016\/02\/Steinm\u00fchle-768x512.jpg 768w, https:\/\/www.harzer-wandernadel.de\/wp-content\/uploads\/2016\/02\/Steinm\u00fchle-624x416.jpg 624w\" sizes=\"(max-width: 787px) 100vw, 787px\"><\/span><\/figure><\/div>\n\n<p>La val\u00adl\u00e9e doit son nom au mou\u00adlin en pierre construit en 1756 qui se trou\u00advait autre\u00adfois ici. Il ne reste que quelques ruines de ce mou\u00adlin \u00e0&nbsp;scie et \u00e0&nbsp;c\u00e9r\u00e9ales.&nbsp;<\/p>\n\n<p>Les rochers \u00e0&nbsp;droite et \u00e0&nbsp;gauche de la val\u00adl\u00e9e, ont re\u00e7u des noms ori\u00adgi\u00adnaux au fil des ann\u00e9es, comme \u00ab&nbsp;t\u00eate de hibou&nbsp;\u00bb, \u00ab&nbsp;che\u00adval&nbsp;\u00bb ou \u00ab&nbsp;Hercule&nbsp;\u00bb.<\/p>\n\n<p>Un bon point de d\u00e9part est le par\u00adking de ran\u00addon\u00adn\u00e9e du Honig\u00adberg entre Netz\u00adka\u00adter et Rothes\u00fctte. De l\u00e0, tu marches sur des che\u00admins fores\u00adtiers bali\u00ads\u00e9s \u00e0&nbsp;tra\u00advers la val\u00adl\u00e9e de Steinm\u00fchl jus\u00adqu\u2019au point de poin\u00adtage pr\u00e8s de la fon\u00adtaine appe\u00adl\u00e9e \u00ab&nbsp;Goldborn&nbsp;\u00bb.&nbsp;<\/p>\n\n<div class=\"wp-block-buttons is-layout-flex wp-block-buttons-is-layout-flex\">\n<div class=\"wp-block-button\"><a class=\"wp-block-button__link wp-element-button\" href=\"https:\/\/harzer-bergwald.de\/index.php\/wandertouren\/romantiktouren\/17-entlang-des-wilden-fuhrbachs\" target=\"_blank\" rel=\"noreferrer noopener\">Sug\u00adges\u00adtion de cir\u00adcuit For\u00eat de mon\u00adtagne du&nbsp;Harz&nbsp;\u00bb<\/a><\/div>\n<\/div>\n","protected":false},"excerpt":{"rendered":"<p>Das roman\u00adtische und mys\u00adtische Steinm\u00fch\u00adlen\u00adtal befin\u00addet sich zwi\u00adschen Netz\u00adka\u00adter, Rothes\u00fctte und S\u00fclz\u00adhayn. La val\u00adl\u00e9e doit son nom au mou\u00adlin en pierre construit en 1756 qui se trou\u00advait autre\u00adfois ici. Il ne reste que quelques ruines de ce mou\u00adlin \u00e0&nbsp;scie et \u00e0&nbsp;c\u00e9r\u00e9ales.&nbsp; Les rochers \u00e0&nbsp;droite et \u00e0&nbsp;gauche de la val\u00adl\u00e9e, ont re\u00e7u des noms ori\u00adgi\u00adnaux&nbsp;au&nbsp;[\u2026]<\/p>\n","protected":false},"author":11,"featured_media":19522,"parent":17801,"menu_order":10096,"comment_status":"closed","ping_status":"closed","template":"","meta":{"_seopress_robots_primary_cat":"","_seopress_titles_title":"","_seopress_titles_desc":"","_seopress_robots_index":"","wp_typography_post_enhancements_disabled":false,"iawp_total_views":0,"footnotes":""},"hf_cat_page":[120],"class_list":["post-19521","page","type-page","status-publish","has-post-thumbnail"],"blocksy_meta":[],"_links":{"self":[{"href":"https:\/\/www.harzer-wandernadel.de\/fr\/wp-json\/wp\/v2\/pages\/19521","targetHints":{"allow":["GET"]}}],"collection":[{"href":"https:\/\/www.harzer-wandernadel.de\/fr\/wp-json\/wp\/v2\/pages"}],"about":[{"href":"https:\/\/www.harzer-wandernadel.de\/fr\/wp-json\/wp\/v2\/types\/page"}],"author":[{"embeddable":true,"href":"https:\/\/www.harzer-wandernadel.de\/fr\/wp-json\/wp\/v2\/users\/11"}],"replies":[{"embeddable":true,"href":"https:\/\/www.harzer-wandernadel.de\/fr\/wp-json\/wp\/v2\/comments?post=19521"}],"version-history":[{"count":1,"href":"https:\/\/www.harzer-wandernadel.de\/fr\/wp-json\/wp\/v2\/pages\/19521\/revisions"}],"predecessor-version":[{"id":19523,"href":"https:\/\/www.harzer-wandernadel.de\/fr\/wp-json\/wp\/v2\/pages\/19521\/revisions\/19523"}],"up":[{"embeddable":true,"href":"https:\/\/www.harzer-wandernadel.de\/fr\/wp-json\/wp\/v2\/pages\/17801"}],"wp:featuredmedia":[{"embeddable":true,"href":"https:\/\/www.harzer-wandernadel.de\/fr\/wp-json\/wp\/v2\/media\/19522"}],"wp:attachment":[{"href":"https:\/\/www.harzer-wandernadel.de\/fr\/wp-json\/wp\/v2\/media?parent=19521"}],"wp:term":[{"taxonomy":"hf_cat_page","embeddable":true,"href":"https:\/\/www.harzer-wandernadel.de\/fr\/wp-json\/wp\/v2\/hf_cat_page?post=19521"}],"curies":[{"name":"wp","href":"https:\/\/api.w.org\/{rel}","templated":true}]}}