{"id":19499,"date":"2022-05-18T13:45:51","date_gmt":"2022-05-18T11:45:51","guid":{"rendered":"https:\/\/www.harzer-wandernadel.de\/pointage\/sentier-karstique-du-sud-du-harz\/"},"modified":"2026-01-29T14:50:45","modified_gmt":"2026-01-29T13:50:45","slug":"sentier-karstique-du-sud-du-harz","status":"publish","type":"page","link":"https:\/\/www.harzer-wandernadel.de\/fr\/pointage\/sentier-karstique-du-sud-du-harz\/","title":{"rendered":"Sentier karstique du sud du&nbsp;Harz"},"content":{"rendered":"\n<h3 class=\"wp-block-heading\">En collaboration avec l\u2019AG Karstwanderweg \u00ab&nbsp;Trois pays \u2013 un chemin&nbsp;\u00bb, tu as d\u00e9sormais la possibilit\u00e9 de d\u00e9couvrir toute la beaut\u00e9 de la r\u00e9gion karstique lors de tes randonn\u00e9es vers les points de pointage sur le Karstwanderweg.<\/h3>\n\n<p>De Bad Grund, \u00e0&nbsp;l\u2019ouest, \u00e0&nbsp;P\u00f6ls\u00adfeld, \u00e0&nbsp;l\u2019est, dans le sud du Harz, tu d\u00e9cou\u00advri\u00adras des grottes, des dolines, des sources kars\u00adtiques, des m\u00e9andres de ruis\u00adseaux, des rochers, des ani\u00admaux et des plantes rares, des vues magni\u00adfiques ain\u00adsi que des points forts culi\u00adnaires et culturels.<\/p>\n\n<p>Nous te sou\u00adhai\u00adtons une bonne ran\u00addon\u00adn\u00e9e dans cet espace natu\u00adrel unique, dont la mas\u00adcotte est le blai\u00adreau. Si tu as visi\u00adt\u00e9 les 24 points de poin\u00ad\u00e7on\u00adnage, tu rece\u00advras le blai\u00adreau comme \u00e9pingle de randonn\u00e9e.&nbsp;<\/p>\n\n<div class=\"wp-block-stackable-columns stk-block-columns stk-block stk-7c8cde7\" data-block-id=\"7c8cde7\"><style>.stk-7c8cde7 {margin-bottom:0px !important;}<\/style><div class=\"stk-row stk-inner-blocks stk-block-content stk-content-align stk-7c8cde7-column\">\n<div class=\"wp-block-stackable-column stk-block-column stk-column stk-block stk-cea6b52\" data-v=\"4\" data-block-id=\"cea6b52\"><style>.stk-cea6b52 {overflow:auto !important;}<\/style><div class=\"stk-column-wrapper stk-block-column__content stk-container stk-cea6b52-container stk--no-background stk--no-padding\"><div class=\"stk-block-content stk-inner-blocks stk-cea6b52-inner-blocks\">\n<figure style=\"margin-top:6vh\" class=\"wp-block-table\"><table><thead><tr><th scope=\"col\">Poin\u00adtage<\/th><th scope=\"col\">  Coor\u00addon\u00adn\u00e9es N<\/th><th scope=\"col\">  Coor\u00addon\u00adn\u00e9es&nbsp;E<\/th><\/tr><\/thead><tbody><tr><td>Iber\u00adger Albert\u00adturm, Bad Grund (HWN&nbsp;130)<\/td><td class=\"has-text-align-left\" data-align=\"left\">51\u00b049.192\u2032<\/td><td class=\"has-text-align-left\" data-align=\"left\">10\u00b014.712\u2032<\/td><\/tr><tr><td>Welt\u00adWald, Bad Grund (HWN&nbsp;129)<\/td><td class=\"has-text-align-left\" data-align=\"left\">51\u00b049.156\u2032<\/td><td class=\"has-text-align-left\" data-align=\"left\">10\u00b013.502\u2032<\/td><\/tr><tr><td>Badenh\u00e4u\u00adser K\u00f6nig\u00adsstein, refuge sup\u00e9rieur<\/td><td class=\"has-text-align-left\" data-align=\"left\">51\u00b045.468\u2032<\/td><td class=\"has-text-align-left\" data-align=\"left\">10\u00b011.868\u2032<\/td><\/tr><tr><td>Ruines du ch\u00e2\u00adteau de Lich\u00adten\u00adstein, Dorste<\/td><td class=\"has-text-align-left\" data-align=\"left\">51\u00b043.270\u2032<\/td><td class=\"has-text-align-left\" data-align=\"left\">10\u00b010.545\u2032<\/td><\/tr><tr><td>Col\u00adline des g\u00e9n\u00e9\u00adraux d\u2019Os\u00adte\u00adrode, Osterode<\/td><td class=\"has-text-align-left\" data-align=\"left\">51\u00b042.025\u2032<\/td><td class=\"has-text-align-left\" data-align=\"left\">10\u00b013.913\u2032<\/td><\/tr><tr><td>Cr\u00eate de R\u00f6t\u00adzel de D\u00fcna,&nbsp;D\u00fcna<\/td><td class=\"has-text-align-left\" data-align=\"left\">51\u00b041.819\u2032<\/td><td class=\"has-text-align-left\" data-align=\"left\">10\u00b015.820\u2032<\/td><\/tr><tr><td>Grotte de la Licorne, Scharz\u00adfeld (HWN&nbsp;101)<\/td><td class=\"has-text-align-left\" data-align=\"left\">51\u00b038.101\u2032<\/td><td class=\"has-text-align-left\" data-align=\"left\">10\u00b024.264\u2032<\/td><\/tr><tr><td>Ruines du ch\u00e2\u00adteau de Scharz\u00adfeld (HWN&nbsp;151)<\/td><td class=\"has-text-align-left\" data-align=\"left\">51\u00b037.731\u2032<\/td><td class=\"has-text-align-left\" data-align=\"left\">10\u00b024.536\u2032<\/td><\/tr><tr><td>Wes\u00adter\u00adsteine, Bartolfelde<\/td><td class=\"has-text-align-left\" data-align=\"left\">51\u00b036.024\u2032<\/td><td class=\"has-text-align-left\" data-align=\"left\">10\u00b026.640\u2032<\/td><\/tr><tr><td>Four \u00e0&nbsp;pl\u00e2tre his\u00adto\u00adrique, Neu\u00adhof (HWN&nbsp;192)<\/td><td class=\"has-text-align-left\" data-align=\"left\">51\u00b034.613\u2032<\/td><td class=\"has-text-align-left\" data-align=\"left\">10\u00b034.514\u2032<\/td><\/tr><tr><td>Refuge Sach\u00adsen\u00adstein, Neu\u00adhof (HWN&nbsp;166)<\/td><td class=\"has-text-align-left\" data-align=\"left\">51\u00b034.844\u2032<\/td><td class=\"has-text-align-left\" data-align=\"left\">10\u00b035.031\u2032<\/td><\/tr><tr><td>Site de la danse des sor\u00adci\u00e8res, Ell\u00adrich (HWN&nbsp;167)<\/td><td class=\"has-text-align-left\" data-align=\"left\">51\u00b034,863\u2032<\/td><td class=\"has-text-align-left\" data-align=\"left\">10\u00b038.754\u2032<\/td><\/tr><tr><td>Garde sur la col\u00adline du mou\u00adlin, Niedersachswerfen<\/td><td class=\"has-text-align-left\" data-align=\"left\">51\u00b033.316\u2032<\/td><td class=\"has-text-align-left\" data-align=\"left\">10\u00b045.653\u2032<\/td><\/tr><tr><td>Kelle, Appen\u00adrode<\/td><td class=\"has-text-align-left\" data-align=\"left\">51\u00b034.028\u2032<\/td><td class=\"has-text-align-left\" data-align=\"left\">10\u00b043.082\u2032<\/td><\/tr><tr><td>Sal\u00adzas\u00adpring, Nordhausen<\/td><td class=\"has-text-align-left\" data-align=\"left\">51\u00b031.828\u2032<\/td><td class=\"has-text-align-left\" data-align=\"left\">10\u00b045.700\u2032<\/td><\/tr><tr><td>Loco\u00admo\u00adtive \u00e0&nbsp;vapeur en bois du Harz, Neus\u00adtadt (HWN&nbsp;99)<\/td><td class=\"has-text-align-left\" data-align=\"left\">51\u00b033.396\u2032<\/td><td class=\"has-text-align-left\" data-align=\"left\">  10\u00b049.528\u2032<\/td><\/tr><tr><td>Pierres de cloche, Stei\u00adger\u00adthal (HWN&nbsp;198)<\/td><td class=\"has-text-align-left\" data-align=\"left\">51\u00b031.061\u2032<\/td><td class=\"has-text-align-left\" data-align=\"left\">10\u00b051.483\u2032<\/td><\/tr><tr><td>Doline de Rees\u00adberg \u00e0&nbsp;la Heim\u00adkehle (HWN&nbsp;214)<\/td><td class=\"has-text-align-left\" data-align=\"left\">51\u00b029.867\u2032<\/td><td class=\"has-text-align-left\" data-align=\"left\">10\u00b056.866\u2032<\/td><\/tr><tr><td>Fos\u00ads\u00e9 de ferme, Agnes\u00addorf (HWN&nbsp;213)<\/td><td class=\"has-text-align-left\" data-align=\"left\">51\u00b029.338\u2032<\/td><td class=\"has-text-align-left\" data-align=\"left\">11\u00b004.676\u2032<\/td><\/tr><tr><td>Queste, Ques\u00adten\u00adberg (HWN&nbsp;212)<\/td><td class=\"has-text-align-left\" data-align=\"left\">51\u00b029.596<\/td><td class=\"has-text-align-left\" data-align=\"left\">11\u00b007.032\u2032<\/td><\/tr><tr><td>Belle vue, Hain\u00adrode (HWN&nbsp;210)<\/td><td class=\"has-text-align-left\" data-align=\"left\">51\u00b030.080\u2032<\/td><td class=\"has-text-align-left\" data-align=\"left\">11\u00b008.510\u2032<\/td><\/tr><tr><td>Anken\u00adberg, Grossleinungen<\/td><td class=\"has-text-align-left\" data-align=\"left\">51\u00b029.737\u2032<\/td><td class=\"has-text-align-left\" data-align=\"left\">11\u00b011.086\u2032<\/td><\/tr><tr><td>Sen\u00adtier didac\u00adtique sur l\u2019ex\u00adploi\u00adta\u00adtion mini\u00e8re, Wet\u00adtel\u00adrode (HWN&nbsp;222)<\/td><td class=\"has-text-align-left\" data-align=\"left\">51\u00b032.223\u2032<\/td><td class=\"has-text-align-left\" data-align=\"left\">11\u00b016.616\u2032<\/td><\/tr><tr><td>P\u00f6ls\u00adfeld<\/td><td class=\"has-text-align-left\" data-align=\"left\">51\u00b031.529\u2032<\/td><td class=\"has-text-align-left\" data-align=\"left\">11\u00b021.518\u2032<\/td><\/tr><\/tbody><\/table><\/figure>\n<\/div><\/div><\/div>\n<\/div><\/div>\n","protected":false},"excerpt":{"rendered":"<p>En col\u00adla\u00adbo\u00adra\u00adtion avec l\u2019AG Karst\u00adwan\u00adder\u00adweg \u00ab&nbsp;Trois pays \u2013 un che\u00admin&nbsp;\u00bb, tu as d\u00e9sor\u00admais la pos\u00adsi\u00adbi\u00adli\u00adt\u00e9 de d\u00e9cou\u00advrir toute la beau\u00adt\u00e9 de la r\u00e9gion kars\u00adtique lors de tes ran\u00addon\u00adn\u00e9es vers les points de poin\u00adtage sur le Karst\u00adwan\u00adder\u00adweg. De Bad Grund, \u00e0&nbsp;l\u2019ouest, \u00e0&nbsp;P\u00f6ls\u00adfeld, \u00e0&nbsp;l\u2019est, dans le sud du Harz, tu d\u00e9cou\u00advri\u00adras des grottes, des dolines, des sources&nbsp;[\u2026]<\/p>\n","protected":false},"author":1,"featured_media":13747,"parent":17790,"menu_order":2730,"comment_status":"closed","ping_status":"closed","template":"","meta":{"_seopress_robots_primary_cat":"","_seopress_titles_title":"","_seopress_titles_desc":"","_seopress_robots_index":"","wp_typography_post_enhancements_disabled":false,"iawp_total_views":1,"footnotes":""},"hf_cat_page":[],"class_list":["post-19499","page","type-page","status-publish","has-post-thumbnail"],"blocksy_meta":[],"_links":{"self":[{"href":"https:\/\/www.harzer-wandernadel.de\/fr\/wp-json\/wp\/v2\/pages\/19499","targetHints":{"allow":["GET"]}}],"collection":[{"href":"https:\/\/www.harzer-wandernadel.de\/fr\/wp-json\/wp\/v2\/pages"}],"about":[{"href":"https:\/\/www.harzer-wandernadel.de\/fr\/wp-json\/wp\/v2\/types\/page"}],"author":[{"embeddable":true,"href":"https:\/\/www.harzer-wandernadel.de\/fr\/wp-json\/wp\/v2\/users\/1"}],"replies":[{"embeddable":true,"href":"https:\/\/www.harzer-wandernadel.de\/fr\/wp-json\/wp\/v2\/comments?post=19499"}],"version-history":[{"count":1,"href":"https:\/\/www.harzer-wandernadel.de\/fr\/wp-json\/wp\/v2\/pages\/19499\/revisions"}],"predecessor-version":[{"id":19502,"href":"https:\/\/www.harzer-wandernadel.de\/fr\/wp-json\/wp\/v2\/pages\/19499\/revisions\/19502"}],"up":[{"embeddable":true,"href":"https:\/\/www.harzer-wandernadel.de\/fr\/wp-json\/wp\/v2\/pages\/17790"}],"wp:featuredmedia":[{"embeddable":true,"href":"https:\/\/www.harzer-wandernadel.de\/fr\/wp-json\/wp\/v2\/media\/13747"}],"wp:attachment":[{"href":"https:\/\/www.harzer-wandernadel.de\/fr\/wp-json\/wp\/v2\/media?parent=19499"}],"wp:term":[{"taxonomy":"hf_cat_page","embeddable":true,"href":"https:\/\/www.harzer-wandernadel.de\/fr\/wp-json\/wp\/v2\/hf_cat_page?post=19499"}],"curies":[{"name":"wp","href":"https:\/\/api.w.org\/{rel}","templated":true}]}}