{"id":19416,"date":"2016-05-31T13:44:18","date_gmt":"2016-05-31T11:44:18","guid":{"rendered":"https:\/\/www.harzer-wandernadel.de\/laiguille-de-randonnee\/partenaire-hwn\/"},"modified":"2026-01-30T18:40:06","modified_gmt":"2026-01-30T17:40:06","slug":"partenaire-hwn","status":"publish","type":"page","link":"https:\/\/www.harzer-wandernadel.de\/fr\/laiguille-de-randonnee\/partenaire-hwn\/","title":{"rendered":"Partenaire HWN"},"content":{"rendered":"\n<h2 class=\"wp-block-heading\">Depuis 2024, des cachets sp\u00e9ciaux tr\u00e8s particuliers se trouvent sur place chez neuf prestataires touristiques.&nbsp;<\/h2>\n\n<p>Avec les logos des dif\u00adf\u00e9\u00adrents par\u00adte\u00adnaires HWN, ceux-ci offrent une grande valeur de collection.<\/p>\n\n<p>Gr\u00e2ce \u00e0&nbsp;ces coop\u00e9\u00adra\u00adtions, tu as la pos\u00adsi\u00adbi\u00adli\u00adt\u00e9 de par\u00adti\u00adci\u00adper \u00e0&nbsp;dif\u00adf\u00e9\u00adrents concours sur nos canaux de m\u00e9dias sociaux. En plus des paniers cadeaux et des bois\u00adsons de bien\u00adve\u00adnue, des nui\u00adt\u00e9es, des mas\u00adsages et bien plus encore t\u2019attendent.&nbsp;<\/p>\n\n<div style=\"height:48px\" aria-hidden=\"true\" class=\"wp-block-spacer\"><\/div>\n\n<div class=\"wp-block-stackable-carousel alignwide stk-block-carousel stk--is-slide stk--arrows-justify-space-between stk--arrows-align-center stk-block stk-7e88049\" data-slides-to-show=\"5\" data-block-id=\"7e88049\"><style>.stk-7e88049 {--slides-to-show:5 !important;--dot-size:8px !important;margin-bottom:50px !important;}.stk-7e88049 .stk-block-carousel__dot{--dot-color:var(--theme-palette-color-2, #1b5700) !important;}.stk-7e88049 .stk-block-carousel__dot.stk-block-carousel__dot--active:before{background-color:var(--theme-palette-color-5, #AF9E7E) !important;}@media screen and (max-width:999px){.stk-7e88049 {--slides-to-show:3 !important;}}@media screen and (max-width:689px){.stk-7e88049 {--slides-to-show:2 !important;}}<\/style><div class=\"stk-block-carousel__content-wrapper\"><div class=\"stk-row stk-inner-blocks stk-block-content stk-block-carousel__slider-wrapper stk-content-align stk-7e88049-column alignwide\"><div class=\"stk-block-carousel__slider\" role=\"list\" data-label-slide-of=\"Slide %%d of %%d\" tabindex=\"0\">\n<div class=\"wp-block-stackable-column stk-block-column stk-column stk-block stk-83eb901 stk-block-background stk-entrance\" data-v=\"4\" data-block-id=\"83eb901\"><style>.stk-83eb901-inner-blocks{align-items:center !important;justify-content:center !important;}.stk-83eb901 {background-color:var(--theme-palette-color-7, #ffffff) !important;padding-top:12px !important;padding-right:12px !important;padding-bottom:12px !important;padding-left:12px !important;--entrance-transform:scale(0.1) !important;}.stk-83eb901:before{background-color:var(--theme-palette-color-7, #ffffff) !important;}<\/style><div class=\"stk-column-wrapper stk-block-column__content stk-container stk-83eb901-container stk--no-background stk--no-padding\"><div class=\"stk--column-flex stk-block-content stk-inner-blocks stk-83eb901-inner-blocks\">\n<figure class=\"wp-block-image\"><a href=\"https:\/\/www.hausjasmin.de\/hausjasmin.htm\" target=\"_blank\" rel=\" noreferrer noopener\"><img alt decoding=\"async\" width=\"500\" height=\"500\" src=\"https:\/\/www.harzer-wandernadel.de\/wp-content\/uploads\/2025\/06\/Unbenannt-37.png\" class=\"wp-image-11120\" srcset=\"https:\/\/www.harzer-wandernadel.de\/wp-content\/uploads\/2025\/06\/Unbenannt-37.png 500w, https:\/\/www.harzer-wandernadel.de\/wp-content\/uploads\/2025\/06\/Unbenannt-37-300x300.png 300w, https:\/\/www.harzer-wandernadel.de\/wp-content\/uploads\/2025\/06\/Unbenannt-37-150x150.png 150w, https:\/\/www.harzer-wandernadel.de\/wp-content\/uploads\/2025\/06\/Unbenannt-37-250x250.png 250w\" sizes=\"(max-width: 500px) 100vw, 500px\"><\/a><\/figure>\n<\/div><\/div><\/div>\n\n\n\n<div class=\"wp-block-stackable-column stk-block-column stk-column stk-block stk-bf44b66 stk-block-background\" data-v=\"4\" data-block-id=\"bf44b66\"><style>.stk-bf44b66 {background-color:var(--theme-palette-color-7, #ffffff) !important;}.stk-bf44b66:before{background-color:var(--theme-palette-color-7, #ffffff) !important;}<\/style><div class=\"stk-column-wrapper stk-block-column__content stk-container stk-bf44b66-container stk--no-background stk--no-padding\"><div class=\"stk-block-content stk-inner-blocks stk-bf44b66-inner-blocks\">\n<figure class=\"wp-block-image size-large\"><a href=\"https:\/\/kartoffelhaus-wernigerode.de\/\" target=\"_blank\" rel=\" noreferrer noopener\"><img alt decoding=\"async\" width=\"1024\" height=\"1024\" src=\"https:\/\/www.harzer-wandernadel.de\/wp-content\/uploads\/2026\/01\/altw-1-1-1024x1024.png\" class=\"wp-image-20290\" srcset=\"https:\/\/www.harzer-wandernadel.de\/wp-content\/uploads\/2026\/01\/altw-1-1-1024x1024.png 1024w, https:\/\/www.harzer-wandernadel.de\/wp-content\/uploads\/2026\/01\/altw-1-1-300x300.png 300w, https:\/\/www.harzer-wandernadel.de\/wp-content\/uploads\/2026\/01\/altw-1-1-150x150.png 150w, https:\/\/www.harzer-wandernadel.de\/wp-content\/uploads\/2026\/01\/altw-1-1-768x768.png 768w, https:\/\/www.harzer-wandernadel.de\/wp-content\/uploads\/2026\/01\/altw-1-1-1536x1536.png 1536w, https:\/\/www.harzer-wandernadel.de\/wp-content\/uploads\/2026\/01\/altw-1-1-2048x2048.png 2048w\" sizes=\"(max-width: 1024px) 100vw, 1024px\"><\/a><\/figure>\n<\/div><\/div><\/div>\n\n\n\n<div class=\"wp-block-stackable-column stk-block-column stk-column stk-block stk-eb7290d stk-block-background stk-entrance\" data-v=\"4\" data-block-id=\"eb7290d\"><style>.stk-eb7290d-inner-blocks{align-items:center !important;justify-content:center !important;}.stk-eb7290d {background-color:var(--theme-palette-color-7, #ffffff) !important;padding-top:12px !important;padding-right:12px !important;padding-bottom:12px !important;padding-left:12px !important;--entrance-transform:scale(0.1) !important;}.stk-eb7290d:before{background-color:var(--theme-palette-color-7, #ffffff) !important;}<\/style><div class=\"stk-column-wrapper stk-block-column__content stk-container stk-eb7290d-container stk--no-background stk--no-padding\"><div class=\"stk--column-flex stk-block-content stk-inner-blocks stk-eb7290d-inner-blocks\">\n<figure class=\"wp-block-image\"><a href=\"https:\/\/cozy-cabins.de\/\" target=\"_blank\" rel=\" noreferrer noopener\"><img alt decoding=\"async\" width=\"1024\" height=\"1024\" src=\"https:\/\/www.harzer-wandernadel.de\/wp-content\/uploads\/2025\/06\/COZY-CABINS_URL-Ok-1024x1024.png\" class=\"wp-image-11121\" srcset=\"https:\/\/www.harzer-wandernadel.de\/wp-content\/uploads\/2025\/06\/COZY-CABINS_URL-Ok-1024x1024.png 1024w, https:\/\/www.harzer-wandernadel.de\/wp-content\/uploads\/2025\/06\/COZY-CABINS_URL-Ok-300x300.png 300w, https:\/\/www.harzer-wandernadel.de\/wp-content\/uploads\/2025\/06\/COZY-CABINS_URL-Ok-150x150.png 150w, https:\/\/www.harzer-wandernadel.de\/wp-content\/uploads\/2025\/06\/COZY-CABINS_URL-Ok-768x768.png 768w, https:\/\/www.harzer-wandernadel.de\/wp-content\/uploads\/2025\/06\/COZY-CABINS_URL-Ok-1536x1536.png 1536w, https:\/\/www.harzer-wandernadel.de\/wp-content\/uploads\/2025\/06\/COZY-CABINS_URL-Ok-2048x2048.png 2048w, https:\/\/www.harzer-wandernadel.de\/wp-content\/uploads\/2025\/06\/COZY-CABINS_URL-Ok-250x250.png 250w, https:\/\/www.harzer-wandernadel.de\/wp-content\/uploads\/2025\/06\/COZY-CABINS_URL-Ok-624x624.png 624w\" sizes=\"(max-width: 1024px) 100vw, 1024px\"><\/a><\/figure>\n<\/div><\/div><\/div>\n\n\n\n<div class=\"wp-block-stackable-column stk-block-column stk-column stk-block stk-fda77fd stk-block-background\" data-v=\"4\" data-block-id=\"fda77fd\"><style>.stk-fda77fd {background-color:var(--theme-palette-color-7, #ffffff) !important;}.stk-fda77fd:before{background-color:var(--theme-palette-color-7, #ffffff) !important;}<\/style><div class=\"stk-column-wrapper stk-block-column__content stk-container stk-fda77fd-container stk--no-background stk--no-padding\"><div class=\"stk-block-content stk-inner-blocks stk-fda77fd-inner-blocks\">\n<figure class=\"wp-block-image size-large\"><a href=\"https:\/\/regiohotel.de\/hotel\/berghotel-ilsenburg\" target=\"_blank\" rel=\" noreferrer noopener\"><img alt decoding=\"async\" width=\"1024\" height=\"1024\" src=\"https:\/\/www.harzer-wandernadel.de\/wp-content\/uploads\/2026\/01\/png-logo-2-ohne-hintergrund-von-ap-1-1024x1024.png\" class=\"wp-image-20291\" srcset=\"https:\/\/www.harzer-wandernadel.de\/wp-content\/uploads\/2026\/01\/png-logo-2-ohne-hintergrund-von-ap-1-1024x1024.png 1024w, https:\/\/www.harzer-wandernadel.de\/wp-content\/uploads\/2026\/01\/png-logo-2-ohne-hintergrund-von-ap-1-300x300.png 300w, https:\/\/www.harzer-wandernadel.de\/wp-content\/uploads\/2026\/01\/png-logo-2-ohne-hintergrund-von-ap-1-150x150.png 150w, https:\/\/www.harzer-wandernadel.de\/wp-content\/uploads\/2026\/01\/png-logo-2-ohne-hintergrund-von-ap-1-768x768.png 768w, https:\/\/www.harzer-wandernadel.de\/wp-content\/uploads\/2026\/01\/png-logo-2-ohne-hintergrund-von-ap-1-1536x1536.png 1536w, https:\/\/www.harzer-wandernadel.de\/wp-content\/uploads\/2026\/01\/png-logo-2-ohne-hintergrund-von-ap-1-2048x2048.png 2048w\" sizes=\"(max-width: 1024px) 100vw, 1024px\"><\/a><\/figure>\n<\/div><\/div><\/div>\n\n\n\n<div class=\"wp-block-stackable-column stk-block-column stk-column stk-block stk-11eca25 stk-block-background stk-entrance\" data-v=\"4\" data-block-id=\"11eca25\"><style>.stk-11eca25-inner-blocks{align-items:center !important;justify-content:center !important;}.stk-11eca25 {background-color:var(--theme-palette-color-7, #ffffff) !important;padding-top:12px !important;padding-right:12px !important;padding-bottom:12px !important;padding-left:12px !important;--entrance-transform:scale(0.1) !important;}.stk-11eca25:before{background-color:var(--theme-palette-color-7, #ffffff) !important;}<\/style><div class=\"stk-column-wrapper stk-block-column__content stk-container stk-11eca25-container stk--no-background stk--no-padding\"><div class=\"stk--column-flex stk-block-content stk-inner-blocks stk-11eca25-inner-blocks\">\n<figure class=\"wp-block-image\"><a href=\"https:\/\/www.ag-hedersleben.de\/hofladen\/\" target=\"_blank\" rel=\" noreferrer noopener\"><img alt decoding=\"async\" width=\"1024\" height=\"407\" src=\"https:\/\/www.harzer-wandernadel.de\/wp-content\/uploads\/2025\/06\/Hederslebener-Hofladen-Logo-1024x407.jpg\" class=\"wp-image-11122\" srcset=\"https:\/\/www.harzer-wandernadel.de\/wp-content\/uploads\/2025\/06\/Hederslebener-Hofladen-Logo-1024x407.jpg 1024w, https:\/\/www.harzer-wandernadel.de\/wp-content\/uploads\/2025\/06\/Hederslebener-Hofladen-Logo-300x119.jpg 300w, https:\/\/www.harzer-wandernadel.de\/wp-content\/uploads\/2025\/06\/Hederslebener-Hofladen-Logo-768x305.jpg 768w, https:\/\/www.harzer-wandernadel.de\/wp-content\/uploads\/2025\/06\/Hederslebener-Hofladen-Logo-250x99.jpg 250w, https:\/\/www.harzer-wandernadel.de\/wp-content\/uploads\/2025\/06\/Hederslebener-Hofladen-Logo-624x248.jpg 624w, https:\/\/www.harzer-wandernadel.de\/wp-content\/uploads\/2025\/06\/Hederslebener-Hofladen-Logo.jpg 1443w\" sizes=\"(max-width: 1024px) 100vw, 1024px\"><\/a><\/figure>\n<\/div><\/div><\/div>\n\n\n\n<div class=\"wp-block-stackable-column stk-block-column stk-column stk-block stk-581981a stk-block-background\" data-v=\"4\" data-block-id=\"581981a\"><style>.stk-581981a {background-color:var(--theme-palette-color-7, #ffffff) !important;}.stk-581981a:before{background-color:var(--theme-palette-color-7, #ffffff) !important;}<\/style><div class=\"stk-column-wrapper stk-block-column__content stk-container stk-581981a-container stk--no-background stk--no-padding\"><div class=\"stk-block-content stk-inner-blocks stk-581981a-inner-blocks\">\n<figure class=\"wp-block-image size-full\"><a href=\"https:\/\/hahnenklee-ferienchalets.de\/\" target=\"_blank\" rel=\" noreferrer noopener\"><img alt decoding=\"async\" width=\"645\" height=\"726\" src=\"https:\/\/www.harzer-wandernadel.de\/wp-content\/uploads\/2026\/01\/20230703_hahnenkleechalets_logo_hahn-002.png\" class=\"wp-image-20284\" srcset=\"https:\/\/www.harzer-wandernadel.de\/wp-content\/uploads\/2026\/01\/20230703_hahnenkleechalets_logo_hahn-002.png 645w, https:\/\/www.harzer-wandernadel.de\/wp-content\/uploads\/2026\/01\/20230703_hahnenkleechalets_logo_hahn-002-267x300.png 267w\" sizes=\"(max-width: 645px) 100vw, 645px\"><\/a><\/figure>\n<\/div><\/div><\/div>\n\n\n\n<div class=\"wp-block-stackable-column stk-block-column stk-column stk-block stk-e9df83d stk-block-background\" data-v=\"4\" data-block-id=\"e9df83d\"><style>.stk-e9df83d {background-color:var(--theme-palette-color-7, #ffffff) !important;}.stk-e9df83d:before{background-color:var(--theme-palette-color-7, #ffffff) !important;}<\/style><div class=\"stk-column-wrapper stk-block-column__content stk-container stk-e9df83d-container stk--no-background stk--no-padding\"><div class=\"stk-block-content stk-inner-blocks stk-e9df83d-inner-blocks\">\n<figure class=\"wp-block-image size-full\"><a href=\"https:\/\/theheartshotel.com\/\" target=\"_blank\" rel=\" noreferrer noopener\"><img alt decoding=\"async\" width=\"656\" height=\"789\" src=\"https:\/\/www.harzer-wandernadel.de\/wp-content\/uploads\/2026\/01\/thh_hearts_bildmarke_pos.png\" class=\"wp-image-20289\" srcset=\"https:\/\/www.harzer-wandernadel.de\/wp-content\/uploads\/2026\/01\/thh_hearts_bildmarke_pos.png 656w, https:\/\/www.harzer-wandernadel.de\/wp-content\/uploads\/2026\/01\/thh_hearts_bildmarke_pos-249x300.png 249w\" sizes=\"(max-width: 656px) 100vw, 656px\"><\/a><\/figure>\n<\/div><\/div><\/div>\n\n\n\n<div class=\"wp-block-stackable-column stk-block-column stk-column stk-block stk-48317f3 stk-block-background\" data-v=\"4\" data-block-id=\"48317f3\"><style>.stk-48317f3 {background-color:var(--theme-palette-color-7, #ffffff) !important;}.stk-48317f3:before{background-color:var(--theme-palette-color-7, #ffffff) !important;}<\/style><div class=\"stk-column-wrapper stk-block-column__content stk-container stk-48317f3-container stk--no-background stk--no-padding\"><div class=\"stk-block-content stk-inner-blocks stk-48317f3-inner-blocks\">\n<figure class=\"wp-block-image size-large\"><a href=\"https:\/\/www.haus-tonburg.de\/\" target=\"_blank\" rel=\" noreferrer noopener\"><img alt decoding=\"async\" width=\"1024\" height=\"767\" src=\"https:\/\/www.harzer-wandernadel.de\/wp-content\/uploads\/2026\/01\/tonburg_logo_dunkelgruen-1024x767.png\" class=\"wp-image-20281\" srcset=\"https:\/\/www.harzer-wandernadel.de\/wp-content\/uploads\/2026\/01\/tonburg_logo_dunkelgruen-1024x767.png 1024w, https:\/\/www.harzer-wandernadel.de\/wp-content\/uploads\/2026\/01\/tonburg_logo_dunkelgruen-300x225.png 300w, https:\/\/www.harzer-wandernadel.de\/wp-content\/uploads\/2026\/01\/tonburg_logo_dunkelgruen-768x575.png 768w, https:\/\/www.harzer-wandernadel.de\/wp-content\/uploads\/2026\/01\/tonburg_logo_dunkelgruen.png 1053w\" sizes=\"(max-width: 1024px) 100vw, 1024px\"><\/a><\/figure>\n<\/div><\/div><\/div>\n\n\n\n<div class=\"wp-block-stackable-column stk-block-column stk-column stk-block stk-e4376bf stk-block-background\" data-v=\"4\" data-block-id=\"e4376bf\"><style>.stk-e4376bf {background-color:var(--theme-palette-color-7, #ffffff) !important;}.stk-e4376bf:before{background-color:var(--theme-palette-color-7, #ffffff) !important;}<\/style><div class=\"stk-column-wrapper stk-block-column__content stk-container stk-e4376bf-container stk--no-background stk--no-padding\"><div class=\"stk-block-content stk-inner-blocks stk-e4376bf-inner-blocks\">\n<figure class=\"wp-block-image size-large\"><a href=\"https:\/\/www.friwi.de\/\" target=\"_blank\" rel=\" noreferrer noopener\"><img alt decoding=\"async\" width=\"1024\" height=\"1017\" src=\"https:\/\/www.harzer-wandernadel.de\/wp-content\/uploads\/2026\/01\/friwi_logo_10cm-1024x1017.jpg\" class=\"wp-image-20280\" srcset=\"https:\/\/www.harzer-wandernadel.de\/wp-content\/uploads\/2026\/01\/friwi_logo_10cm-1024x1017.jpg 1024w, https:\/\/www.harzer-wandernadel.de\/wp-content\/uploads\/2026\/01\/friwi_logo_10cm-300x298.jpg 300w, https:\/\/www.harzer-wandernadel.de\/wp-content\/uploads\/2026\/01\/friwi_logo_10cm-150x150.jpg 150w, https:\/\/www.harzer-wandernadel.de\/wp-content\/uploads\/2026\/01\/friwi_logo_10cm-768x763.jpg 768w, https:\/\/www.harzer-wandernadel.de\/wp-content\/uploads\/2026\/01\/friwi_logo_10cm.jpg 1181w\" sizes=\"(max-width: 1024px) 100vw, 1024px\"><\/a><\/figure>\n<\/div><\/div><\/div>\n\n\n\n<div class=\"wp-block-stackable-column stk-block-column stk-column stk-block stk-875a009 stk-block-background stk-entrance\" data-v=\"4\" data-block-id=\"875a009\"><style>.stk-875a009-inner-blocks{align-items:center !important;justify-content:center !important;}.stk-875a009 {background-color:var(--theme-palette-color-7, #ffffff) !important;padding-top:12px !important;padding-right:12px !important;padding-bottom:12px !important;padding-left:12px !important;--entrance-transform:scale(0.1) !important;}.stk-875a009:before{background-color:var(--theme-palette-color-7, #ffffff) !important;}<\/style><div class=\"stk-column-wrapper stk-block-column__content stk-container stk-875a009-container stk--no-background stk--no-padding\"><div class=\"stk--column-flex stk-block-content stk-inner-blocks stk-875a009-inner-blocks\">\n<figure class=\"wp-block-image\"><a href=\"https:\/\/www.harzer-burger-koenig.de\/\" target=\"_blank\" rel=\" noreferrer noopener\"><img alt decoding=\"async\" width=\"391\" height=\"309\" src=\"https:\/\/www.harzer-wandernadel.de\/wp-content\/uploads\/2025\/06\/Logo-BK-Quadrat.jpg\" class=\"wp-image-11123\" srcset=\"https:\/\/www.harzer-wandernadel.de\/wp-content\/uploads\/2025\/06\/Logo-BK-Quadrat.jpg 391w, https:\/\/www.harzer-wandernadel.de\/wp-content\/uploads\/2025\/06\/Logo-BK-Quadrat-300x237.jpg 300w, https:\/\/www.harzer-wandernadel.de\/wp-content\/uploads\/2025\/06\/Logo-BK-Quadrat-250x198.jpg 250w\" sizes=\"(max-width: 391px) 100vw, 391px\"><\/a><\/figure>\n<\/div><\/div><\/div>\n\n\n\n<div class=\"wp-block-stackable-column stk-block-column stk-column stk-block stk-422f73a stk-block-background stk-entrance\" data-v=\"4\" data-block-id=\"422f73a\"><style>.stk-422f73a-inner-blocks{align-items:center !important;justify-content:center !important;}.stk-422f73a {background-color:var(--theme-palette-color-7, #ffffff) !important;padding-top:12px !important;padding-right:12px !important;padding-bottom:12px !important;padding-left:12px !important;--entrance-transform:scale(0.1) !important;}.stk-422f73a:before{background-color:var(--theme-palette-color-7, #ffffff) !important;}<\/style><div class=\"stk-column-wrapper stk-block-column__content stk-container stk-422f73a-container stk--no-background stk--no-padding\"><div class=\"stk--column-flex stk-block-content stk-inner-blocks stk-422f73a-inner-blocks\">\n<figure class=\"wp-block-image\"><a href=\"https:\/\/www.schlosshotel-blankenburg.de\/\" target=\"_blank\" rel=\" noreferrer noopener\"><img alt decoding=\"async\" width=\"1024\" height=\"871\" src=\"https:\/\/www.harzer-wandernadel.de\/wp-content\/uploads\/2025\/06\/SHB_Logo_2023-1024x871.jpg\" class=\"wp-image-11124\" srcset=\"https:\/\/www.harzer-wandernadel.de\/wp-content\/uploads\/2025\/06\/SHB_Logo_2023-1024x871.jpg 1024w, https:\/\/www.harzer-wandernadel.de\/wp-content\/uploads\/2025\/06\/SHB_Logo_2023-300x255.jpg 300w, https:\/\/www.harzer-wandernadel.de\/wp-content\/uploads\/2025\/06\/SHB_Logo_2023-768x653.jpg 768w, https:\/\/www.harzer-wandernadel.de\/wp-content\/uploads\/2025\/06\/SHB_Logo_2023-1536x1306.jpg 1536w, https:\/\/www.harzer-wandernadel.de\/wp-content\/uploads\/2025\/06\/SHB_Logo_2023-2048x1741.jpg 2048w, https:\/\/www.harzer-wandernadel.de\/wp-content\/uploads\/2025\/06\/SHB_Logo_2023-250x213.jpg 250w, https:\/\/www.harzer-wandernadel.de\/wp-content\/uploads\/2025\/06\/SHB_Logo_2023-624x530.jpg 624w\" sizes=\"(max-width: 1024px) 100vw, 1024px\"><\/a><\/figure>\n<\/div><\/div><\/div>\n<\/div><\/div><div class=\"stk-block-carousel__dots\" role=\"list\" data-label=\"Slide %%d\"><\/div><\/div><\/div>\n\n<p class=\"has-text-align-center\">Cela vaut la peine de venir voir et de participer&nbsp;!<\/p>\n\n<div class=\"wp-block-stackable-button-group stk-block-button-group stk-block stk-6fa8d55\" data-block-id=\"6fa8d55\"><style>.stk-6fa8d55 .stk-inner-blocks{column-gap:24px !important;}<\/style><div class=\"stk-row stk-inner-blocks has-text-align-center stk-block-content stk-button-group\">\n<div class=\"wp-block-stackable-button stk-block-button stk-block stk-f7035ea\" data-block-id=\"f7035ea\"><style>.stk-f7035ea .stk-button .stk--inner-svg svg:last-child{height:32px !important;width:32px !important;}.stk-f7035ea .stk-button .stk--inner-svg svg:last-child, .stk-f7035ea .stk-button .stk--inner-svg svg:last-child :is(g, path, rect, polygon, ellipse){fill:var(--theme-palette-color-6, #F0EEE9) !important;}<\/style><a class=\"stk-link stk-button stk--hover-effect-darken\" href=\"https:\/\/www.facebook.com\/HarzerWandernadel\" target=\"_blank\" rel=\"noreferrer noopener\"><span class=\"stk--svg-wrapper\"><div class=\"stk--inner-svg\"><svg viewBox=\"0 0 320 512\" aria-hidden=\"true\" width=\"32\" height=\"32\"><path d=\"M80 299.3V512H196V299.3h86.5l18-97.8H196V166.9c0-51.7 20.3-71.5 72.7-71.5c16.3 0 29.4 .4 37 1.2V7.9C291.4 4 256.4 0 236.2 0C129.3 0 80 50.5 80 159.4v42.1H14v97.8H80z\" \/><\/svg><\/div><\/span><span class=\"stk-button__inner-text\">Aiguille de ran\u00addon\u00adn\u00e9e du&nbsp;Harz<\/span><\/a><\/div>\n\n\n\n<div class=\"wp-block-stackable-button stk-block-button stk-block stk-fc7886c\" id=\"interact-button-4b9226\" data-block-id=\"fc7886c\"><style>.stk-fc7886c .stk-button .stk--inner-svg svg:last-child{height:32px !important;width:32px !important;}.stk-fc7886c .stk-button .stk--inner-svg svg:last-child, .stk-fc7886c .stk-button .stk--inner-svg svg:last-child :is(g, path, rect, polygon, ellipse){fill:var(--theme-palette-color-6, #F0EEE9) !important;}<\/style><a class=\"stk-link stk-button stk--hover-effect-darken\" href=\"https:\/\/www.instagram.com\/harzerwandernadel_official\/\" target=\"_blank\" rel=\"noreferrer noopener\"><span class=\"stk--svg-wrapper\"><div class=\"stk--inner-svg\"><svg viewBox=\"0 0 448 512\" aria-hidden=\"true\" width=\"32\" height=\"32\"><path d=\"M224.1 141c-63.6 0-114.9 51.3-114.9 114.9s51.3 114.9 114.9 114.9S339 319.5 339 255.9 287.7 141 224.1 141zm0 189.6c-41.1 0-74.7-33.5-74.7-74.7s33.5-74.7 74.7-74.7 74.7 33.5 74.7 74.7-33.6 74.7-74.7 74.7zm146.4-194.3c0 14.9-12 26.8-26.8 26.8-14.9 0-26.8-12-26.8-26.8s12-26.8 26.8-26.8 26.8 12 26.8 26.8zm76.1 27.2c-1.7-35.9-9.9-67.7-36.2-93.9-26.2-26.2-58-34.4-93.9-36.2-37-2.1-147.9-2.1-184.9 0-35.8 1.7-67.6 9.9-93.9 36.1s-34.4 58-36.2 93.9c-2.1 37-2.1 147.9 0 184.9 1.7 35.9 9.9 67.7 36.2 93.9s58 34.4 93.9 36.2c37 2.1 147.9 2.1 184.9 0 35.9-1.7 67.7-9.9 93.9-36.2 26.2-26.2 34.4-58 36.2-93.9 2.1-37 2.1-147.8 0-184.8zM398.8 388c-7.8 19.6-22.9 34.7-42.6 42.6-29.5 11.7-99.5 9-132.1 9s-102.7 2.6-132.1-9c-19.6-7.8-34.7-22.9-42.6-42.6-11.7-29.5-9-99.5-9-132.1s-2.6-102.7 9-132.1c7.8-19.6 22.9-34.7 42.6-42.6 29.5-11.7 99.5-9 132.1-9s102.7-2.6 132.1 9c19.6 7.8 34.7 22.9 42.6 42.6 11.7 29.5 9 99.5 9 132.1s2.7 102.7-9 132.1z\" \/><\/svg><\/div><\/span><span class=\"stk-button__inner-text\">harzerwandernadel_official<\/span><\/a><\/div>\n<\/div><\/div>\n\n<p><br><\/p>\n","protected":false},"excerpt":{"rendered":"<p>Depuis 2024, des cachets sp\u00e9\u00adciaux tr\u00e8s par\u00adti\u00adcu\u00adliers se trouvent sur place chez neuf pres\u00adta\u00adtaires tou\u00adris\u00adtiques.&nbsp; Avec les logos des dif\u00adf\u00e9\u00adrents par\u00adte\u00adnaires HWN, ceux-ci offrent une grande valeur de col\u00adlec\u00adtion. Gr\u00e2ce \u00e0&nbsp;ces coop\u00e9\u00adra\u00adtions, tu as la pos\u00adsi\u00adbi\u00adli\u00adt\u00e9 de par\u00adti\u00adci\u00adper \u00e0&nbsp;dif\u00adf\u00e9\u00adrents concours sur nos canaux de m\u00e9dias sociaux. En plus des paniers cadeaux et des bois\u00adsons&nbsp;de&nbsp;[\u2026]<\/p>\n","protected":false},"author":1,"featured_media":13747,"parent":17804,"menu_order":1300,"comment_status":"closed","ping_status":"closed","template":"","meta":{"_seopress_robots_primary_cat":"","_seopress_titles_title":"Harzer Wandernadel: Exklusive Stempel & Gewinne 2024","_seopress_titles_desc":"Sammelt Sonderstempel der Harzer Wandernadel 2024, gewinnt tolle Preise und erlebt besondere Highlights bei unseren Partnern im Harz.","_seopress_robots_index":"","wp_typography_post_enhancements_disabled":false,"iawp_total_views":1,"footnotes":""},"hf_cat_page":[],"class_list":["post-19416","page","type-page","status-publish","has-post-thumbnail"],"blocksy_meta":[],"_links":{"self":[{"href":"https:\/\/www.harzer-wandernadel.de\/fr\/wp-json\/wp\/v2\/pages\/19416","targetHints":{"allow":["GET"]}}],"collection":[{"href":"https:\/\/www.harzer-wandernadel.de\/fr\/wp-json\/wp\/v2\/pages"}],"about":[{"href":"https:\/\/www.harzer-wandernadel.de\/fr\/wp-json\/wp\/v2\/types\/page"}],"author":[{"embeddable":true,"href":"https:\/\/www.harzer-wandernadel.de\/fr\/wp-json\/wp\/v2\/users\/1"}],"replies":[{"embeddable":true,"href":"https:\/\/www.harzer-wandernadel.de\/fr\/wp-json\/wp\/v2\/comments?post=19416"}],"version-history":[{"count":5,"href":"https:\/\/www.harzer-wandernadel.de\/fr\/wp-json\/wp\/v2\/pages\/19416\/revisions"}],"predecessor-version":[{"id":20348,"href":"https:\/\/www.harzer-wandernadel.de\/fr\/wp-json\/wp\/v2\/pages\/19416\/revisions\/20348"}],"up":[{"embeddable":true,"href":"https:\/\/www.harzer-wandernadel.de\/fr\/wp-json\/wp\/v2\/pages\/17804"}],"wp:featuredmedia":[{"embeddable":true,"href":"https:\/\/www.harzer-wandernadel.de\/fr\/wp-json\/wp\/v2\/media\/13747"}],"wp:attachment":[{"href":"https:\/\/www.harzer-wandernadel.de\/fr\/wp-json\/wp\/v2\/media?parent=19416"}],"wp:term":[{"taxonomy":"hf_cat_page","embeddable":true,"href":"https:\/\/www.harzer-wandernadel.de\/fr\/wp-json\/wp\/v2\/hf_cat_page?post=19416"}],"curies":[{"name":"wp","href":"https:\/\/api.w.org\/{rel}","templated":true}]}}