{"id":19399,"date":"2025-08-17T20:24:46","date_gmt":"2025-08-17T18:24:46","guid":{"rendered":"https:\/\/www.harzer-wandernadel.de\/declaration-daccessibilite\/"},"modified":"2026-02-25T12:09:51","modified_gmt":"2026-02-25T11:09:51","slug":"declaration-daccessibilite","status":"publish","type":"page","link":"https:\/\/www.harzer-wandernadel.de\/fr\/declaration-daccessibilite\/","title":{"rendered":"D\u00e9claration d\u2019accessibilit\u00e9"},"content":{"rendered":"\n<h3 class=\"wp-block-heading\">1. informations sur ce site Internet en langage simple<\/h3>\n\n<h4 class=\"wp-block-heading\">Ce que propose l\u2019entreprise&nbsp;:<\/h4>\n\n<ul class=\"wp-block-list\">\n<li>Le site four\u00adnit des infor\u00adma\u00adtions sur le Har\u00adzer Wan\u00adder\u00adpass et la chasse aux tam\u00adpons dans le&nbsp;Harz.<\/li>\n\n\n\n<li>Les gens col\u00adlectent des tam\u00adpons \u00e0&nbsp;de nom\u00adbreux endroits (222 sites) et peuvent obte\u00adnir des badges ou le titre d\u201d&nbsp;&nbsp;\u00bbempe\u00adreur de la randonn\u00e9e&nbsp;\u00bb.<\/li>\n\n\n\n<li>Il y&nbsp;a des infor\u00adma\u00adtions sur les cachets sp\u00e9\u00adciaux, les livrets d\u2019ac\u00adcom\u00adpa\u00adgne\u00adment, les dates et la pro\u00adtec\u00adtion de la&nbsp;for\u00eat.<\/li>\n<\/ul>\n\n<h4 class=\"wp-block-heading\">Comment naviguer sur le&nbsp;site&nbsp;:<\/h4>\n\n<ul class=\"wp-block-list\">\n<li>En haut, vous trou\u00adve\u00adrez des options de menu telles que \u00ab&nbsp;Com\u00adment \u00e7a marche&nbsp;\u00bb, \u00ab&nbsp;Tous les points de poin\u00adtage&nbsp;\u00bb, \u00ab&nbsp;Bureau de ser\u00advice&nbsp;\u00bb, \u00ab&nbsp;Dates&nbsp;\u00bb et \u00ab&nbsp;T\u00e9l\u00e9\u00adchar\u00adge\u00adment&nbsp;GPS&nbsp;\u00bb.<\/li>\n\n\n\n<li>Le logo (g\u00e9n\u00e9\u00adra\u00adle\u00adment en haut \u00e0&nbsp;gauche) per\u00admet de reve\u00adnir \u00e0&nbsp;la page d\u2019accueil.<\/li>\n\n\n\n<li>Les sec\u00adtions impor\u00adtantes sont visibles sous forme de liens ou de listes vers les sites de poin\u00adtage et les sujets d\u2019actualit\u00e9.<\/li>\n<\/ul>\n\n<h4 class=\"wp-block-heading\">O\u00f9 trouver de l\u2019aide&nbsp;:<\/h4>\n\n<ul class=\"wp-block-list\">\n<li>Il y&nbsp;a un bureau de ser\u00advice \u00e0&nbsp;Blan\u00adken\u00adburg avec des infor\u00adma\u00adtions de contact.<\/li>\n\n\n\n<li>Des infor\u00adma\u00adtions sur les noti\u00adfi\u00adca\u00adtions de d\u00e9fauts (par exemple, les tam\u00adpons cas\u00ads\u00e9s) et les poches trou\u00adv\u00e9es sont disponibles.<\/li>\n<\/ul>\n\n<h3 class=\"wp-block-heading\">2. notre engagement<\/h3>\n\n<p>La soci\u00e9\u00adt\u00e9 Har\u00adzer Wan\u00adder\u00adna\u00addel GmbH s\u2019ef\u00adforce de rendre l\u2019ac\u00adc\u00e8s num\u00e9\u00adrique aus\u00adsi facile que pos\u00adsible pour tous. Pour ce faire, nous nous basons sur les direc\u00adtives des Web Content Acces\u00adsi\u00adbi\u00adli\u00adty Gui\u00adde\u00adlines (WCAG) 2.1\/2.2 au niveau de confor\u00admi\u00adt\u00e9 AA ain\u00adsi que sur les exi\u00adgences natio\u00adnales en vigueur (comme la BFSG ou la BITV 2.0). <\/p>\n\n<h3 class=\"wp-block-heading\">3. \u00e9tat de la compatibilit\u00e9<\/h3>\n\n<p>Ce site est par\u00adtiel\u00adle\u00adment com\u00adpa\u00adtible avec les exi\u00adgences sus\u00admen\u00adtion\u00adn\u00e9es en rai\u00adson des incom\u00adpa\u00adti\u00adbi\u00adli\u00adt\u00e9s et excep\u00adtions sui\u00advantes. Nous tra\u00advaillons en per\u00adma\u00adnence \u00e0&nbsp;la cor\u00adrec\u00adtion des lacunes existantes.&nbsp;<\/p>\n\n<h3 class=\"wp-block-heading\">4. contenu non accessible<\/h3>\n\n<p>Mal\u00adgr\u00e9 nos efforts, les domaines sui\u00advants n\u2019ont pas encore pu \u00eatre ren\u00addus tota\u00adle\u00adment accessibles&nbsp;:<\/p>\n\n<ul class=\"wp-block-list\">\n<li>Docu\u00adments PDF&nbsp;: les anciens t\u00e9l\u00e9\u00adchar\u00adge\u00adments PDF ne sont par\u00adfois pas opti\u00admi\u00ads\u00e9s pour les lec\u00adteurs d\u2019\u00e9cran.<\/li>\n\n\n\n<li>Conte\u00adnu de tiers&nbsp;: Les cartes int\u00e9\u00adgr\u00e9es (par exemple Google Maps) ou les wid\u00adgets de m\u00e9dias sociaux \u00e9chappent en par\u00adtie \u00e0&nbsp;notre contr\u00f4le tech\u00adnique en ce qui concerne l\u2019u\u00adti\u00adli\u00adsa\u00adtion du clavier.<\/li>\n\n\n\n<li>Absence de texte Alt&nbsp;: Images de la m\u00e9dia\u00adth\u00e8que aux\u00adquelles aucun texte alter\u00adna\u00adtif des\u00adcrip\u00adtif n\u2019a \u00e9t\u00e9 attri\u00adbu\u00e9, ce qui emp\u00eache les uti\u00adli\u00adsa\u00adteurs de lec\u00adteurs d\u2019\u00e9\u00adcran d\u2019ob\u00adte\u00adnir des infor\u00adma\u00adtions sur le conte\u00adnu de l\u2019image.&nbsp;<\/li>\n\n\n\n<li>Hi\u00e9\u00adrar\u00adchie illo\u00adgique des en-t\u00eates&nbsp;: il peut arri\u00adver que des en-t\u00eates soient s\u00e9lec\u00adtion\u00adn\u00e9s en fonc\u00adtion de leur taille dans l\u2019af\u00adfi\u00adchage et non de leur hi\u00e9rarchie.<\/li>\n<\/ul>\n\n<h3 class=\"wp-block-heading\">5. \u00e9tablissement de cette d\u00e9claration<\/h3>\n\n<p>Cette d\u00e9cla\u00adra\u00adtion a&nbsp;\u00e9t\u00e9 \u00e9ta\u00adblie le 19.02.2026. L\u2019\u00e9\u00adva\u00adlua\u00adtion de l\u2019ac\u00adces\u00adsi\u00adbi\u00adli\u00adt\u00e9 est bas\u00e9e sur une auto-\u00e9va\u00adlua\u00adtion dont la der\u00adni\u00e8re date du 19\/02\/2026. <\/p>\n\n<h3 class=\"wp-block-heading\">6. feedback et contact<\/h3>\n\n<p>Si vous remar\u00adquez des bar\u00adri\u00e8res ou si vous avez des ques\u00adtions sur la mise en \u0153uvre, nous serons heu\u00adreux de rece\u00advoir votre mes\u00adsage. Nous nous effor\u00adce\u00adrons de trai\u00adter votre demande dans les meilleurs d\u00e9lais et de vous pro\u00adpo\u00adser une solution.&nbsp;<\/p>\n\n<ul class=\"wp-block-list\">\n<li>T\u00e9l\u00e9\u00adphone <a href=\"tel:+4939449547148\">03944 \/ 95 47&nbsp;148<\/a><\/li>\n\n\n\n<li>E\u2011mail <a href=\"mailto:info@harzer-wandernadel.de\">info@harzer-wandernadel.de<\/a><\/li>\n\n\n\n<li>Per\u00adsonnes \u00e0&nbsp;contac\u00adter&nbsp;: notre per\u00adson\u00adnel de ser\u00advice est \u00e0&nbsp;votre disposition.<\/li>\n<\/ul>\n\n<h3 class=\"wp-block-heading\">7) Proc\u00e9dure d\u2019ex\u00e9cution<\/h3>\n\n<p>Si votre demande n\u2019ob\u00adtient pas de r\u00e9ponse satis\u00adfai\u00adsante dans un d\u00e9lai rai\u00adson\u00adnable, vous pou\u00advez vous adres\u00adser \u00e0&nbsp;l\u2019or\u00adgane de conci\u00adlia\u00adtion com\u00adp\u00e9\u00adtent<em>.<\/em><\/p>\n","protected":false},"excerpt":{"rendered":"<p>1. infor\u00adma\u00adtions sur ce site Inter\u00adnet en lan\u00adgage simple Ce que pro\u00adpose l\u2019entreprise&nbsp;: Com\u00adment navi\u00adguer sur le&nbsp;site&nbsp;: O\u00f9 trou\u00adver de l\u2019aide&nbsp;: 2. notre enga\u00adge\u00adment La soci\u00e9\u00adt\u00e9 Har\u00adzer Wan\u00adder\u00adna\u00addel GmbH s\u2019ef\u00adforce de rendre l\u2019ac\u00adc\u00e8s num\u00e9\u00adrique aus\u00adsi facile que pos\u00adsible pour tous. Pour ce faire, nous nous basons sur les direc\u00adtives des Web Content Acces\u00adsi\u00adbi\u00adli\u00adty Gui\u00adde\u00adlines (WCAG) [\u2026]<\/p>\n","protected":false},"author":12,"featured_media":13747,"parent":0,"menu_order":0,"comment_status":"closed","ping_status":"closed","template":"","meta":{"_seopress_robots_primary_cat":"","_seopress_titles_title":"Accessibilit\u00e9 de l'aiguille de randonn\u00e9e du Harz (site web)","_seopress_titles_desc":"Toutes les informations sur l'accessibilit\u00e9 de ce site web","_seopress_robots_index":"","wp_typography_post_enhancements_disabled":false,"iawp_total_views":1,"footnotes":""},"hf_cat_page":[],"class_list":["post-19399","page","type-page","status-publish","has-post-thumbnail"],"blocksy_meta":[],"_links":{"self":[{"href":"https:\/\/www.harzer-wandernadel.de\/fr\/wp-json\/wp\/v2\/pages\/19399","targetHints":{"allow":["GET"]}}],"collection":[{"href":"https:\/\/www.harzer-wandernadel.de\/fr\/wp-json\/wp\/v2\/pages"}],"about":[{"href":"https:\/\/www.harzer-wandernadel.de\/fr\/wp-json\/wp\/v2\/types\/page"}],"author":[{"embeddable":true,"href":"https:\/\/www.harzer-wandernadel.de\/fr\/wp-json\/wp\/v2\/users\/12"}],"replies":[{"embeddable":true,"href":"https:\/\/www.harzer-wandernadel.de\/fr\/wp-json\/wp\/v2\/comments?post=19399"}],"version-history":[{"count":4,"href":"https:\/\/www.harzer-wandernadel.de\/fr\/wp-json\/wp\/v2\/pages\/19399\/revisions"}],"predecessor-version":[{"id":23876,"href":"https:\/\/www.harzer-wandernadel.de\/fr\/wp-json\/wp\/v2\/pages\/19399\/revisions\/23876"}],"wp:featuredmedia":[{"embeddable":true,"href":"https:\/\/www.harzer-wandernadel.de\/fr\/wp-json\/wp\/v2\/media\/13747"}],"wp:attachment":[{"href":"https:\/\/www.harzer-wandernadel.de\/fr\/wp-json\/wp\/v2\/media?parent=19399"}],"wp:term":[{"taxonomy":"hf_cat_page","embeddable":true,"href":"https:\/\/www.harzer-wandernadel.de\/fr\/wp-json\/wp\/v2\/hf_cat_page?post=19399"}],"curies":[{"name":"wp","href":"https:\/\/api.w.org\/{rel}","templated":true}]}}