{"id":19357,"date":"2016-02-18T10:04:41","date_gmt":"2016-02-18T09:04:41","guid":{"rendered":"https:\/\/www.harzer-wandernadel.de\/pointage\/carte-generale\/pointage-59-klostergrund-michaelstein\/"},"modified":"2026-02-28T14:42:30","modified_gmt":"2026-02-28T13:42:30","slug":"pointage-59-klostergrund-michaelstein","status":"publish","type":"page","link":"https:\/\/www.harzer-wandernadel.de\/fr\/pointage\/carte-generale\/pointage-59-klostergrund-michaelstein\/","title":{"rendered":"Pointage 59 \/ Klostergrund Michaelstein"},"content":{"rendered":"\n<h2 class=\"wp-block-heading\">Le monast\u00e8re Michaelstein se trouve entre Blankenburg et Heimburg, dans le Klostergrund, riche en&nbsp;eau.<\/h2>\n\n<div class=\"wp-block-stackable-image alignwide stk-block-image stk-block stk-89e1006\" data-block-id=\"89e1006\"><style>.stk-89e1006 {margin-top:3% !important;margin-bottom:3% !important;}<\/style><figure><span class=\"stk-img-wrapper stk-image--shape-stretch stk--has-lightbox\"><img decoding=\"async\" width=\"3264\" height=\"1840\" src=\"https:\/\/www.harzer-wandernadel.de\/wp-content\/uploads\/2016\/02\/HWN-Michaelstein-Fr\u00fchling.jpg\" class=\"attachment-full size-full wp-post-image\" alt=\"Fachwerkhaus am See mit gr\u00fcner Landschaft\" srcset=\"https:\/\/www.harzer-wandernadel.de\/wp-content\/uploads\/2016\/02\/HWN-Michaelstein-Fr\u00fchling.jpg 3264w, https:\/\/www.harzer-wandernadel.de\/wp-content\/uploads\/2016\/02\/HWN-Michaelstein-Fr\u00fchling-300x169.jpg 300w, https:\/\/www.harzer-wandernadel.de\/wp-content\/uploads\/2016\/02\/HWN-Michaelstein-Fr\u00fchling-768x433.jpg 768w, https:\/\/www.harzer-wandernadel.de\/wp-content\/uploads\/2016\/02\/HWN-Michaelstein-Fr\u00fchling-1024x577.jpg 1024w, https:\/\/www.harzer-wandernadel.de\/wp-content\/uploads\/2016\/02\/HWN-Michaelstein-Fr\u00fchling-250x141.jpg 250w, https:\/\/www.harzer-wandernadel.de\/wp-content\/uploads\/2016\/02\/HWN-Michaelstein-Fr\u00fchling-624x352.jpg 624w\" sizes=\"(max-width: 3264px) 100vw, 3264px\"><\/span><\/figure><\/div>\n\n<p>Au d\u00e9but du 12\u00e8me si\u00e8cle, le cha\u00adpitre g\u00e9n\u00e9\u00adral de l\u2019ordre cis\u00adter\u00adcien encore jeune a&nbsp;d\u00e9ci\u00add\u00e9&nbsp;: aucun monas\u00adt\u00e8re ne peut \u00eatre construit dans les villes, les lieux for\u00adti\u00adfi\u00e9s et les vil\u00adlages. Cette loi a&nbsp;\u00e9t\u00e9 res\u00adpec\u00adt\u00e9e ici aus\u00adsi dans le Harz, lorsque le monas\u00adt\u00e8re d\u00e9di\u00e9 \u00e0&nbsp;l\u2019ar\u00adchange Michel a&nbsp;\u00e9t\u00e9 construit.&nbsp;<\/p>\n\n<p>Comme \u00e0&nbsp;l\u2019\u00e9\u00adpoque de sa fon\u00adda\u00adtion (1146), Michael\u00adstein se trouve encore aujourd\u2019\u00adhui \u00e0&nbsp;l\u2019\u00e9\u00adcart de la vie urbaine de Blan\u00adken\u00adburg, dans un cadre idyl\u00adlique en bor\u00addure du Harz. Elle a&nbsp;connu une longue p\u00e9riode de pros\u00adp\u00e9\u00adri\u00adt\u00e9 \u00e9co\u00adno\u00admique au Moyen-\u00c2ge, ses abb\u00e9s ont \u00e9t\u00e9 appe\u00adl\u00e9s \u00e0&nbsp;plu\u00adsieurs reprises par les papes pour des mis\u00adsions spi\u00adri\u00adtuelles. D\u00e9j\u00e0 \u00e0&nbsp;l\u2019\u00e9\u00adpoque, on pra\u00adti\u00adquait la pis\u00adci\u00adcul\u00adture dans les \u00e9tangs sp\u00e9\u00adcia\u00adle\u00adment am\u00e9\u00adna\u00adg\u00e9s \u00e0&nbsp;cet effet.&nbsp;<\/p>\n\n<p>En 1543, le der\u00adnier abb\u00e9 catho\u00adlique a&nbsp;d\u00e9mis\u00adsion\u00adn\u00e9 de son poste. Les comtes de Blan\u00adken\u00adburg ont cr\u00e9\u00e9 une \u00e9cole monas\u00adtique qui a&nbsp;per\u00addu\u00adr\u00e9 apr\u00e8s avoir \u00e9t\u00e9 reprise par les ducs de Braun\u00adsch\u00adweig. Au d\u00e9but du 18\u00e8me si\u00e8cle, le duc Lud\u00adwig-Rudolf fit r\u00e9a\u00adli\u00adser d\u2019im\u00adpor\u00adtants tra\u00advaux de construc\u00adtion et cr\u00e9a un s\u00e9mi\u00adnaire de pr\u00e9dicateurs.&nbsp;<\/p>\n\n<p>Apr\u00e8s la domi\u00adna\u00adtion \u00e9tran\u00adg\u00e8re fran\u00ad\u00e7aise, Michael\u00adstein n\u2019a\u00advait plus que des fonc\u00adtions \u00e9co\u00adno\u00admiques, que le domaine du monas\u00adt\u00e8re a&nbsp;conser\u00adv\u00e9es m\u00eame apr\u00e8s la soi-disant r\u00e9forme agraire, sous dif\u00adf\u00e9\u00adrentes enti\u00adt\u00e9s juridiques.<\/p>\n\n<p>Aujourd\u2019\u00adhui, l\u2019A\u00adca\u00add\u00e9\u00admie de musique de Saxe-Anhalt pour l\u2019\u00e9\u00addu\u00adca\u00adtion et la pra\u00adtique d\u2019ex\u00e9\u00adcu\u00adtion y&nbsp;a son si\u00e8ge. L\u2019ab\u00adbaye pro\u00adpose un riche pro\u00adgramme d\u2019\u00e9\u00adv\u00e9\u00adne\u00adments et est une des\u00adti\u00adna\u00adtion popu\u00adlaire sur la route de l\u2019art&nbsp;roman.&nbsp;<\/p>\n\n<div class=\"wp-block-buttons is-layout-flex wp-block-buttons-is-layout-flex\">\n<div class=\"wp-block-button\"><a class=\"wp-block-button__link wp-element-button\" href=\"https:\/\/www.kloster-michaelstein.de\/\" target=\"_blank\" rel=\"noreferrer noopener\">Monas\u00adt\u00e8re de Michaelstein&nbsp;\u00bb<\/a><\/div>\n<\/div>\n\n<p>En 1880, un \u00e9le\u00advage de truites, d\u2019ombles et de loches a&nbsp;\u00e9t\u00e9 cr\u00e9\u00e9 au monast\u00e8re.L\u2019\u00e9levage de truites est tou\u00adjours g\u00e9r\u00e9 par le sec\u00adteur pri\u00adv\u00e9 aujourd\u2019\u00adhui. Il est for\u00adte\u00adment recom\u00adman\u00add\u00e9 de s\u2019ar\u00adr\u00ea\u00adter \u00e0&nbsp;l\u2019au\u00adberge \u00ab&nbsp;Klos\u00adter\u00adfi\u00adscher&nbsp;\u00bb ou au petit \u00ab&nbsp;res\u00adtau\u00adrant iti\u00adn\u00e9\u00adrant&nbsp;\u00bb avec vente de poisson.&nbsp;<\/p>\n\n<div class=\"wp-block-buttons is-layout-flex wp-block-buttons-is-layout-flex\">\n<div class=\"wp-block-button\"><a class=\"wp-block-button__link wp-element-button\" href=\"https:\/\/www.klosterfischer.de\/\" target=\"_blank\" rel=\"noreferrer noopener\">P\u00eacheur de monast\u00e8re&nbsp;\u00bb<\/a><\/div>\n<\/div>\n\n<p>Des places de par\u00adking sont dis\u00adpo\u00adnibles au monas\u00adt\u00e8re, \u00e0&nbsp;par\u00adtir des\u00adquelles tu peux com\u00admen\u00adcer la ran\u00addon\u00adn\u00e9e \u00e0&nbsp;tra\u00advers le ter\u00adrain du monas\u00adt\u00e8re jus\u00adqu\u2019\u00e0 la bo\u00eete de poin\u00adtage. Le tam\u00adpon se trouve \u00e0&nbsp;droite de la digue du troi\u00adsi\u00e8me \u00e9tang, pr\u00e8s d\u2019un pan\u00adneau d\u2019information.&nbsp;<\/p>\n\n<p>Il est recom\u00adman\u00add\u00e9 de pour\u00adsuivre la ran\u00addon\u00adn\u00e9e jus\u00adqu\u2019au <a href=\"https:\/\/www.harzer-wandernadel.de\/fr\/pointage\/carte-generale\/pointage-87-volkmarskeller\/\" data-type=\"page\" data-id=\"959\">HWN 87 Volk\u00admars\u00adkel\u00adler<\/a> et de d\u00e9cou\u00advrir les ori\u00adgines du monas\u00adt\u00e8re de Michael\u00adstein dans la grotte natu\u00adrelle qui s\u2019y trouve.<\/p>\n\n<div class=\"wp-block-buttons is-layout-flex wp-block-buttons-is-layout-flex\">\n<div class=\"wp-block-button\"><a class=\"wp-block-button__link wp-element-button\" href=\"https:\/\/www.blankenburg.de\/tourismus\/\" target=\"_blank\" rel=\"noreferrer noopener\">Tou\u00adrist-Info Blankenburg&nbsp;\u00bb<\/a><\/div>\n<\/div>\n","protected":false},"excerpt":{"rendered":"<p>Le monas\u00adt\u00e8re Michael\u00adstein se trouve entre Blan\u00adken\u00adburg et Heim\u00adburg, dans le Klos\u00adter\u00adgrund, riche en&nbsp;eau. Au d\u00e9but du 12\u00e8me si\u00e8cle, le cha\u00adpitre g\u00e9n\u00e9\u00adral de l\u2019ordre cis\u00adter\u00adcien encore jeune a&nbsp;d\u00e9ci\u00add\u00e9&nbsp;: aucun monas\u00adt\u00e8re ne peut \u00eatre construit dans les villes, les lieux for\u00adti\u00adfi\u00e9s et les vil\u00adlages. Cette loi a&nbsp;\u00e9t\u00e9 res\u00adpec\u00adt\u00e9e ici aus\u00adsi dans le Harz, lorsque le monast\u00e8re&nbsp;[\u2026]<\/p>\n","protected":false},"author":11,"featured_media":19359,"parent":17801,"menu_order":10059,"comment_status":"closed","ping_status":"closed","template":"","meta":{"_seopress_robots_primary_cat":"","_seopress_titles_title":"","_seopress_titles_desc":"","_seopress_robots_index":"","wp_typography_post_enhancements_disabled":false,"iawp_total_views":0,"footnotes":""},"hf_cat_page":[120],"class_list":["post-19357","page","type-page","status-publish","has-post-thumbnail"],"blocksy_meta":[],"_links":{"self":[{"href":"https:\/\/www.harzer-wandernadel.de\/fr\/wp-json\/wp\/v2\/pages\/19357","targetHints":{"allow":["GET"]}}],"collection":[{"href":"https:\/\/www.harzer-wandernadel.de\/fr\/wp-json\/wp\/v2\/pages"}],"about":[{"href":"https:\/\/www.harzer-wandernadel.de\/fr\/wp-json\/wp\/v2\/types\/page"}],"author":[{"embeddable":true,"href":"https:\/\/www.harzer-wandernadel.de\/fr\/wp-json\/wp\/v2\/users\/11"}],"replies":[{"embeddable":true,"href":"https:\/\/www.harzer-wandernadel.de\/fr\/wp-json\/wp\/v2\/comments?post=19357"}],"version-history":[{"count":2,"href":"https:\/\/www.harzer-wandernadel.de\/fr\/wp-json\/wp\/v2\/pages\/19357\/revisions"}],"predecessor-version":[{"id":24788,"href":"https:\/\/www.harzer-wandernadel.de\/fr\/wp-json\/wp\/v2\/pages\/19357\/revisions\/24788"}],"up":[{"embeddable":true,"href":"https:\/\/www.harzer-wandernadel.de\/fr\/wp-json\/wp\/v2\/pages\/17801"}],"wp:featuredmedia":[{"embeddable":true,"href":"https:\/\/www.harzer-wandernadel.de\/fr\/wp-json\/wp\/v2\/media\/19359"}],"wp:attachment":[{"href":"https:\/\/www.harzer-wandernadel.de\/fr\/wp-json\/wp\/v2\/media?parent=19357"}],"wp:term":[{"taxonomy":"hf_cat_page","embeddable":true,"href":"https:\/\/www.harzer-wandernadel.de\/fr\/wp-json\/wp\/v2\/hf_cat_page?post=19357"}],"curies":[{"name":"wp","href":"https:\/\/api.w.org\/{rel}","templated":true}]}}